{"id":132,"date":"2024-09-10T07:02:52","date_gmt":"2024-09-10T07:02:52","guid":{"rendered":"https:\/\/www.piwi247.com\/de\/?page_id=132"},"modified":"2024-10-25T04:38:24","modified_gmt":"2024-10-25T04:38:24","slug":"affiliate-program","status":"publish","type":"page","link":"https:\/\/www.piwi247.com\/de\/affiliate-program\/","title":{"rendered":"Affiliate Program"},"content":{"rendered":"<p>[et_pb_section fb_built=&#8221;1&#8243; _builder_version=&#8221;4.27.0&#8243; _module_preset=&#8221;default&#8221; background_color=&#8221;RGBA(255,255,255,0)&#8221; global_colors_info=&#8221;{}&#8221; theme_builder_area=&#8221;post_content&#8221;][et_pb_row _builder_version=&#8221;4.27.0&#8243; _module_preset=&#8221;default&#8221; width=&#8221;100%&#8221; max_width=&#8221;1280px&#8221; global_colors_info=&#8221;{}&#8221; theme_builder_area=&#8221;post_content&#8221;][et_pb_column type=&#8221;4_4&#8243; _builder_version=&#8221;4.27.0&#8243; _module_preset=&#8221;default&#8221; global_colors_info=&#8221;{}&#8221; theme_builder_area=&#8221;post_content&#8221;][et_pb_text module_id=&#8221;af-hero-heading&#8221; _builder_version=&#8221;4.27.0&#8243; _module_preset=&#8221;default&#8221; global_colors_info=&#8221;{}&#8221; theme_builder_area=&#8221;post_content&#8221;]<\/p>\n<h1><span style=\"color: #fbcc04; font-family: 'Fjalla One'; font-weight: normal; line-height: 105%;\">WARUM PIWI247 ALS <\/span><\/h1>\n<h1><span style=\"color: #fbcc04; font-family: 'Fjalla One'; font-weight: normal; line-height: 105%;\">AFFILIATEPROGRAMM W\u00c4HLEN<\/span><\/h1>\n<p>[\/et_pb_text][et_pb_text module_class=&#8221;af-hero-text&#8221; _builder_version=&#8221;4.27.0&#8243; _module_preset=&#8221;default&#8221; global_colors_info=&#8221;{}&#8221; theme_builder_area=&#8221;post_content&#8221;]<strong><span style=\"color: #ffffff; font-size: x-large;\">Wir von PIWI247 wissen, wie wichtig es ist,<\/span><\/strong><br \/>\n<strong><span style=\"color: #ffffff; font-size: x-large;\">das richtige Partnerprogramm auszuw\u00e4hlen,<\/span><\/strong><br \/>\n<strong><span style=\"color: #ffffff; font-size: x-large;\">um Ihren Erfolg und Ihre Rentabilit\u00e4t zu maximieren.<\/span><\/strong>[\/et_pb_text][et_pb_button button_url=&#8221;#af-signup-section&#8221; button_text=&#8221;Affiliate Werden&#8221; _builder_version=&#8221;4.27.0&#8243; _module_preset=&#8221;default&#8221; custom_button=&#8221;on&#8221; button_text_size=&#8221;16px&#8221; button_text_color=&#8221;#FFFFFF&#8221; button_bg_color=&#8221;#539afb&#8221; button_border_color=&#8221;rgba(255,255,255,0)&#8221; button_border_radius=&#8221;5px&#8221; button_font=&#8221;|700|||||||&#8221; global_colors_info=&#8221;{}&#8221; theme_builder_area=&#8221;post_content&#8221;][\/et_pb_button][\/et_pb_column][\/et_pb_row][\/et_pb_section]<\/p>\n","protected":false},"excerpt":{"rendered":"<p>WARUM PIWI247 ALS AFFILIATEPROGRAMM W\u00c4HLENWir von PIWI247 wissen, wie wichtig es ist, das richtige Partnerprogramm auszuw\u00e4hlen, um Ihren Erfolg und Ihre Rentabilit\u00e4t zu maximieren.<\/p>\n","protected":false},"author":2,"featured_media":0,"parent":0,"menu_order":0,"comment_status":"closed","ping_status":"closed","template":"","meta":{"_et_pb_use_builder":"on","_et_pb_old_content":"","_et_gb_content_width":"","inline_featured_image":false,"footnotes":""},"class_list":["post-132","page","type-page","status-publish","hentry"],"yoast_head":"<!-- This site is optimized with the Yoast SEO plugin v25.7 - https:\/\/yoast.com\/wordpress\/plugins\/seo\/ -->\n<title>Affiliate Program \u2013 Verdienen Sie mit PIWI247 | PIWI247<\/title>\n<meta name=\"description\" content=\"Treten Sie dem PIWI247-Affiliateprogramm bei und beginnen Sie, Provisionen zu verdienen. Bewerben Sie Top-Casinospiele, Sportwetten und mehr. Erhalten Sie Belohnungen f\u00fcr jede Empfehlung!\" \/>\n<meta name=\"robots\" content=\"index, follow, max-snippet:-1, max-image-preview:large, max-video-preview:-1\" \/>\n<link rel=\"canonical\" href=\"https:\/\/www.piwi247.com\/de\/affiliate-program\/\" \/>\n<meta property=\"og:locale\" content=\"de_DE\" \/>\n<meta property=\"og:type\" content=\"article\" \/>\n<meta property=\"og:title\" content=\"Affiliate Program \u2013 Verdienen Sie mit PIWI247 | PIWI247\" \/>\n<meta property=\"og:description\" content=\"Treten Sie dem PIWI247-Affiliateprogramm bei und beginnen Sie, Provisionen zu verdienen. Bewerben Sie Top-Casinospiele, Sportwetten und mehr. Erhalten Sie Belohnungen f\u00fcr jede Empfehlung!\" \/>\n<meta property=\"og:url\" content=\"https:\/\/www.piwi247.com\/de\/affiliate-program\/\" \/>\n<meta property=\"og:site_name\" content=\"German\" \/>\n<meta property=\"article:modified_time\" content=\"2024-10-25T04:38:24+00:00\" \/>\n<meta name=\"twitter:card\" content=\"summary_large_image\" \/>\n<meta name=\"twitter:label1\" content=\"Est. reading time\" \/>\n\t<meta name=\"twitter:data1\" content=\"1 minute\" \/>\n<script type=\"application\/ld+json\" class=\"yoast-schema-graph\">{\"@context\":\"https:\/\/schema.org\",\"@graph\":[{\"@type\":\"WebPage\",\"@id\":\"https:\/\/www.piwi247.com\/de\/affiliate-program\/\",\"url\":\"https:\/\/www.piwi247.com\/de\/affiliate-program\/\",\"name\":\"Affiliate Program \u2013 Verdienen Sie mit PIWI247 | PIWI247\",\"isPartOf\":{\"@id\":\"https:\/\/www.piwi247.com\/de\/#website\"},\"datePublished\":\"2024-09-10T07:02:52+00:00\",\"dateModified\":\"2024-10-25T04:38:24+00:00\",\"description\":\"Treten Sie dem PIWI247-Affiliateprogramm bei und beginnen Sie, Provisionen zu verdienen. Bewerben Sie Top-Casinospiele, Sportwetten und mehr. Erhalten Sie Belohnungen f\u00fcr jede Empfehlung!\",\"breadcrumb\":{\"@id\":\"https:\/\/www.piwi247.com\/de\/affiliate-program\/#breadcrumb\"},\"inLanguage\":\"de\",\"potentialAction\":[{\"@type\":\"ReadAction\",\"target\":[\"https:\/\/www.piwi247.com\/de\/affiliate-program\/\"]}]},{\"@type\":\"BreadcrumbList\",\"@id\":\"https:\/\/www.piwi247.com\/de\/affiliate-program\/#breadcrumb\",\"itemListElement\":[{\"@type\":\"ListItem\",\"position\":1,\"name\":\"Home\",\"item\":\"https:\/\/www.piwi247.com\/de\/\"},{\"@type\":\"ListItem\",\"position\":2,\"name\":\"Affiliate Program\"}]},{\"@type\":\"WebSite\",\"@id\":\"https:\/\/www.piwi247.com\/de\/#website\",\"url\":\"https:\/\/www.piwi247.com\/de\/\",\"name\":\"German\",\"description\":\"PIWI247: PIWIX | Sports Betting | Casino\",\"potentialAction\":[{\"@type\":\"SearchAction\",\"target\":{\"@type\":\"EntryPoint\",\"urlTemplate\":\"https:\/\/www.piwi247.com\/de\/?s={search_term_string}\"},\"query-input\":{\"@type\":\"PropertyValueSpecification\",\"valueRequired\":true,\"valueName\":\"search_term_string\"}}],\"inLanguage\":\"de\"}]}<\/script>\n<!-- \/ Yoast SEO plugin. -->","yoast_head_json":{"title":"Affiliate Program \u2013 Verdienen Sie mit PIWI247 | PIWI247","description":"Treten Sie dem PIWI247-Affiliateprogramm bei und beginnen Sie, Provisionen zu verdienen. Bewerben Sie Top-Casinospiele, Sportwetten und mehr. Erhalten Sie Belohnungen f\u00fcr jede Empfehlung!","robots":{"index":"index","follow":"follow","max-snippet":"max-snippet:-1","max-image-preview":"max-image-preview:large","max-video-preview":"max-video-preview:-1"},"canonical":"https:\/\/www.piwi247.com\/de\/affiliate-program\/","og_locale":"de_DE","og_type":"article","og_title":"Affiliate Program \u2013 Verdienen Sie mit PIWI247 | PIWI247","og_description":"Treten Sie dem PIWI247-Affiliateprogramm bei und beginnen Sie, Provisionen zu verdienen. Bewerben Sie Top-Casinospiele, Sportwetten und mehr. Erhalten Sie Belohnungen f\u00fcr jede Empfehlung!","og_url":"https:\/\/www.piwi247.com\/de\/affiliate-program\/","og_site_name":"German","article_modified_time":"2024-10-25T04:38:24+00:00","twitter_card":"summary_large_image","twitter_misc":{"Est. reading time":"1 minute"},"schema":{"@context":"https:\/\/schema.org","@graph":[{"@type":"WebPage","@id":"https:\/\/www.piwi247.com\/de\/affiliate-program\/","url":"https:\/\/www.piwi247.com\/de\/affiliate-program\/","name":"Affiliate Program \u2013 Verdienen Sie mit PIWI247 | PIWI247","isPartOf":{"@id":"https:\/\/www.piwi247.com\/de\/#website"},"datePublished":"2024-09-10T07:02:52+00:00","dateModified":"2024-10-25T04:38:24+00:00","description":"Treten Sie dem PIWI247-Affiliateprogramm bei und beginnen Sie, Provisionen zu verdienen. Bewerben Sie Top-Casinospiele, Sportwetten und mehr. Erhalten Sie Belohnungen f\u00fcr jede Empfehlung!","breadcrumb":{"@id":"https:\/\/www.piwi247.com\/de\/affiliate-program\/#breadcrumb"},"inLanguage":"de","potentialAction":[{"@type":"ReadAction","target":["https:\/\/www.piwi247.com\/de\/affiliate-program\/"]}]},{"@type":"BreadcrumbList","@id":"https:\/\/www.piwi247.com\/de\/affiliate-program\/#breadcrumb","itemListElement":[{"@type":"ListItem","position":1,"name":"Home","item":"https:\/\/www.piwi247.com\/de\/"},{"@type":"ListItem","position":2,"name":"Affiliate Program"}]},{"@type":"WebSite","@id":"https:\/\/www.piwi247.com\/de\/#website","url":"https:\/\/www.piwi247.com\/de\/","name":"German","description":"PIWI247: PIWIX | Sports Betting | Casino","potentialAction":[{"@type":"SearchAction","target":{"@type":"EntryPoint","urlTemplate":"https:\/\/www.piwi247.com\/de\/?s={search_term_string}"},"query-input":{"@type":"PropertyValueSpecification","valueRequired":true,"valueName":"search_term_string"}}],"inLanguage":"de"}]}},"_links":{"self":[{"href":"https:\/\/www.piwi247.com\/de\/wp-json\/wp\/v2\/pages\/132","targetHints":{"allow":["GET"]}}],"collection":[{"href":"https:\/\/www.piwi247.com\/de\/wp-json\/wp\/v2\/pages"}],"about":[{"href":"https:\/\/www.piwi247.com\/de\/wp-json\/wp\/v2\/types\/page"}],"author":[{"embeddable":true,"href":"https:\/\/www.piwi247.com\/de\/wp-json\/wp\/v2\/users\/2"}],"replies":[{"embeddable":true,"href":"https:\/\/www.piwi247.com\/de\/wp-json\/wp\/v2\/comments?post=132"}],"version-history":[{"count":9,"href":"https:\/\/www.piwi247.com\/de\/wp-json\/wp\/v2\/pages\/132\/revisions"}],"predecessor-version":[{"id":6884,"href":"https:\/\/www.piwi247.com\/de\/wp-json\/wp\/v2\/pages\/132\/revisions\/6884"}],"wp:attachment":[{"href":"https:\/\/www.piwi247.com\/de\/wp-json\/wp\/v2\/media?parent=132"}],"curies":[{"name":"wp","href":"https:\/\/api.w.org\/{rel}","templated":true}]}}