{"id":178,"date":"2024-09-11T00:25:46","date_gmt":"2024-09-11T00:25:46","guid":{"rendered":"https:\/\/www.piwi247.com\/de\/?page_id=178"},"modified":"2024-10-25T04:24:49","modified_gmt":"2024-10-25T04:24:49","slug":"bitcoin","status":"publish","type":"page","link":"https:\/\/www.piwi247.com\/de\/bitcoin\/","title":{"rendered":"Bitcoin"},"content":{"rendered":"\n[et_pb_section fb_built=&#8221;1&#8243; _builder_version=&#8221;4.27.0&#8243; _module_preset=&#8221;default&#8221; background_color=&#8221;#efeff4&#8243; custom_margin=&#8221;0px||||false|false&#8221; custom_padding=&#8221;0px||0px||false|false&#8221; hover_enabled=&#8221;0&#8243; global_colors_info=&#8221;{}&#8221; theme_builder_area=&#8221;post_content&#8221; sticky_enabled=&#8221;0&#8243;][et_pb_row _builder_version=&#8221;4.27.0&#8243; _module_preset=&#8221;default&#8221; width=&#8221;100%&#8221; max_width=&#8221;1280px&#8221; custom_margin=&#8221;0px||||false|false&#8221; custom_padding=&#8221;0px||0px||false|false&#8221; hover_enabled=&#8221;0&#8243; global_colors_info=&#8221;{}&#8221; theme_builder_area=&#8221;post_content&#8221; sticky_enabled=&#8221;0&#8243;][et_pb_column type=&#8221;4_4&#8243; _builder_version=&#8221;4.27.0&#8243; _module_preset=&#8221;default&#8221; global_colors_info=&#8221;{}&#8221; theme_builder_area=&#8221;post_content&#8221;][et_pb_text _builder_version=&#8221;4.27.0&#8243; _module_preset=&#8221;default&#8221; text_text_color=&#8221;#172530&#8243; text_font_size=&#8221;16px&#8221; hover_enabled=&#8221;0&#8243; global_colors_info=&#8221;{}&#8221; theme_builder_area=&#8221;post_content&#8221; sticky_enabled=&#8221;0&#8243;]<p><span><strong>Bitcoin<\/strong>\u00a0ist eine der Ein- und Auszahlungsoptionen von PIWI. Verwenden Sie\u00a0<strong>Bitcoins<\/strong>, um gro\u00dfartige Quoten f\u00fcr Ihre Wetten zu erhalten und gleichzeitig anonym zu bleiben.\u00a0<strong>Bitcoin<\/strong>\u00a0hat sich zu einer beliebten Alternative zum zentralisierten Bankensystem entwickelt, um die Identit\u00e4t eines Nutzers zu sch\u00fctzen. Transaktionen sind anonym, solange die Adressen nicht mit ihren Besitzern in Verbindung gebracht werden k\u00f6nnen, was in der Regel durch die Verwendung m\u00f6glichst vieler neuer, nicht verkn\u00fcpfbarer Adressen erreicht wird.<\/span><\/p>\n<p class=\"custom-link\"><span>Aufgrund der Peer-to-Peer-Technologie funktioniert Bitcoin ohne eine zentrale Beh\u00f6rde oder Banken. Aufgrund seiner vielen besonderen Eigenschaften kann Bitcoin auf eine Art und Weise verwendet werden, wie es kein anderes Zahlungssystem kann.<\/span><span>\u00a0<\/span><a href=\"https:\/\/bitcoin.org\/en\/\" target=\"_blank\" title=\"Get started with Bitcoin\" rel=\"noopener\">Hier sind 3 einfache Schritte<\/a><span>, um mit Bitcoin sofort loszulegen:<\/span><\/p>[\/et_pb_text][et_pb_text _builder_version=&#8221;4.27.0&#8243; _module_preset=&#8221;default&#8221; text_text_color=&#8221;#172530&#8243; text_font_size=&#8221;16px&#8221; header_3_font=&#8221;|700|||||||&#8221; hover_enabled=&#8221;0&#8243; global_colors_info=&#8221;{}&#8221; theme_builder_area=&#8221;post_content&#8221; header_2_font=&#8221;|700|||||||&#8221; header_2_line_height=&#8221;1.3em&#8221; sticky_enabled=&#8221;0&#8243;]<h2>Schritt 1: Erstellen Sie als ersten Schritt eine Bitcoin-Wallet.<\/h2>\n<span><strong>Bitcoin<\/strong>-Wallets speichern private Schl\u00fcssel, d. h. geheime Codes, mit denen Sie Bitcoins ausgeben k\u00f6nnen. Tats\u00e4chlich m\u00fcssen Sie nicht die Bitcoins selbst aufbewahren und sichern, sondern die privaten digitalen Schl\u00fcssel, die den Zugang zu den \u00f6ffentlichen Bitcoins und die M\u00f6glichkeit zur Durchf\u00fchrung von Transaktionen erm\u00f6glichen.<\/span>[\/et_pb_text][et_pb_text _builder_version=&#8221;4.27.0&#8243; _module_preset=&#8221;default&#8221; text_text_color=&#8221;#172530&#8243; text_font_size=&#8221;16px&#8221; header_3_font=&#8221;|700|||||||&#8221; hover_enabled=&#8221;0&#8243; global_colors_info=&#8221;{}&#8221; theme_builder_area=&#8221;post_content&#8221; header_2_font=&#8221;|700|||||||&#8221; header_2_line_height=&#8221;1.3em&#8221; sticky_enabled=&#8221;0&#8243;]<h2>Schritt 2: Kaufen Sie Ihren ersten Bitcoin<\/h2>\n<span>Starten Sie auf Ihrem Ger\u00e4t einfach die\u00a0<\/span><strong>Bitcoin.com<\/strong><span>\u00a0Wallet-App, w\u00e4hlen Sie\u00a0<\/span><strong>Bitcoin (BTC)<\/strong><span>\u00a0und dr\u00fccken Sie die Schaltfl\u00e4che \u201cKaufen\u201d. Von dort aus k\u00f6nnen Sie Ihr bevorzugtes Wallet f\u00fcr die Einzahlung ausw\u00e4hlen, indem Sie den Anweisungen auf dem Bildschirm folgen.<\/span>[\/et_pb_text][et_pb_text _builder_version=&#8221;4.27.0&#8243; _module_preset=&#8221;default&#8221; text_text_color=&#8221;#172530&#8243; text_font_size=&#8221;16px&#8221; header_3_font=&#8221;|700|||||||&#8221; hover_enabled=&#8221;0&#8243; global_colors_info=&#8221;{}&#8221; theme_builder_area=&#8221;post_content&#8221; header_2_font=&#8221;|700|||||||&#8221; header_2_line_height=&#8221;1.3em&#8221; sticky_enabled=&#8221;0&#8243;]<h2>Schritt 3: Senden und Empfangen von Bitcoin<\/h2>\n<span>\u00d6ffnen Sie Ihre\u00a0<strong>Bitcoin.com<\/strong>\u00a0Wallet-App und w\u00e4hlen Sie die Option \u201cSenden\u201d oben auf dem Startbildschirm. Kopieren Sie dann die Wallet-Adresse des Empf\u00e4ngers und f\u00fcgen Sie sie in Ihre eigene Wallet-App ein. W\u00e4hlen Sie die Wallet aus, von der Sie\u00a0<strong>Bitcoin<\/strong>\u00a0senden m\u00f6chten, und geben Sie schlie\u00dflich den Betrag ein, den Sie senden m\u00f6chten, und dr\u00fccken Sie die Schaltfl\u00e4che \u201cWeiter\u201d.<\/span>[\/et_pb_text][et_pb_text _builder_version=&#8221;4.27.0&#8243; _module_preset=&#8221;default&#8221; text_text_color=&#8221;#172530&#8243; text_font_size=&#8221;16px&#8221; header_3_font=&#8221;|700|||||||&#8221; global_colors_info=&#8221;{}&#8221; theme_builder_area=&#8221;post_content&#8221;]<p>Wenn Sie eine Einzahlung vornehmen, werden unsere Mitarbeiter diese bearbeiten, sobald wir 1 Best\u00e4tigung erhalten.<\/p>\n<p><span><\/span><\/p>\n<ul>\n<li><span>Bearbeitungszeit: 1 Best\u00e4tigung(en)<\/span><\/li>\n<li><span>Geb\u00fchr: Kostenlos<\/span><\/li>\n<li><span>Mindest-Einzahlungsbetrag: 0.0020 BTC<\/span><\/li>\n<li><span>Maximaler Einzahlungsbetrag: 50 BTC<\/span><\/li>\n<li><span>Min. Auszahlungsbetrag: 0.0020 BTC<\/span><\/li>\n<li><span>Maximaler Auszahlungsbetrag: 60 BTC<\/span><\/li>\n<\/ul>[\/et_pb_text][\/et_pb_column][\/et_pb_row][\/et_pb_section]\n","protected":false},"excerpt":{"rendered":"<p>Bitcoin\u00a0ist eine der Ein- und Auszahlungsoptionen von PIWI. Verwenden Sie\u00a0Bitcoins, um gro\u00dfartige Quoten f\u00fcr Ihre Wetten zu erhalten und gleichzeitig anonym zu bleiben.\u00a0Bitcoin\u00a0hat sich zu einer beliebten Alternative zum zentralisierten Bankensystem entwickelt, um die Identit\u00e4t eines Nutzers zu sch\u00fctzen. Transaktionen sind anonym, solange die Adressen nicht mit ihren Besitzern in Verbindung gebracht werden k\u00f6nnen, was [&hellip;]<\/p>\n","protected":false},"author":2,"featured_media":59,"parent":0,"menu_order":0,"comment_status":"closed","ping_status":"closed","template":"","meta":{"_et_pb_use_builder":"on","_et_pb_old_content":"","_et_gb_content_width":"","inline_featured_image":false,"footnotes":""},"class_list":["post-178","page","type-page","status-publish","has-post-thumbnail","hentry"],"yoast_head":"<!-- This site is optimized with the Yoast SEO plugin v25.7 - https:\/\/yoast.com\/wordpress\/plugins\/seo\/ -->\n<title>Bitcoin - Schnelle und sichere Krypto-Zahlungen | PIWI247<\/title>\n<meta name=\"description\" content=\"Ein- und Auszahlungen leicht gemacht mit Bitcoin auf PIWI247. Genie\u00dfen Sie sichere, schnelle und anonyme Transaktionen f\u00fcr nahtloses Online-Wetten und Casino-Spielerlebnis.\" \/>\n<meta name=\"robots\" content=\"index, follow, max-snippet:-1, max-image-preview:large, max-video-preview:-1\" \/>\n<link rel=\"canonical\" href=\"https:\/\/www.piwi247.com\/de\/bitcoin\/\" \/>\n<meta property=\"og:locale\" content=\"de_DE\" \/>\n<meta property=\"og:type\" content=\"article\" \/>\n<meta property=\"og:title\" content=\"Bitcoin - Schnelle und sichere Krypto-Zahlungen | PIWI247\" \/>\n<meta property=\"og:description\" content=\"Ein- und Auszahlungen leicht gemacht mit Bitcoin auf PIWI247. Genie\u00dfen Sie sichere, schnelle und anonyme Transaktionen f\u00fcr nahtloses Online-Wetten und Casino-Spielerlebnis.\" \/>\n<meta property=\"og:url\" content=\"https:\/\/www.piwi247.com\/de\/bitcoin\/\" \/>\n<meta property=\"og:site_name\" content=\"German\" \/>\n<meta property=\"article:modified_time\" content=\"2024-10-25T04:24:49+00:00\" \/>\n<meta name=\"twitter:card\" content=\"summary_large_image\" \/>\n<meta name=\"twitter:label1\" content=\"Est. reading time\" \/>\n\t<meta name=\"twitter:data1\" content=\"2 minutes\" \/>\n<script type=\"application\/ld+json\" class=\"yoast-schema-graph\">{\"@context\":\"https:\/\/schema.org\",\"@graph\":[{\"@type\":\"WebPage\",\"@id\":\"https:\/\/www.piwi247.com\/de\/bitcoin\/\",\"url\":\"https:\/\/www.piwi247.com\/de\/bitcoin\/\",\"name\":\"Bitcoin - Schnelle und sichere Krypto-Zahlungen | PIWI247\",\"isPartOf\":{\"@id\":\"https:\/\/www.piwi247.com\/de\/#website\"},\"primaryImageOfPage\":{\"@id\":\"https:\/\/www.piwi247.com\/de\/bitcoin\/#primaryimage\"},\"image\":{\"@id\":\"https:\/\/www.piwi247.com\/de\/bitcoin\/#primaryimage\"},\"thumbnailUrl\":\"https:\/\/www.piwi247.com\/de\/wp-content\/uploads\/sites\/4\/2024\/09\/bitcoin-image-1-1.svg\",\"datePublished\":\"2024-09-11T00:25:46+00:00\",\"dateModified\":\"2024-10-25T04:24:49+00:00\",\"description\":\"Ein- und Auszahlungen leicht gemacht mit Bitcoin auf PIWI247. Genie\u00dfen Sie sichere, schnelle und anonyme Transaktionen f\u00fcr nahtloses Online-Wetten und Casino-Spielerlebnis.\",\"breadcrumb\":{\"@id\":\"https:\/\/www.piwi247.com\/de\/bitcoin\/#breadcrumb\"},\"inLanguage\":\"de\",\"potentialAction\":[{\"@type\":\"ReadAction\",\"target\":[\"https:\/\/www.piwi247.com\/de\/bitcoin\/\"]}]},{\"@type\":\"ImageObject\",\"inLanguage\":\"de\",\"@id\":\"https:\/\/www.piwi247.com\/de\/bitcoin\/#primaryimage\",\"url\":\"https:\/\/www.piwi247.com\/de\/wp-content\/uploads\/sites\/4\/2024\/09\/bitcoin-image-1-1.svg\",\"contentUrl\":\"https:\/\/www.piwi247.com\/de\/wp-content\/uploads\/sites\/4\/2024\/09\/bitcoin-image-1-1.svg\"},{\"@type\":\"BreadcrumbList\",\"@id\":\"https:\/\/www.piwi247.com\/de\/bitcoin\/#breadcrumb\",\"itemListElement\":[{\"@type\":\"ListItem\",\"position\":1,\"name\":\"Home\",\"item\":\"https:\/\/www.piwi247.com\/de\/\"},{\"@type\":\"ListItem\",\"position\":2,\"name\":\"Bitcoin\"}]},{\"@type\":\"WebSite\",\"@id\":\"https:\/\/www.piwi247.com\/de\/#website\",\"url\":\"https:\/\/www.piwi247.com\/de\/\",\"name\":\"German\",\"description\":\"PIWI247: PIWIX | Sports Betting | Casino\",\"potentialAction\":[{\"@type\":\"SearchAction\",\"target\":{\"@type\":\"EntryPoint\",\"urlTemplate\":\"https:\/\/www.piwi247.com\/de\/?s={search_term_string}\"},\"query-input\":{\"@type\":\"PropertyValueSpecification\",\"valueRequired\":true,\"valueName\":\"search_term_string\"}}],\"inLanguage\":\"de\"}]}<\/script>\n<!-- \/ Yoast SEO plugin. -->","yoast_head_json":{"title":"Bitcoin - Schnelle und sichere Krypto-Zahlungen | PIWI247","description":"Ein- und Auszahlungen leicht gemacht mit Bitcoin auf PIWI247. Genie\u00dfen Sie sichere, schnelle und anonyme Transaktionen f\u00fcr nahtloses Online-Wetten und Casino-Spielerlebnis.","robots":{"index":"index","follow":"follow","max-snippet":"max-snippet:-1","max-image-preview":"max-image-preview:large","max-video-preview":"max-video-preview:-1"},"canonical":"https:\/\/www.piwi247.com\/de\/bitcoin\/","og_locale":"de_DE","og_type":"article","og_title":"Bitcoin - Schnelle und sichere Krypto-Zahlungen | PIWI247","og_description":"Ein- und Auszahlungen leicht gemacht mit Bitcoin auf PIWI247. Genie\u00dfen Sie sichere, schnelle und anonyme Transaktionen f\u00fcr nahtloses Online-Wetten und Casino-Spielerlebnis.","og_url":"https:\/\/www.piwi247.com\/de\/bitcoin\/","og_site_name":"German","article_modified_time":"2024-10-25T04:24:49+00:00","twitter_card":"summary_large_image","twitter_misc":{"Est. reading time":"2 minutes"},"schema":{"@context":"https:\/\/schema.org","@graph":[{"@type":"WebPage","@id":"https:\/\/www.piwi247.com\/de\/bitcoin\/","url":"https:\/\/www.piwi247.com\/de\/bitcoin\/","name":"Bitcoin - Schnelle und sichere Krypto-Zahlungen | PIWI247","isPartOf":{"@id":"https:\/\/www.piwi247.com\/de\/#website"},"primaryImageOfPage":{"@id":"https:\/\/www.piwi247.com\/de\/bitcoin\/#primaryimage"},"image":{"@id":"https:\/\/www.piwi247.com\/de\/bitcoin\/#primaryimage"},"thumbnailUrl":"https:\/\/www.piwi247.com\/de\/wp-content\/uploads\/sites\/4\/2024\/09\/bitcoin-image-1-1.svg","datePublished":"2024-09-11T00:25:46+00:00","dateModified":"2024-10-25T04:24:49+00:00","description":"Ein- und Auszahlungen leicht gemacht mit Bitcoin auf PIWI247. Genie\u00dfen Sie sichere, schnelle und anonyme Transaktionen f\u00fcr nahtloses Online-Wetten und Casino-Spielerlebnis.","breadcrumb":{"@id":"https:\/\/www.piwi247.com\/de\/bitcoin\/#breadcrumb"},"inLanguage":"de","potentialAction":[{"@type":"ReadAction","target":["https:\/\/www.piwi247.com\/de\/bitcoin\/"]}]},{"@type":"ImageObject","inLanguage":"de","@id":"https:\/\/www.piwi247.com\/de\/bitcoin\/#primaryimage","url":"https:\/\/www.piwi247.com\/de\/wp-content\/uploads\/sites\/4\/2024\/09\/bitcoin-image-1-1.svg","contentUrl":"https:\/\/www.piwi247.com\/de\/wp-content\/uploads\/sites\/4\/2024\/09\/bitcoin-image-1-1.svg"},{"@type":"BreadcrumbList","@id":"https:\/\/www.piwi247.com\/de\/bitcoin\/#breadcrumb","itemListElement":[{"@type":"ListItem","position":1,"name":"Home","item":"https:\/\/www.piwi247.com\/de\/"},{"@type":"ListItem","position":2,"name":"Bitcoin"}]},{"@type":"WebSite","@id":"https:\/\/www.piwi247.com\/de\/#website","url":"https:\/\/www.piwi247.com\/de\/","name":"German","description":"PIWI247: PIWIX | Sports Betting | Casino","potentialAction":[{"@type":"SearchAction","target":{"@type":"EntryPoint","urlTemplate":"https:\/\/www.piwi247.com\/de\/?s={search_term_string}"},"query-input":{"@type":"PropertyValueSpecification","valueRequired":true,"valueName":"search_term_string"}}],"inLanguage":"de"}]}},"_links":{"self":[{"href":"https:\/\/www.piwi247.com\/de\/wp-json\/wp\/v2\/pages\/178","targetHints":{"allow":["GET"]}}],"collection":[{"href":"https:\/\/www.piwi247.com\/de\/wp-json\/wp\/v2\/pages"}],"about":[{"href":"https:\/\/www.piwi247.com\/de\/wp-json\/wp\/v2\/types\/page"}],"author":[{"embeddable":true,"href":"https:\/\/www.piwi247.com\/de\/wp-json\/wp\/v2\/users\/2"}],"replies":[{"embeddable":true,"href":"https:\/\/www.piwi247.com\/de\/wp-json\/wp\/v2\/comments?post=178"}],"version-history":[{"count":15,"href":"https:\/\/www.piwi247.com\/de\/wp-json\/wp\/v2\/pages\/178\/revisions"}],"predecessor-version":[{"id":1320,"href":"https:\/\/www.piwi247.com\/de\/wp-json\/wp\/v2\/pages\/178\/revisions\/1320"}],"wp:featuredmedia":[{"embeddable":true,"href":"https:\/\/www.piwi247.com\/de\/wp-json\/wp\/v2\/media\/59"}],"wp:attachment":[{"href":"https:\/\/www.piwi247.com\/de\/wp-json\/wp\/v2\/media?parent=178"}],"curies":[{"name":"wp","href":"https:\/\/api.w.org\/{rel}","templated":true}]}}