{"id":196,"date":"2024-09-11T00:50:13","date_gmt":"2024-09-11T00:50:13","guid":{"rendered":"https:\/\/www.piwi247.com\/de\/?page_id=196"},"modified":"2024-11-08T03:41:52","modified_gmt":"2024-11-08T03:41:52","slug":"neteller","status":"publish","type":"page","link":"https:\/\/www.piwi247.com\/de\/neteller\/","title":{"rendered":"Neteller"},"content":{"rendered":"<p>[et_pb_section fb_built=&#8221;1&#8243; _builder_version=&#8221;4.27.0&#8243; _module_preset=&#8221;default&#8221; background_color=&#8221;RGBA(255,255,255,0)&#8221; custom_padding=&#8221;0px||0px||false|false&#8221; global_colors_info=&#8221;{}&#8221; theme_builder_area=&#8221;post_content&#8221;][et_pb_row _builder_version=&#8221;4.27.0&#8243; _module_preset=&#8221;default&#8221; width=&#8221;100%&#8221; max_width=&#8221;1280px&#8221; custom_padding=&#8221;0px||0px||false|false&#8221; global_colors_info=&#8221;{}&#8221; theme_builder_area=&#8221;post_content&#8221;][et_pb_column type=&#8221;4_4&#8243; _builder_version=&#8221;4.27.0&#8243; _module_preset=&#8221;default&#8221; global_colors_info=&#8221;{}&#8221; theme_builder_area=&#8221;post_content&#8221;][et_pb_text _builder_version=&#8221;4.27.0&#8243; _module_preset=&#8221;default&#8221; text_font_size=&#8221;16px&#8221; custom_margin=&#8221;||30px||false|false&#8221; global_colors_info=&#8221;{}&#8221; theme_builder_area=&#8221;post_content&#8221;]<\/p>\n<p><span><strong>Neteller<\/strong>\u00a0ist eine Plattform f\u00fcr elektronische Geld\u00fcberweisungen, die unter die Kategorie der E-Geld-Operationen f\u00e4llt. Viele Leute verwechseln das Unternehmen mit einer digitalen Bank, da es einen \u00dcberweisungsdienst anbietet, aber einer der Unterschiede ist die M\u00f6glichkeit, auf M\u00e4rkten wie Forex zu handeln.<\/span><\/p>\n<p><span>Diese Plattform funktioniert wie eine digitale Brieftasche, \u00e4hnlich wie andere Dienste, und hat verschiedene Anpassungen in ihren Funktionen und Vorteilen erfahren, um den Anforderungen ihrer Kunden gerecht zu werden. Sie bietet einen weltweiten \u00dcberweisungsdienst, der die M\u00f6glichkeit bietet, Geld in 22 verschiedenen W\u00e4hrungen zu senden und eine automatische Umrechnung in \u00fcber 200 L\u00e4nder vorzunehmen.<\/span><\/p>\n<p>[\/et_pb_text][et_pb_text _builder_version=&#8221;4.27.0&#8243; _module_preset=&#8221;default&#8221; text_font_size=&#8221;16px&#8221; custom_margin=&#8221;||30px||false|false&#8221; global_colors_info=&#8221;{}&#8221; theme_builder_area=&#8221;post_content&#8221;]Um ein Konto bei<span>\u00a0<\/span><strong>Neteller<\/strong><span>\u00a0<\/span>zu erstellen, gehen Sie zum<span>\u00a0<\/span><strong>Neteller<\/strong>-Portal und f\u00fchren Sie die folgenden Schritte aus:<\/p>\n<p>1.<span>\u00a0<\/span><span>W\u00e4hlen Sie \u201cGeld senden\u201d aus dem Dropdown-Men\u00fc;<\/span><\/p>\n<p>2.<span>\u00a0<\/span><span>Klicken Sie auf \u201cRegistrieren\u201d, nachdem Sie Ihren Vor- und Nachnamen, Ihr Land und Ihre W\u00e4hrung sowie Ihre E-Mail-Adresse eingegeben haben, erstellen Sie ein Passwort und klicken Sie auf \u201cRegistrieren\u201d.<\/span><\/p>\n<p>3.<span>\u00a0<\/span><span>Schlie\u00dfen Sie Ihre Anmeldung ab, indem Sie schreiben:<\/span><\/p>\n<ul style=\"margin-top: 0;\">\n<li>Ihre Adresse<\/li>\n<li><span>Ihre Stadt<\/span><\/li>\n<li><span>Postleitzahl<\/span><\/li>\n<li><span>Ihr Geburtsdatum<\/span><\/li>\n<li><span>Anzurufende Nummer<\/span><\/li>\n<\/ul>\n<p>4.<span>\u00a0<\/span><span>Die Plattform schickt Ihnen einen Best\u00e4tigungscode, den Sie bei der Registrierung eingeben m\u00fcssen.<\/span><\/p>\n<p>5.<span>\u00a0<\/span><span>Wenn Sie sich anmelden oder Geld \u00fcberweisen oder abheben, m\u00fcssen Sie jetzt ein sicheres 6-stelliges Passwort generieren. Gehen Sie zu Einstellungen &gt; Sicherheit &gt; Authentifizierungsmethoden, um weitere Sicherheitsmethoden zu \u00e4ndern oder zu konfigurieren. Die Option \u201cSpeichern\u201d sollte ausgew\u00e4hlt sein.<\/span>[\/et_pb_text][et_pb_text _builder_version=&#8221;4.27.0&#8243; _module_preset=&#8221;default&#8221; text_font_size=&#8221;16px&#8221; global_colors_info=&#8221;{}&#8221; theme_builder_area=&#8221;post_content&#8221;]Teilen Sie uns mit, wenn Sie eine Transaktion durchf\u00fchren, und unsere Mitarbeiter werden sie so schnell wie m\u00f6glich bearbeiten.<\/p>\n<ul style=\"margin-top: 10px;\">\n<li><span>Bearbeitungszeit: Sofort<\/span><\/li>\n<li><span>Geb\u00fchr: Kostenlos<\/span><\/li>\n<li><span>Mindestbetrag f\u00fcr Einzahlungen\/Abhebungen: 10 EUR<\/span><\/li>\n<li><span>Maximaler Einzahlungs-\/Auszahlungsbetrag: 10.000 EUR<\/span><\/li>\n<\/ul>\n<p>[\/et_pb_text][\/et_pb_column][\/et_pb_row][\/et_pb_section]<\/p>\n","protected":false},"excerpt":{"rendered":"<p>Neteller\u00a0ist eine Plattform f\u00fcr elektronische Geld\u00fcberweisungen, die unter die Kategorie der E-Geld-Operationen f\u00e4llt. Viele Leute verwechseln das Unternehmen mit einer digitalen Bank, da es einen \u00dcberweisungsdienst anbietet, aber einer der Unterschiede ist die M\u00f6glichkeit, auf M\u00e4rkten wie Forex zu handeln. Diese Plattform funktioniert wie eine digitale Brieftasche, \u00e4hnlich wie andere Dienste, und hat verschiedene Anpassungen [&hellip;]<\/p>\n","protected":false},"author":2,"featured_media":60,"parent":0,"menu_order":0,"comment_status":"closed","ping_status":"closed","template":"","meta":{"_et_pb_use_builder":"on","_et_pb_old_content":"","_et_gb_content_width":"","inline_featured_image":false,"footnotes":""},"class_list":["post-196","page","type-page","status-publish","has-post-thumbnail","hentry"],"yoast_head":"<!-- This site is optimized with the Yoast SEO plugin v25.7 - https:\/\/yoast.com\/wordpress\/plugins\/seo\/ -->\n<title>Neteller - Vertrauensw\u00fcrdige digitale Wallet-Zahlungen | PIWI247<\/title>\n<meta name=\"description\" content=\"Nutzen Sie Neteller auf PIWI247 f\u00fcr schnelle und zuverl\u00e4ssige Zahlungen. Laden Sie Ihr Konto sofort auf und greifen Sie auf nahtlose Auszahlungen mit dieser vertrauensw\u00fcrdigen E-Wallet zu.\" \/>\n<meta name=\"robots\" content=\"index, follow, max-snippet:-1, max-image-preview:large, max-video-preview:-1\" \/>\n<link rel=\"canonical\" href=\"https:\/\/www.piwi247.com\/de\/neteller\/\" \/>\n<meta property=\"og:locale\" content=\"de_DE\" \/>\n<meta property=\"og:type\" content=\"article\" \/>\n<meta property=\"og:title\" content=\"Neteller - Vertrauensw\u00fcrdige digitale Wallet-Zahlungen | PIWI247\" \/>\n<meta property=\"og:description\" content=\"Nutzen Sie Neteller auf PIWI247 f\u00fcr schnelle und zuverl\u00e4ssige Zahlungen. Laden Sie Ihr Konto sofort auf und greifen Sie auf nahtlose Auszahlungen mit dieser vertrauensw\u00fcrdigen E-Wallet zu.\" \/>\n<meta property=\"og:url\" content=\"https:\/\/www.piwi247.com\/de\/neteller\/\" \/>\n<meta property=\"og:site_name\" content=\"German\" \/>\n<meta property=\"article:modified_time\" content=\"2024-11-08T03:41:52+00:00\" \/>\n<meta name=\"twitter:card\" content=\"summary_large_image\" \/>\n<meta name=\"twitter:label1\" content=\"Est. reading time\" \/>\n\t<meta name=\"twitter:data1\" content=\"2 minutes\" \/>\n<script type=\"application\/ld+json\" class=\"yoast-schema-graph\">{\"@context\":\"https:\/\/schema.org\",\"@graph\":[{\"@type\":\"WebPage\",\"@id\":\"https:\/\/www.piwi247.com\/de\/neteller\/\",\"url\":\"https:\/\/www.piwi247.com\/de\/neteller\/\",\"name\":\"Neteller - Vertrauensw\u00fcrdige digitale Wallet-Zahlungen | PIWI247\",\"isPartOf\":{\"@id\":\"https:\/\/www.piwi247.com\/de\/#website\"},\"primaryImageOfPage\":{\"@id\":\"https:\/\/www.piwi247.com\/de\/neteller\/#primaryimage\"},\"image\":{\"@id\":\"https:\/\/www.piwi247.com\/de\/neteller\/#primaryimage\"},\"thumbnailUrl\":\"https:\/\/www.piwi247.com\/de\/wp-content\/uploads\/sites\/4\/2024\/09\/neteller-image-1.svg\",\"datePublished\":\"2024-09-11T00:50:13+00:00\",\"dateModified\":\"2024-11-08T03:41:52+00:00\",\"description\":\"Nutzen Sie Neteller auf PIWI247 f\u00fcr schnelle und zuverl\u00e4ssige Zahlungen. Laden Sie Ihr Konto sofort auf und greifen Sie auf nahtlose Auszahlungen mit dieser vertrauensw\u00fcrdigen E-Wallet zu.\",\"breadcrumb\":{\"@id\":\"https:\/\/www.piwi247.com\/de\/neteller\/#breadcrumb\"},\"inLanguage\":\"de\",\"potentialAction\":[{\"@type\":\"ReadAction\",\"target\":[\"https:\/\/www.piwi247.com\/de\/neteller\/\"]}]},{\"@type\":\"ImageObject\",\"inLanguage\":\"de\",\"@id\":\"https:\/\/www.piwi247.com\/de\/neteller\/#primaryimage\",\"url\":\"https:\/\/www.piwi247.com\/de\/wp-content\/uploads\/sites\/4\/2024\/09\/neteller-image-1.svg\",\"contentUrl\":\"https:\/\/www.piwi247.com\/de\/wp-content\/uploads\/sites\/4\/2024\/09\/neteller-image-1.svg\"},{\"@type\":\"BreadcrumbList\",\"@id\":\"https:\/\/www.piwi247.com\/de\/neteller\/#breadcrumb\",\"itemListElement\":[{\"@type\":\"ListItem\",\"position\":1,\"name\":\"Home\",\"item\":\"https:\/\/www.piwi247.com\/de\/\"},{\"@type\":\"ListItem\",\"position\":2,\"name\":\"Neteller\"}]},{\"@type\":\"WebSite\",\"@id\":\"https:\/\/www.piwi247.com\/de\/#website\",\"url\":\"https:\/\/www.piwi247.com\/de\/\",\"name\":\"German\",\"description\":\"PIWI247: PIWIX | Sports Betting | Casino\",\"potentialAction\":[{\"@type\":\"SearchAction\",\"target\":{\"@type\":\"EntryPoint\",\"urlTemplate\":\"https:\/\/www.piwi247.com\/de\/?s={search_term_string}\"},\"query-input\":{\"@type\":\"PropertyValueSpecification\",\"valueRequired\":true,\"valueName\":\"search_term_string\"}}],\"inLanguage\":\"de\"}]}<\/script>\n<!-- \/ Yoast SEO plugin. -->","yoast_head_json":{"title":"Neteller - Vertrauensw\u00fcrdige digitale Wallet-Zahlungen | PIWI247","description":"Nutzen Sie Neteller auf PIWI247 f\u00fcr schnelle und zuverl\u00e4ssige Zahlungen. Laden Sie Ihr Konto sofort auf und greifen Sie auf nahtlose Auszahlungen mit dieser vertrauensw\u00fcrdigen E-Wallet zu.","robots":{"index":"index","follow":"follow","max-snippet":"max-snippet:-1","max-image-preview":"max-image-preview:large","max-video-preview":"max-video-preview:-1"},"canonical":"https:\/\/www.piwi247.com\/de\/neteller\/","og_locale":"de_DE","og_type":"article","og_title":"Neteller - Vertrauensw\u00fcrdige digitale Wallet-Zahlungen | PIWI247","og_description":"Nutzen Sie Neteller auf PIWI247 f\u00fcr schnelle und zuverl\u00e4ssige Zahlungen. Laden Sie Ihr Konto sofort auf und greifen Sie auf nahtlose Auszahlungen mit dieser vertrauensw\u00fcrdigen E-Wallet zu.","og_url":"https:\/\/www.piwi247.com\/de\/neteller\/","og_site_name":"German","article_modified_time":"2024-11-08T03:41:52+00:00","twitter_card":"summary_large_image","twitter_misc":{"Est. reading time":"2 minutes"},"schema":{"@context":"https:\/\/schema.org","@graph":[{"@type":"WebPage","@id":"https:\/\/www.piwi247.com\/de\/neteller\/","url":"https:\/\/www.piwi247.com\/de\/neteller\/","name":"Neteller - Vertrauensw\u00fcrdige digitale Wallet-Zahlungen | PIWI247","isPartOf":{"@id":"https:\/\/www.piwi247.com\/de\/#website"},"primaryImageOfPage":{"@id":"https:\/\/www.piwi247.com\/de\/neteller\/#primaryimage"},"image":{"@id":"https:\/\/www.piwi247.com\/de\/neteller\/#primaryimage"},"thumbnailUrl":"https:\/\/www.piwi247.com\/de\/wp-content\/uploads\/sites\/4\/2024\/09\/neteller-image-1.svg","datePublished":"2024-09-11T00:50:13+00:00","dateModified":"2024-11-08T03:41:52+00:00","description":"Nutzen Sie Neteller auf PIWI247 f\u00fcr schnelle und zuverl\u00e4ssige Zahlungen. Laden Sie Ihr Konto sofort auf und greifen Sie auf nahtlose Auszahlungen mit dieser vertrauensw\u00fcrdigen E-Wallet zu.","breadcrumb":{"@id":"https:\/\/www.piwi247.com\/de\/neteller\/#breadcrumb"},"inLanguage":"de","potentialAction":[{"@type":"ReadAction","target":["https:\/\/www.piwi247.com\/de\/neteller\/"]}]},{"@type":"ImageObject","inLanguage":"de","@id":"https:\/\/www.piwi247.com\/de\/neteller\/#primaryimage","url":"https:\/\/www.piwi247.com\/de\/wp-content\/uploads\/sites\/4\/2024\/09\/neteller-image-1.svg","contentUrl":"https:\/\/www.piwi247.com\/de\/wp-content\/uploads\/sites\/4\/2024\/09\/neteller-image-1.svg"},{"@type":"BreadcrumbList","@id":"https:\/\/www.piwi247.com\/de\/neteller\/#breadcrumb","itemListElement":[{"@type":"ListItem","position":1,"name":"Home","item":"https:\/\/www.piwi247.com\/de\/"},{"@type":"ListItem","position":2,"name":"Neteller"}]},{"@type":"WebSite","@id":"https:\/\/www.piwi247.com\/de\/#website","url":"https:\/\/www.piwi247.com\/de\/","name":"German","description":"PIWI247: PIWIX | Sports Betting | Casino","potentialAction":[{"@type":"SearchAction","target":{"@type":"EntryPoint","urlTemplate":"https:\/\/www.piwi247.com\/de\/?s={search_term_string}"},"query-input":{"@type":"PropertyValueSpecification","valueRequired":true,"valueName":"search_term_string"}}],"inLanguage":"de"}]}},"_links":{"self":[{"href":"https:\/\/www.piwi247.com\/de\/wp-json\/wp\/v2\/pages\/196","targetHints":{"allow":["GET"]}}],"collection":[{"href":"https:\/\/www.piwi247.com\/de\/wp-json\/wp\/v2\/pages"}],"about":[{"href":"https:\/\/www.piwi247.com\/de\/wp-json\/wp\/v2\/types\/page"}],"author":[{"embeddable":true,"href":"https:\/\/www.piwi247.com\/de\/wp-json\/wp\/v2\/users\/2"}],"replies":[{"embeddable":true,"href":"https:\/\/www.piwi247.com\/de\/wp-json\/wp\/v2\/comments?post=196"}],"version-history":[{"count":13,"href":"https:\/\/www.piwi247.com\/de\/wp-json\/wp\/v2\/pages\/196\/revisions"}],"predecessor-version":[{"id":1518,"href":"https:\/\/www.piwi247.com\/de\/wp-json\/wp\/v2\/pages\/196\/revisions\/1518"}],"wp:featuredmedia":[{"embeddable":true,"href":"https:\/\/www.piwi247.com\/de\/wp-json\/wp\/v2\/media\/60"}],"wp:attachment":[{"href":"https:\/\/www.piwi247.com\/de\/wp-json\/wp\/v2\/media?parent=196"}],"curies":[{"name":"wp","href":"https:\/\/api.w.org\/{rel}","templated":true}]}}