{"id":220,"date":"2024-09-11T01:11:27","date_gmt":"2024-09-11T01:11:27","guid":{"rendered":"https:\/\/www.piwi247.com\/de\/?page_id=220"},"modified":"2024-10-22T06:01:35","modified_gmt":"2024-10-22T06:01:35","slug":"erc20","status":"publish","type":"page","link":"https:\/\/www.piwi247.com\/de\/erc20\/","title":{"rendered":"ERC20"},"content":{"rendered":"<p>[et_pb_section fb_built=&#8221;1&#8243; _builder_version=&#8221;4.27.0&#8243; _module_preset=&#8221;default&#8221; background_color=&#8221;RGBA(255,255,255,0)&#8221; custom_padding=&#8221;0px||0px||false|false&#8221; hover_enabled=&#8221;0&#8243; global_colors_info=&#8221;{}&#8221; theme_builder_area=&#8221;post_content&#8221; sticky_enabled=&#8221;0&#8243;][et_pb_row _builder_version=&#8221;4.27.0&#8243; _module_preset=&#8221;default&#8221; width=&#8221;100%&#8221; max_width=&#8221;1280px&#8221; custom_padding=&#8221;0px||0px||false|false&#8221; hover_enabled=&#8221;0&#8243; global_colors_info=&#8221;{}&#8221; theme_builder_area=&#8221;post_content&#8221; sticky_enabled=&#8221;0&#8243;][et_pb_column type=&#8221;4_4&#8243; _builder_version=&#8221;4.27.0&#8243; _module_preset=&#8221;default&#8221; global_colors_info=&#8221;{}&#8221; theme_builder_area=&#8221;post_content&#8221;][et_pb_text _builder_version=&#8221;4.27.0&#8243; _module_preset=&#8221;default&#8221; text_text_color=&#8221;#172530&#8243; text_font_size=&#8221;16px&#8221; header_3_font=&#8221;|700|||||||&#8221; header_3_text_color=&#8221;#172530&#8243; hover_enabled=&#8221;0&#8243; global_colors_info=&#8221;{}&#8221; theme_builder_area=&#8221;post_content&#8221; header_2_font=&#8221;|700|||||||&#8221; header_2_line_height=&#8221;1.3em&#8221; sticky_enabled=&#8221;0&#8243;]<\/p>\n<h2><span>ERC20-Zahlungen bei PIWI247<\/span><\/h2>\n<p><span>PIWI247 bietet eine Vielzahl von bequemen Zahlungsoptionen, und wir sind stolz darauf, ERC20-Tokens zu verwenden! Dieser weit verbreitete Standard erm\u00f6glicht es Ihnen, die Ethereum Blockchain f\u00fcr sichere und effiziente Transaktionen zu nutzen.<\/span>[\/et_pb_text][et_pb_text _builder_version=&#8221;4.27.0&#8243; _module_preset=&#8221;default&#8221; text_text_color=&#8221;#172530&#8243; text_font_size=&#8221;16px&#8221; header_3_font=&#8221;|700|||||||&#8221; header_3_text_color=&#8221;#172530&#8243; hover_enabled=&#8221;0&#8243; global_colors_info=&#8221;{}&#8221; theme_builder_area=&#8221;post_content&#8221; header_2_font=&#8221;|700|||||||&#8221; header_2_line_height=&#8221;1.3em&#8221; sticky_enabled=&#8221;0&#8243;]<\/p>\n<h2><span>Was ist ERC20?<\/span><\/h2>\n<p><span>ERC20 ist ein technischer Standard, der die Erstellung und Funktionalit\u00e4t von Token auf der Ethereum-Blockchain regelt. ERC20-Token repr\u00e4sentieren eine breite Palette digitaler Verm\u00f6genswerte, darunter beliebte Stablecoins wie Tether (USDT) und viele andere. Dieser Standard gew\u00e4hrleistet eine einheitliche und sichere Art der Interaktion mit diesen Token im Ethereum-Netzwerk.<\/span>[\/et_pb_text][et_pb_text _builder_version=&#8221;4.27.0&#8243; _module_preset=&#8221;default&#8221; text_text_color=&#8221;#172530&#8243; text_font_size=&#8221;16px&#8221; header_3_font=&#8221;|700|||||||&#8221; header_3_text_color=&#8221;#172530&#8243; hover_enabled=&#8221;0&#8243; global_colors_info=&#8221;{}&#8221; theme_builder_area=&#8221;post_content&#8221; header_2_font=&#8221;|700|||||||&#8221; header_2_line_height=&#8221;1.3em&#8221; header_4_font=&#8221;|700|||||||&#8221; header_4_line_height=&#8221;1.2em&#8221; sticky_enabled=&#8221;0&#8243;]<\/p>\n<h2><span>Vorteile von ERC20-Zahlungen mit PIWI247<\/span><\/h2>\n<ul>\n<li style=\"margin-bottom: 10px;\">\n<h4>Weit verbreitet akzeptiert:<\/h4>\n<p>ERC20 ist einer der beliebtesten Token-Standards und bietet eine gr\u00f6\u00dfere Kompatibilit\u00e4t mit verschiedenen Wallets und B\u00f6rsen.<\/li>\n<li style=\"margin-bottom: 10px;\">\n<h4>Dezentralisierte Sicherheit:<\/h4>\n<p>Die Ethereum-Blockchain nutzt ein dezentralisiertes Netzwerk zur Verifizierung von Transaktionen und f\u00f6rdert so Sicherheit und Transparenz.<\/li>\n<li style=\"margin-bottom: 10px;\">\n<h4>Flexibilit\u00e4t:<\/h4>\n<p>ERC20-Token repr\u00e4sentieren eine breite Palette von Verm\u00f6genswerten, die Ihnen mehr Zahlungsm\u00f6glichkeiten bieten.<\/li>\n<li>\n<h4>Etabliertes \u00d6kosystem:<\/h4>\n<p>Das Ethereum-Netzwerk verf\u00fcgt \u00fcber ein ausgereiftes \u00d6kosystem von Tools und Dienstleistungen f\u00fcr die Verwaltung Ihrer ERC20-Token.<\/li>\n<\/ul>\n<p>[\/et_pb_text][et_pb_text _builder_version=&#8221;4.27.0&#8243; _module_preset=&#8221;default&#8221; text_text_color=&#8221;#172530&#8243; text_font_size=&#8221;16px&#8221; header_3_font=&#8221;|700|||||||&#8221; header_3_text_color=&#8221;#172530&#8243; hover_enabled=&#8221;0&#8243; global_colors_info=&#8221;{}&#8221; theme_builder_area=&#8221;post_content&#8221; header_2_font=&#8221;|700|||||||&#8221; header_2_line_height=&#8221;1.3em&#8221; header_4_font=&#8221;|700|||||||&#8221; header_4_line_height=&#8221;1.2em&#8221; sticky_enabled=&#8221;0&#8243;]<\/p>\n<h2><span>Wie man ERC20 f\u00fcr PIWI247-Zahlungen verwendet<\/span><\/h2>\n<h4>1. Besorgen Sie sich eine Ethereum-Wallet, die ERC20-Token unterst\u00fctzt:<\/h4>\n<p>Es sind zahlreiche seri\u00f6se Ethereum-Wallets verf\u00fcgbar. Einige beliebte Optionen sind MetaMask, MyEtherWallet, Trust Wallet und Trezor (Hardware-Wallet). Achten Sie darauf, dass Sie eine Wallet w\u00e4hlen, die eindeutig ihre Unterst\u00fctzung f\u00fcr ERC20-Token angibt.<\/p>\n<h4>2. Erwerben Sie ERC20-Token:<\/h4>\n<p>Sie k\u00f6nnen ERC20-Token \u00fcber verschiedene Kryptow\u00e4hrungsb\u00f6rsen kaufen. Sobald Sie ERC20-Token erworben haben, werden diese sicher in Ihrer Ethereum-Brieftasche gespeichert.<\/p>\n<h4>3. Initiieren Sie Ihre PIWI247-Zahlung mit ERC20:<\/h4>\n<p>W\u00e4hlen Sie w\u00e4hrend des Bezahlvorgangs bei PIWI247 ERC20 als Zahlungsmethode aus. Sie erhalten dann eine eindeutige Wallet-Adresse, an die Sie Ihre ERC20-Tokens senden k\u00f6nnen, um die Zahlung abzuschlie\u00dfen.<\/p>\n<p><span>Wenn Sie ERC20 f\u00fcr Ihre PIWI247-Transaktionen w\u00e4hlen, erhalten Sie Zugang zu einer sicheren, gut etablierten Zahlungsmethode mit einer gro\u00dfen Auswahl an kompatiblen Token.<\/span><\/p>\n<p><span><strong>Bitte beachten Sie:<\/strong>\u00a0F\u00fcr PIWI247-Zahlungen werden nur ERC20-Token unterst\u00fctzt. Transaktionen mit anderen Ethereum-Token-Typen (ETH, etc.) werden nicht akzeptiert.<\/span><\/p>\n<p><span>W\u00e4hrend PIWI247 ERC20-Einzahlungen und -Abhebungen KOSTENLOS sind, deckt PIWI247 keine Gas-, Wechsel-, Karten- oder andere Geb\u00fchren ab, die von Ihrem ERC20-Wallet-Anbieter erhoben werden.<\/span><\/p>\n<p><span>Bei Fragen zu ERC20-Zahlungen oder unseren anderen Zahlungsoptionen wenden Sie sich bitte an den PIWI247-Kundenservice. Wir helfen Ihnen gerne weiter!<\/span>[\/et_pb_text][\/et_pb_column][\/et_pb_row][\/et_pb_section]<\/p>\n","protected":false},"excerpt":{"rendered":"<p>ERC20-Zahlungen bei PIWI247 PIWI247 bietet eine Vielzahl von bequemen Zahlungsoptionen, und wir sind stolz darauf, ERC20-Tokens zu verwenden! Dieser weit verbreitete Standard erm\u00f6glicht es Ihnen, die Ethereum Blockchain f\u00fcr sichere und effiziente Transaktionen zu nutzen.Was ist ERC20? ERC20 ist ein technischer Standard, der die Erstellung und Funktionalit\u00e4t von Token auf der Ethereum-Blockchain regelt. ERC20-Token repr\u00e4sentieren [&hellip;]<\/p>\n","protected":false},"author":2,"featured_media":62,"parent":0,"menu_order":0,"comment_status":"closed","ping_status":"closed","template":"","meta":{"_et_pb_use_builder":"on","_et_pb_old_content":"","_et_gb_content_width":"","inline_featured_image":false,"footnotes":""},"class_list":["post-220","page","type-page","status-publish","has-post-thumbnail","hentry"],"yoast_head":"<!-- This site is optimized with the Yoast SEO plugin v25.7 - https:\/\/yoast.com\/wordpress\/plugins\/seo\/ -->\n<title>Sichere Zahlungen mit ERC20-Tokens bei PIWI247<\/title>\n<meta name=\"description\" content=\"PIWI247 akzeptiert jetzt ERC20-Token f\u00fcr ein schnelles, sicheres und bequemes Zahlungserlebnis. Erfahren Sie mehr \u00fcber die Verwendung von ERC20 f\u00fcr Ihren n\u00e4chsten Einkauf!\" \/>\n<meta name=\"robots\" content=\"index, follow, max-snippet:-1, max-image-preview:large, max-video-preview:-1\" \/>\n<link rel=\"canonical\" href=\"https:\/\/www.piwi247.com\/de\/erc20\/\" \/>\n<meta property=\"og:locale\" content=\"de_DE\" \/>\n<meta property=\"og:type\" content=\"article\" \/>\n<meta property=\"og:title\" content=\"Sichere Zahlungen mit ERC20-Tokens bei PIWI247\" \/>\n<meta property=\"og:description\" content=\"PIWI247 akzeptiert jetzt ERC20-Token f\u00fcr ein schnelles, sicheres und bequemes Zahlungserlebnis. Erfahren Sie mehr \u00fcber die Verwendung von ERC20 f\u00fcr Ihren n\u00e4chsten Einkauf!\" \/>\n<meta property=\"og:url\" content=\"https:\/\/www.piwi247.com\/de\/erc20\/\" \/>\n<meta property=\"og:site_name\" content=\"German\" \/>\n<meta property=\"article:modified_time\" content=\"2024-10-22T06:01:35+00:00\" \/>\n<meta name=\"twitter:card\" content=\"summary_large_image\" \/>\n<meta name=\"twitter:label1\" content=\"Est. reading time\" \/>\n\t<meta name=\"twitter:data1\" content=\"2 minutes\" \/>\n<script type=\"application\/ld+json\" class=\"yoast-schema-graph\">{\"@context\":\"https:\/\/schema.org\",\"@graph\":[{\"@type\":\"WebPage\",\"@id\":\"https:\/\/www.piwi247.com\/de\/erc20\/\",\"url\":\"https:\/\/www.piwi247.com\/de\/erc20\/\",\"name\":\"Sichere Zahlungen mit ERC20-Tokens bei PIWI247\",\"isPartOf\":{\"@id\":\"https:\/\/www.piwi247.com\/de\/#website\"},\"primaryImageOfPage\":{\"@id\":\"https:\/\/www.piwi247.com\/de\/erc20\/#primaryimage\"},\"image\":{\"@id\":\"https:\/\/www.piwi247.com\/de\/erc20\/#primaryimage\"},\"thumbnailUrl\":\"https:\/\/www.piwi247.com\/de\/wp-content\/uploads\/sites\/4\/2024\/09\/erc20-image-1.svg\",\"datePublished\":\"2024-09-11T01:11:27+00:00\",\"dateModified\":\"2024-10-22T06:01:35+00:00\",\"description\":\"PIWI247 akzeptiert jetzt ERC20-Token f\u00fcr ein schnelles, sicheres und bequemes Zahlungserlebnis. Erfahren Sie mehr \u00fcber die Verwendung von ERC20 f\u00fcr Ihren n\u00e4chsten Einkauf!\",\"breadcrumb\":{\"@id\":\"https:\/\/www.piwi247.com\/de\/erc20\/#breadcrumb\"},\"inLanguage\":\"de\",\"potentialAction\":[{\"@type\":\"ReadAction\",\"target\":[\"https:\/\/www.piwi247.com\/de\/erc20\/\"]}]},{\"@type\":\"ImageObject\",\"inLanguage\":\"de\",\"@id\":\"https:\/\/www.piwi247.com\/de\/erc20\/#primaryimage\",\"url\":\"https:\/\/www.piwi247.com\/de\/wp-content\/uploads\/sites\/4\/2024\/09\/erc20-image-1.svg\",\"contentUrl\":\"https:\/\/www.piwi247.com\/de\/wp-content\/uploads\/sites\/4\/2024\/09\/erc20-image-1.svg\"},{\"@type\":\"BreadcrumbList\",\"@id\":\"https:\/\/www.piwi247.com\/de\/erc20\/#breadcrumb\",\"itemListElement\":[{\"@type\":\"ListItem\",\"position\":1,\"name\":\"Home\",\"item\":\"https:\/\/www.piwi247.com\/de\/\"},{\"@type\":\"ListItem\",\"position\":2,\"name\":\"ERC20\"}]},{\"@type\":\"WebSite\",\"@id\":\"https:\/\/www.piwi247.com\/de\/#website\",\"url\":\"https:\/\/www.piwi247.com\/de\/\",\"name\":\"German\",\"description\":\"PIWI247: PIWIX | Sports Betting | Casino\",\"potentialAction\":[{\"@type\":\"SearchAction\",\"target\":{\"@type\":\"EntryPoint\",\"urlTemplate\":\"https:\/\/www.piwi247.com\/de\/?s={search_term_string}\"},\"query-input\":{\"@type\":\"PropertyValueSpecification\",\"valueRequired\":true,\"valueName\":\"search_term_string\"}}],\"inLanguage\":\"de\"}]}<\/script>\n<!-- \/ Yoast SEO plugin. -->","yoast_head_json":{"title":"Sichere Zahlungen mit ERC20-Tokens bei PIWI247","description":"PIWI247 akzeptiert jetzt ERC20-Token f\u00fcr ein schnelles, sicheres und bequemes Zahlungserlebnis. Erfahren Sie mehr \u00fcber die Verwendung von ERC20 f\u00fcr Ihren n\u00e4chsten Einkauf!","robots":{"index":"index","follow":"follow","max-snippet":"max-snippet:-1","max-image-preview":"max-image-preview:large","max-video-preview":"max-video-preview:-1"},"canonical":"https:\/\/www.piwi247.com\/de\/erc20\/","og_locale":"de_DE","og_type":"article","og_title":"Sichere Zahlungen mit ERC20-Tokens bei PIWI247","og_description":"PIWI247 akzeptiert jetzt ERC20-Token f\u00fcr ein schnelles, sicheres und bequemes Zahlungserlebnis. Erfahren Sie mehr \u00fcber die Verwendung von ERC20 f\u00fcr Ihren n\u00e4chsten Einkauf!","og_url":"https:\/\/www.piwi247.com\/de\/erc20\/","og_site_name":"German","article_modified_time":"2024-10-22T06:01:35+00:00","twitter_card":"summary_large_image","twitter_misc":{"Est. reading time":"2 minutes"},"schema":{"@context":"https:\/\/schema.org","@graph":[{"@type":"WebPage","@id":"https:\/\/www.piwi247.com\/de\/erc20\/","url":"https:\/\/www.piwi247.com\/de\/erc20\/","name":"Sichere Zahlungen mit ERC20-Tokens bei PIWI247","isPartOf":{"@id":"https:\/\/www.piwi247.com\/de\/#website"},"primaryImageOfPage":{"@id":"https:\/\/www.piwi247.com\/de\/erc20\/#primaryimage"},"image":{"@id":"https:\/\/www.piwi247.com\/de\/erc20\/#primaryimage"},"thumbnailUrl":"https:\/\/www.piwi247.com\/de\/wp-content\/uploads\/sites\/4\/2024\/09\/erc20-image-1.svg","datePublished":"2024-09-11T01:11:27+00:00","dateModified":"2024-10-22T06:01:35+00:00","description":"PIWI247 akzeptiert jetzt ERC20-Token f\u00fcr ein schnelles, sicheres und bequemes Zahlungserlebnis. Erfahren Sie mehr \u00fcber die Verwendung von ERC20 f\u00fcr Ihren n\u00e4chsten Einkauf!","breadcrumb":{"@id":"https:\/\/www.piwi247.com\/de\/erc20\/#breadcrumb"},"inLanguage":"de","potentialAction":[{"@type":"ReadAction","target":["https:\/\/www.piwi247.com\/de\/erc20\/"]}]},{"@type":"ImageObject","inLanguage":"de","@id":"https:\/\/www.piwi247.com\/de\/erc20\/#primaryimage","url":"https:\/\/www.piwi247.com\/de\/wp-content\/uploads\/sites\/4\/2024\/09\/erc20-image-1.svg","contentUrl":"https:\/\/www.piwi247.com\/de\/wp-content\/uploads\/sites\/4\/2024\/09\/erc20-image-1.svg"},{"@type":"BreadcrumbList","@id":"https:\/\/www.piwi247.com\/de\/erc20\/#breadcrumb","itemListElement":[{"@type":"ListItem","position":1,"name":"Home","item":"https:\/\/www.piwi247.com\/de\/"},{"@type":"ListItem","position":2,"name":"ERC20"}]},{"@type":"WebSite","@id":"https:\/\/www.piwi247.com\/de\/#website","url":"https:\/\/www.piwi247.com\/de\/","name":"German","description":"PIWI247: PIWIX | Sports Betting | Casino","potentialAction":[{"@type":"SearchAction","target":{"@type":"EntryPoint","urlTemplate":"https:\/\/www.piwi247.com\/de\/?s={search_term_string}"},"query-input":{"@type":"PropertyValueSpecification","valueRequired":true,"valueName":"search_term_string"}}],"inLanguage":"de"}]}},"_links":{"self":[{"href":"https:\/\/www.piwi247.com\/de\/wp-json\/wp\/v2\/pages\/220","targetHints":{"allow":["GET"]}}],"collection":[{"href":"https:\/\/www.piwi247.com\/de\/wp-json\/wp\/v2\/pages"}],"about":[{"href":"https:\/\/www.piwi247.com\/de\/wp-json\/wp\/v2\/types\/page"}],"author":[{"embeddable":true,"href":"https:\/\/www.piwi247.com\/de\/wp-json\/wp\/v2\/users\/2"}],"replies":[{"embeddable":true,"href":"https:\/\/www.piwi247.com\/de\/wp-json\/wp\/v2\/comments?post=220"}],"version-history":[{"count":14,"href":"https:\/\/www.piwi247.com\/de\/wp-json\/wp\/v2\/pages\/220\/revisions"}],"predecessor-version":[{"id":1271,"href":"https:\/\/www.piwi247.com\/de\/wp-json\/wp\/v2\/pages\/220\/revisions\/1271"}],"wp:featuredmedia":[{"embeddable":true,"href":"https:\/\/www.piwi247.com\/de\/wp-json\/wp\/v2\/media\/62"}],"wp:attachment":[{"href":"https:\/\/www.piwi247.com\/de\/wp-json\/wp\/v2\/media?parent=220"}],"curies":[{"name":"wp","href":"https:\/\/api.w.org\/{rel}","templated":true}]}}