{"id":264,"date":"2024-09-11T04:53:47","date_gmt":"2024-09-11T04:53:47","guid":{"rendered":"https:\/\/www.piwi247.com\/de\/?page_id=264"},"modified":"2025-12-11T04:29:56","modified_gmt":"2025-12-11T04:29:56","slug":"pinnacle-sports","status":"publish","type":"page","link":"https:\/\/www.piwi247.com\/de\/piwisportsprovider\/","title":{"rendered":"PIWI247 Sports Powered by AP Gaming"},"content":{"rendered":"\n[et_pb_section fb_built=&#8221;1&#8243; _builder_version=&#8221;4.27.0&#8243; _module_preset=&#8221;default&#8221; background_color=&#8221;RGBA(255,255,255,0)&#8221; custom_margin=&#8221;0px||||false|false&#8221; custom_padding=&#8221;0px||0px||false|false&#8221; global_colors_info=&#8221;{}&#8221; theme_builder_area=&#8221;post_content&#8221;][et_pb_row _builder_version=&#8221;4.27.0&#8243; _module_preset=&#8221;default&#8221; width=&#8221;100%&#8221; max_width=&#8221;1280px&#8221; custom_margin=&#8221;0px||||false|false&#8221; custom_padding=&#8221;0px||0px||false|false&#8221; global_colors_info=&#8221;{}&#8221; theme_builder_area=&#8221;post_content&#8221;][et_pb_column type=&#8221;4_4&#8243; _builder_version=&#8221;4.27.0&#8243; _module_preset=&#8221;default&#8221; global_colors_info=&#8221;{}&#8221; theme_builder_area=&#8221;post_content&#8221;][et_pb_text _builder_version=&#8221;4.27.2&#8243; _module_preset=&#8221;default&#8221; text_text_color=&#8221;#172530&#8243; text_font_size=&#8221;16px&#8221; custom_margin=&#8221;||||false|false&#8221; hover_enabled=&#8221;0&#8243; global_colors_info=&#8221;{}&#8221; theme_builder_area=&#8221;post_content&#8221; sticky_enabled=&#8221;0&#8243;]<strong>PIWI247 Sports<\/strong><span>\u00a0<\/span>bietet eine umfassende Online-Sportwettenplattform, die vom Branchenf\u00fchrer<span>\u00a0<\/span><strong>AP Gaming<\/strong><span>\u00a0<\/span>betrieben wird. Durch die \u00dcbernahme des bew\u00e4hrten Gesch\u00e4ftsansatzes von<span>\u00a0<\/span><strong>AP Gaming<\/strong><span>\u00a0<\/span>bietet<span>\u00a0<\/span><strong>PIWI247 Sports<\/strong><span>\u00a0<\/span>extrem wettbewerbsf\u00e4hige Quoten und immense Wettlimits, die von erfahrenen Spielern mit hohem Wettvolumen bevorzugt werden.\n\nDie Plattform deckt ein breites Spektrum an Wettm\u00e4rkten in den Bereichen Fu\u00dfball, Eishockey, MMA, Basketball, Baseball und Nischensportarten wie Cricket, Darts und Wasserball ab und ist auf ernsthafte Wettende zugeschnitten.<span>\u00a0<\/span><strong>PIWI247 Sports<\/strong><span>\u00a0<\/span>bietet nicht nur umfangreiche Wettarten wie Futures, Requisiten, Teaser, Jackpots und Parlays, sondern auch einen Live-Analysten-Chat f\u00fcr fachkundige Beratung bei der Platzierung von Gewinnwetten.[\/et_pb_text][et_pb_text _builder_version=&#8221;4.27.2&#8243; _module_preset=&#8221;default&#8221; text_text_color=&#8221;#172530&#8243; text_font_size=&#8221;16px&#8221; header_2_font=&#8221;|700|||||||&#8221; header_2_text_color=&#8221;#172530&#8243; header_2_line_height=&#8221;1.3em&#8221; custom_margin=&#8221;||||false|false&#8221; custom_padding=&#8221;||||false|false&#8221; hover_enabled=&#8221;0&#8243; global_colors_info=&#8221;{}&#8221; theme_builder_area=&#8221;post_content&#8221; sticky_enabled=&#8221;0&#8243;]<h2><span>4%ige Steigerung des Hold-Gewinns<\/span><\/h2>\n.Durch den Einsatz der hochmodernen Risikomanagement-Taktiken und Handelsalgorithmen von AP Gaming erzielt<span>\u00a0<\/span><strong>PIWI247 Sports<\/strong><span>\u00a0<\/span>hervorragende Rentabilit\u00e4tskennzahlen. Ein Hold-Prozentsatz von 4 % \u00fcbertrifft zum Beispiel viele Top-Wettbewerber. Diese Risikokontrollen schaffen ein f\u00fcr beide Seiten vorteilhaftes Umfeld, das scharfe Aktionen anzieht, ohne die gewinnenden Wettenden einzuschr\u00e4nken. Dies unterscheidet das Unternehmen von anderen Buchmachern, die Spieler, die ein hohes Ma\u00df an Wettexpertise an den Tag legen, einschr\u00e4nken oder ausschlie\u00dfen.[\/et_pb_text][et_pb_text _builder_version=&#8221;4.27.2&#8243; _module_preset=&#8221;default&#8221; text_text_color=&#8221;#172530&#8243; text_font_size=&#8221;16px&#8221; header_2_font=&#8221;|700|||||||&#8221; header_2_text_color=&#8221;#172530&#8243; header_2_line_height=&#8221;1.3em&#8221; custom_margin=&#8221;||||false|false&#8221; custom_padding=&#8221;||||false|false&#8221; hover_enabled=&#8221;0&#8243; global_colors_info=&#8221;{}&#8221; theme_builder_area=&#8221;post_content&#8221; sticky_enabled=&#8221;0&#8243;]<h2>In allen Bereichen sind die Quoten unschlagbar<\/h2>\n<p class=\"p1\"><strong>PIWI247 Sports<\/strong><span>\u00a0<\/span>verfolgt einen spielerfreundlichen Ansatz, der sich ausschlie\u00dflich auf die Bereitstellung von Spitzenquoten und -limits konzentriert, anstatt die Haftung zu mindern. Dies erm\u00f6glicht es seri\u00f6sen Spielern, ihre Gewinnquoten langfristig zu maximieren.<\/p>\n<strong>PIWI247<\/strong> erweitert den Zugang zu bew\u00e4hrten Sportwetten-Innovationen. Durch die Kombination der Quotenerstellung, der Handelstechnologien und des Risikomanagements von AP Gaming mit der Integrit\u00e4t, der Geschwindigkeit und der Marke von <span class=\"custom-link\"><a href=\"https:\/\/www.piwi247.com\/de\/betfairexchange\/\">Betfair Exchange<\/a><\/span> stellt <strong>PIWI247<\/strong> <strong>den neuen Goldstandard f\u00fcr Online-Sportwetten dar.<\/strong>\n<p class=\"custom-link\"><strong>PIWI247<\/strong><span>\u00a0<\/span>bietet Ihnen ein einzigartiges optimiertes Ziel f\u00fcr Ihre Sportwetten-Bed\u00fcrfnisse. Wenn Ihr Ziel darin besteht, den Wettprozess zu vereinfachen, um h\u00e4ufiger zu gewinnen,<span>\u00a0<\/span><a href=\"https:\/\/www.piwi247.com\/signup\">w<\/a><a href=\"\/signup\">erden Sie noch heute Mitglied bei PIWI247.<\/a><\/p>[\/et_pb_text][\/et_pb_column][\/et_pb_row][\/et_pb_section]\n","protected":false},"excerpt":{"rendered":"<p>PIWI247 Sports\u00a0bietet eine umfassende Online-Sportwettenplattform, die vom Branchenf\u00fchrer\u00a0AP Gaming\u00a0betrieben wird. Durch die \u00dcbernahme des bew\u00e4hrten Gesch\u00e4ftsansatzes von\u00a0AP Gaming\u00a0bietet\u00a0PIWI247 Sports\u00a0extrem wettbewerbsf\u00e4hige Quoten und immense Wettlimits, die von erfahrenen Spielern mit hohem Wettvolumen bevorzugt werden. Die Plattform deckt ein breites Spektrum an Wettm\u00e4rkten in den Bereichen Fu\u00dfball, Eishockey, MMA, Basketball, Baseball und Nischensportarten wie Cricket, Darts und [&hellip;]<\/p>\n","protected":false},"author":2,"featured_media":6893,"parent":0,"menu_order":0,"comment_status":"closed","ping_status":"closed","template":"","meta":{"_et_pb_use_builder":"on","_et_pb_old_content":"","_et_gb_content_width":"","inline_featured_image":false,"footnotes":""},"class_list":["post-264","page","type-page","status-publish","has-post-thumbnail","hentry"],"yoast_head":"<!-- This site is optimized with the Yoast SEO plugin v25.7 - https:\/\/yoast.com\/wordpress\/plugins\/seo\/ -->\n<title>AP Gaming - Anbieter von Sportwetten-Software | PIWI247<\/title>\n<meta name=\"description\" content=\"Erkunden Sie die hochmoderne Sportwetten-Software von AP Gaming, die erweiterte Wettfunktionen, Risikomanagement und un\u00fcbertroffene Leistung bei PIWI247 bietet.\" \/>\n<meta name=\"robots\" content=\"index, follow, max-snippet:-1, max-image-preview:large, max-video-preview:-1\" \/>\n<link rel=\"canonical\" href=\"https:\/\/www.piwi247.com\/de\/piwisportsprovider\/\" \/>\n<meta property=\"og:locale\" content=\"de_DE\" \/>\n<meta property=\"og:type\" content=\"article\" \/>\n<meta property=\"og:title\" content=\"AP Gaming - Anbieter von Sportwetten-Software | PIWI247\" \/>\n<meta property=\"og:description\" content=\"Erkunden Sie die hochmoderne Sportwetten-Software von AP Gaming, die erweiterte Wettfunktionen, Risikomanagement und un\u00fcbertroffene Leistung bei PIWI247 bietet.\" \/>\n<meta property=\"og:url\" content=\"https:\/\/www.piwi247.com\/de\/piwisportsprovider\/\" \/>\n<meta property=\"og:site_name\" content=\"German\" \/>\n<meta property=\"article:modified_time\" content=\"2025-12-11T04:29:56+00:00\" \/>\n<meta property=\"og:image\" content=\"https:\/\/www.piwi247.com\/de\/wp-content\/uploads\/sites\/4\/2025\/12\/product-header-pinnacle-sports-v1.webp\" \/>\n\t<meta property=\"og:image:width\" content=\"944\" \/>\n\t<meta property=\"og:image:height\" content=\"314\" \/>\n\t<meta property=\"og:image:type\" content=\"image\/webp\" \/>\n<meta name=\"twitter:card\" content=\"summary_large_image\" \/>\n<meta name=\"twitter:label1\" content=\"Est. reading time\" \/>\n\t<meta name=\"twitter:data1\" content=\"2 minutes\" \/>\n<script type=\"application\/ld+json\" class=\"yoast-schema-graph\">{\"@context\":\"https:\/\/schema.org\",\"@graph\":[{\"@type\":\"WebPage\",\"@id\":\"https:\/\/www.piwi247.com\/de\/piwisportsprovider\/\",\"url\":\"https:\/\/www.piwi247.com\/de\/piwisportsprovider\/\",\"name\":\"AP Gaming - Anbieter von Sportwetten-Software | PIWI247\",\"isPartOf\":{\"@id\":\"https:\/\/www.piwi247.com\/de\/#website\"},\"primaryImageOfPage\":{\"@id\":\"https:\/\/www.piwi247.com\/de\/piwisportsprovider\/#primaryimage\"},\"image\":{\"@id\":\"https:\/\/www.piwi247.com\/de\/piwisportsprovider\/#primaryimage\"},\"thumbnailUrl\":\"https:\/\/www.piwi247.com\/de\/wp-content\/uploads\/sites\/4\/2025\/12\/product-header-pinnacle-sports-v1.webp\",\"datePublished\":\"2024-09-11T04:53:47+00:00\",\"dateModified\":\"2025-12-11T04:29:56+00:00\",\"description\":\"Erkunden Sie die hochmoderne Sportwetten-Software von AP Gaming, die erweiterte Wettfunktionen, Risikomanagement und un\u00fcbertroffene Leistung bei PIWI247 bietet.\",\"breadcrumb\":{\"@id\":\"https:\/\/www.piwi247.com\/de\/piwisportsprovider\/#breadcrumb\"},\"inLanguage\":\"de\",\"potentialAction\":[{\"@type\":\"ReadAction\",\"target\":[\"https:\/\/www.piwi247.com\/de\/piwisportsprovider\/\"]}]},{\"@type\":\"ImageObject\",\"inLanguage\":\"de\",\"@id\":\"https:\/\/www.piwi247.com\/de\/piwisportsprovider\/#primaryimage\",\"url\":\"https:\/\/www.piwi247.com\/de\/wp-content\/uploads\/sites\/4\/2025\/12\/product-header-pinnacle-sports-v1.webp\",\"contentUrl\":\"https:\/\/www.piwi247.com\/de\/wp-content\/uploads\/sites\/4\/2025\/12\/product-header-pinnacle-sports-v1.webp\",\"width\":944,\"height\":314},{\"@type\":\"BreadcrumbList\",\"@id\":\"https:\/\/www.piwi247.com\/de\/piwisportsprovider\/#breadcrumb\",\"itemListElement\":[{\"@type\":\"ListItem\",\"position\":1,\"name\":\"Home\",\"item\":\"https:\/\/www.piwi247.com\/de\/\"},{\"@type\":\"ListItem\",\"position\":2,\"name\":\"PIWI247 Sports Powered by AP Gaming\"}]},{\"@type\":\"WebSite\",\"@id\":\"https:\/\/www.piwi247.com\/de\/#website\",\"url\":\"https:\/\/www.piwi247.com\/de\/\",\"name\":\"German\",\"description\":\"PIWI247: PIWIX | Sports Betting | Casino\",\"potentialAction\":[{\"@type\":\"SearchAction\",\"target\":{\"@type\":\"EntryPoint\",\"urlTemplate\":\"https:\/\/www.piwi247.com\/de\/?s={search_term_string}\"},\"query-input\":{\"@type\":\"PropertyValueSpecification\",\"valueRequired\":true,\"valueName\":\"search_term_string\"}}],\"inLanguage\":\"de\"}]}<\/script>\n<!-- \/ Yoast SEO plugin. -->","yoast_head_json":{"title":"AP Gaming - Anbieter von Sportwetten-Software | PIWI247","description":"Erkunden Sie die hochmoderne Sportwetten-Software von AP Gaming, die erweiterte Wettfunktionen, Risikomanagement und un\u00fcbertroffene Leistung bei PIWI247 bietet.","robots":{"index":"index","follow":"follow","max-snippet":"max-snippet:-1","max-image-preview":"max-image-preview:large","max-video-preview":"max-video-preview:-1"},"canonical":"https:\/\/www.piwi247.com\/de\/piwisportsprovider\/","og_locale":"de_DE","og_type":"article","og_title":"AP Gaming - Anbieter von Sportwetten-Software | PIWI247","og_description":"Erkunden Sie die hochmoderne Sportwetten-Software von AP Gaming, die erweiterte Wettfunktionen, Risikomanagement und un\u00fcbertroffene Leistung bei PIWI247 bietet.","og_url":"https:\/\/www.piwi247.com\/de\/piwisportsprovider\/","og_site_name":"German","article_modified_time":"2025-12-11T04:29:56+00:00","og_image":[{"width":944,"height":314,"url":"https:\/\/www.piwi247.com\/de\/wp-content\/uploads\/sites\/4\/2025\/12\/product-header-pinnacle-sports-v1.webp","type":"image\/webp"}],"twitter_card":"summary_large_image","twitter_misc":{"Est. reading time":"2 minutes"},"schema":{"@context":"https:\/\/schema.org","@graph":[{"@type":"WebPage","@id":"https:\/\/www.piwi247.com\/de\/piwisportsprovider\/","url":"https:\/\/www.piwi247.com\/de\/piwisportsprovider\/","name":"AP Gaming - Anbieter von Sportwetten-Software | PIWI247","isPartOf":{"@id":"https:\/\/www.piwi247.com\/de\/#website"},"primaryImageOfPage":{"@id":"https:\/\/www.piwi247.com\/de\/piwisportsprovider\/#primaryimage"},"image":{"@id":"https:\/\/www.piwi247.com\/de\/piwisportsprovider\/#primaryimage"},"thumbnailUrl":"https:\/\/www.piwi247.com\/de\/wp-content\/uploads\/sites\/4\/2025\/12\/product-header-pinnacle-sports-v1.webp","datePublished":"2024-09-11T04:53:47+00:00","dateModified":"2025-12-11T04:29:56+00:00","description":"Erkunden Sie die hochmoderne Sportwetten-Software von AP Gaming, die erweiterte Wettfunktionen, Risikomanagement und un\u00fcbertroffene Leistung bei PIWI247 bietet.","breadcrumb":{"@id":"https:\/\/www.piwi247.com\/de\/piwisportsprovider\/#breadcrumb"},"inLanguage":"de","potentialAction":[{"@type":"ReadAction","target":["https:\/\/www.piwi247.com\/de\/piwisportsprovider\/"]}]},{"@type":"ImageObject","inLanguage":"de","@id":"https:\/\/www.piwi247.com\/de\/piwisportsprovider\/#primaryimage","url":"https:\/\/www.piwi247.com\/de\/wp-content\/uploads\/sites\/4\/2025\/12\/product-header-pinnacle-sports-v1.webp","contentUrl":"https:\/\/www.piwi247.com\/de\/wp-content\/uploads\/sites\/4\/2025\/12\/product-header-pinnacle-sports-v1.webp","width":944,"height":314},{"@type":"BreadcrumbList","@id":"https:\/\/www.piwi247.com\/de\/piwisportsprovider\/#breadcrumb","itemListElement":[{"@type":"ListItem","position":1,"name":"Home","item":"https:\/\/www.piwi247.com\/de\/"},{"@type":"ListItem","position":2,"name":"PIWI247 Sports Powered by AP Gaming"}]},{"@type":"WebSite","@id":"https:\/\/www.piwi247.com\/de\/#website","url":"https:\/\/www.piwi247.com\/de\/","name":"German","description":"PIWI247: PIWIX | Sports Betting | Casino","potentialAction":[{"@type":"SearchAction","target":{"@type":"EntryPoint","urlTemplate":"https:\/\/www.piwi247.com\/de\/?s={search_term_string}"},"query-input":{"@type":"PropertyValueSpecification","valueRequired":true,"valueName":"search_term_string"}}],"inLanguage":"de"}]}},"_links":{"self":[{"href":"https:\/\/www.piwi247.com\/de\/wp-json\/wp\/v2\/pages\/264","targetHints":{"allow":["GET"]}}],"collection":[{"href":"https:\/\/www.piwi247.com\/de\/wp-json\/wp\/v2\/pages"}],"about":[{"href":"https:\/\/www.piwi247.com\/de\/wp-json\/wp\/v2\/types\/page"}],"author":[{"embeddable":true,"href":"https:\/\/www.piwi247.com\/de\/wp-json\/wp\/v2\/users\/2"}],"replies":[{"embeddable":true,"href":"https:\/\/www.piwi247.com\/de\/wp-json\/wp\/v2\/comments?post=264"}],"version-history":[{"count":25,"href":"https:\/\/www.piwi247.com\/de\/wp-json\/wp\/v2\/pages\/264\/revisions"}],"predecessor-version":[{"id":6896,"href":"https:\/\/www.piwi247.com\/de\/wp-json\/wp\/v2\/pages\/264\/revisions\/6896"}],"wp:featuredmedia":[{"embeddable":true,"href":"https:\/\/www.piwi247.com\/de\/wp-json\/wp\/v2\/media\/6893"}],"wp:attachment":[{"href":"https:\/\/www.piwi247.com\/de\/wp-json\/wp\/v2\/media?parent=264"}],"curies":[{"name":"wp","href":"https:\/\/api.w.org\/{rel}","templated":true}]}}