{"id":290,"date":"2024-09-12T04:27:28","date_gmt":"2024-09-12T04:27:28","guid":{"rendered":"https:\/\/www.piwi247.com\/de\/?page_id=290"},"modified":"2025-01-13T11:20:08","modified_gmt":"2025-01-13T11:20:08","slug":"evolution","status":"publish","type":"page","link":"https:\/\/www.piwi247.com\/de\/evolutioncasino\/","title":{"rendered":"Evolution Gaming Casino"},"content":{"rendered":"<p>[et_pb_section fb_built=&#8221;1&#8243; _builder_version=&#8221;4.27.0&#8243; _module_preset=&#8221;default&#8221; background_color=&#8221;#efeff4&#8243; custom_margin=&#8221;0px||||false|false&#8221; custom_padding=&#8221;0px||0px||false|false&#8221; global_colors_info=&#8221;{}&#8221; theme_builder_area=&#8221;post_content&#8221;][et_pb_row _builder_version=&#8221;4.27.0&#8243; _module_preset=&#8221;default&#8221; width=&#8221;100%&#8221; max_width=&#8221;1280px&#8221; custom_margin=&#8221;0px||||false|false&#8221; custom_padding=&#8221;0px||0px||false|false&#8221; global_colors_info=&#8221;{}&#8221; theme_builder_area=&#8221;post_content&#8221;][et_pb_column type=&#8221;4_4&#8243; _builder_version=&#8221;4.27.0&#8243; _module_preset=&#8221;default&#8221; global_colors_info=&#8221;{}&#8221; theme_builder_area=&#8221;post_content&#8221;][et_pb_text _builder_version=&#8221;4.27.0&#8243; _module_preset=&#8221;default&#8221; text_text_color=&#8221;#172530&#8243; text_font_size=&#8221;16px&#8221; global_colors_info=&#8221;{}&#8221; theme_builder_area=&#8221;post_content&#8221;]<\/p>\n<p><span><strong>Evolution Gaming<\/strong>\u00a0ist ein bekannter Name in der Live-Casino-Gl\u00fccksspielbranche. Das\u00a0<strong>Evolution Gaming Casino<\/strong>\u00a0hat die Casino-Gl\u00fccksspielbranche mit Sicherheit ver\u00e4ndert.<\/span><\/p>\n<p><span>Casinospiele machen einen betr\u00e4chtlichen Teil des Gl\u00fccksspielgesch\u00e4fts aus. Sie sind eine der beliebtesten Methoden, um Spa\u00df zu haben und gleichzeitig Geld zu gewinnen, direkt nach den Sportwetten. Seit vielen Jahren stehen Casinospiele im Mittelpunkt des Interesses vieler Menschen. Mit der Einf\u00fchrung von Boden-Casinos konnte jeder, der die Spiele ausprobieren wollte, dies tun, obwohl die Erfahrung heute ziemlich veraltet zu sein scheint. Nicht, dass es sie nicht g\u00e4be, aber viele Spieler ziehen Online-Casinos den station\u00e4ren Casinos vor, da sie ihnen mehr Freiheit und Mobilit\u00e4t bieten.<\/span><\/p>\n<p><span>Die Spieler k\u00f6nnen dank der Dienste von\u00a0<strong>Evolution Gaming<\/strong>\u00a0ein fantastisches Live-Casino-Erlebnis genie\u00dfen. Es ist zweifelsohne fair und gerecht. Sie k\u00f6nnen das gesamte Spiel in Echtzeit verfolgen.<\/span><\/p>\n<p><span>Online-Casinos k\u00f6nnen als eine digitale Version der traditionellen Casinos betrachtet werden. Das liegt vor allem daran, dass Sie in Online-Casinos alle beliebten Casinospiele und Spielautomaten spielen k\u00f6nnen, die fr\u00fcher ausschlie\u00dflich in modernen Casinos\u00e4len verf\u00fcgbar waren. Um Betrug zu vermeiden, werden die Online-Casinospiele nach dem Zufallsprinzip durchgef\u00fchrt und von autorisierten Gl\u00fccksspielbeh\u00f6rden \u00fcberwacht. Aus diesem Grund sind viele Menschen heute der Meinung, dass Online-Gl\u00fccksspielplattformen vorzuziehen sind.<\/span><\/p>\n<p><span><strong>Evolution Gaming<\/strong>\u00a0verf\u00fcgt \u00fcber beeindruckende Funktionen. Es hat eine gro\u00dfe Auswahl an Spielen und Spielm\u00f6glichkeiten. Die meisten seri\u00f6sen Casino-Pr\u00fcfungen haben es mit guten Noten bewertet. Probieren Sie es also ruhig aus!<\/span><\/p>\n<p>[\/et_pb_text][et_pb_text _builder_version=&#8221;4.27.0&#8243; _module_preset=&#8221;default&#8221; text_text_color=&#8221;#172530&#8243; text_font_size=&#8221;16px&#8221; header_2_font=&#8221;|700|||||||&#8221; header_2_line_height=&#8221;1.3em&#8221; header_3_font=&#8221;|700|||||||&#8221; header_3_text_color=&#8221;#172530&#8243; custom_margin=&#8221;||||false|false&#8221; custom_padding=&#8221;||||false|false&#8221; global_colors_info=&#8221;{}&#8221; theme_builder_area=&#8221;post_content&#8221;]<\/p>\n<h2><span>Worauf Sie bei der Auswahl eines Online-Casinos achten sollten<\/span><\/h2>\n<p><span>Auch wenn die bekanntesten Online-Casinos sicher sind und ein hervorragendes Spielerlebnis bieten, gibt es einige Merkmale, die unabh\u00e4ngig von ihrem Ruf zu bewerten sind. Das soll nicht hei\u00dfen, dass die besten Online-Casinos mit den besten Auszahlungen allein durch ihre Gr\u00f6\u00dfe bestimmt werden. In Wahrheit f\u00fchrt jedes Gl\u00fccksspiel mit echtem Geld in Online-Casinos zu den gleichen finanziellen Ergebnissen.<\/span><\/p>\n<p>[\/et_pb_text][et_pb_text _builder_version=&#8221;4.27.0&#8243; _module_preset=&#8221;default&#8221; text_text_color=&#8221;#172530&#8243; text_font_size=&#8221;16px&#8221; header_2_font=&#8221;|700||on|||||&#8221; header_3_font=&#8221;|700|||||||&#8221; header_3_text_color=&#8221;#172530&#8243; custom_margin=&#8221;||||false|false&#8221; custom_padding=&#8221;||||false|false&#8221; global_colors_info=&#8221;{}&#8221; theme_builder_area=&#8221;post_content&#8221;]<\/p>\n<p><span>Im Folgenden finden Sie eine Liste der wichtigsten Faktoren, die Sie bei der Auswahl eines Online-Casinos ber\u00fccksichtigen sollten.<\/span><\/p>\n<p><span><\/span><\/p>\n<ol class=\"custom-link\">\n<li><span><strong>Vergewissern Sie sich, dass das Online-Casino, das Sie in Betracht ziehen, eine Lizenz hat.<\/strong>\u00a0Das bedeutet, dass das Unternehmen und seine Aktivit\u00e4ten von den Aufsichtsbeh\u00f6rden genau \u00fcberwacht werden, um zu verhindern, dass es seine Kunden betr\u00fcgt.<\/span><\/li>\n<li><span>Jedes seri\u00f6se Casino muss seinen Kunden einen ausgezeichneten und\u00a0<strong>zuverl\u00e4ssigen Kundenservice bieten<\/strong>. Die Casinos haben in der Regel Live-Chat, E-Mail und Telefon Kontakt Methoden. Das Wichtigste ist, dass das Support-Team kompetent und reaktionsschnell ist.<\/span><\/li>\n<li><span><strong>Achten Sie auf Sicherheitsvorkehrungen und eine verschl\u00fcsselte Verbindung<\/strong>\u00a0des Casinos, wenn Sie sich bei Ihrem Konto anmelden und Zahlungen vornehmen.<\/span><\/li>\n<li>Nur wenige Online-Casinos gew\u00e4hren neuen Spielern keinen<span>\u00a0<\/span><a href=\"https:\/\/www.piwi247.com\/piwinew100\/\" title=\"30% Freebet up to 300 EUR bonus\">Willkommensbonus<\/a>.<span>\u00a0<\/span><span>Wenn Sie sich registrieren, k\u00f6nnen Sie normalerweise die besten Anmeldeboni in Anspruch nehmen. Sie k\u00f6nnen jedoch feststellen, dass bestimmte Casinos Sie auch nach Ihrer Anmeldung mit betr\u00e4chtlichen Boni \u00fcberraschen werden.<\/span><\/li>\n<li><span>Es gibt zwar viele Online-Casinos, die Ihnen eine gro\u00dfe Anzahl von\u00a0<strong>Spielautomaten anbieten<\/strong>, aber bedenken Sie, dass sich viele von ihnen nur in ihren Animationen und Schnittstellen unterscheiden. Deshalb empfehlen wir Ihnen, nach einem Online-Casino mit einer gro\u00dfen Anzahl von Spielen zu suchen, das jedoch eine Vielzahl von Spielarten anbietet.<\/span><\/li>\n<li><span>Es gibt derzeit kein einziges Online-Casino, das keine Echtzeit-Casinospiele anbietet. Halten Sie bei Ihrer Recherche nach solchen Live-Casinos Ausschau. Diese Art von Casino-Spielen hat die Art und Weise, wie Spieler mit Online-Casinos interagieren, grundlegend ver\u00e4ndert, was darauf hindeutet, dass\u00a0<strong>Live-Casino-Spiele<\/strong>\u00a0einen positiven Einfluss auf die Branche haben.<\/span><\/li>\n<li><span>Sehen Sie nach, welche\u00a0<strong>anderen Spiele<\/strong>\u00a0auf der Website angeboten werden. Bingo, Poker, Keno und andere Spiele sind Beispiele f\u00fcr diese.<\/span><\/li>\n<li><span>Sie sollten auch die Einzahlungs- und Auszahlungsoptionen ber\u00fccksichtigen, die von den Online-Casino-Unternehmen angeboten werden. Stellen Sie sicher, dass das Casino Ihre bevorzugten und h\u00e4ufig genutzten Zahlungsmethoden anbietet. Erfahren Sie mehr \u00fcber Evolution Gaming Casino und<\/span>\u00a0<a href=\"https:\/\/www.piwi247.com\/signup\" title=\"Sign up with PIWI247\">melden Sie sich noch heute bei PIWI247 an!<\/a><\/li>\n<\/ol>\n<p>[\/et_pb_text][\/et_pb_column][\/et_pb_row][\/et_pb_section]<\/p>\n","protected":false},"excerpt":{"rendered":"<p>Evolution Gaming\u00a0ist ein bekannter Name in der Live-Casino-Gl\u00fccksspielbranche. Das\u00a0Evolution Gaming Casino\u00a0hat die Casino-Gl\u00fccksspielbranche mit Sicherheit ver\u00e4ndert. Casinospiele machen einen betr\u00e4chtlichen Teil des Gl\u00fccksspielgesch\u00e4fts aus. Sie sind eine der beliebtesten Methoden, um Spa\u00df zu haben und gleichzeitig Geld zu gewinnen, direkt nach den Sportwetten. Seit vielen Jahren stehen Casinospiele im Mittelpunkt des Interesses vieler Menschen. Mit [&hellip;]<\/p>\n","protected":false},"author":2,"featured_media":291,"parent":0,"menu_order":0,"comment_status":"closed","ping_status":"closed","template":"","meta":{"_et_pb_use_builder":"on","_et_pb_old_content":"","_et_gb_content_width":"","inline_featured_image":false,"footnotes":""},"class_list":["post-290","page","type-page","status-publish","has-post-thumbnail","hentry"],"yoast_head":"<!-- This site is optimized with the Yoast SEO plugin v25.7 - https:\/\/yoast.com\/wordpress\/plugins\/seo\/ -->\n<title>Evolution Casino - Live-Dealer-Spiele Online | PIWI247<\/title>\n<meta name=\"description\" content=\"Spielen Sie im Evolution Casino auf PIWI247! Genie\u00dfen Sie Top-Live-Dealer-Spiele, darunter Blackjack, Baccarat, Roulette und Spielshows. Erleben Sie echte Casino-Action online.\" \/>\n<meta name=\"robots\" content=\"index, follow, max-snippet:-1, max-image-preview:large, max-video-preview:-1\" \/>\n<link rel=\"canonical\" href=\"https:\/\/www.piwi247.com\/de\/evolutioncasino\/\" \/>\n<meta property=\"og:locale\" content=\"de_DE\" \/>\n<meta property=\"og:type\" content=\"article\" \/>\n<meta property=\"og:title\" content=\"Evolution Casino - Live-Dealer-Spiele Online | PIWI247\" \/>\n<meta property=\"og:description\" content=\"Spielen Sie im Evolution Casino auf PIWI247! Genie\u00dfen Sie Top-Live-Dealer-Spiele, darunter Blackjack, Baccarat, Roulette und Spielshows. Erleben Sie echte Casino-Action online.\" \/>\n<meta property=\"og:url\" content=\"https:\/\/www.piwi247.com\/de\/evolutioncasino\/\" \/>\n<meta property=\"og:site_name\" content=\"German\" \/>\n<meta property=\"article:modified_time\" content=\"2025-01-13T11:20:08+00:00\" \/>\n<meta property=\"og:image\" content=\"https:\/\/www.piwi247.com\/de\/wp-content\/uploads\/sites\/4\/2024\/09\/evolution-product-header-evolution.webp\" \/>\n\t<meta property=\"og:image:width\" content=\"915\" \/>\n\t<meta property=\"og:image:height\" content=\"314\" \/>\n\t<meta property=\"og:image:type\" content=\"image\/webp\" \/>\n<meta name=\"twitter:card\" content=\"summary_large_image\" \/>\n<meta name=\"twitter:label1\" content=\"Est. reading time\" \/>\n\t<meta name=\"twitter:data1\" content=\"3 minutes\" \/>\n<script type=\"application\/ld+json\" class=\"yoast-schema-graph\">{\"@context\":\"https:\/\/schema.org\",\"@graph\":[{\"@type\":\"WebPage\",\"@id\":\"https:\/\/www.piwi247.com\/de\/evolutioncasino\/\",\"url\":\"https:\/\/www.piwi247.com\/de\/evolutioncasino\/\",\"name\":\"Evolution Casino - Live-Dealer-Spiele Online | PIWI247\",\"isPartOf\":{\"@id\":\"https:\/\/www.piwi247.com\/de\/#website\"},\"primaryImageOfPage\":{\"@id\":\"https:\/\/www.piwi247.com\/de\/evolutioncasino\/#primaryimage\"},\"image\":{\"@id\":\"https:\/\/www.piwi247.com\/de\/evolutioncasino\/#primaryimage\"},\"thumbnailUrl\":\"https:\/\/www.piwi247.com\/de\/wp-content\/uploads\/sites\/4\/2024\/09\/evolution-product-header-evolution.webp\",\"datePublished\":\"2024-09-12T04:27:28+00:00\",\"dateModified\":\"2025-01-13T11:20:08+00:00\",\"description\":\"Spielen Sie im Evolution Casino auf PIWI247! Genie\u00dfen Sie Top-Live-Dealer-Spiele, darunter Blackjack, Baccarat, Roulette und Spielshows. Erleben Sie echte Casino-Action online.\",\"breadcrumb\":{\"@id\":\"https:\/\/www.piwi247.com\/de\/evolutioncasino\/#breadcrumb\"},\"inLanguage\":\"de\",\"potentialAction\":[{\"@type\":\"ReadAction\",\"target\":[\"https:\/\/www.piwi247.com\/de\/evolutioncasino\/\"]}]},{\"@type\":\"ImageObject\",\"inLanguage\":\"de\",\"@id\":\"https:\/\/www.piwi247.com\/de\/evolutioncasino\/#primaryimage\",\"url\":\"https:\/\/www.piwi247.com\/de\/wp-content\/uploads\/sites\/4\/2024\/09\/evolution-product-header-evolution.webp\",\"contentUrl\":\"https:\/\/www.piwi247.com\/de\/wp-content\/uploads\/sites\/4\/2024\/09\/evolution-product-header-evolution.webp\",\"width\":915,\"height\":314},{\"@type\":\"BreadcrumbList\",\"@id\":\"https:\/\/www.piwi247.com\/de\/evolutioncasino\/#breadcrumb\",\"itemListElement\":[{\"@type\":\"ListItem\",\"position\":1,\"name\":\"Home\",\"item\":\"https:\/\/www.piwi247.com\/de\/\"},{\"@type\":\"ListItem\",\"position\":2,\"name\":\"Evolution Gaming Casino\"}]},{\"@type\":\"WebSite\",\"@id\":\"https:\/\/www.piwi247.com\/de\/#website\",\"url\":\"https:\/\/www.piwi247.com\/de\/\",\"name\":\"German\",\"description\":\"PIWI247: PIWIX | Sports Betting | Casino\",\"potentialAction\":[{\"@type\":\"SearchAction\",\"target\":{\"@type\":\"EntryPoint\",\"urlTemplate\":\"https:\/\/www.piwi247.com\/de\/?s={search_term_string}\"},\"query-input\":{\"@type\":\"PropertyValueSpecification\",\"valueRequired\":true,\"valueName\":\"search_term_string\"}}],\"inLanguage\":\"de\"}]}<\/script>\n<!-- \/ Yoast SEO plugin. -->","yoast_head_json":{"title":"Evolution Casino - Live-Dealer-Spiele Online | PIWI247","description":"Spielen Sie im Evolution Casino auf PIWI247! Genie\u00dfen Sie Top-Live-Dealer-Spiele, darunter Blackjack, Baccarat, Roulette und Spielshows. Erleben Sie echte Casino-Action online.","robots":{"index":"index","follow":"follow","max-snippet":"max-snippet:-1","max-image-preview":"max-image-preview:large","max-video-preview":"max-video-preview:-1"},"canonical":"https:\/\/www.piwi247.com\/de\/evolutioncasino\/","og_locale":"de_DE","og_type":"article","og_title":"Evolution Casino - Live-Dealer-Spiele Online | PIWI247","og_description":"Spielen Sie im Evolution Casino auf PIWI247! Genie\u00dfen Sie Top-Live-Dealer-Spiele, darunter Blackjack, Baccarat, Roulette und Spielshows. Erleben Sie echte Casino-Action online.","og_url":"https:\/\/www.piwi247.com\/de\/evolutioncasino\/","og_site_name":"German","article_modified_time":"2025-01-13T11:20:08+00:00","og_image":[{"width":915,"height":314,"url":"https:\/\/www.piwi247.com\/de\/wp-content\/uploads\/sites\/4\/2024\/09\/evolution-product-header-evolution.webp","type":"image\/webp"}],"twitter_card":"summary_large_image","twitter_misc":{"Est. reading time":"3 minutes"},"schema":{"@context":"https:\/\/schema.org","@graph":[{"@type":"WebPage","@id":"https:\/\/www.piwi247.com\/de\/evolutioncasino\/","url":"https:\/\/www.piwi247.com\/de\/evolutioncasino\/","name":"Evolution Casino - Live-Dealer-Spiele Online | PIWI247","isPartOf":{"@id":"https:\/\/www.piwi247.com\/de\/#website"},"primaryImageOfPage":{"@id":"https:\/\/www.piwi247.com\/de\/evolutioncasino\/#primaryimage"},"image":{"@id":"https:\/\/www.piwi247.com\/de\/evolutioncasino\/#primaryimage"},"thumbnailUrl":"https:\/\/www.piwi247.com\/de\/wp-content\/uploads\/sites\/4\/2024\/09\/evolution-product-header-evolution.webp","datePublished":"2024-09-12T04:27:28+00:00","dateModified":"2025-01-13T11:20:08+00:00","description":"Spielen Sie im Evolution Casino auf PIWI247! Genie\u00dfen Sie Top-Live-Dealer-Spiele, darunter Blackjack, Baccarat, Roulette und Spielshows. Erleben Sie echte Casino-Action online.","breadcrumb":{"@id":"https:\/\/www.piwi247.com\/de\/evolutioncasino\/#breadcrumb"},"inLanguage":"de","potentialAction":[{"@type":"ReadAction","target":["https:\/\/www.piwi247.com\/de\/evolutioncasino\/"]}]},{"@type":"ImageObject","inLanguage":"de","@id":"https:\/\/www.piwi247.com\/de\/evolutioncasino\/#primaryimage","url":"https:\/\/www.piwi247.com\/de\/wp-content\/uploads\/sites\/4\/2024\/09\/evolution-product-header-evolution.webp","contentUrl":"https:\/\/www.piwi247.com\/de\/wp-content\/uploads\/sites\/4\/2024\/09\/evolution-product-header-evolution.webp","width":915,"height":314},{"@type":"BreadcrumbList","@id":"https:\/\/www.piwi247.com\/de\/evolutioncasino\/#breadcrumb","itemListElement":[{"@type":"ListItem","position":1,"name":"Home","item":"https:\/\/www.piwi247.com\/de\/"},{"@type":"ListItem","position":2,"name":"Evolution Gaming Casino"}]},{"@type":"WebSite","@id":"https:\/\/www.piwi247.com\/de\/#website","url":"https:\/\/www.piwi247.com\/de\/","name":"German","description":"PIWI247: PIWIX | Sports Betting | Casino","potentialAction":[{"@type":"SearchAction","target":{"@type":"EntryPoint","urlTemplate":"https:\/\/www.piwi247.com\/de\/?s={search_term_string}"},"query-input":{"@type":"PropertyValueSpecification","valueRequired":true,"valueName":"search_term_string"}}],"inLanguage":"de"}]}},"_links":{"self":[{"href":"https:\/\/www.piwi247.com\/de\/wp-json\/wp\/v2\/pages\/290","targetHints":{"allow":["GET"]}}],"collection":[{"href":"https:\/\/www.piwi247.com\/de\/wp-json\/wp\/v2\/pages"}],"about":[{"href":"https:\/\/www.piwi247.com\/de\/wp-json\/wp\/v2\/types\/page"}],"author":[{"embeddable":true,"href":"https:\/\/www.piwi247.com\/de\/wp-json\/wp\/v2\/users\/2"}],"replies":[{"embeddable":true,"href":"https:\/\/www.piwi247.com\/de\/wp-json\/wp\/v2\/comments?post=290"}],"version-history":[{"count":18,"href":"https:\/\/www.piwi247.com\/de\/wp-json\/wp\/v2\/pages\/290\/revisions"}],"predecessor-version":[{"id":1609,"href":"https:\/\/www.piwi247.com\/de\/wp-json\/wp\/v2\/pages\/290\/revisions\/1609"}],"wp:featuredmedia":[{"embeddable":true,"href":"https:\/\/www.piwi247.com\/de\/wp-json\/wp\/v2\/media\/291"}],"wp:attachment":[{"href":"https:\/\/www.piwi247.com\/de\/wp-json\/wp\/v2\/media?parent=290"}],"curies":[{"name":"wp","href":"https:\/\/api.w.org\/{rel}","templated":true}]}}