{"id":326,"date":"2024-09-12T05:03:05","date_gmt":"2024-09-12T05:03:05","guid":{"rendered":"https:\/\/www.piwi247.com\/de\/?page_id=326"},"modified":"2024-10-24T05:06:53","modified_gmt":"2024-10-24T05:06:53","slug":"piwislots","status":"publish","type":"page","link":"https:\/\/www.piwi247.com\/de\/piwislots\/","title":{"rendered":"Erleben Sie den Nervenkitzel von PIWISlots und Live Casino auf PIWI247"},"content":{"rendered":"\n[et_pb_section fb_built=&#8221;1&#8243; _builder_version=&#8221;4.27.0&#8243; _module_preset=&#8221;default&#8221; background_color=&#8221;RGBA(255,255,255,0)&#8221; custom_padding=&#8221;0px||0px||false|false&#8221; global_colors_info=&#8221;{}&#8221; theme_builder_area=&#8221;post_content&#8221;][et_pb_row _builder_version=&#8221;4.27.0&#8243; _module_preset=&#8221;default&#8221; width=&#8221;100%&#8221; max_width=&#8221;1280px&#8221; custom_padding=&#8221;0px||0px||false|false&#8221; global_colors_info=&#8221;{}&#8221; theme_builder_area=&#8221;post_content&#8221;][et_pb_column type=&#8221;4_4&#8243; _builder_version=&#8221;4.27.0&#8243; _module_preset=&#8221;default&#8221; global_colors_info=&#8221;{}&#8221; theme_builder_area=&#8221;post_content&#8221;][et_pb_text _builder_version=&#8221;4.27.0&#8243; _module_preset=&#8221;default&#8221; text_text_color=&#8221;#172530&#8243; text_font_size=&#8221;16px&#8221; header_2_font=&#8221;|700|||||||&#8221; header_2_text_color=&#8221;#172530&#8243; header_3_font=&#8221;|700|||||||&#8221; header_3_text_color=&#8221;#172530&#8243; custom_padding=&#8221;10px||||false|false&#8221; global_colors_info=&#8221;{}&#8221; theme_builder_area=&#8221;post_content&#8221;]<p><span>Wir von\u00a0<\/span><strong>PIWI247<\/strong><span>\u00a0freuen uns, Ihnen mit unseren\u00a0<\/span><strong>PIWISlots<\/strong><span>und unserem Live-Casino, das von dem renommierten Unternehmen Pragmatic Play betrieben wird, ein aufregendes Spielerlebnis bieten zu k\u00f6nnen. Tauchen Sie ein in die Welt des Online-Gl\u00fccksspiels, wo die Aufregung eines echten Casinos auf den Komfort des Spielens von zu Hause aus trifft.<\/span><\/p>[\/et_pb_text][et_pb_text _builder_version=&#8221;4.27.0&#8243; _module_preset=&#8221;default&#8221; text_text_color=&#8221;#172530&#8243; text_font_size=&#8221;16px&#8221; header_2_font=&#8221;|700|||||||&#8221; header_2_text_color=&#8221;#172530&#8243; header_2_line_height=&#8221;1.3em&#8221; header_3_font=&#8221;|700|||||||&#8221; header_3_text_color=&#8221;#172530&#8243; custom_padding=&#8221;0px||||false|false&#8221; hover_enabled=&#8221;0&#8243; global_colors_info=&#8221;{}&#8221; theme_builder_area=&#8221;post_content&#8221; sticky_enabled=&#8221;0&#8243;]<h2>Entdecken Sie die Aufregung der Live-Casino-Spiele<\/h2>\nUnser<span>\u00a0<\/span><strong>Live-Casino<\/strong>, das von Pragmatic Play betrieben wird, bringt die authentische Casino-Atmosph\u00e4re direkt auf Ihren Bildschirm. Interagieren Sie mit professionellen Dealern und genie\u00dfen Sie Echtzeit-Action, w\u00e4hrend Sie Ihre Lieblings-Tischspiele spielen. Ob Sie Blackjack, Roulette oder Baccarat bevorzugen, unser Live-Casino bietet eine Vielzahl von Optionen f\u00fcr Ihren Geschmack. Hier erfahren Sie, warum Sie unsere<span>\u00a0<\/span><strong>Live-Casino-Spiele<\/strong><span>\u00a0<\/span>ausprobieren sollten:\n<ul style=\"margin-top: 10px;\">\n\t<li><strong>Interaktion in Echtzeit:<\/strong><span>\u00a0<\/span>Erleben Sie den Nervenkitzel der Interaktion mit Live-Dealern und anderen Spielern, die Ihr Spielerlebnis um ein soziales Element bereichern.<\/li>\n\t<li><strong>Streaming in h\u00f6chster Qualit\u00e4t:<\/strong><span>\u00a0<\/span>Genie\u00dfen Sie nahtloses Streaming mit kristallklarem Bild und Ton, damit Sie keinen Moment der Action verpassen.<\/li>\n\t<li><strong>Vielfalt der Spiele:<\/strong><span>\u00a0<\/span>W\u00e4hlen Sie aus einer breiten Palette beliebter Casinospiele, die jeweils einzigartige Spannung und Gewinnchancen bieten.<\/li>\n<\/ul>[\/et_pb_text][et_pb_text _builder_version=&#8221;4.27.0&#8243; _module_preset=&#8221;default&#8221; text_text_color=&#8221;#172530&#8243; text_font_size=&#8221;16px&#8221; header_2_font=&#8221;|700|||||||&#8221; header_2_text_color=&#8221;#172530&#8243; header_2_line_height=&#8221;1.3em&#8221; header_3_font=&#8221;|700|||||||&#8221; header_3_text_color=&#8221;#172530&#8243; custom_margin=&#8221;-10px||||false|false&#8221; custom_padding=&#8221;||||false|false&#8221; hover_enabled=&#8221;0&#8243; global_colors_info=&#8221;{}&#8221; theme_builder_area=&#8221;post_content&#8221; sticky_enabled=&#8221;0&#8243;]<div class=\"et_pb_module et_pb_text et_pb_text_1  et_pb_text_align_left et_pb_bg_layout_light\">\n<div class=\"et_pb_text_inner\">\n<h2>Entdecken Sie unsere PIWISlots<\/h2>\nZus\u00e4tzlich zu unserem Live-Casino-Angebot pr\u00e4sentieren wir Ihnen stolz PIWISlots, mit erstklassigen Spielen von Pragmatic Play. Diese Spielautomaten wurden sorgf\u00e4ltig aufgrund ihrer fesselnden Themen, atemberaubenden Grafiken und lohnenden Boni ausgew\u00e4hlt. Hier ist, was unsere<span>\u00a0<\/span><strong>PIWISlots<\/strong><span>\u00a0<\/span>zu einem Muss macht:\n<ul style=\"margin-top: 10px;\">\n\t<li><strong>Vielf\u00e4ltige Themen:<\/strong><span>\u00a0<\/span>Von antiken Zivilisationen bis hin zu futuristischen Abenteuern \u2013 unsere Spielautomaten decken eine breite Palette von Themen ab, die jeden Spieler unterhalten werden.<\/li>\n\t<li><strong>Aufregende Bonusfunktionen:<\/strong><span>\u00a0<\/span>Nutzen Sie die Vorteile von Wild-Symbolen, Freispielen und Multiplikatoren, die Ihr Gewinnpotenzial erh\u00f6hen.<\/li>\n\t<li><strong>Benutzerfreundliches Interface:<\/strong><span>\u00a0<\/span>Genie\u00dfen Sie eine einfache Navigation und ein einfaches Gameplay, egal ob Sie ein erfahrener Spielautomatenliebhaber sind oder es zum ersten Mal versuchen.<\/li>\n<\/ul>\n<\/div>\n<\/div>[\/et_pb_text][et_pb_text _builder_version=&#8221;4.27.0&#8243; _module_preset=&#8221;default&#8221; text_text_color=&#8221;#172530&#8243; text_font_size=&#8221;16px&#8221; header_2_font=&#8221;|700|||||||&#8221; header_2_text_color=&#8221;#172530&#8243; header_2_line_height=&#8221;1.3em&#8221; header_3_font=&#8221;|700|||||||&#8221; header_3_text_color=&#8221;#172530&#8243; custom_margin=&#8221;-10px||||false|false&#8221; global_colors_info=&#8221;{}&#8221; theme_builder_area=&#8221;post_content&#8221;]<h2>Ausgew\u00e4hlte Slot-Spiele<\/h2>\n<p>Erleben Sie den Nervenkitzel unserer angebotenen Spielautomaten, darunter:<\/p>\n<div style=\"display: flex; gap: 50px; width: 100%; margin-top: 10px;\">\n<ul style=\"width: 50%; padding-bottom: 0;\">\n<li><strong>Gates of Olympus<\/strong><\/li>\n<li><strong>Sweet Bonanza<\/strong><\/li>\n<li><strong>Wolf Gold<\/strong><\/li>\n<li><strong>Sugar Rush<\/strong><\/li>\n<li><strong>Big Bass Bonanza<\/strong><\/li>\n<li><strong>Big Bass Amazon Xtreme<\/strong><\/li>\n<li><strong>The Dog House<\/strong><\/li>\n<li><strong>Mustang Gold<\/strong><\/li>\n<li><strong>Buffalo King<\/strong><\/li>\n<li><strong> John Hunter and the Book of Tut <\/strong><\/li>\n<\/ul>\n<ul style=\"width: 50%; padding-bottom: 0;\">\n<li><strong> Rise of Pyramids <\/strong><\/li>\n<li><strong> Starlight Princess Pachi <\/strong><\/li>\n<li><strong> Revenge of Loki Megaways <\/strong><\/li>\n<li><strong> Dwarf &amp; Dragon <\/strong><\/li>\n<li><strong> Devilicious <\/strong><\/li>\n<li><strong> Fruity Treats <\/strong><\/li>\n<li><strong> Medusa\u2019s Stone <\/strong><\/li>\n<li><strong> Wildies <\/strong><\/li>\n<li><strong> Heroic Spins <\/strong><\/li>\n<li><strong> Front Runner Odds On <\/strong><\/li>\n<\/ul>\n<\/div>[\/et_pb_text][et_pb_text _builder_version=&#8221;4.27.0&#8243; _module_preset=&#8221;default&#8221; text_text_color=&#8221;#172530&#8243; text_font_size=&#8221;16px&#8221; header_2_font=&#8221;|700|||||||&#8221; header_2_text_color=&#8221;#172530&#8243; header_2_line_height=&#8221;1.3em&#8221; header_3_font=&#8221;|700|||||||&#8221; header_3_text_color=&#8221;#172530&#8243; custom_padding=&#8221;0px||||false|false&#8221; hover_enabled=&#8221;0&#8243; global_colors_info=&#8221;{}&#8221; theme_builder_area=&#8221;post_content&#8221; sticky_enabled=&#8221;0&#8243;]<h2>Warum PIWI247 w\u00e4hlen?<\/h2>\nBei<span>\u00a0<\/span><strong>PIWI247<\/strong><span>\u00a0<\/span>legen wir gro\u00dfen Wert auf ein sicheres und angenehmes Spielerlebnis. Unsere Plattform wurde mit Blick auf die Benutzerfreundlichkeit entwickelt und bietet folgende Vorteile:\n<ul style=\"margin-top: 10px;\">\n\t<li><strong>Einfacher Zugang:<\/strong><span>\u00a0<\/span>Melden Sie sich bei<span>\u00a0<\/span><strong>PIWI247<\/strong><span>\u00a0<\/span>an oder loggen Sie sich ein, um sofort auf unser Angebot an Live-Casino-Spielen und<span>\u00a0<\/span><strong>PIWISlots<\/strong><span>\u00a0<\/span>zuzugreifen.<\/li>\n\t<li><strong>Sichere Transaktionen:<\/strong><span>\u00a0<\/span>Vertrauen Sie auf unsere robusten Sicherheitsma\u00dfnahmen, um Ihre Transaktionen und pers\u00f6nlichen Daten zu sch\u00fctzen.<\/li>\n\t<li><strong>Reaktionsschneller Support:<\/strong><span>\u00a0<\/span>Unser engagiertes Kundenserviceteam steht Ihnen bei allen Fragen und Anliegen zur Seite und sorgt f\u00fcr einen reibungslosen und zufriedenstellenden Ablauf.<\/li>\n<\/ul>[\/et_pb_text][et_pb_text _builder_version=&#8221;4.27.0&#8243; _module_preset=&#8221;default&#8221; text_text_color=&#8221;#172530&#8243; text_font_size=&#8221;16px&#8221; header_2_font=&#8221;|700|||||||&#8221; header_2_text_color=&#8221;#172530&#8243; header_2_line_height=&#8221;1.3em&#8221; header_3_font=&#8221;|700|||||||&#8221; header_3_text_color=&#8221;#172530&#8243; custom_margin=&#8221;-10px||||false|false&#8221; custom_padding=&#8221;0px||||false|false&#8221; global_colors_info=&#8221;{}&#8221; theme_builder_area=&#8221;post_content&#8221;]<h2>Wie Sie beginnen k\u00f6nnen<\/h2>\n<ul>\n<li><strong>Besuchen Sie PIWI247:<\/strong><span>\u00a0<\/span>Gehen Sie zu<span>\u00a0<\/span><strong>PIWI247<\/strong><span>\u00a0<\/span>und erstellen Sie Ihr Konto oder melden Sie sich an, um auf die Spieleplattform zuzugreifen.<\/li>\n<li><strong>Erkunden Sie die Spiele:<\/strong><span>\u00a0<\/span>Navigieren Sie zum Bereich<span>\u00a0<\/span><strong>Live Casino<\/strong><span>\u00a0<\/span>oder<span>\u00a0<\/span><strong>PIWISlots<\/strong>, um die verf\u00fcgbaren Spiele zu entdecken.<\/li>\n<li><strong>Spielen und gewinnen:<\/strong><span>\u00a0<\/span>W\u00e4hlen Sie Ihre Lieblingsspiele, platzieren Sie Ihre Wetten und genie\u00dfen Sie den Nervenkitzel des Gewinnens!<\/li>\n<\/ul>\n<ul><\/ul>\n<p><strong>PIWI247<\/strong><span>\u00a0<\/span>ist Ihr Tor zum ultimativen Online-Spielerlebnis. Mit unserem<span>\u00a0<\/span><strong>Live-Casino<\/strong><span>\u00a0<\/span>und den<span>\u00a0<\/span><strong>PIWISlots<\/strong><span>\u00a0<\/span>von Pragmatic Play bieten wir Ihnen die Aufregung eines echten Casinos und den Komfort, von \u00fcberall aus zu spielen. Kommen Sie noch heute zu uns und bringen Sie Ihr Spielabenteuer auf ein neues Niveau!<\/p>[\/et_pb_text][\/et_pb_column][\/et_pb_row][\/et_pb_section]\n","protected":false},"excerpt":{"rendered":"<p>Wir von\u00a0PIWI247\u00a0freuen uns, Ihnen mit unseren\u00a0PIWISlotsund unserem Live-Casino, das von dem renommierten Unternehmen Pragmatic Play betrieben wird, ein aufregendes Spielerlebnis bieten zu k\u00f6nnen. Tauchen Sie ein in die Welt des Online-Gl\u00fccksspiels, wo die Aufregung eines echten Casinos auf den Komfort des Spielens von zu Hause aus trifft.Entdecken Sie die Aufregung der Live-Casino-Spiele Unser\u00a0Live-Casino, das von [&hellip;]<\/p>\n","protected":false},"author":2,"featured_media":327,"parent":0,"menu_order":0,"comment_status":"closed","ping_status":"closed","template":"","meta":{"_et_pb_use_builder":"on","_et_pb_old_content":"","_et_gb_content_width":"","inline_featured_image":false,"footnotes":""},"class_list":["post-326","page","type-page","status-publish","has-post-thumbnail","hentry"],"yoast_head":"<!-- This site is optimized with the Yoast SEO plugin v25.7 - https:\/\/yoast.com\/wordpress\/plugins\/seo\/ -->\n<title>Erleben Sie den Nervenkitzel von PIWI247 Slots und Live Casino<\/title>\n<meta name=\"description\" content=\"Genie\u00dfen Sie Top-Spiele und Live-Action mit PIWISlots und LiveCasino auf PIWI247!\" \/>\n<meta name=\"robots\" content=\"index, follow, max-snippet:-1, max-image-preview:large, max-video-preview:-1\" \/>\n<link rel=\"canonical\" href=\"https:\/\/www.piwi247.com\/de\/piwislots\/\" \/>\n<meta property=\"og:locale\" content=\"de_DE\" \/>\n<meta property=\"og:type\" content=\"article\" \/>\n<meta property=\"og:title\" content=\"Erleben Sie den Nervenkitzel von PIWI247 Slots und Live Casino\" \/>\n<meta property=\"og:description\" content=\"Genie\u00dfen Sie Top-Spiele und Live-Action mit PIWISlots und LiveCasino auf PIWI247!\" \/>\n<meta property=\"og:url\" content=\"https:\/\/www.piwi247.com\/de\/piwislots\/\" \/>\n<meta property=\"og:site_name\" content=\"German\" \/>\n<meta property=\"article:modified_time\" content=\"2024-10-24T05:06:53+00:00\" \/>\n<meta property=\"og:image\" content=\"https:\/\/www.piwi247.com\/de\/wp-content\/uploads\/sites\/4\/2024\/09\/piwi-slots-product-page-header-2.png\" \/>\n\t<meta property=\"og:image:width\" content=\"921\" \/>\n\t<meta property=\"og:image:height\" content=\"314\" \/>\n\t<meta property=\"og:image:type\" content=\"image\/png\" \/>\n<meta name=\"twitter:card\" content=\"summary_large_image\" \/>\n<meta name=\"twitter:label1\" content=\"Est. reading time\" \/>\n\t<meta name=\"twitter:data1\" content=\"3 minutes\" \/>\n<script type=\"application\/ld+json\" class=\"yoast-schema-graph\">{\"@context\":\"https:\/\/schema.org\",\"@graph\":[{\"@type\":\"WebPage\",\"@id\":\"https:\/\/www.piwi247.com\/de\/piwislots\/\",\"url\":\"https:\/\/www.piwi247.com\/de\/piwislots\/\",\"name\":\"Erleben Sie den Nervenkitzel von PIWI247 Slots und Live Casino\",\"isPartOf\":{\"@id\":\"https:\/\/www.piwi247.com\/de\/#website\"},\"primaryImageOfPage\":{\"@id\":\"https:\/\/www.piwi247.com\/de\/piwislots\/#primaryimage\"},\"image\":{\"@id\":\"https:\/\/www.piwi247.com\/de\/piwislots\/#primaryimage\"},\"thumbnailUrl\":\"https:\/\/www.piwi247.com\/de\/wp-content\/uploads\/sites\/4\/2024\/09\/piwi-slots-product-page-header-2.png\",\"datePublished\":\"2024-09-12T05:03:05+00:00\",\"dateModified\":\"2024-10-24T05:06:53+00:00\",\"description\":\"Genie\u00dfen Sie Top-Spiele und Live-Action mit PIWISlots und LiveCasino auf PIWI247!\",\"breadcrumb\":{\"@id\":\"https:\/\/www.piwi247.com\/de\/piwislots\/#breadcrumb\"},\"inLanguage\":\"de\",\"potentialAction\":[{\"@type\":\"ReadAction\",\"target\":[\"https:\/\/www.piwi247.com\/de\/piwislots\/\"]}]},{\"@type\":\"ImageObject\",\"inLanguage\":\"de\",\"@id\":\"https:\/\/www.piwi247.com\/de\/piwislots\/#primaryimage\",\"url\":\"https:\/\/www.piwi247.com\/de\/wp-content\/uploads\/sites\/4\/2024\/09\/piwi-slots-product-page-header-2.png\",\"contentUrl\":\"https:\/\/www.piwi247.com\/de\/wp-content\/uploads\/sites\/4\/2024\/09\/piwi-slots-product-page-header-2.png\",\"width\":921,\"height\":314},{\"@type\":\"BreadcrumbList\",\"@id\":\"https:\/\/www.piwi247.com\/de\/piwislots\/#breadcrumb\",\"itemListElement\":[{\"@type\":\"ListItem\",\"position\":1,\"name\":\"Home\",\"item\":\"https:\/\/www.piwi247.com\/de\/\"},{\"@type\":\"ListItem\",\"position\":2,\"name\":\"Erleben Sie den Nervenkitzel von PIWISlots und Live Casino auf PIWI247\"}]},{\"@type\":\"WebSite\",\"@id\":\"https:\/\/www.piwi247.com\/de\/#website\",\"url\":\"https:\/\/www.piwi247.com\/de\/\",\"name\":\"German\",\"description\":\"PIWI247: PIWIX | Sports Betting | Casino\",\"potentialAction\":[{\"@type\":\"SearchAction\",\"target\":{\"@type\":\"EntryPoint\",\"urlTemplate\":\"https:\/\/www.piwi247.com\/de\/?s={search_term_string}\"},\"query-input\":{\"@type\":\"PropertyValueSpecification\",\"valueRequired\":true,\"valueName\":\"search_term_string\"}}],\"inLanguage\":\"de\"}]}<\/script>\n<!-- \/ Yoast SEO plugin. -->","yoast_head_json":{"title":"Erleben Sie den Nervenkitzel von PIWI247 Slots und Live Casino","description":"Genie\u00dfen Sie Top-Spiele und Live-Action mit PIWISlots und LiveCasino auf PIWI247!","robots":{"index":"index","follow":"follow","max-snippet":"max-snippet:-1","max-image-preview":"max-image-preview:large","max-video-preview":"max-video-preview:-1"},"canonical":"https:\/\/www.piwi247.com\/de\/piwislots\/","og_locale":"de_DE","og_type":"article","og_title":"Erleben Sie den Nervenkitzel von PIWI247 Slots und Live Casino","og_description":"Genie\u00dfen Sie Top-Spiele und Live-Action mit PIWISlots und LiveCasino auf PIWI247!","og_url":"https:\/\/www.piwi247.com\/de\/piwislots\/","og_site_name":"German","article_modified_time":"2024-10-24T05:06:53+00:00","og_image":[{"width":921,"height":314,"url":"https:\/\/www.piwi247.com\/de\/wp-content\/uploads\/sites\/4\/2024\/09\/piwi-slots-product-page-header-2.png","type":"image\/png"}],"twitter_card":"summary_large_image","twitter_misc":{"Est. reading time":"3 minutes"},"schema":{"@context":"https:\/\/schema.org","@graph":[{"@type":"WebPage","@id":"https:\/\/www.piwi247.com\/de\/piwislots\/","url":"https:\/\/www.piwi247.com\/de\/piwislots\/","name":"Erleben Sie den Nervenkitzel von PIWI247 Slots und Live Casino","isPartOf":{"@id":"https:\/\/www.piwi247.com\/de\/#website"},"primaryImageOfPage":{"@id":"https:\/\/www.piwi247.com\/de\/piwislots\/#primaryimage"},"image":{"@id":"https:\/\/www.piwi247.com\/de\/piwislots\/#primaryimage"},"thumbnailUrl":"https:\/\/www.piwi247.com\/de\/wp-content\/uploads\/sites\/4\/2024\/09\/piwi-slots-product-page-header-2.png","datePublished":"2024-09-12T05:03:05+00:00","dateModified":"2024-10-24T05:06:53+00:00","description":"Genie\u00dfen Sie Top-Spiele und Live-Action mit PIWISlots und LiveCasino auf PIWI247!","breadcrumb":{"@id":"https:\/\/www.piwi247.com\/de\/piwislots\/#breadcrumb"},"inLanguage":"de","potentialAction":[{"@type":"ReadAction","target":["https:\/\/www.piwi247.com\/de\/piwislots\/"]}]},{"@type":"ImageObject","inLanguage":"de","@id":"https:\/\/www.piwi247.com\/de\/piwislots\/#primaryimage","url":"https:\/\/www.piwi247.com\/de\/wp-content\/uploads\/sites\/4\/2024\/09\/piwi-slots-product-page-header-2.png","contentUrl":"https:\/\/www.piwi247.com\/de\/wp-content\/uploads\/sites\/4\/2024\/09\/piwi-slots-product-page-header-2.png","width":921,"height":314},{"@type":"BreadcrumbList","@id":"https:\/\/www.piwi247.com\/de\/piwislots\/#breadcrumb","itemListElement":[{"@type":"ListItem","position":1,"name":"Home","item":"https:\/\/www.piwi247.com\/de\/"},{"@type":"ListItem","position":2,"name":"Erleben Sie den Nervenkitzel von PIWISlots und Live Casino auf PIWI247"}]},{"@type":"WebSite","@id":"https:\/\/www.piwi247.com\/de\/#website","url":"https:\/\/www.piwi247.com\/de\/","name":"German","description":"PIWI247: PIWIX | Sports Betting | Casino","potentialAction":[{"@type":"SearchAction","target":{"@type":"EntryPoint","urlTemplate":"https:\/\/www.piwi247.com\/de\/?s={search_term_string}"},"query-input":{"@type":"PropertyValueSpecification","valueRequired":true,"valueName":"search_term_string"}}],"inLanguage":"de"}]}},"_links":{"self":[{"href":"https:\/\/www.piwi247.com\/de\/wp-json\/wp\/v2\/pages\/326","targetHints":{"allow":["GET"]}}],"collection":[{"href":"https:\/\/www.piwi247.com\/de\/wp-json\/wp\/v2\/pages"}],"about":[{"href":"https:\/\/www.piwi247.com\/de\/wp-json\/wp\/v2\/types\/page"}],"author":[{"embeddable":true,"href":"https:\/\/www.piwi247.com\/de\/wp-json\/wp\/v2\/users\/2"}],"replies":[{"embeddable":true,"href":"https:\/\/www.piwi247.com\/de\/wp-json\/wp\/v2\/comments?post=326"}],"version-history":[{"count":17,"href":"https:\/\/www.piwi247.com\/de\/wp-json\/wp\/v2\/pages\/326\/revisions"}],"predecessor-version":[{"id":1314,"href":"https:\/\/www.piwi247.com\/de\/wp-json\/wp\/v2\/pages\/326\/revisions\/1314"}],"wp:featuredmedia":[{"embeddable":true,"href":"https:\/\/www.piwi247.com\/de\/wp-json\/wp\/v2\/media\/327"}],"wp:attachment":[{"href":"https:\/\/www.piwi247.com\/de\/wp-json\/wp\/v2\/media?parent=326"}],"curies":[{"name":"wp","href":"https:\/\/api.w.org\/{rel}","templated":true}]}}