{"id":165,"date":"2024-09-23T05:31:55","date_gmt":"2024-09-23T05:31:55","guid":{"rendered":"https:\/\/pre-prod.piwi247.com\/es\/?page_id=165"},"modified":"2024-10-25T04:29:23","modified_gmt":"2024-10-25T04:29:23","slug":"bitcoin","status":"publish","type":"page","link":"https:\/\/www.piwi247.com\/es\/bitcoin\/","title":{"rendered":"Bitcoin"},"content":{"rendered":"\n[et_pb_section fb_built=&#8221;1&#8243; _builder_version=&#8221;4.27.0&#8243; _module_preset=&#8221;default&#8221; background_color=&#8221;RGBA(255,255,255,0)&#8221; custom_margin=&#8221;0px||0px||false|false&#8221; custom_padding=&#8221;0px||0px||false|false&#8221; global_colors_info=&#8221;{}&#8221; theme_builder_area=&#8221;post_content&#8221;][et_pb_row _builder_version=&#8221;4.27.0&#8243; _module_preset=&#8221;default&#8221; width=&#8221;100%&#8221; max_width=&#8221;1280px&#8221; custom_margin=&#8221;0px||0px||false|false&#8221; custom_padding=&#8221;0px||0px||false|false&#8221; global_colors_info=&#8221;{}&#8221; theme_builder_area=&#8221;post_content&#8221;][et_pb_column type=&#8221;4_4&#8243; _builder_version=&#8221;4.27.0&#8243; _module_preset=&#8221;default&#8221; global_colors_info=&#8221;{}&#8221; theme_builder_area=&#8221;post_content&#8221;][et_pb_text _builder_version=&#8221;4.27.0&#8243; _module_preset=&#8221;default&#8221; text_text_color=&#8221;#172530&#8243; text_font_size=&#8221;16px&#8221; global_colors_info=&#8221;{}&#8221; theme_builder_area=&#8221;post_content&#8221;]<p><strong>Bitcoin<\/strong><span>\u00a0es una de las opciones de pago para dep\u00f3sito y retiro de PIWI. Utilice\u00a0<\/span><strong>Bitcoins<\/strong><span>\u00a0para obtener grandes rates en sus apuestas mientras permanece en el anonimato.\u00a0<\/span><strong>Bitcoin<\/strong><span>\u00a0se ha convertido en una alternativa popular al sistema bancario centralizado para proteger la identidad del usuario. Las transacciones son an\u00f3nimas siempre y cuando las direcciones no puedan ser vinculadas a sus propietarios,lo que generalmente se logra mediante el uso de tantas direcciones nuevas no vinculables como sea posible.<\/span><\/p>[\/et_pb_text][et_pb_text _builder_version=&#8221;4.27.0&#8243; _module_preset=&#8221;default&#8221; text_text_color=&#8221;#172530&#8243; text_font_size=&#8221;16px&#8221; hover_enabled=&#8221;0&#8243; global_colors_info=&#8221;{}&#8221; theme_builder_area=&#8221;post_content&#8221; sticky_enabled=&#8221;0&#8243;]<span class=\"custom-link\">Debido a la tecnolog\u00eda peer-to-peer,\u00a0<strong>Bitcoin<\/strong>\u00a0funciona sin una autoridad central ni bancos. Debido a sus muchas caracter\u00edsticas distintivas,\u00a0<strong>Bitcoin<\/strong>\u00a0se puede usar de maneras que ning\u00fan otro sistema de pago ha podido. Aqu\u00ed hay 3 pasos simples para <a href=\"https:\/\/bitcoin.org\/en\/\" target=\"_blank\" title=\"Get started with Bitcoin\" rel=\"noopener\">comenzar con Bitcoin<\/a>\u00a0de inmediato:<\/span>[\/et_pb_text][et_pb_text _builder_version=&#8221;4.27.0&#8243; _module_preset=&#8221;default&#8221; text_text_color=&#8221;#172530&#8243; text_font_size=&#8221;16px&#8221; header_2_font=&#8221;|700|||||||&#8221; header_2_line_height=&#8221;1.3em&#8221; header_3_font=&#8221;|700|||||||&#8221; header_3_text_color=&#8221;#172530&#8243; global_colors_info=&#8221;{}&#8221; theme_builder_area=&#8221;post_content&#8221;]<h2><span>Paso 1: Cree una billetera Bitcoin como primer paso.<\/span><\/h2>\n<span>Las billeteras de\u00a0<strong>Bitcoin<\/strong>\u00a0almacenan claves privadas, que son c\u00f3digos secretos que le permiten gastar bitcoins. De hecho, debe almacenar y salvaguardar no los\u00a0<strong>bitcoins<\/strong>\u00a0en s\u00ed, sino las claves digitales privadas que otorgan acceso a los bitcoins p\u00fablicos, as\u00ed como la capacidad de realizar transacciones.<\/span>[\/et_pb_text][et_pb_text _builder_version=&#8221;4.27.0&#8243; _module_preset=&#8221;default&#8221; text_text_color=&#8221;#172530&#8243; text_font_size=&#8221;16px&#8221; header_2_font=&#8221;|700|||||||&#8221; header_2_line_height=&#8221;1.3em&#8221; header_3_font=&#8221;|700|||||||&#8221; header_3_text_color=&#8221;#172530&#8243; global_colors_info=&#8221;{}&#8221; theme_builder_area=&#8221;post_content&#8221;]<h2><span>Paso 2: Compra Tu Primer Bitcoin<\/span><\/h2>\n<span>En su dispositivo, simplemente inicie la aplicaci\u00f3n de billetera\u00a0<strong>Bitcoin.com<\/strong>\u00a0y elija\u00a0<strong>Bitcoin<\/strong>\u00a0(BTC) y presione el bot\u00f3n \u2018Comprar\u2019. Desde all\u00ed, puede elegir su billetera preferida para depositar siguiendo las instrucciones en pantalla.<\/span>[\/et_pb_text][et_pb_text _builder_version=&#8221;4.27.0&#8243; _module_preset=&#8221;default&#8221; text_text_color=&#8221;#172530&#8243; text_font_size=&#8221;16px&#8221; header_2_font=&#8221;|700|||||||&#8221; header_2_line_height=&#8221;1.3em&#8221; header_3_font=&#8221;|700|||||||&#8221; header_3_text_color=&#8221;#172530&#8243; global_colors_info=&#8221;{}&#8221; theme_builder_area=&#8221;post_content&#8221;]<h2><span>Paso 3: Enviar y Recibir Bitcoin<\/span><\/h2>\n<span>Abra su aplicaci\u00f3n de billetera\u00a0<strong>Bitcoin.com<\/strong>\u00a0y seleccione la opci\u00f3n \u201cEnviar\u201d en la parte superior de la pantalla de inicio. Luego, copie y pegue la direcci\u00f3n de la billetera del destinatario en su propia aplicaci\u00f3n de billetera. Seleccione la billetera desde la que desea enviar\u00a0<strong>Bitcoin<\/strong>\u00a0y, por \u00faltimo, ingrese la cantidad que desea enviar y presione el bot\u00f3n \u2018Continuar\u2019.<\/span>[\/et_pb_text][et_pb_text _builder_version=&#8221;4.27.0&#8243; _module_preset=&#8221;default&#8221; text_text_color=&#8221;#172530&#8243; text_font_size=&#8221;16px&#8221; header_3_font=&#8221;|700|||||||&#8221; header_3_text_color=&#8221;#172530&#8243; global_colors_info=&#8221;{}&#8221; theme_builder_area=&#8221;post_content&#8221;]<span>Cuando realiza un dep\u00f3sito, nuestros operadores lo procesar\u00e1n tan pronto como recibamos 1 confirmaci\u00f3n.<\/span>\n<ul style=\"margin-top: 10px;\">\n\t<li><span>Tiempo de procesamiento: 1 confirmaci\u00f3n(es)<\/span><\/li>\n\t<li><span>Comisi\u00f3n: Gratis<\/span><\/li>\n\t<li><span>Cantidad m\u00ednima de dep\u00f3sito: 0.0020 BTC<\/span><\/li>\n\t<li><span>Cantidad m\u00e1xima de dep\u00f3sito: 50 BTC<\/span><\/li>\n\t<li><span>Cantidad m\u00ednima de retiro: 0.0020 BTC<\/span><\/li>\n\t<li><span>Monto m\u00e1ximo de retiro: 60 BTC<\/span><\/li>\n<\/ul>[\/et_pb_text][\/et_pb_column][\/et_pb_row][\/et_pb_section]\n","protected":false},"excerpt":{"rendered":"<p>Bitcoin\u00a0es una de las opciones de pago para dep\u00f3sito y retiro de PIWI. Utilice\u00a0Bitcoins\u00a0para obtener grandes rates en sus apuestas mientras permanece en el anonimato.\u00a0Bitcoin\u00a0se ha convertido en una alternativa popular al sistema bancario centralizado para proteger la identidad del usuario. Las transacciones son an\u00f3nimas siempre y cuando las direcciones no puedan ser vinculadas a [&hellip;]<\/p>\n","protected":false},"author":2,"featured_media":52,"parent":0,"menu_order":0,"comment_status":"closed","ping_status":"closed","template":"","meta":{"_et_pb_use_builder":"on","_et_pb_old_content":"","_et_gb_content_width":"","inline_featured_image":false,"footnotes":""},"class_list":["post-165","page","type-page","status-publish","has-post-thumbnail","hentry"],"yoast_head":"<!-- This site is optimized with the Yoast SEO plugin v25.7 - https:\/\/yoast.com\/wordpress\/plugins\/seo\/ -->\n<title>Bitcoin - Pagos Cripto R\u00e1pidos y Seguros | PIWI247<\/title>\n<meta name=\"description\" content=\"Deposita y retira f\u00e1cilmente con Bitcoin en PIWI247. Disfruta de transacciones seguras, r\u00e1pidas y an\u00f3nimas para una experiencia de apuestas en l\u00ednea y juegos en casino sin interrupciones.\" \/>\n<meta name=\"robots\" content=\"index, follow, max-snippet:-1, max-image-preview:large, max-video-preview:-1\" \/>\n<link rel=\"canonical\" href=\"https:\/\/www.piwi247.com\/es\/bitcoin\/\" \/>\n<meta property=\"og:locale\" content=\"es_ES\" \/>\n<meta property=\"og:type\" content=\"article\" \/>\n<meta property=\"og:title\" content=\"Bitcoin - Pagos Cripto R\u00e1pidos y Seguros | PIWI247\" \/>\n<meta property=\"og:description\" content=\"Deposita y retira f\u00e1cilmente con Bitcoin en PIWI247. Disfruta de transacciones seguras, r\u00e1pidas y an\u00f3nimas para una experiencia de apuestas en l\u00ednea y juegos en casino sin interrupciones.\" \/>\n<meta property=\"og:url\" content=\"https:\/\/www.piwi247.com\/es\/bitcoin\/\" \/>\n<meta property=\"og:site_name\" content=\"Spanish\" \/>\n<meta property=\"article:modified_time\" content=\"2024-10-25T04:29:23+00:00\" \/>\n<meta name=\"twitter:card\" content=\"summary_large_image\" \/>\n<meta name=\"twitter:label1\" content=\"Est. reading time\" \/>\n\t<meta name=\"twitter:data1\" content=\"2 minutes\" \/>\n<script type=\"application\/ld+json\" class=\"yoast-schema-graph\">{\"@context\":\"https:\/\/schema.org\",\"@graph\":[{\"@type\":\"WebPage\",\"@id\":\"https:\/\/www.piwi247.com\/es\/bitcoin\/\",\"url\":\"https:\/\/www.piwi247.com\/es\/bitcoin\/\",\"name\":\"Bitcoin - Pagos Cripto R\u00e1pidos y Seguros | PIWI247\",\"isPartOf\":{\"@id\":\"https:\/\/www.piwi247.com\/es\/#website\"},\"primaryImageOfPage\":{\"@id\":\"https:\/\/www.piwi247.com\/es\/bitcoin\/#primaryimage\"},\"image\":{\"@id\":\"https:\/\/www.piwi247.com\/es\/bitcoin\/#primaryimage\"},\"thumbnailUrl\":\"https:\/\/www.piwi247.com\/es\/wp-content\/uploads\/sites\/6\/2024\/09\/bitcoin-image-1-1.svg\",\"datePublished\":\"2024-09-23T05:31:55+00:00\",\"dateModified\":\"2024-10-25T04:29:23+00:00\",\"description\":\"Deposita y retira f\u00e1cilmente con Bitcoin en PIWI247. Disfruta de transacciones seguras, r\u00e1pidas y an\u00f3nimas para una experiencia de apuestas en l\u00ednea y juegos en casino sin interrupciones.\",\"breadcrumb\":{\"@id\":\"https:\/\/www.piwi247.com\/es\/bitcoin\/#breadcrumb\"},\"inLanguage\":\"es\",\"potentialAction\":[{\"@type\":\"ReadAction\",\"target\":[\"https:\/\/www.piwi247.com\/es\/bitcoin\/\"]}]},{\"@type\":\"ImageObject\",\"inLanguage\":\"es\",\"@id\":\"https:\/\/www.piwi247.com\/es\/bitcoin\/#primaryimage\",\"url\":\"https:\/\/www.piwi247.com\/es\/wp-content\/uploads\/sites\/6\/2024\/09\/bitcoin-image-1-1.svg\",\"contentUrl\":\"https:\/\/www.piwi247.com\/es\/wp-content\/uploads\/sites\/6\/2024\/09\/bitcoin-image-1-1.svg\"},{\"@type\":\"BreadcrumbList\",\"@id\":\"https:\/\/www.piwi247.com\/es\/bitcoin\/#breadcrumb\",\"itemListElement\":[{\"@type\":\"ListItem\",\"position\":1,\"name\":\"Home\",\"item\":\"https:\/\/www.piwi247.com\/es\/\"},{\"@type\":\"ListItem\",\"position\":2,\"name\":\"Bitcoin\"}]},{\"@type\":\"WebSite\",\"@id\":\"https:\/\/www.piwi247.com\/es\/#website\",\"url\":\"https:\/\/www.piwi247.com\/es\/\",\"name\":\"Spanish\",\"description\":\"PIWI247: PIWIX | Sports Betting | Casino\",\"potentialAction\":[{\"@type\":\"SearchAction\",\"target\":{\"@type\":\"EntryPoint\",\"urlTemplate\":\"https:\/\/www.piwi247.com\/es\/?s={search_term_string}\"},\"query-input\":{\"@type\":\"PropertyValueSpecification\",\"valueRequired\":true,\"valueName\":\"search_term_string\"}}],\"inLanguage\":\"es\"}]}<\/script>\n<!-- \/ Yoast SEO plugin. -->","yoast_head_json":{"title":"Bitcoin - Pagos Cripto R\u00e1pidos y Seguros | PIWI247","description":"Deposita y retira f\u00e1cilmente con Bitcoin en PIWI247. Disfruta de transacciones seguras, r\u00e1pidas y an\u00f3nimas para una experiencia de apuestas en l\u00ednea y juegos en casino sin interrupciones.","robots":{"index":"index","follow":"follow","max-snippet":"max-snippet:-1","max-image-preview":"max-image-preview:large","max-video-preview":"max-video-preview:-1"},"canonical":"https:\/\/www.piwi247.com\/es\/bitcoin\/","og_locale":"es_ES","og_type":"article","og_title":"Bitcoin - Pagos Cripto R\u00e1pidos y Seguros | PIWI247","og_description":"Deposita y retira f\u00e1cilmente con Bitcoin en PIWI247. Disfruta de transacciones seguras, r\u00e1pidas y an\u00f3nimas para una experiencia de apuestas en l\u00ednea y juegos en casino sin interrupciones.","og_url":"https:\/\/www.piwi247.com\/es\/bitcoin\/","og_site_name":"Spanish","article_modified_time":"2024-10-25T04:29:23+00:00","twitter_card":"summary_large_image","twitter_misc":{"Est. reading time":"2 minutes"},"schema":{"@context":"https:\/\/schema.org","@graph":[{"@type":"WebPage","@id":"https:\/\/www.piwi247.com\/es\/bitcoin\/","url":"https:\/\/www.piwi247.com\/es\/bitcoin\/","name":"Bitcoin - Pagos Cripto R\u00e1pidos y Seguros | PIWI247","isPartOf":{"@id":"https:\/\/www.piwi247.com\/es\/#website"},"primaryImageOfPage":{"@id":"https:\/\/www.piwi247.com\/es\/bitcoin\/#primaryimage"},"image":{"@id":"https:\/\/www.piwi247.com\/es\/bitcoin\/#primaryimage"},"thumbnailUrl":"https:\/\/www.piwi247.com\/es\/wp-content\/uploads\/sites\/6\/2024\/09\/bitcoin-image-1-1.svg","datePublished":"2024-09-23T05:31:55+00:00","dateModified":"2024-10-25T04:29:23+00:00","description":"Deposita y retira f\u00e1cilmente con Bitcoin en PIWI247. Disfruta de transacciones seguras, r\u00e1pidas y an\u00f3nimas para una experiencia de apuestas en l\u00ednea y juegos en casino sin interrupciones.","breadcrumb":{"@id":"https:\/\/www.piwi247.com\/es\/bitcoin\/#breadcrumb"},"inLanguage":"es","potentialAction":[{"@type":"ReadAction","target":["https:\/\/www.piwi247.com\/es\/bitcoin\/"]}]},{"@type":"ImageObject","inLanguage":"es","@id":"https:\/\/www.piwi247.com\/es\/bitcoin\/#primaryimage","url":"https:\/\/www.piwi247.com\/es\/wp-content\/uploads\/sites\/6\/2024\/09\/bitcoin-image-1-1.svg","contentUrl":"https:\/\/www.piwi247.com\/es\/wp-content\/uploads\/sites\/6\/2024\/09\/bitcoin-image-1-1.svg"},{"@type":"BreadcrumbList","@id":"https:\/\/www.piwi247.com\/es\/bitcoin\/#breadcrumb","itemListElement":[{"@type":"ListItem","position":1,"name":"Home","item":"https:\/\/www.piwi247.com\/es\/"},{"@type":"ListItem","position":2,"name":"Bitcoin"}]},{"@type":"WebSite","@id":"https:\/\/www.piwi247.com\/es\/#website","url":"https:\/\/www.piwi247.com\/es\/","name":"Spanish","description":"PIWI247: PIWIX | Sports Betting | Casino","potentialAction":[{"@type":"SearchAction","target":{"@type":"EntryPoint","urlTemplate":"https:\/\/www.piwi247.com\/es\/?s={search_term_string}"},"query-input":{"@type":"PropertyValueSpecification","valueRequired":true,"valueName":"search_term_string"}}],"inLanguage":"es"}]}},"_links":{"self":[{"href":"https:\/\/www.piwi247.com\/es\/wp-json\/wp\/v2\/pages\/165","targetHints":{"allow":["GET"]}}],"collection":[{"href":"https:\/\/www.piwi247.com\/es\/wp-json\/wp\/v2\/pages"}],"about":[{"href":"https:\/\/www.piwi247.com\/es\/wp-json\/wp\/v2\/types\/page"}],"author":[{"embeddable":true,"href":"https:\/\/www.piwi247.com\/es\/wp-json\/wp\/v2\/users\/2"}],"replies":[{"embeddable":true,"href":"https:\/\/www.piwi247.com\/es\/wp-json\/wp\/v2\/comments?post=165"}],"version-history":[{"count":12,"href":"https:\/\/www.piwi247.com\/es\/wp-json\/wp\/v2\/pages\/165\/revisions"}],"predecessor-version":[{"id":1107,"href":"https:\/\/www.piwi247.com\/es\/wp-json\/wp\/v2\/pages\/165\/revisions\/1107"}],"wp:featuredmedia":[{"embeddable":true,"href":"https:\/\/www.piwi247.com\/es\/wp-json\/wp\/v2\/media\/52"}],"wp:attachment":[{"href":"https:\/\/www.piwi247.com\/es\/wp-json\/wp\/v2\/media?parent=165"}],"curies":[{"name":"wp","href":"https:\/\/api.w.org\/{rel}","templated":true}]}}