{"id":177,"date":"2024-09-23T05:41:11","date_gmt":"2024-09-23T05:41:11","guid":{"rendered":"https:\/\/pre-prod.piwi247.com\/es\/?page_id=177"},"modified":"2024-10-25T04:28:27","modified_gmt":"2024-10-25T04:28:27","slug":"neteller","status":"publish","type":"page","link":"https:\/\/www.piwi247.com\/es\/neteller\/","title":{"rendered":"Neteller"},"content":{"rendered":"\n[et_pb_section fb_built=&#8221;1&#8243; _builder_version=&#8221;4.27.0&#8243; _module_preset=&#8221;default&#8221; background_color=&#8221;RGBA(255,255,255,0)&#8221; custom_margin=&#8221;0px||0px||false|false&#8221; custom_padding=&#8221;0px||0px||false|false&#8221; hover_enabled=&#8221;0&#8243; global_colors_info=&#8221;{}&#8221; theme_builder_area=&#8221;post_content&#8221; sticky_enabled=&#8221;0&#8243;][et_pb_row _builder_version=&#8221;4.27.0&#8243; _module_preset=&#8221;default&#8221; width=&#8221;100%&#8221; max_width=&#8221;1280px&#8221; custom_margin=&#8221;0px||0px||false|false&#8221; custom_padding=&#8221;0px||0px||false|false&#8221; hover_enabled=&#8221;0&#8243; global_colors_info=&#8221;{}&#8221; theme_builder_area=&#8221;post_content&#8221; sticky_enabled=&#8221;0&#8243;][et_pb_column type=&#8221;4_4&#8243; _builder_version=&#8221;4.27.0&#8243; _module_preset=&#8221;default&#8221; global_colors_info=&#8221;{}&#8221; theme_builder_area=&#8221;post_content&#8221;][et_pb_text _builder_version=&#8221;4.27.0&#8243; _module_preset=&#8221;default&#8221; text_text_color=&#8221;#172530&#8243; text_font_size=&#8221;16px&#8221; header_3_font=&#8221;|700|||||||&#8221; header_3_text_color=&#8221;#172530&#8243; hover_enabled=&#8221;0&#8243; global_colors_info=&#8221;{}&#8221; theme_builder_area=&#8221;post_content&#8221; sticky_enabled=&#8221;0&#8243; custom_margin=&#8221;||30px||false|false&#8221;]<p><span><strong>Neteller<\/strong> es una plataforma electr\u00f3nica de transferencia de dinero, que se incluye en la categor\u00eda de operaciones de dinero electr\u00f3nico. Muchas personas confunden el negocio con un banco digital ya que brinda un servicio de transferencia, pero una de las diferencias es la capacidad de operar en mercados como Forex.<\/span><\/p>\n<p>Esta plataforma funciona como una billetera digital, similar a otros servicios, y ha sufrido varios ajustes en sus caracter\u00edsticas y ventajas para satisfacer las demandas de sus clientes. Brinda un servicio de transferencia mundial que incluye la capacidad de enviar dinero en 22 monedas diferentes y conversi\u00f3n autom\u00e1tica a m\u00e1s de 200 pa\u00edses.<\/p>[\/et_pb_text][et_pb_text _builder_version=&#8221;4.27.0&#8243; _module_preset=&#8221;default&#8221; text_text_color=&#8221;#172530&#8243; text_font_size=&#8221;16px&#8221; header_3_font=&#8221;|700|||||||&#8221; header_3_text_color=&#8221;#172530&#8243; hover_enabled=&#8221;0&#8243; global_colors_info=&#8221;{}&#8221; theme_builder_area=&#8221;post_content&#8221; sticky_enabled=&#8221;0&#8243; custom_margin=&#8221;||30px||false|false&#8221;]<p>Para crear una cuenta con<span>\u00a0<\/span><strong>Neteller<\/strong>, vaya al portal de<span>\u00a0<\/span><strong>Neteller<\/strong><span>\u00a0<\/span>y complete los pasos a continuaci\u00f3n:<\/p>\n<p><span>1. Seleccione \u201cEnviar dinero\u201d en el men\u00fa desplegable;<\/span><\/p>\n<p><span>2. Haga clic en \u201cRegistrarse\u201d despu\u00e9s de ingresar su nombre y apellido, pa\u00eds y moneda, direcci\u00f3n de correo electr\u00f3nico, cree una contrase\u00f1a y haga clic en \u201cRegistrarse\u201d.<\/span><\/p>\n<p><span>3. Luego finaliza tu registro escribiendo:<\/span><\/p>\n<ul>\n<li><span>Tu direcci\u00f3n<\/span><\/li>\n<li><span>Tu ciudad<\/span><\/li>\n<li><span>C\u00f3digo Postal<\/span><\/li>\n<li><span>Tu fecha de nacimiento<\/span><\/li>\n<li><span>N\u00famero para llamar<\/span><\/li>\n<\/ul>\n<p><span>4. La plataforma le enviar\u00e1 un mensaje de texto con un c\u00f3digo de verificaci\u00f3n, que debe ingresar durante el registro.<\/span><\/p>\n<p><span>5. Al iniciar sesi\u00f3n o transferir o retirar dinero, debe generar ahora una contrase\u00f1a segura de 6 d\u00edgitos. Vaya a Configuraci\u00f3n &gt; Seguridad &gt; M\u00e9todos de autenticaci\u00f3n para cambiar o configurar m\u00e9todos de seguridad adicionales. Se debe seleccionar \u201cGuardar\u201d.<\/span><\/p>[\/et_pb_text][et_pb_text _builder_version=&#8221;4.27.0&#8243; _module_preset=&#8221;default&#8221; text_text_color=&#8221;#172530&#8243; text_font_size=&#8221;16px&#8221; header_3_font=&#8221;|700|||||||&#8221; header_3_text_color=&#8221;#172530&#8243; hover_enabled=&#8221;0&#8243; global_colors_info=&#8221;{}&#8221; theme_builder_area=&#8221;post_content&#8221; sticky_enabled=&#8221;0&#8243;]Inf\u00f3rmenos cuando realice una transacci\u00f3n y nuestros operadores la procesar\u00e1n lo antes posible.\n<ul style=\"margin-top: 10px;\">\n\t<li><span>Tiempo de procesamiento: Instant\u00e1neo<\/span><\/li>\n\t<li><span>Comisi\u00f3n: Gratis<\/span><\/li>\n\t<li><span>Importe m\u00ednimo de dep\u00f3sito\/retiro: 10 EUR<\/span><\/li>\n\t<li><span>Importe m\u00e1ximo de dep\u00f3sito\/retiro: 10,000 EUR<\/span><\/li>\n<\/ul>[\/et_pb_text][\/et_pb_column][\/et_pb_row][\/et_pb_section]\n","protected":false},"excerpt":{"rendered":"<p>Neteller es una plataforma electr\u00f3nica de transferencia de dinero, que se incluye en la categor\u00eda de operaciones de dinero electr\u00f3nico. Muchas personas confunden el negocio con un banco digital ya que brinda un servicio de transferencia, pero una de las diferencias es la capacidad de operar en mercados como Forex. Esta plataforma funciona como una [&hellip;]<\/p>\n","protected":false},"author":2,"featured_media":53,"parent":0,"menu_order":0,"comment_status":"closed","ping_status":"closed","template":"","meta":{"_et_pb_use_builder":"on","_et_pb_old_content":"","_et_gb_content_width":"","inline_featured_image":false,"footnotes":""},"class_list":["post-177","page","type-page","status-publish","has-post-thumbnail","hentry"],"yoast_head":"<!-- This site is optimized with the Yoast SEO plugin v25.7 - https:\/\/yoast.com\/wordpress\/plugins\/seo\/ -->\n<title>Neteller - Pagos Confiables con Billetera Online | PIWI247<\/title>\n<meta name=\"description\" content=\"Utiliza Neteller en PIWI247 para pagos r\u00e1pidos y confiables. Financia tu cuenta al instante y accede a retiros sin problemas con esta billetera electr\u00f3nico de confianza.\" \/>\n<meta name=\"robots\" content=\"index, follow, max-snippet:-1, max-image-preview:large, max-video-preview:-1\" \/>\n<link rel=\"canonical\" href=\"https:\/\/www.piwi247.com\/es\/neteller\/\" \/>\n<meta property=\"og:locale\" content=\"es_ES\" \/>\n<meta property=\"og:type\" content=\"article\" \/>\n<meta property=\"og:title\" content=\"Neteller - Pagos Confiables con Billetera Online | PIWI247\" \/>\n<meta property=\"og:description\" content=\"Utiliza Neteller en PIWI247 para pagos r\u00e1pidos y confiables. Financia tu cuenta al instante y accede a retiros sin problemas con esta billetera electr\u00f3nico de confianza.\" \/>\n<meta property=\"og:url\" content=\"https:\/\/www.piwi247.com\/es\/neteller\/\" \/>\n<meta property=\"og:site_name\" content=\"Spanish\" \/>\n<meta property=\"article:modified_time\" content=\"2024-10-25T04:28:27+00:00\" \/>\n<meta name=\"twitter:card\" content=\"summary_large_image\" \/>\n<meta name=\"twitter:label1\" content=\"Est. reading time\" \/>\n\t<meta name=\"twitter:data1\" content=\"2 minutes\" \/>\n<script type=\"application\/ld+json\" class=\"yoast-schema-graph\">{\"@context\":\"https:\/\/schema.org\",\"@graph\":[{\"@type\":\"WebPage\",\"@id\":\"https:\/\/www.piwi247.com\/es\/neteller\/\",\"url\":\"https:\/\/www.piwi247.com\/es\/neteller\/\",\"name\":\"Neteller - Pagos Confiables con Billetera Online | PIWI247\",\"isPartOf\":{\"@id\":\"https:\/\/www.piwi247.com\/es\/#website\"},\"primaryImageOfPage\":{\"@id\":\"https:\/\/www.piwi247.com\/es\/neteller\/#primaryimage\"},\"image\":{\"@id\":\"https:\/\/www.piwi247.com\/es\/neteller\/#primaryimage\"},\"thumbnailUrl\":\"https:\/\/www.piwi247.com\/es\/wp-content\/uploads\/sites\/6\/2024\/09\/neteller-image-1.svg\",\"datePublished\":\"2024-09-23T05:41:11+00:00\",\"dateModified\":\"2024-10-25T04:28:27+00:00\",\"description\":\"Utiliza Neteller en PIWI247 para pagos r\u00e1pidos y confiables. Financia tu cuenta al instante y accede a retiros sin problemas con esta billetera electr\u00f3nico de confianza.\",\"breadcrumb\":{\"@id\":\"https:\/\/www.piwi247.com\/es\/neteller\/#breadcrumb\"},\"inLanguage\":\"es\",\"potentialAction\":[{\"@type\":\"ReadAction\",\"target\":[\"https:\/\/www.piwi247.com\/es\/neteller\/\"]}]},{\"@type\":\"ImageObject\",\"inLanguage\":\"es\",\"@id\":\"https:\/\/www.piwi247.com\/es\/neteller\/#primaryimage\",\"url\":\"https:\/\/www.piwi247.com\/es\/wp-content\/uploads\/sites\/6\/2024\/09\/neteller-image-1.svg\",\"contentUrl\":\"https:\/\/www.piwi247.com\/es\/wp-content\/uploads\/sites\/6\/2024\/09\/neteller-image-1.svg\"},{\"@type\":\"BreadcrumbList\",\"@id\":\"https:\/\/www.piwi247.com\/es\/neteller\/#breadcrumb\",\"itemListElement\":[{\"@type\":\"ListItem\",\"position\":1,\"name\":\"Home\",\"item\":\"https:\/\/www.piwi247.com\/es\/\"},{\"@type\":\"ListItem\",\"position\":2,\"name\":\"Neteller\"}]},{\"@type\":\"WebSite\",\"@id\":\"https:\/\/www.piwi247.com\/es\/#website\",\"url\":\"https:\/\/www.piwi247.com\/es\/\",\"name\":\"Spanish\",\"description\":\"PIWI247: PIWIX | Sports Betting | Casino\",\"potentialAction\":[{\"@type\":\"SearchAction\",\"target\":{\"@type\":\"EntryPoint\",\"urlTemplate\":\"https:\/\/www.piwi247.com\/es\/?s={search_term_string}\"},\"query-input\":{\"@type\":\"PropertyValueSpecification\",\"valueRequired\":true,\"valueName\":\"search_term_string\"}}],\"inLanguage\":\"es\"}]}<\/script>\n<!-- \/ Yoast SEO plugin. -->","yoast_head_json":{"title":"Neteller - Pagos Confiables con Billetera Online | PIWI247","description":"Utiliza Neteller en PIWI247 para pagos r\u00e1pidos y confiables. Financia tu cuenta al instante y accede a retiros sin problemas con esta billetera electr\u00f3nico de confianza.","robots":{"index":"index","follow":"follow","max-snippet":"max-snippet:-1","max-image-preview":"max-image-preview:large","max-video-preview":"max-video-preview:-1"},"canonical":"https:\/\/www.piwi247.com\/es\/neteller\/","og_locale":"es_ES","og_type":"article","og_title":"Neteller - Pagos Confiables con Billetera Online | PIWI247","og_description":"Utiliza Neteller en PIWI247 para pagos r\u00e1pidos y confiables. Financia tu cuenta al instante y accede a retiros sin problemas con esta billetera electr\u00f3nico de confianza.","og_url":"https:\/\/www.piwi247.com\/es\/neteller\/","og_site_name":"Spanish","article_modified_time":"2024-10-25T04:28:27+00:00","twitter_card":"summary_large_image","twitter_misc":{"Est. reading time":"2 minutes"},"schema":{"@context":"https:\/\/schema.org","@graph":[{"@type":"WebPage","@id":"https:\/\/www.piwi247.com\/es\/neteller\/","url":"https:\/\/www.piwi247.com\/es\/neteller\/","name":"Neteller - Pagos Confiables con Billetera Online | PIWI247","isPartOf":{"@id":"https:\/\/www.piwi247.com\/es\/#website"},"primaryImageOfPage":{"@id":"https:\/\/www.piwi247.com\/es\/neteller\/#primaryimage"},"image":{"@id":"https:\/\/www.piwi247.com\/es\/neteller\/#primaryimage"},"thumbnailUrl":"https:\/\/www.piwi247.com\/es\/wp-content\/uploads\/sites\/6\/2024\/09\/neteller-image-1.svg","datePublished":"2024-09-23T05:41:11+00:00","dateModified":"2024-10-25T04:28:27+00:00","description":"Utiliza Neteller en PIWI247 para pagos r\u00e1pidos y confiables. Financia tu cuenta al instante y accede a retiros sin problemas con esta billetera electr\u00f3nico de confianza.","breadcrumb":{"@id":"https:\/\/www.piwi247.com\/es\/neteller\/#breadcrumb"},"inLanguage":"es","potentialAction":[{"@type":"ReadAction","target":["https:\/\/www.piwi247.com\/es\/neteller\/"]}]},{"@type":"ImageObject","inLanguage":"es","@id":"https:\/\/www.piwi247.com\/es\/neteller\/#primaryimage","url":"https:\/\/www.piwi247.com\/es\/wp-content\/uploads\/sites\/6\/2024\/09\/neteller-image-1.svg","contentUrl":"https:\/\/www.piwi247.com\/es\/wp-content\/uploads\/sites\/6\/2024\/09\/neteller-image-1.svg"},{"@type":"BreadcrumbList","@id":"https:\/\/www.piwi247.com\/es\/neteller\/#breadcrumb","itemListElement":[{"@type":"ListItem","position":1,"name":"Home","item":"https:\/\/www.piwi247.com\/es\/"},{"@type":"ListItem","position":2,"name":"Neteller"}]},{"@type":"WebSite","@id":"https:\/\/www.piwi247.com\/es\/#website","url":"https:\/\/www.piwi247.com\/es\/","name":"Spanish","description":"PIWI247: PIWIX | Sports Betting | Casino","potentialAction":[{"@type":"SearchAction","target":{"@type":"EntryPoint","urlTemplate":"https:\/\/www.piwi247.com\/es\/?s={search_term_string}"},"query-input":{"@type":"PropertyValueSpecification","valueRequired":true,"valueName":"search_term_string"}}],"inLanguage":"es"}]}},"_links":{"self":[{"href":"https:\/\/www.piwi247.com\/es\/wp-json\/wp\/v2\/pages\/177","targetHints":{"allow":["GET"]}}],"collection":[{"href":"https:\/\/www.piwi247.com\/es\/wp-json\/wp\/v2\/pages"}],"about":[{"href":"https:\/\/www.piwi247.com\/es\/wp-json\/wp\/v2\/types\/page"}],"author":[{"embeddable":true,"href":"https:\/\/www.piwi247.com\/es\/wp-json\/wp\/v2\/users\/2"}],"replies":[{"embeddable":true,"href":"https:\/\/www.piwi247.com\/es\/wp-json\/wp\/v2\/comments?post=177"}],"version-history":[{"count":8,"href":"https:\/\/www.piwi247.com\/es\/wp-json\/wp\/v2\/pages\/177\/revisions"}],"predecessor-version":[{"id":1106,"href":"https:\/\/www.piwi247.com\/es\/wp-json\/wp\/v2\/pages\/177\/revisions\/1106"}],"wp:featuredmedia":[{"embeddable":true,"href":"https:\/\/www.piwi247.com\/es\/wp-json\/wp\/v2\/media\/53"}],"wp:attachment":[{"href":"https:\/\/www.piwi247.com\/es\/wp-json\/wp\/v2\/media?parent=177"}],"curies":[{"name":"wp","href":"https:\/\/api.w.org\/{rel}","templated":true}]}}