{"id":182,"date":"2024-09-23T05:45:04","date_gmt":"2024-09-23T05:45:04","guid":{"rendered":"https:\/\/pre-prod.piwi247.com\/es\/?page_id=182"},"modified":"2024-10-25T04:27:27","modified_gmt":"2024-10-25T04:27:27","slug":"skrill","status":"publish","type":"page","link":"https:\/\/www.piwi247.com\/es\/skrill\/","title":{"rendered":"Skrill"},"content":{"rendered":"\n[et_pb_section fb_built=&#8221;1&#8243; _builder_version=&#8221;4.27.0&#8243; _module_preset=&#8221;default&#8221; background_color=&#8221;RGBA(255,255,255,0)&#8221; custom_margin=&#8221;0px||0px||false|false&#8221; custom_padding=&#8221;0px||0px||false|false&#8221; hover_enabled=&#8221;0&#8243; global_colors_info=&#8221;{}&#8221; theme_builder_area=&#8221;post_content&#8221; sticky_enabled=&#8221;0&#8243;][et_pb_row _builder_version=&#8221;4.27.0&#8243; _module_preset=&#8221;default&#8221; width=&#8221;100%&#8221; max_width=&#8221;1280px&#8221; custom_margin=&#8221;0px||0px||false|false&#8221; custom_padding=&#8221;0px||0px||false|false&#8221; hover_enabled=&#8221;0&#8243; global_colors_info=&#8221;{}&#8221; theme_builder_area=&#8221;post_content&#8221; sticky_enabled=&#8221;0&#8243;][et_pb_column type=&#8221;4_4&#8243; _builder_version=&#8221;4.27.0&#8243; _module_preset=&#8221;default&#8221; global_colors_info=&#8221;{}&#8221; theme_builder_area=&#8221;post_content&#8221;][et_pb_text _builder_version=&#8221;4.27.0&#8243; _module_preset=&#8221;default&#8221; text_text_color=&#8221;#172530&#8243; text_font_size=&#8221;16px&#8221; header_3_font=&#8221;|700|||||||&#8221; header_3_text_color=&#8221;#172530&#8243; hover_enabled=&#8221;0&#8243; global_colors_info=&#8221;{}&#8221; theme_builder_area=&#8221;post_content&#8221; sticky_enabled=&#8221;0&#8243;]<p><span><strong>Skrill<\/strong>\u00a0es una de las opciones de pago para dep\u00f3sito y retiro de PIWI. Es la soluci\u00f3n de pago global m\u00e1s f\u00e1cil de usar y segura en Internet. Desde 2001,\u00a0<strong>Skrill<\/strong>\u00a0ha ayudado a millones de consumidores a crear, enviar y gastar dinero.<\/span><\/p>\n<p><span>Inicie sesi\u00f3n en\u00a0<strong>Skrill<\/strong>\u00a0y realice un pago en cuesti\u00f3n de segundos. Crea una cuenta nueva. Registrarse es sencillo. Con una billetera en l\u00ednea en la que puede confiar, puede comenzar a mover dinero al instante.<\/span><\/p>[\/et_pb_text][et_pb_text _builder_version=&#8221;4.27.0&#8243; _module_preset=&#8221;default&#8221; text_text_color=&#8221;#172530&#8243; text_font_size=&#8221;16px&#8221; header_3_font=&#8221;|700|||||||&#8221; header_3_text_color=&#8221;#172530&#8243; hover_enabled=&#8221;0&#8243; global_colors_info=&#8221;{}&#8221; theme_builder_area=&#8221;post_content&#8221; header_2_font=&#8221;|700|||||||&#8221; header_2_line_height=&#8221;1.3em&#8221; sticky_enabled=&#8221;0&#8243;]<h2><span>Hacer Pagos en L\u00ednea<\/span><\/h2>\n<span>Las compras y los juegos de azar est\u00e1n incluidos. Las transferencias instant\u00e1neas de saldo est\u00e1n disponibles.<\/span>[\/et_pb_text][et_pb_text _builder_version=&#8221;4.27.0&#8243; _module_preset=&#8221;default&#8221; text_text_color=&#8221;#172530&#8243; text_font_size=&#8221;16px&#8221; header_3_font=&#8221;|700|||||||&#8221; header_3_text_color=&#8221;#172530&#8243; hover_enabled=&#8221;0&#8243; global_colors_info=&#8221;{}&#8221; theme_builder_area=&#8221;post_content&#8221; header_2_font=&#8221;|700|||||||&#8221; header_2_line_height=&#8221;1.3em&#8221; sticky_enabled=&#8221;0&#8243;]<h2><span>Prepago Mastercard Skrill<\/span><\/h2>\n<span>Podr\u00e1s ver tu saldo de inmediato. Ya sea que desee comprar, viajar o retirar dinero, tiene tres opciones.<\/span>[\/et_pb_text][et_pb_text _builder_version=&#8221;4.27.0&#8243; _module_preset=&#8221;default&#8221; text_text_color=&#8221;#172530&#8243; text_font_size=&#8221;16px&#8221; header_3_font=&#8221;|700|||||||&#8221; header_3_text_color=&#8221;#172530&#8243; hover_enabled=&#8221;0&#8243; global_colors_info=&#8221;{}&#8221; theme_builder_area=&#8221;post_content&#8221; header_2_font=&#8221;|700|||||||&#8221; header_2_line_height=&#8221;1.3em&#8221; sticky_enabled=&#8221;0&#8243;]<h2><span>Skrill es un servicio de transferencia de dinero.<\/span><\/h2>\n<span>Soluci\u00f3n de pago que es r\u00e1pida y segura. En 3 sencillos pasos, puede comenzar a transferir fondos<\/span>[\/et_pb_text][et_pb_text _builder_version=&#8221;4.27.0&#8243; _module_preset=&#8221;default&#8221; text_text_color=&#8221;#172530&#8243; text_font_size=&#8221;16px&#8221; header_3_font=&#8221;|700|||||||&#8221; header_3_text_color=&#8221;#172530&#8243; hover_enabled=&#8221;0&#8243; global_colors_info=&#8221;{}&#8221; theme_builder_area=&#8221;post_content&#8221; header_2_font=&#8221;|700|||||||&#8221; header_2_line_height=&#8221;1.3em&#8221; sticky_enabled=&#8221;0&#8243;]<h2><span>Transferencia Internacional de Dinero<\/span><\/h2>\n<span>Con facilidad, env\u00eda dinero alrededor del mundo. Casi 200 pa\u00edses, 40 monedas<\/span>[\/et_pb_text][et_pb_text _builder_version=&#8221;4.27.0&#8243; _module_preset=&#8221;default&#8221; text_text_color=&#8221;#172530&#8243; text_font_size=&#8221;16px&#8221; header_3_font=&#8221;|700|||||||&#8221; header_3_text_color=&#8221;#172530&#8243; hover_enabled=&#8221;0&#8243; global_colors_info=&#8221;{}&#8221; theme_builder_area=&#8221;post_content&#8221; sticky_enabled=&#8221;0&#8243;]<span>Cuando realice un dep\u00f3sito, inf\u00f3rmenos y nuestros operadores lo procesar\u00e1n de inmediato.<\/span>\n<ul style=\"margin-top: 10px;\">\n\t<li><span>Tiempo de procesamiento: Instant\u00e1neo<\/span><\/li>\n\t<li><span>Comisi\u00f3n: Gratis<\/span><\/li>\n\t<li><span>Importe m\u00ednimo de dep\u00f3sito\/retiro: 10 EUR<\/span><\/li>\n\t<li><span>Importe m\u00e1ximo de dep\u00f3sito\/retiro: 10,000 EUR<\/span><\/li>\n<\/ul>[\/et_pb_text][\/et_pb_column][\/et_pb_row][\/et_pb_section]\n","protected":false},"excerpt":{"rendered":"<p>Skrill\u00a0es una de las opciones de pago para dep\u00f3sito y retiro de PIWI. Es la soluci\u00f3n de pago global m\u00e1s f\u00e1cil de usar y segura en Internet. Desde 2001,\u00a0Skrill\u00a0ha ayudado a millones de consumidores a crear, enviar y gastar dinero. Inicie sesi\u00f3n en\u00a0Skrill\u00a0y realice un pago en cuesti\u00f3n de segundos. Crea una cuenta nueva. Registrarse [&hellip;]<\/p>\n","protected":false},"author":2,"featured_media":54,"parent":0,"menu_order":0,"comment_status":"closed","ping_status":"closed","template":"","meta":{"_et_pb_use_builder":"on","_et_pb_old_content":"","_et_gb_content_width":"","inline_featured_image":false,"footnotes":""},"class_list":["post-182","page","type-page","status-publish","has-post-thumbnail","hentry"],"yoast_head":"<!-- This site is optimized with the Yoast SEO plugin v25.7 - https:\/\/yoast.com\/wordpress\/plugins\/seo\/ -->\n<title>Skrill - Pagos Instant\u00e1neos con Billetera Online | PIWI247<\/title>\n<meta name=\"description\" content=\"Realiza dep\u00f3sitos instant\u00e1neos y retiros r\u00e1pidos con Skrill en PIWI247. Disfruta de transacciones seguras y sin complicaciones con una de las mejores billeteras electr\u00f3nicas del mundo.\" \/>\n<meta name=\"robots\" content=\"index, follow, max-snippet:-1, max-image-preview:large, max-video-preview:-1\" \/>\n<link rel=\"canonical\" href=\"https:\/\/www.piwi247.com\/es\/skrill\/\" \/>\n<meta property=\"og:locale\" content=\"es_ES\" \/>\n<meta property=\"og:type\" content=\"article\" \/>\n<meta property=\"og:title\" content=\"Skrill - Pagos Instant\u00e1neos con Billetera Online | PIWI247\" \/>\n<meta property=\"og:description\" content=\"Realiza dep\u00f3sitos instant\u00e1neos y retiros r\u00e1pidos con Skrill en PIWI247. Disfruta de transacciones seguras y sin complicaciones con una de las mejores billeteras electr\u00f3nicas del mundo.\" \/>\n<meta property=\"og:url\" content=\"https:\/\/www.piwi247.com\/es\/skrill\/\" \/>\n<meta property=\"og:site_name\" content=\"Spanish\" \/>\n<meta property=\"article:modified_time\" content=\"2024-10-25T04:27:27+00:00\" \/>\n<meta name=\"twitter:card\" content=\"summary_large_image\" \/>\n<meta name=\"twitter:label1\" content=\"Est. reading time\" \/>\n\t<meta name=\"twitter:data1\" content=\"2 minutes\" \/>\n<script type=\"application\/ld+json\" class=\"yoast-schema-graph\">{\"@context\":\"https:\/\/schema.org\",\"@graph\":[{\"@type\":\"WebPage\",\"@id\":\"https:\/\/www.piwi247.com\/es\/skrill\/\",\"url\":\"https:\/\/www.piwi247.com\/es\/skrill\/\",\"name\":\"Skrill - Pagos Instant\u00e1neos con Billetera Online | PIWI247\",\"isPartOf\":{\"@id\":\"https:\/\/www.piwi247.com\/es\/#website\"},\"primaryImageOfPage\":{\"@id\":\"https:\/\/www.piwi247.com\/es\/skrill\/#primaryimage\"},\"image\":{\"@id\":\"https:\/\/www.piwi247.com\/es\/skrill\/#primaryimage\"},\"thumbnailUrl\":\"https:\/\/www.piwi247.com\/es\/wp-content\/uploads\/sites\/6\/2024\/09\/skrill-image-1.svg\",\"datePublished\":\"2024-09-23T05:45:04+00:00\",\"dateModified\":\"2024-10-25T04:27:27+00:00\",\"description\":\"Realiza dep\u00f3sitos instant\u00e1neos y retiros r\u00e1pidos con Skrill en PIWI247. Disfruta de transacciones seguras y sin complicaciones con una de las mejores billeteras electr\u00f3nicas del mundo.\",\"breadcrumb\":{\"@id\":\"https:\/\/www.piwi247.com\/es\/skrill\/#breadcrumb\"},\"inLanguage\":\"es\",\"potentialAction\":[{\"@type\":\"ReadAction\",\"target\":[\"https:\/\/www.piwi247.com\/es\/skrill\/\"]}]},{\"@type\":\"ImageObject\",\"inLanguage\":\"es\",\"@id\":\"https:\/\/www.piwi247.com\/es\/skrill\/#primaryimage\",\"url\":\"https:\/\/www.piwi247.com\/es\/wp-content\/uploads\/sites\/6\/2024\/09\/skrill-image-1.svg\",\"contentUrl\":\"https:\/\/www.piwi247.com\/es\/wp-content\/uploads\/sites\/6\/2024\/09\/skrill-image-1.svg\"},{\"@type\":\"BreadcrumbList\",\"@id\":\"https:\/\/www.piwi247.com\/es\/skrill\/#breadcrumb\",\"itemListElement\":[{\"@type\":\"ListItem\",\"position\":1,\"name\":\"Home\",\"item\":\"https:\/\/www.piwi247.com\/es\/\"},{\"@type\":\"ListItem\",\"position\":2,\"name\":\"Skrill\"}]},{\"@type\":\"WebSite\",\"@id\":\"https:\/\/www.piwi247.com\/es\/#website\",\"url\":\"https:\/\/www.piwi247.com\/es\/\",\"name\":\"Spanish\",\"description\":\"PIWI247: PIWIX | Sports Betting | Casino\",\"potentialAction\":[{\"@type\":\"SearchAction\",\"target\":{\"@type\":\"EntryPoint\",\"urlTemplate\":\"https:\/\/www.piwi247.com\/es\/?s={search_term_string}\"},\"query-input\":{\"@type\":\"PropertyValueSpecification\",\"valueRequired\":true,\"valueName\":\"search_term_string\"}}],\"inLanguage\":\"es\"}]}<\/script>\n<!-- \/ Yoast SEO plugin. -->","yoast_head_json":{"title":"Skrill - Pagos Instant\u00e1neos con Billetera Online | PIWI247","description":"Realiza dep\u00f3sitos instant\u00e1neos y retiros r\u00e1pidos con Skrill en PIWI247. Disfruta de transacciones seguras y sin complicaciones con una de las mejores billeteras electr\u00f3nicas del mundo.","robots":{"index":"index","follow":"follow","max-snippet":"max-snippet:-1","max-image-preview":"max-image-preview:large","max-video-preview":"max-video-preview:-1"},"canonical":"https:\/\/www.piwi247.com\/es\/skrill\/","og_locale":"es_ES","og_type":"article","og_title":"Skrill - Pagos Instant\u00e1neos con Billetera Online | PIWI247","og_description":"Realiza dep\u00f3sitos instant\u00e1neos y retiros r\u00e1pidos con Skrill en PIWI247. Disfruta de transacciones seguras y sin complicaciones con una de las mejores billeteras electr\u00f3nicas del mundo.","og_url":"https:\/\/www.piwi247.com\/es\/skrill\/","og_site_name":"Spanish","article_modified_time":"2024-10-25T04:27:27+00:00","twitter_card":"summary_large_image","twitter_misc":{"Est. reading time":"2 minutes"},"schema":{"@context":"https:\/\/schema.org","@graph":[{"@type":"WebPage","@id":"https:\/\/www.piwi247.com\/es\/skrill\/","url":"https:\/\/www.piwi247.com\/es\/skrill\/","name":"Skrill - Pagos Instant\u00e1neos con Billetera Online | PIWI247","isPartOf":{"@id":"https:\/\/www.piwi247.com\/es\/#website"},"primaryImageOfPage":{"@id":"https:\/\/www.piwi247.com\/es\/skrill\/#primaryimage"},"image":{"@id":"https:\/\/www.piwi247.com\/es\/skrill\/#primaryimage"},"thumbnailUrl":"https:\/\/www.piwi247.com\/es\/wp-content\/uploads\/sites\/6\/2024\/09\/skrill-image-1.svg","datePublished":"2024-09-23T05:45:04+00:00","dateModified":"2024-10-25T04:27:27+00:00","description":"Realiza dep\u00f3sitos instant\u00e1neos y retiros r\u00e1pidos con Skrill en PIWI247. Disfruta de transacciones seguras y sin complicaciones con una de las mejores billeteras electr\u00f3nicas del mundo.","breadcrumb":{"@id":"https:\/\/www.piwi247.com\/es\/skrill\/#breadcrumb"},"inLanguage":"es","potentialAction":[{"@type":"ReadAction","target":["https:\/\/www.piwi247.com\/es\/skrill\/"]}]},{"@type":"ImageObject","inLanguage":"es","@id":"https:\/\/www.piwi247.com\/es\/skrill\/#primaryimage","url":"https:\/\/www.piwi247.com\/es\/wp-content\/uploads\/sites\/6\/2024\/09\/skrill-image-1.svg","contentUrl":"https:\/\/www.piwi247.com\/es\/wp-content\/uploads\/sites\/6\/2024\/09\/skrill-image-1.svg"},{"@type":"BreadcrumbList","@id":"https:\/\/www.piwi247.com\/es\/skrill\/#breadcrumb","itemListElement":[{"@type":"ListItem","position":1,"name":"Home","item":"https:\/\/www.piwi247.com\/es\/"},{"@type":"ListItem","position":2,"name":"Skrill"}]},{"@type":"WebSite","@id":"https:\/\/www.piwi247.com\/es\/#website","url":"https:\/\/www.piwi247.com\/es\/","name":"Spanish","description":"PIWI247: PIWIX | Sports Betting | Casino","potentialAction":[{"@type":"SearchAction","target":{"@type":"EntryPoint","urlTemplate":"https:\/\/www.piwi247.com\/es\/?s={search_term_string}"},"query-input":{"@type":"PropertyValueSpecification","valueRequired":true,"valueName":"search_term_string"}}],"inLanguage":"es"}]}},"_links":{"self":[{"href":"https:\/\/www.piwi247.com\/es\/wp-json\/wp\/v2\/pages\/182","targetHints":{"allow":["GET"]}}],"collection":[{"href":"https:\/\/www.piwi247.com\/es\/wp-json\/wp\/v2\/pages"}],"about":[{"href":"https:\/\/www.piwi247.com\/es\/wp-json\/wp\/v2\/types\/page"}],"author":[{"embeddable":true,"href":"https:\/\/www.piwi247.com\/es\/wp-json\/wp\/v2\/users\/2"}],"replies":[{"embeddable":true,"href":"https:\/\/www.piwi247.com\/es\/wp-json\/wp\/v2\/comments?post=182"}],"version-history":[{"count":9,"href":"https:\/\/www.piwi247.com\/es\/wp-json\/wp\/v2\/pages\/182\/revisions"}],"predecessor-version":[{"id":1105,"href":"https:\/\/www.piwi247.com\/es\/wp-json\/wp\/v2\/pages\/182\/revisions\/1105"}],"wp:featuredmedia":[{"embeddable":true,"href":"https:\/\/www.piwi247.com\/es\/wp-json\/wp\/v2\/media\/54"}],"wp:attachment":[{"href":"https:\/\/www.piwi247.com\/es\/wp-json\/wp\/v2\/media?parent=182"}],"curies":[{"name":"wp","href":"https:\/\/api.w.org\/{rel}","templated":true}]}}