{"id":494,"date":"2024-09-24T04:45:02","date_gmt":"2024-09-24T04:45:02","guid":{"rendered":"https:\/\/pre-prod.piwi247.com\/es\/?page_id=494"},"modified":"2026-02-11T06:24:17","modified_gmt":"2026-02-11T06:24:17","slug":"pinnaclesolution","status":"publish","type":"page","link":"https:\/\/www.piwi247.com\/es\/piwisportsprovider\/","title":{"rendered":"PIWI247 Sport impulsado por AP Gaming"},"content":{"rendered":"<p>[et_pb_section fb_built=&#8221;1&#8243; _builder_version=&#8221;4.27.0&#8243; _module_preset=&#8221;default&#8221; background_color=&#8221;RGBA(255,255,255,0)&#8221; custom_margin=&#8221;||||false|false&#8221; custom_padding=&#8221;0px||0px||false|false&#8221; global_colors_info=&#8221;{}&#8221; theme_builder_area=&#8221;post_content&#8221;][et_pb_row _builder_version=&#8221;4.27.0&#8243; _module_preset=&#8221;default&#8221; width=&#8221;100%&#8221; max_width=&#8221;1280px&#8221; custom_margin=&#8221;0px||0px||false|false&#8221; custom_padding=&#8221;0px||0px||false|false&#8221; global_colors_info=&#8221;{}&#8221; theme_builder_area=&#8221;post_content&#8221;][et_pb_column type=&#8221;4_4&#8243; _builder_version=&#8221;4.27.0&#8243; _module_preset=&#8221;default&#8221; global_colors_info=&#8221;{}&#8221; theme_builder_area=&#8221;post_content&#8221;][et_pb_text _builder_version=&#8221;4.27.2&#8243; _module_preset=&#8221;default&#8221; text_text_color=&#8221;#172530&#8243; text_font_size=&#8221;16px&#8221; header_3_font=&#8221;|700|||||||&#8221; header_3_text_color=&#8221;#172530&#8243; global_colors_info=&#8221;{}&#8221; theme_builder_area=&#8221;post_content&#8221;]<strong>PIWI247 Sports<\/strong><span>\u00a0<\/span>ofrece una plataforma de apuestas deportivas en l\u00ednea de gran escala impulsada por<span>\u00a0<\/span><strong>AP Gaming<\/strong>, l\u00edder del sector.<span>\u00a0<\/span><strong>PIWI247 Sports<\/strong>, adopta el enfoque empresarial demostrado de<span>\u00a0<\/span><strong>AP Gaming<\/strong>, ofrece cuotas ultracompetitivas y l\u00edmites de apuestas inmensos, preferidos por los jugadores astutos y de gran valor.<\/p>\n<p>La plataforma, que abarca una amplia gama de mercados de apuestas de f\u00fatbol, hocky, MMA, baloncesto, b\u00e9isbol y otros deportes m\u00e1s especializados como el cr\u00edquet, los dardos y el waterpolo, est\u00e1 dise\u00f1ada para los apostantes serios.<span>\u00a0<\/span><strong>PIWI247 Sports<\/strong><span>\u00a0<\/span>no solo ofrece una gran variedad de tipos de apuestas, como futures, props, teasers, jackpots y parlays sino tambi\u00e9n un chat con analistas en vivo para que los expertos te gu\u00eden a la hora de realizar apuestas ganadoras.[\/et_pb_text][et_pb_text _builder_version=&#8221;4.27.2&#8243; _module_preset=&#8221;default&#8221; text_text_color=&#8221;#172530&#8243; text_font_size=&#8221;16px&#8221; header_2_font=&#8221;|700|||||||&#8221; header_2_text_color=&#8221;#172530&#8243; header_2_line_height=&#8221;1.3em&#8221; header_3_font=&#8221;|700|||||||&#8221; header_3_text_color=&#8221;#172530&#8243; custom_padding=&#8221;0px||||false|false&#8221; global_colors_info=&#8221;{}&#8221; theme_builder_area=&#8221;post_content&#8221;]<\/p>\n<h2><span>Aumento 4% retenci\u00f3n de profit<\/span><\/h2>\n<p>Al aprovechar las t\u00e1cticas de gesti\u00f3n de riesgos y los algoritmos de trading de AP Gaming,<span>\u00a0<\/span><strong>PIWI247 Sports<\/strong><span>\u00a0<\/span>mantiene unas excelentes referencias de rentabilidad. Un porcentaje de retenci\u00f3n del 4%, por ejemplo, supera a muchos de los principales competidores. Estos controles de riesgo crean un entorno mutuamente beneficioso que atrae la acci\u00f3n sin restringir a los apostantes ganadores. Esto la diferencia de otras casas de apuestas que optan por restringir o prohibir a los jugadores que muestran un alto nivel de experiencia en las apuestas.[\/et_pb_text][et_pb_text _builder_version=&#8221;4.27.4&#8243; _module_preset=&#8221;default&#8221; text_text_color=&#8221;#172530&#8243; text_font_size=&#8221;16px&#8221; header_2_font=&#8221;|700|||||||&#8221; header_2_text_color=&#8221;#172530&#8243; header_2_line_height=&#8221;1.3em&#8221; header_3_font=&#8221;|700|||||||&#8221; header_3_text_color=&#8221;#172530&#8243; custom_padding=&#8221;0px||||false|false&#8221; hover_enabled=&#8221;0&#8243; global_colors_info=&#8221;{}&#8221; theme_builder_area=&#8221;post_content&#8221; sticky_enabled=&#8221;0&#8243;]<\/p>\n<h2><span>En todos los \u00e1mbitos, las odds son inmejorables-<\/span><\/h2>\n<p><strong>PIWI247 Sports<\/strong><span>\u00a0<\/span>tiene un enfoque orientado al jugador, centrado \u00fanicamente en ofrecer odds y l\u00edmites \u00f3ptimos en lugar de mitigar la responsabilidad. Esto permite a los jugadores serios maximizar las tasa de ganacias a largo plazo.<\/p>\n<p><strong>PIWI247<\/strong><span>\u00a0<\/span>ampl\u00eda el acceso a innovaciones probadas en apuestas deportivas. Al combinar la compilaci\u00f3n de odds, las tecnolog\u00edas de trading y la gesti\u00f3n de riesgo de AP Gaming con la integridad, velocidad y marca de<span>\u00a0<\/span><span class=\"custom-link\"><a href=\"\/es\/bettingexchange\">Betfair Exchange<\/a><\/span>,<span>\u00a0<\/span><strong>PIWI247<\/strong><span>\u00a0<\/span><strong>representa el nuevo est\u00e1ndar de oro en experiencias de apuestas deportivas en l\u00ednea.<\/strong><\/p>\n<p class=\"custom-link\"><strong>PIWI247<\/strong><span>\u00a0<\/span>ofrece un destino optimizado de manera \u00fanica para tus necesidades de invers\u00f3n en deportes. Si tu objetivo es simplificar el proceso de apuestas para ganar con m\u00e1s frecuencia,<span>\u00a0<\/span><a href=\"\/signup\">\u00fanete a PIWI247 hoy<\/a>.<\/p>\n<p>[\/et_pb_text][\/et_pb_column][\/et_pb_row][\/et_pb_section]<\/p>\n","protected":false},"excerpt":{"rendered":"<p>PIWI247 Sports\u00a0ofrece una plataforma de apuestas deportivas en l\u00ednea de gran escala impulsada por\u00a0AP Gaming, l\u00edder del sector.\u00a0PIWI247 Sports, adopta el enfoque empresarial demostrado de\u00a0AP Gaming, ofrece cuotas ultracompetitivas y l\u00edmites de apuestas inmensos, preferidos por los jugadores astutos y de gran valor. La plataforma, que abarca una amplia gama de mercados de apuestas de [&hellip;]<\/p>\n","protected":false},"author":2,"featured_media":6919,"parent":0,"menu_order":0,"comment_status":"closed","ping_status":"closed","template":"","meta":{"_et_pb_use_builder":"on","_et_pb_old_content":"","_et_gb_content_width":"","inline_featured_image":false,"footnotes":""},"class_list":["post-494","page","type-page","status-publish","has-post-thumbnail","hentry"],"yoast_head":"<!-- This site is optimized with the Yoast SEO plugin v25.7 - https:\/\/yoast.com\/wordpress\/plugins\/seo\/ -->\n<title>AP Gaming - Proveedor Software Casa de Apuestas | PIWI247<\/title>\n<meta name=\"description\" content=\"Explora el software de casas de apuestas de \u00faltima generaci\u00f3n de AP Gaming, que ofrece funciones avanzadas de apuestas, gesti\u00f3n de riesgos y un rendimiento inigualable PIWI247.\" \/>\n<meta name=\"robots\" content=\"index, follow, max-snippet:-1, max-image-preview:large, max-video-preview:-1\" \/>\n<link rel=\"canonical\" href=\"https:\/\/www.piwi247.com\/es\/piwisportsprovider\/\" \/>\n<meta property=\"og:locale\" content=\"es_ES\" \/>\n<meta property=\"og:type\" content=\"article\" \/>\n<meta property=\"og:title\" content=\"AP Gaming - Proveedor Software Casa de Apuestas | PIWI247\" \/>\n<meta property=\"og:description\" content=\"Explora el software de casas de apuestas de \u00faltima generaci\u00f3n de AP Gaming, que ofrece funciones avanzadas de apuestas, gesti\u00f3n de riesgos y un rendimiento inigualable PIWI247.\" \/>\n<meta property=\"og:url\" content=\"https:\/\/www.piwi247.com\/es\/piwisportsprovider\/\" \/>\n<meta property=\"og:site_name\" content=\"Spanish\" \/>\n<meta property=\"article:modified_time\" content=\"2026-02-11T06:24:17+00:00\" \/>\n<meta property=\"og:image\" content=\"https:\/\/www.piwi247.com\/es\/wp-content\/uploads\/sites\/6\/2025\/12\/product-header-pinnacle-sports-v1.webp\" \/>\n\t<meta property=\"og:image:width\" content=\"944\" \/>\n\t<meta property=\"og:image:height\" content=\"314\" \/>\n\t<meta property=\"og:image:type\" content=\"image\/webp\" \/>\n<meta name=\"twitter:card\" content=\"summary_large_image\" \/>\n<meta name=\"twitter:label1\" content=\"Est. reading time\" \/>\n\t<meta name=\"twitter:data1\" content=\"2 minutes\" \/>\n<script type=\"application\/ld+json\" class=\"yoast-schema-graph\">{\"@context\":\"https:\/\/schema.org\",\"@graph\":[{\"@type\":\"WebPage\",\"@id\":\"https:\/\/www.piwi247.com\/es\/piwisportsprovider\/\",\"url\":\"https:\/\/www.piwi247.com\/es\/piwisportsprovider\/\",\"name\":\"AP Gaming - Proveedor Software Casa de Apuestas | PIWI247\",\"isPartOf\":{\"@id\":\"https:\/\/www.piwi247.com\/es\/#website\"},\"primaryImageOfPage\":{\"@id\":\"https:\/\/www.piwi247.com\/es\/piwisportsprovider\/#primaryimage\"},\"image\":{\"@id\":\"https:\/\/www.piwi247.com\/es\/piwisportsprovider\/#primaryimage\"},\"thumbnailUrl\":\"https:\/\/www.piwi247.com\/es\/wp-content\/uploads\/sites\/6\/2025\/12\/product-header-pinnacle-sports-v1.webp\",\"datePublished\":\"2024-09-24T04:45:02+00:00\",\"dateModified\":\"2026-02-11T06:24:17+00:00\",\"description\":\"Explora el software de casas de apuestas de \u00faltima generaci\u00f3n de AP Gaming, que ofrece funciones avanzadas de apuestas, gesti\u00f3n de riesgos y un rendimiento inigualable PIWI247.\",\"breadcrumb\":{\"@id\":\"https:\/\/www.piwi247.com\/es\/piwisportsprovider\/#breadcrumb\"},\"inLanguage\":\"es\",\"potentialAction\":[{\"@type\":\"ReadAction\",\"target\":[\"https:\/\/www.piwi247.com\/es\/piwisportsprovider\/\"]}]},{\"@type\":\"ImageObject\",\"inLanguage\":\"es\",\"@id\":\"https:\/\/www.piwi247.com\/es\/piwisportsprovider\/#primaryimage\",\"url\":\"https:\/\/www.piwi247.com\/es\/wp-content\/uploads\/sites\/6\/2025\/12\/product-header-pinnacle-sports-v1.webp\",\"contentUrl\":\"https:\/\/www.piwi247.com\/es\/wp-content\/uploads\/sites\/6\/2025\/12\/product-header-pinnacle-sports-v1.webp\",\"width\":944,\"height\":314},{\"@type\":\"BreadcrumbList\",\"@id\":\"https:\/\/www.piwi247.com\/es\/piwisportsprovider\/#breadcrumb\",\"itemListElement\":[{\"@type\":\"ListItem\",\"position\":1,\"name\":\"Home\",\"item\":\"https:\/\/www.piwi247.com\/es\/\"},{\"@type\":\"ListItem\",\"position\":2,\"name\":\"PIWI247 Sport impulsado por AP Gaming\"}]},{\"@type\":\"WebSite\",\"@id\":\"https:\/\/www.piwi247.com\/es\/#website\",\"url\":\"https:\/\/www.piwi247.com\/es\/\",\"name\":\"Spanish\",\"description\":\"PIWI247: PIWIX | Sports Betting | Casino\",\"potentialAction\":[{\"@type\":\"SearchAction\",\"target\":{\"@type\":\"EntryPoint\",\"urlTemplate\":\"https:\/\/www.piwi247.com\/es\/?s={search_term_string}\"},\"query-input\":{\"@type\":\"PropertyValueSpecification\",\"valueRequired\":true,\"valueName\":\"search_term_string\"}}],\"inLanguage\":\"es\"}]}<\/script>\n<!-- \/ Yoast SEO plugin. -->","yoast_head_json":{"title":"AP Gaming - Proveedor Software Casa de Apuestas | PIWI247","description":"Explora el software de casas de apuestas de \u00faltima generaci\u00f3n de AP Gaming, que ofrece funciones avanzadas de apuestas, gesti\u00f3n de riesgos y un rendimiento inigualable PIWI247.","robots":{"index":"index","follow":"follow","max-snippet":"max-snippet:-1","max-image-preview":"max-image-preview:large","max-video-preview":"max-video-preview:-1"},"canonical":"https:\/\/www.piwi247.com\/es\/piwisportsprovider\/","og_locale":"es_ES","og_type":"article","og_title":"AP Gaming - Proveedor Software Casa de Apuestas | PIWI247","og_description":"Explora el software de casas de apuestas de \u00faltima generaci\u00f3n de AP Gaming, que ofrece funciones avanzadas de apuestas, gesti\u00f3n de riesgos y un rendimiento inigualable PIWI247.","og_url":"https:\/\/www.piwi247.com\/es\/piwisportsprovider\/","og_site_name":"Spanish","article_modified_time":"2026-02-11T06:24:17+00:00","og_image":[{"width":944,"height":314,"url":"https:\/\/www.piwi247.com\/es\/wp-content\/uploads\/sites\/6\/2025\/12\/product-header-pinnacle-sports-v1.webp","type":"image\/webp"}],"twitter_card":"summary_large_image","twitter_misc":{"Est. reading time":"2 minutes"},"schema":{"@context":"https:\/\/schema.org","@graph":[{"@type":"WebPage","@id":"https:\/\/www.piwi247.com\/es\/piwisportsprovider\/","url":"https:\/\/www.piwi247.com\/es\/piwisportsprovider\/","name":"AP Gaming - Proveedor Software Casa de Apuestas | PIWI247","isPartOf":{"@id":"https:\/\/www.piwi247.com\/es\/#website"},"primaryImageOfPage":{"@id":"https:\/\/www.piwi247.com\/es\/piwisportsprovider\/#primaryimage"},"image":{"@id":"https:\/\/www.piwi247.com\/es\/piwisportsprovider\/#primaryimage"},"thumbnailUrl":"https:\/\/www.piwi247.com\/es\/wp-content\/uploads\/sites\/6\/2025\/12\/product-header-pinnacle-sports-v1.webp","datePublished":"2024-09-24T04:45:02+00:00","dateModified":"2026-02-11T06:24:17+00:00","description":"Explora el software de casas de apuestas de \u00faltima generaci\u00f3n de AP Gaming, que ofrece funciones avanzadas de apuestas, gesti\u00f3n de riesgos y un rendimiento inigualable PIWI247.","breadcrumb":{"@id":"https:\/\/www.piwi247.com\/es\/piwisportsprovider\/#breadcrumb"},"inLanguage":"es","potentialAction":[{"@type":"ReadAction","target":["https:\/\/www.piwi247.com\/es\/piwisportsprovider\/"]}]},{"@type":"ImageObject","inLanguage":"es","@id":"https:\/\/www.piwi247.com\/es\/piwisportsprovider\/#primaryimage","url":"https:\/\/www.piwi247.com\/es\/wp-content\/uploads\/sites\/6\/2025\/12\/product-header-pinnacle-sports-v1.webp","contentUrl":"https:\/\/www.piwi247.com\/es\/wp-content\/uploads\/sites\/6\/2025\/12\/product-header-pinnacle-sports-v1.webp","width":944,"height":314},{"@type":"BreadcrumbList","@id":"https:\/\/www.piwi247.com\/es\/piwisportsprovider\/#breadcrumb","itemListElement":[{"@type":"ListItem","position":1,"name":"Home","item":"https:\/\/www.piwi247.com\/es\/"},{"@type":"ListItem","position":2,"name":"PIWI247 Sport impulsado por AP Gaming"}]},{"@type":"WebSite","@id":"https:\/\/www.piwi247.com\/es\/#website","url":"https:\/\/www.piwi247.com\/es\/","name":"Spanish","description":"PIWI247: PIWIX | Sports Betting | Casino","potentialAction":[{"@type":"SearchAction","target":{"@type":"EntryPoint","urlTemplate":"https:\/\/www.piwi247.com\/es\/?s={search_term_string}"},"query-input":{"@type":"PropertyValueSpecification","valueRequired":true,"valueName":"search_term_string"}}],"inLanguage":"es"}]}},"_links":{"self":[{"href":"https:\/\/www.piwi247.com\/es\/wp-json\/wp\/v2\/pages\/494","targetHints":{"allow":["GET"]}}],"collection":[{"href":"https:\/\/www.piwi247.com\/es\/wp-json\/wp\/v2\/pages"}],"about":[{"href":"https:\/\/www.piwi247.com\/es\/wp-json\/wp\/v2\/types\/page"}],"author":[{"embeddable":true,"href":"https:\/\/www.piwi247.com\/es\/wp-json\/wp\/v2\/users\/2"}],"replies":[{"embeddable":true,"href":"https:\/\/www.piwi247.com\/es\/wp-json\/wp\/v2\/comments?post=494"}],"version-history":[{"count":17,"href":"https:\/\/www.piwi247.com\/es\/wp-json\/wp\/v2\/pages\/494\/revisions"}],"predecessor-version":[{"id":6944,"href":"https:\/\/www.piwi247.com\/es\/wp-json\/wp\/v2\/pages\/494\/revisions\/6944"}],"wp:featuredmedia":[{"embeddable":true,"href":"https:\/\/www.piwi247.com\/es\/wp-json\/wp\/v2\/media\/6919"}],"wp:attachment":[{"href":"https:\/\/www.piwi247.com\/es\/wp-json\/wp\/v2\/media?parent=494"}],"curies":[{"name":"wp","href":"https:\/\/api.w.org\/{rel}","templated":true}]}}