{"id":525,"date":"2024-09-24T05:59:44","date_gmt":"2024-09-24T05:59:44","guid":{"rendered":"https:\/\/pre-prod.piwi247.com\/es\/?page_id=525"},"modified":"2026-02-11T06:19:18","modified_gmt":"2026-02-11T06:19:18","slug":"piwix-apuestas-exchange-powered-by-betfair","status":"publish","type":"page","link":"https:\/\/www.piwi247.com\/es\/bettingexchange\/","title":{"rendered":"PIWIX: Apuestas Exchange"},"content":{"rendered":"\n[et_pb_section fb_built=&#8221;1&#8243; _builder_version=&#8221;4.27.0&#8243; _module_preset=&#8221;default&#8221; background_color=&#8221;RGBA(255,255,255,0)&#8221; custom_padding=&#8221;0px||0px||false|false&#8221; global_colors_info=&#8221;{}&#8221; theme_builder_area=&#8221;post_content&#8221;][et_pb_row _builder_version=&#8221;4.27.0&#8243; _module_preset=&#8221;default&#8221; width=&#8221;100%&#8221; max_width=&#8221;1280px&#8221; custom_padding=&#8221;0px||0px||false|false&#8221; global_colors_info=&#8221;{}&#8221; theme_builder_area=&#8221;post_content&#8221;][et_pb_column type=&#8221;4_4&#8243; _builder_version=&#8221;4.27.0&#8243; _module_preset=&#8221;default&#8221; global_colors_info=&#8221;{}&#8221; theme_builder_area=&#8221;post_content&#8221;][et_pb_text _builder_version=&#8221;4.27.0&#8243; _module_preset=&#8221;default&#8221; text_text_color=&#8221;#172530&#8243; text_font_size=&#8221;16px&#8221; header_2_font=&#8221;|700|||||||&#8221; header_2_text_color=&#8221;#172530&#8243; header_3_font=&#8221;|700|||||||&#8221; header_3_text_color=&#8221;#172530&#8243; global_colors_info=&#8221;{}&#8221; theme_builder_area=&#8221;post_content&#8221;]<p><strong>Betfair<\/strong><span>\u00a0es una apuesta Exchange en l\u00ednea que brinda servicios a usuarios de todo el mundo. Es la apuest de Exchange en l\u00ednea m\u00e1s grande del mundo, con clientes que pueden apostar en deportes, f\u00fatbol y carreras de caballos.<\/span><\/p>[\/et_pb_text][et_pb_text _builder_version=&#8221;4.27.0&#8243; _module_preset=&#8221;default&#8221; text_text_color=&#8221;#172530&#8243; text_font_size=&#8221;16px&#8221; header_2_font=&#8221;|700|||||||&#8221; header_2_text_color=&#8221;#172530&#8243; header_2_line_height=&#8221;1.3em&#8221; header_3_font=&#8221;|700|||||||&#8221; header_3_text_color=&#8221;#172530&#8243; custom_padding=&#8221;0px||||false|false&#8221; global_colors_info=&#8221;{}&#8221; theme_builder_area=&#8221;post_content&#8221;]<h2>\u00bfQu\u00e9 es una Apuesta Exchange y c\u00f3mo funciona?<\/h2>\n<p><span>A diferencia de las apuestas en una casa de apuestas deportivas, donde los clientes apuestan contra las cuotas preestablecidas de la casa de apuestas, un exchange permite a los usuarios apostar unos contra otros.<\/span><\/p>\n<p><span>Puede hacer apuestas back y lay sobre el resultado de eventos discretos en un intercambio de apuestas. Al utilizar las apuestas combinadas, puede reducir el riesgo de perder dinero.<\/span><\/p>\n<p><span>Las cuotas que se ofrecen para una apuesta en particular est\u00e1n determinadas por la cantidad de clientes de backing y laying en una apuesta de intercambio. Cuanto mejor sea la liquidez para un determinado mercado de apuestas, m\u00e1s competitivas ser\u00e1n las cuotas. Los clientes pueden crear mercados de apuestas en los intercambios de apuestas, que cobran una comisi\u00f3n por las apuestas ganadoras. Entonces, \u00bfc\u00f3mo haces para backing y laying? \u00bfQu\u00e9 son las apuestas igualadas y c\u00f3mo funcionan? Aqu\u00ed est\u00e1 todo lo que necesita saber:<\/span><\/p>[\/et_pb_text][et_pb_text _builder_version=&#8221;4.27.0&#8243; _module_preset=&#8221;default&#8221; text_text_color=&#8221;#172530&#8243; text_font_size=&#8221;16px&#8221; header_2_font=&#8221;|700|||||||&#8221; header_2_text_color=&#8221;#172530&#8243; header_2_line_height=&#8221;1.3em&#8221; header_3_font=&#8221;|700|||||||&#8221; header_3_text_color=&#8221;#172530&#8243; custom_padding=&#8221;0px||||false|false&#8221; global_colors_info=&#8221;{}&#8221; theme_builder_area=&#8221;post_content&#8221;]<h2>Backing<\/h2>\n<p><span>Una apuesta back es cuando predices que un resultado espec\u00edfico realmente suceder\u00e1. Por ejemplo, si apuestas a que el Liverpool gana contra el Arsenal en un partido de la Premier League inglesa. Tu apuesta ser\u00e1 igualada con la de otro usuario que apostar\u00e1 a que el Liverpool no ganar\u00e1.<\/span><\/p>\n<p><span>Una plataforma de apuestas de exchangepuede hacer coincidir su apuesta respaldada con numerosas partes contrarias si un mercado de apuestas Back es muy popular. A diferencia de las apuestas deportivas tradicionales, las cuotas que se ofrecen para Back Bet est\u00e1n determinadas por el volumen de apuestas del mercado. No est\u00e1s apostando contra un corredor de apuestas; en cambio, est\u00e1s apostando contra otras personas.<\/span><\/p>[\/et_pb_text][et_pb_text _builder_version=&#8221;4.27.0&#8243; _module_preset=&#8221;default&#8221; text_text_color=&#8221;#172530&#8243; text_font_size=&#8221;16px&#8221; header_2_font=&#8221;|700|||||||&#8221; header_2_text_color=&#8221;#172530&#8243; header_2_line_height=&#8221;1.3em&#8221; header_3_font=&#8221;|700|||||||&#8221; header_3_text_color=&#8221;#172530&#8243; custom_padding=&#8221;0px||||false|false&#8221; global_colors_info=&#8221;{}&#8221; theme_builder_area=&#8221;post_content&#8221;]<h2>Laying<\/h2>\n<p><span>En un mercado de apuestas, las apuestas lay implican que los apostadores act\u00faen como su propio corredor de apuestas, ofreciendo cuotas para vender en una apuesta que les gustar\u00eda que los clientes respaldaran en lugar de hacer back una apuesta. En una palabra, los sitios de apuestas lay implican que los apostadores hagan una apuesta cuyo resultado esperan que no ocurra durante un concurso.<\/span><\/p>[\/et_pb_text][et_pb_text _builder_version=&#8221;4.27.0&#8243; _module_preset=&#8221;default&#8221; text_text_color=&#8221;#172530&#8243; text_font_size=&#8221;16px&#8221; header_2_font=&#8221;|700|||||||&#8221; header_2_text_color=&#8221;#172530&#8243; header_2_line_height=&#8221;1.3em&#8221; header_3_font=&#8221;|700|||||||&#8221; header_3_text_color=&#8221;#172530&#8243; custom_padding=&#8221;0px||||false|false&#8221; global_colors_info=&#8221;{}&#8221; theme_builder_area=&#8221;post_content&#8221;]<h2><span>Apuestas igualadas<\/span><\/h2>\n<p class=\"custom-link\">Al utilizar<span>\u00a0<\/span><a href=\"https:\/\/promo.piwi88.com\/piwinew300\/\" title=\"30% Freebet up to 300 EUR bonus\">los bonos de apuestas gratuitas<\/a><span>\u00a0<\/span>y los incentivos de las casas de apuestas, las apuestas igualadas implican realizar numerosas apuestas para cubrir todos los resultados posibles de un partido y ofrecer una estrategia sin riesgos. Una apuesta igualada es aquella en la que realiza una apuesta a favor del Liverpool para ganar un partido utilizando una apuesta gratuita y una apuesta en contra del Liverpool para perder un partido mientras apuesta suficiente dinero para asegurarse de no perder. Debe ser miembro de al menos dos apuestas de exchanges.<\/p>[\/et_pb_text][et_pb_text _builder_version=&#8221;4.27.0&#8243; _module_preset=&#8221;default&#8221; text_text_color=&#8221;#172530&#8243; text_font_size=&#8221;16px&#8221; header_2_font=&#8221;|700|||||||&#8221; header_2_text_color=&#8221;#172530&#8243; header_2_line_height=&#8221;1.3em&#8221; header_3_font=&#8221;|700|||||||&#8221; header_3_text_color=&#8221;#172530&#8243; custom_padding=&#8221;0px||||false|false&#8221; global_colors_info=&#8221;{}&#8221; theme_builder_area=&#8221;post_content&#8221;]<h2><span>Apuestas Deportivas vs Apuestas Deportivas de Exchange<\/span><\/h2>\n<span>Una casa de apuestas deportivas es un lugar donde puede apostar en mercados interesantes con cuotas establecidas por un corredor de apuestas. En las variantes de apuestas, los sitios de apuestas cobran un margen de ganancias conocido como el margen de la casa de apuestas, cuya popularidad afecta la competitividad de la calidad de las cuotas proporcionadas por un sitio de apuestas.<\/span>\n\n<span>Los t\u00e9rminos \u201cbacking y laying\u201d no se utilizan en una casa de apuestas deportivas. Los jugadores apuestan por el resultado de un evento deportivo a trav\u00e9s de un sitio de apuestas.<\/span>\n\n<span>Por otro lado, las apuestas exchange ofrecen cuotas que se deciden seg\u00fan la popularidad del mercado de apuestas en cuesti\u00f3n. Cuanta m\u00e1s liquidez haya en los mercados de apuestas, m\u00e1s competitivas ser\u00e1n las cuotas.<\/span>\n<p class=\"custom-link\"><span>A diferencia de las casas de apuestas deportivas, que cobran un margen de ganancia en todas las apuestas realizadas, los apuestas de exchange cobran una comisi\u00f3n por las apuestas ganadoras. \u00a1PIWI247 ofrece la comisi\u00f3n m\u00e1s baja en las apuestas de exchange! Las casas de apuestas deportivas tienen un control completo sobre las apuestas realizadas, mientras que las apuestas de exchangeson simplemente un lugar tanto para backing como para laying. \u00a1Obtenga m\u00e1s informaci\u00f3n sobre Betting Exchange y<\/span>\u00a0<a href=\"\/signup\" title=\"Sign up with PIWI247\">reg\u00edstrese hoy en PIWI247!<\/a><\/p>[\/et_pb_text][\/et_pb_column][\/et_pb_row][\/et_pb_section]\n","protected":false},"excerpt":{"rendered":"<p>Betfair\u00a0es una apuesta Exchange en l\u00ednea que brinda servicios a usuarios de todo el mundo. Es la apuest de Exchange en l\u00ednea m\u00e1s grande del mundo, con clientes que pueden apostar en deportes, f\u00fatbol y carreras de caballos.\u00bfQu\u00e9 es una Apuesta Exchange y c\u00f3mo funciona? A diferencia de las apuestas en una casa de apuestas [&hellip;]<\/p>\n","protected":false},"author":2,"featured_media":6917,"parent":0,"menu_order":0,"comment_status":"closed","ping_status":"closed","template":"","meta":{"_et_pb_use_builder":"on","_et_pb_old_content":"","_et_gb_content_width":"","inline_featured_image":false,"footnotes":""},"class_list":["post-525","page","type-page","status-publish","has-post-thumbnail","hentry"],"yoast_head":"<!-- This site is optimized with the Yoast SEO plugin v25.7 - https:\/\/yoast.com\/wordpress\/plugins\/seo\/ -->\n<title>Betfair Exchange - Peer-to-Peer Plataforma de Apuestas | PIWI247<\/title>\n<meta name=\"description\" content=\"Apuesta de forma m\u00e1s inteligente con Betfair Exchange en PIWI247. Disfruta de apuestas entre usuarios con mejores cuotas, mercados flexibles y un control inigualable sobre tus apuestas.\" \/>\n<meta name=\"robots\" content=\"index, follow, max-snippet:-1, max-image-preview:large, max-video-preview:-1\" \/>\n<link rel=\"canonical\" href=\"https:\/\/www.piwi247.com\/es\/bettingexchange\/\" \/>\n<meta property=\"og:locale\" content=\"es_ES\" \/>\n<meta property=\"og:type\" content=\"article\" \/>\n<meta property=\"og:title\" content=\"Betfair Exchange - Peer-to-Peer Plataforma de Apuestas | PIWI247\" \/>\n<meta property=\"og:description\" content=\"Apuesta de forma m\u00e1s inteligente con Betfair Exchange en PIWI247. Disfruta de apuestas entre usuarios con mejores cuotas, mercados flexibles y un control inigualable sobre tus apuestas.\" \/>\n<meta property=\"og:url\" content=\"https:\/\/www.piwi247.com\/es\/bettingexchange\/\" \/>\n<meta property=\"og:site_name\" content=\"Spanish\" \/>\n<meta property=\"article:modified_time\" content=\"2026-02-11T06:19:18+00:00\" \/>\n<meta property=\"og:image\" content=\"https:\/\/www.piwi247.com\/es\/wp-content\/uploads\/sites\/6\/2025\/12\/product-header-piwix-v1.webp\" \/>\n\t<meta property=\"og:image:width\" content=\"950\" \/>\n\t<meta property=\"og:image:height\" content=\"314\" \/>\n\t<meta property=\"og:image:type\" content=\"image\/webp\" \/>\n<meta name=\"twitter:card\" content=\"summary_large_image\" \/>\n<meta name=\"twitter:label1\" content=\"Est. reading time\" \/>\n\t<meta name=\"twitter:data1\" content=\"4 minutes\" \/>\n<script type=\"application\/ld+json\" class=\"yoast-schema-graph\">{\"@context\":\"https:\/\/schema.org\",\"@graph\":[{\"@type\":\"WebPage\",\"@id\":\"https:\/\/www.piwi247.com\/es\/bettingexchange\/\",\"url\":\"https:\/\/www.piwi247.com\/es\/bettingexchange\/\",\"name\":\"Betfair Exchange - Peer-to-Peer Plataforma de Apuestas | PIWI247\",\"isPartOf\":{\"@id\":\"https:\/\/www.piwi247.com\/es\/#website\"},\"primaryImageOfPage\":{\"@id\":\"https:\/\/www.piwi247.com\/es\/bettingexchange\/#primaryimage\"},\"image\":{\"@id\":\"https:\/\/www.piwi247.com\/es\/bettingexchange\/#primaryimage\"},\"thumbnailUrl\":\"https:\/\/www.piwi247.com\/es\/wp-content\/uploads\/sites\/6\/2025\/12\/product-header-piwix-v1.webp\",\"datePublished\":\"2024-09-24T05:59:44+00:00\",\"dateModified\":\"2026-02-11T06:19:18+00:00\",\"description\":\"Apuesta de forma m\u00e1s inteligente con Betfair Exchange en PIWI247. Disfruta de apuestas entre usuarios con mejores cuotas, mercados flexibles y un control inigualable sobre tus apuestas.\",\"breadcrumb\":{\"@id\":\"https:\/\/www.piwi247.com\/es\/bettingexchange\/#breadcrumb\"},\"inLanguage\":\"es\",\"potentialAction\":[{\"@type\":\"ReadAction\",\"target\":[\"https:\/\/www.piwi247.com\/es\/bettingexchange\/\"]}]},{\"@type\":\"ImageObject\",\"inLanguage\":\"es\",\"@id\":\"https:\/\/www.piwi247.com\/es\/bettingexchange\/#primaryimage\",\"url\":\"https:\/\/www.piwi247.com\/es\/wp-content\/uploads\/sites\/6\/2025\/12\/product-header-piwix-v1.webp\",\"contentUrl\":\"https:\/\/www.piwi247.com\/es\/wp-content\/uploads\/sites\/6\/2025\/12\/product-header-piwix-v1.webp\",\"width\":950,\"height\":314},{\"@type\":\"BreadcrumbList\",\"@id\":\"https:\/\/www.piwi247.com\/es\/bettingexchange\/#breadcrumb\",\"itemListElement\":[{\"@type\":\"ListItem\",\"position\":1,\"name\":\"Home\",\"item\":\"https:\/\/www.piwi247.com\/es\/\"},{\"@type\":\"ListItem\",\"position\":2,\"name\":\"PIWIX: Apuestas Exchange\"}]},{\"@type\":\"WebSite\",\"@id\":\"https:\/\/www.piwi247.com\/es\/#website\",\"url\":\"https:\/\/www.piwi247.com\/es\/\",\"name\":\"Spanish\",\"description\":\"PIWI247: PIWIX | Sports Betting | Casino\",\"potentialAction\":[{\"@type\":\"SearchAction\",\"target\":{\"@type\":\"EntryPoint\",\"urlTemplate\":\"https:\/\/www.piwi247.com\/es\/?s={search_term_string}\"},\"query-input\":{\"@type\":\"PropertyValueSpecification\",\"valueRequired\":true,\"valueName\":\"search_term_string\"}}],\"inLanguage\":\"es\"}]}<\/script>\n<!-- \/ Yoast SEO plugin. -->","yoast_head_json":{"title":"Betfair Exchange - Peer-to-Peer Plataforma de Apuestas | PIWI247","description":"Apuesta de forma m\u00e1s inteligente con Betfair Exchange en PIWI247. Disfruta de apuestas entre usuarios con mejores cuotas, mercados flexibles y un control inigualable sobre tus apuestas.","robots":{"index":"index","follow":"follow","max-snippet":"max-snippet:-1","max-image-preview":"max-image-preview:large","max-video-preview":"max-video-preview:-1"},"canonical":"https:\/\/www.piwi247.com\/es\/bettingexchange\/","og_locale":"es_ES","og_type":"article","og_title":"Betfair Exchange - Peer-to-Peer Plataforma de Apuestas | PIWI247","og_description":"Apuesta de forma m\u00e1s inteligente con Betfair Exchange en PIWI247. Disfruta de apuestas entre usuarios con mejores cuotas, mercados flexibles y un control inigualable sobre tus apuestas.","og_url":"https:\/\/www.piwi247.com\/es\/bettingexchange\/","og_site_name":"Spanish","article_modified_time":"2026-02-11T06:19:18+00:00","og_image":[{"width":950,"height":314,"url":"https:\/\/www.piwi247.com\/es\/wp-content\/uploads\/sites\/6\/2025\/12\/product-header-piwix-v1.webp","type":"image\/webp"}],"twitter_card":"summary_large_image","twitter_misc":{"Est. reading time":"4 minutes"},"schema":{"@context":"https:\/\/schema.org","@graph":[{"@type":"WebPage","@id":"https:\/\/www.piwi247.com\/es\/bettingexchange\/","url":"https:\/\/www.piwi247.com\/es\/bettingexchange\/","name":"Betfair Exchange - Peer-to-Peer Plataforma de Apuestas | PIWI247","isPartOf":{"@id":"https:\/\/www.piwi247.com\/es\/#website"},"primaryImageOfPage":{"@id":"https:\/\/www.piwi247.com\/es\/bettingexchange\/#primaryimage"},"image":{"@id":"https:\/\/www.piwi247.com\/es\/bettingexchange\/#primaryimage"},"thumbnailUrl":"https:\/\/www.piwi247.com\/es\/wp-content\/uploads\/sites\/6\/2025\/12\/product-header-piwix-v1.webp","datePublished":"2024-09-24T05:59:44+00:00","dateModified":"2026-02-11T06:19:18+00:00","description":"Apuesta de forma m\u00e1s inteligente con Betfair Exchange en PIWI247. Disfruta de apuestas entre usuarios con mejores cuotas, mercados flexibles y un control inigualable sobre tus apuestas.","breadcrumb":{"@id":"https:\/\/www.piwi247.com\/es\/bettingexchange\/#breadcrumb"},"inLanguage":"es","potentialAction":[{"@type":"ReadAction","target":["https:\/\/www.piwi247.com\/es\/bettingexchange\/"]}]},{"@type":"ImageObject","inLanguage":"es","@id":"https:\/\/www.piwi247.com\/es\/bettingexchange\/#primaryimage","url":"https:\/\/www.piwi247.com\/es\/wp-content\/uploads\/sites\/6\/2025\/12\/product-header-piwix-v1.webp","contentUrl":"https:\/\/www.piwi247.com\/es\/wp-content\/uploads\/sites\/6\/2025\/12\/product-header-piwix-v1.webp","width":950,"height":314},{"@type":"BreadcrumbList","@id":"https:\/\/www.piwi247.com\/es\/bettingexchange\/#breadcrumb","itemListElement":[{"@type":"ListItem","position":1,"name":"Home","item":"https:\/\/www.piwi247.com\/es\/"},{"@type":"ListItem","position":2,"name":"PIWIX: Apuestas Exchange"}]},{"@type":"WebSite","@id":"https:\/\/www.piwi247.com\/es\/#website","url":"https:\/\/www.piwi247.com\/es\/","name":"Spanish","description":"PIWI247: PIWIX | Sports Betting | Casino","potentialAction":[{"@type":"SearchAction","target":{"@type":"EntryPoint","urlTemplate":"https:\/\/www.piwi247.com\/es\/?s={search_term_string}"},"query-input":{"@type":"PropertyValueSpecification","valueRequired":true,"valueName":"search_term_string"}}],"inLanguage":"es"}]}},"_links":{"self":[{"href":"https:\/\/www.piwi247.com\/es\/wp-json\/wp\/v2\/pages\/525","targetHints":{"allow":["GET"]}}],"collection":[{"href":"https:\/\/www.piwi247.com\/es\/wp-json\/wp\/v2\/pages"}],"about":[{"href":"https:\/\/www.piwi247.com\/es\/wp-json\/wp\/v2\/types\/page"}],"author":[{"embeddable":true,"href":"https:\/\/www.piwi247.com\/es\/wp-json\/wp\/v2\/users\/2"}],"replies":[{"embeddable":true,"href":"https:\/\/www.piwi247.com\/es\/wp-json\/wp\/v2\/comments?post=525"}],"version-history":[{"count":15,"href":"https:\/\/www.piwi247.com\/es\/wp-json\/wp\/v2\/pages\/525\/revisions"}],"predecessor-version":[{"id":6936,"href":"https:\/\/www.piwi247.com\/es\/wp-json\/wp\/v2\/pages\/525\/revisions\/6936"}],"wp:featuredmedia":[{"embeddable":true,"href":"https:\/\/www.piwi247.com\/es\/wp-json\/wp\/v2\/media\/6917"}],"wp:attachment":[{"href":"https:\/\/www.piwi247.com\/es\/wp-json\/wp\/v2\/media?parent=525"}],"curies":[{"name":"wp","href":"https:\/\/api.w.org\/{rel}","templated":true}]}}