{"id":537,"date":"2024-09-24T06:09:33","date_gmt":"2024-09-24T06:09:33","guid":{"rendered":"https:\/\/pre-prod.piwi247.com\/es\/?page_id=537"},"modified":"2024-10-24T05:13:29","modified_gmt":"2024-10-24T05:13:29","slug":"experimenta-la-emocion-de-piwislots-y-casino-en-vivo-en-piwi247","status":"publish","type":"page","link":"https:\/\/www.piwi247.com\/es\/piwislots\/","title":{"rendered":"Experimenta la emoci\u00f3n de PIWISlots y Casino en Vivo en PIWI247"},"content":{"rendered":"\n[et_pb_section fb_built=&#8221;1&#8243; _builder_version=&#8221;4.27.0&#8243; _module_preset=&#8221;default&#8221; background_color=&#8221;RGBA(255,255,255,0)&#8221; custom_padding=&#8221;0px||0px||false|false&#8221; hover_enabled=&#8221;0&#8243; global_colors_info=&#8221;{}&#8221; theme_builder_area=&#8221;post_content&#8221; sticky_enabled=&#8221;0&#8243;][et_pb_row _builder_version=&#8221;4.27.0&#8243; _module_preset=&#8221;default&#8221; width=&#8221;100%&#8221; max_width=&#8221;1280px&#8221; custom_padding=&#8221;0px||0px||false|false&#8221; hover_enabled=&#8221;0&#8243; global_colors_info=&#8221;{}&#8221; theme_builder_area=&#8221;post_content&#8221; sticky_enabled=&#8221;0&#8243;][et_pb_column type=&#8221;4_4&#8243; _builder_version=&#8221;4.27.0&#8243; _module_preset=&#8221;default&#8221; global_colors_info=&#8221;{}&#8221; theme_builder_area=&#8221;post_content&#8221;][et_pb_text _builder_version=&#8221;4.27.0&#8243; _module_preset=&#8221;default&#8221; text_text_color=&#8221;#172530&#8243; text_font_size=&#8221;16px&#8221; header_2_font=&#8221;|700|||||||&#8221; header_2_text_color=&#8221;#172530&#8243; header_3_font=&#8221;|700|||||||&#8221; header_3_text_color=&#8221;#172530&#8243; global_colors_info=&#8221;{}&#8221; theme_builder_area=&#8221;post_content&#8221;]<p><span>En\u00a0<\/span><strong>PIWI247<\/strong><span>, estamos encantados de ofrecer una experiencia de juego emocionante con nuestro\u00a0<\/span><strong>PIWISlots<\/strong><span>\u00a0y Casino en Vivo, impulsado por el renombrado Pragmatic Play. Sum\u00e9rgete en el mundo del juego en l\u00ednea, donde la emoci\u00f3n de un casino real se combina con la comodidad de jugar desde tu propia casa.<\/span><\/p>[\/et_pb_text][et_pb_text _builder_version=&#8221;4.27.0&#8243; _module_preset=&#8221;default&#8221; text_text_color=&#8221;#172530&#8243; text_font_size=&#8221;16px&#8221; header_2_font=&#8221;|700|||||||&#8221; header_2_text_color=&#8221;#172530&#8243; header_3_font=&#8221;|700|||||||&#8221; header_3_text_color=&#8221;#172530&#8243; custom_padding=&#8221;0px||||false|false&#8221; hover_enabled=&#8221;0&#8243; global_colors_info=&#8221;{}&#8221; theme_builder_area=&#8221;post_content&#8221; header_2_line_height=&#8221;1.3em&#8221; sticky_enabled=&#8221;0&#8243;]<h2>Descubre la emoci\u00f3n de los Juegos de Casino en Vivo<\/h2>\nNuestro Casino en Vivo, impulsado por Pragmatic Play, lleva el aut\u00e9ntico ambiente de casino directamente a tu pantalla. Interact\u00faa con dealers profesionales y disfruta de la acci\u00f3n en tiempo real mientras juegas a tus juegos de mesa favoritos. Ya sea que prefieras blackjack, la ruleta o baccarat, nuestro casino en vivo te ofrece una variedad de opciones para adaptarse a tus gustos. A continuaci\u00f3n, te explicamos por qu\u00e9 deber\u00edas probar nuestros juegos de casino en vivo:\n<ul style=\"margin-top: 10px;\">\n\t<li><strong>Interacci\u00f3n en Tiempo Real:<\/strong><span>\u00a0<\/span>Experimenta la emoci\u00f3n de interactuar con dealers en vivo y otros jugadores, a\u00f1adiendo un elemento social a tu experiencia de juego.<\/li>\n\t<li><strong>Transmisi\u00f3n de Alta Calidad:<\/strong><span>\u00a0<\/span>Disfruta de una transmisi\u00f3n fluida con im\u00e1genes y sonidos n\u00edtidos, asegurando de que no te pierdas ni un momento de la acci\u00f3n.<\/li>\n\t<li><strong>Variedad de Juegos:<\/strong><span>\u00a0<\/span>Elige entre una amplia gama de juegos de casino populares, cada uno ofreciendo una emoci\u00f3n \u00fanica y oportunidades de ganar.<\/li>\n<\/ul>[\/et_pb_text][et_pb_text _builder_version=&#8221;4.27.0&#8243; _module_preset=&#8221;default&#8221; text_text_color=&#8221;#172530&#8243; text_font_size=&#8221;16px&#8221; header_2_font=&#8221;|700|||||||&#8221; header_2_text_color=&#8221;#172530&#8243; header_3_font=&#8221;|700|||||||&#8221; header_3_text_color=&#8221;#172530&#8243; custom_padding=&#8221;0px||||false|false&#8221; hover_enabled=&#8221;0&#8243; global_colors_info=&#8221;{}&#8221; theme_builder_area=&#8221;post_content&#8221; header_2_line_height=&#8221;1.3em&#8221; custom_margin=&#8221;-10px||||false|false&#8221; sticky_enabled=&#8221;0&#8243;]<h2>Explora Nuestro PIWISlots<\/h2>\nAdem\u00e1s de nuestras ofertas de casino en vivo, nos enorgullece presentar<span>\u00a0<\/span><strong>PIWISlots<\/strong>, con juegos de primer nivel de Pragmatic Play. Estos tragamonedas han sido cuidadosamente seleccionadas por sus temas envolventes, gr\u00e1ficos impresionantes y bonificaciones gratificantes. Esto es lo que hace que nuestros<span>\u00a0<\/span><strong>PIWISlots<\/strong><span>\u00a0<\/span>sean imprescindibles:\n<ul style=\"margin-top: 10px;\">\n\t<li><strong>Temas Diversos:<\/strong><span>\u00a0<\/span>Desde civilizaciones antiguas hasta aventuras futuristas, nuestros tragamonedas cubren una amplia gama de temas para mantener entretenido a cada jugador.<\/li>\n\t<li><strong>Emocionantes Funciones de Bonificaci\u00f3n:<\/strong><span>\u00a0<\/span>Aprovecha los s\u00edmbolos wild, giros gratis y multiplicadores que aumentan tu potencial de ganar.<\/li>\n\t<li><strong>Interfaz F\u00e1cil de Utilizar:<\/strong><span>\u00a0<\/span>Disfruta de una navegaci\u00f3n y jugabilidad sencilla, ya seas un entusiasta experimentado de las tragamonedas o las est\u00e9s probando por primera vez.<\/li>\n<\/ul>[\/et_pb_text][et_pb_text _builder_version=&#8221;4.27.0&#8243; _module_preset=&#8221;default&#8221; text_text_color=&#8221;#172530&#8243; text_font_size=&#8221;16px&#8221; header_2_font=&#8221;|700|||||||&#8221; header_2_text_color=&#8221;#172530&#8243; header_3_font=&#8221;|700|||||||&#8221; header_3_text_color=&#8221;#172530&#8243; custom_padding=&#8221;0px||||false|false&#8221; hover_enabled=&#8221;0&#8243; global_colors_info=&#8221;{}&#8221; theme_builder_area=&#8221;post_content&#8221; custom_margin=&#8221;-10px||||false|false&#8221; header_2_line_height=&#8221;1.3em&#8221; sticky_enabled=&#8221;0&#8243;]<h2>Juegos de Slots Destacados<\/h2>\n<p>Experimenta la emoci\u00f3n de nuestros juegos de tragamonedas destacados, incluyendo:<\/p>\n<div style=\"display: flex; gap: 50px; width: 100%; margin-top: 10px;\">\n<ul style=\"width: 50%; padding-bottom: 0;\">\n<li><strong>Gates of Olympus<\/strong><\/li>\n<li><strong>Sweet Bonanza<\/strong><\/li>\n<li><strong>Wolf Gold<\/strong><\/li>\n<li><strong>Sugar Rush<\/strong><\/li>\n<li><strong>Big Bass Bonanza<\/strong><\/li>\n<li><strong>Big Bass Amazon Xtreme<\/strong><\/li>\n<li><strong>The Dog House<\/strong><\/li>\n<li><strong>Mustang Gold<\/strong><\/li>\n<li><strong>Buffalo King<\/strong><\/li>\n<li><strong> John Hunter and the Book of Tut <\/strong><\/li>\n<\/ul>\n<ul style=\"width: 50%; padding-bottom: 0;\">\n<li><strong> Rise of Pyramids <\/strong><\/li>\n<li><strong> Starlight Princess Pachi <\/strong><\/li>\n<li><strong> Revenge of Loki Megaways <\/strong><\/li>\n<li><strong> Dwarf &amp; Dragon <\/strong><\/li>\n<li><strong> Devilicious <\/strong><\/li>\n<li><strong> Fruity Treats <\/strong><\/li>\n<li><strong> Medusa\u2019s Stone <\/strong><\/li>\n<li><strong> Wildies <\/strong><\/li>\n<li><strong> Heroic Spins <\/strong><\/li>\n<li><strong> Front Runner Odds On <\/strong><\/li>\n<\/ul>\n<\/div>[\/et_pb_text][et_pb_text _builder_version=&#8221;4.27.0&#8243; _module_preset=&#8221;default&#8221; text_text_color=&#8221;#172530&#8243; text_font_size=&#8221;16px&#8221; header_2_font=&#8221;|700|||||||&#8221; header_2_text_color=&#8221;#172530&#8243; header_3_font=&#8221;|700|||||||&#8221; header_3_text_color=&#8221;#172530&#8243; custom_padding=&#8221;10px||||false|false&#8221; hover_enabled=&#8221;0&#8243; global_colors_info=&#8221;{}&#8221; theme_builder_area=&#8221;post_content&#8221; header_2_line_height=&#8221;1.3em&#8221; sticky_enabled=&#8221;0&#8243;]<h2>\u00bfPor qu\u00e9 elegir PIWI247?<\/h2>\n<p>En<span>\u00a0<\/span><strong>PIWI247<\/strong><span>\u00a0<\/span>priorizamos ofrecer una experiencia de juego seguro, protegido y agradable. Nuestra plataforma est\u00e1 dise\u00f1ada pensando en la comodidad del usuario y cuenta con:<\/p>\n<ul style=\"margin-top: 10px;\">\n<li><strong>F\u00e1cil Acceso:<\/strong><span>\u00a0<\/span>Reg\u00edstrate o inicia sesi\u00f3n en<span>\u00a0<\/span><strong>PIWI247<\/strong><span>\u00a0<\/span>para acceder instant\u00e1neamente a nuestra gama de juegos de casino en vivo y PIWISlots.<\/li>\n<li><strong>Transacciones Seguras:<\/strong><span>\u00a0<\/span>Conf\u00eda en nuestras s\u00f3lidas medidas de seguridad para mantener seguras tus transacciones e informaci\u00f3n personal.<\/li>\n<li><strong>Soporte Receptivo:<\/strong><span>\u00a0<\/span>Nuestro dedicado equipo de atenci\u00f3n al cliente est\u00e1 disponible para ayudarte con cualquier pregunta o inquietud, asegurando una experiencia fluida y satisfactoria.<\/li>\n<\/ul>[\/et_pb_text][et_pb_text _builder_version=&#8221;4.27.0&#8243; _module_preset=&#8221;default&#8221; text_text_color=&#8221;#172530&#8243; text_font_size=&#8221;16px&#8221; header_2_font=&#8221;|700|||||||&#8221; header_2_text_color=&#8221;#172530&#8243; header_3_font=&#8221;|700|||||||&#8221; header_3_text_color=&#8221;#172530&#8243; custom_padding=&#8221;0px||30px||false|false&#8221; hover_enabled=&#8221;0&#8243; global_colors_info=&#8221;{}&#8221; theme_builder_area=&#8221;post_content&#8221; custom_margin=&#8221;-10px||||false|false&#8221; header_2_line_height=&#8221;1.3em&#8221; sticky_enabled=&#8221;0&#8243;]<h2>\u00bfC\u00f3mo Comenzar?<\/h2>\n<ul>\n<li><strong>Visita PIWI247:<\/strong><span>\u00a0<\/span>Dir\u00edgete a<span>\u00a0<\/span><strong>PIWI247<\/strong><span>\u00a0<\/span>y crea tu cuenta o inicia sesi\u00f3n para acceder a la plataforma de juegos.<\/li>\n<li><strong>Explora los Juegos:<\/strong><span>\u00a0<\/span>Navega a la secci\u00f3n de Casino en Vivo o<span>\u00a0<\/span><strong>PIWISlots<\/strong><span>\u00a0<\/span>para descubrir los juegos disponibles.<\/li>\n<li><strong>Disfruta y Gana:<\/strong><span>\u00a0<\/span>Elige tus juegos favoritos, haz tus apuestas y disfruta de la emoci\u00f3n de ganar.<\/li>\n<\/ul>\n<ul><\/ul>\n<p>\u00a1<strong>PIWI247<\/strong><span>\u00a0<\/span>es tu Puerta de entrada a la mejor experiencia de juego en l\u00ednea! Con nuestro Casino en Vivo y<span>\u00a0<\/span><strong>PIWISlots<\/strong><span>\u00a0<\/span>impulsados por Pragmatic Play, te traemos la emoci\u00f3n de un casino real y la comodidad de jugar desde cualquier lugar. \u00a1\u00danete hoy y eleva tu aventura de juego a nuevas alturas!<\/p>[\/et_pb_text][\/et_pb_column][\/et_pb_row][\/et_pb_section]\n","protected":false},"excerpt":{"rendered":"<p>En\u00a0PIWI247, estamos encantados de ofrecer una experiencia de juego emocionante con nuestro\u00a0PIWISlots\u00a0y Casino en Vivo, impulsado por el renombrado Pragmatic Play. Sum\u00e9rgete en el mundo del juego en l\u00ednea, donde la emoci\u00f3n de un casino real se combina con la comodidad de jugar desde tu propia casa.Descubre la emoci\u00f3n de los Juegos de Casino en [&hellip;]<\/p>\n","protected":false},"author":2,"featured_media":491,"parent":0,"menu_order":0,"comment_status":"closed","ping_status":"closed","template":"","meta":{"_et_pb_use_builder":"on","_et_pb_old_content":"","_et_gb_content_width":"","inline_featured_image":false,"footnotes":""},"class_list":["post-537","page","type-page","status-publish","has-post-thumbnail","hentry"],"yoast_head":"<!-- This site is optimized with the Yoast SEO plugin v25.7 - https:\/\/yoast.com\/wordpress\/plugins\/seo\/ -->\n<title>Experimenta la Emoci\u00f3n de las Tragamonedas y el Casino en Vivo<\/title>\n<meta name=\"description\" content=\"Disfruta de los mejores juegos y la acci\u00f3n en vivo con PIWISlots y elCasino en Vivo en PIWI247!\" \/>\n<meta name=\"robots\" content=\"index, follow, max-snippet:-1, max-image-preview:large, max-video-preview:-1\" \/>\n<link rel=\"canonical\" href=\"https:\/\/www.piwi247.com\/es\/piwislots\/\" \/>\n<meta property=\"og:locale\" content=\"es_ES\" \/>\n<meta property=\"og:type\" content=\"article\" \/>\n<meta property=\"og:title\" content=\"Experimenta la Emoci\u00f3n de las Tragamonedas y el Casino en Vivo\" \/>\n<meta property=\"og:description\" content=\"Disfruta de los mejores juegos y la acci\u00f3n en vivo con PIWISlots y elCasino en Vivo en PIWI247!\" \/>\n<meta property=\"og:url\" content=\"https:\/\/www.piwi247.com\/es\/piwislots\/\" \/>\n<meta property=\"og:site_name\" content=\"Spanish\" \/>\n<meta property=\"article:modified_time\" content=\"2024-10-24T05:13:29+00:00\" \/>\n<meta property=\"og:image\" content=\"https:\/\/www.piwi247.com\/es\/wp-content\/uploads\/sites\/6\/2024\/09\/piwi-slots-product-page-header-2.png\" \/>\n\t<meta property=\"og:image:width\" content=\"921\" \/>\n\t<meta property=\"og:image:height\" content=\"314\" \/>\n\t<meta property=\"og:image:type\" content=\"image\/png\" \/>\n<meta name=\"twitter:card\" content=\"summary_large_image\" \/>\n<meta name=\"twitter:label1\" content=\"Est. reading time\" \/>\n\t<meta name=\"twitter:data1\" content=\"3 minutes\" \/>\n<script type=\"application\/ld+json\" class=\"yoast-schema-graph\">{\"@context\":\"https:\/\/schema.org\",\"@graph\":[{\"@type\":\"WebPage\",\"@id\":\"https:\/\/www.piwi247.com\/es\/piwislots\/\",\"url\":\"https:\/\/www.piwi247.com\/es\/piwislots\/\",\"name\":\"Experimenta la Emoci\u00f3n de las Tragamonedas y el Casino en Vivo\",\"isPartOf\":{\"@id\":\"https:\/\/www.piwi247.com\/es\/#website\"},\"primaryImageOfPage\":{\"@id\":\"https:\/\/www.piwi247.com\/es\/piwislots\/#primaryimage\"},\"image\":{\"@id\":\"https:\/\/www.piwi247.com\/es\/piwislots\/#primaryimage\"},\"thumbnailUrl\":\"https:\/\/www.piwi247.com\/es\/wp-content\/uploads\/sites\/6\/2024\/09\/piwi-slots-product-page-header-2.png\",\"datePublished\":\"2024-09-24T06:09:33+00:00\",\"dateModified\":\"2024-10-24T05:13:29+00:00\",\"description\":\"Disfruta de los mejores juegos y la acci\u00f3n en vivo con PIWISlots y elCasino en Vivo en PIWI247!\",\"breadcrumb\":{\"@id\":\"https:\/\/www.piwi247.com\/es\/piwislots\/#breadcrumb\"},\"inLanguage\":\"es\",\"potentialAction\":[{\"@type\":\"ReadAction\",\"target\":[\"https:\/\/www.piwi247.com\/es\/piwislots\/\"]}]},{\"@type\":\"ImageObject\",\"inLanguage\":\"es\",\"@id\":\"https:\/\/www.piwi247.com\/es\/piwislots\/#primaryimage\",\"url\":\"https:\/\/www.piwi247.com\/es\/wp-content\/uploads\/sites\/6\/2024\/09\/piwi-slots-product-page-header-2.png\",\"contentUrl\":\"https:\/\/www.piwi247.com\/es\/wp-content\/uploads\/sites\/6\/2024\/09\/piwi-slots-product-page-header-2.png\",\"width\":921,\"height\":314},{\"@type\":\"BreadcrumbList\",\"@id\":\"https:\/\/www.piwi247.com\/es\/piwislots\/#breadcrumb\",\"itemListElement\":[{\"@type\":\"ListItem\",\"position\":1,\"name\":\"Home\",\"item\":\"https:\/\/www.piwi247.com\/es\/\"},{\"@type\":\"ListItem\",\"position\":2,\"name\":\"Experimenta la emoci\u00f3n de PIWISlots y Casino en Vivo en PIWI247\"}]},{\"@type\":\"WebSite\",\"@id\":\"https:\/\/www.piwi247.com\/es\/#website\",\"url\":\"https:\/\/www.piwi247.com\/es\/\",\"name\":\"Spanish\",\"description\":\"PIWI247: PIWIX | Sports Betting | Casino\",\"potentialAction\":[{\"@type\":\"SearchAction\",\"target\":{\"@type\":\"EntryPoint\",\"urlTemplate\":\"https:\/\/www.piwi247.com\/es\/?s={search_term_string}\"},\"query-input\":{\"@type\":\"PropertyValueSpecification\",\"valueRequired\":true,\"valueName\":\"search_term_string\"}}],\"inLanguage\":\"es\"}]}<\/script>\n<!-- \/ Yoast SEO plugin. -->","yoast_head_json":{"title":"Experimenta la Emoci\u00f3n de las Tragamonedas y el Casino en Vivo","description":"Disfruta de los mejores juegos y la acci\u00f3n en vivo con PIWISlots y elCasino en Vivo en PIWI247!","robots":{"index":"index","follow":"follow","max-snippet":"max-snippet:-1","max-image-preview":"max-image-preview:large","max-video-preview":"max-video-preview:-1"},"canonical":"https:\/\/www.piwi247.com\/es\/piwislots\/","og_locale":"es_ES","og_type":"article","og_title":"Experimenta la Emoci\u00f3n de las Tragamonedas y el Casino en Vivo","og_description":"Disfruta de los mejores juegos y la acci\u00f3n en vivo con PIWISlots y elCasino en Vivo en PIWI247!","og_url":"https:\/\/www.piwi247.com\/es\/piwislots\/","og_site_name":"Spanish","article_modified_time":"2024-10-24T05:13:29+00:00","og_image":[{"width":921,"height":314,"url":"https:\/\/www.piwi247.com\/es\/wp-content\/uploads\/sites\/6\/2024\/09\/piwi-slots-product-page-header-2.png","type":"image\/png"}],"twitter_card":"summary_large_image","twitter_misc":{"Est. reading time":"3 minutes"},"schema":{"@context":"https:\/\/schema.org","@graph":[{"@type":"WebPage","@id":"https:\/\/www.piwi247.com\/es\/piwislots\/","url":"https:\/\/www.piwi247.com\/es\/piwislots\/","name":"Experimenta la Emoci\u00f3n de las Tragamonedas y el Casino en Vivo","isPartOf":{"@id":"https:\/\/www.piwi247.com\/es\/#website"},"primaryImageOfPage":{"@id":"https:\/\/www.piwi247.com\/es\/piwislots\/#primaryimage"},"image":{"@id":"https:\/\/www.piwi247.com\/es\/piwislots\/#primaryimage"},"thumbnailUrl":"https:\/\/www.piwi247.com\/es\/wp-content\/uploads\/sites\/6\/2024\/09\/piwi-slots-product-page-header-2.png","datePublished":"2024-09-24T06:09:33+00:00","dateModified":"2024-10-24T05:13:29+00:00","description":"Disfruta de los mejores juegos y la acci\u00f3n en vivo con PIWISlots y elCasino en Vivo en PIWI247!","breadcrumb":{"@id":"https:\/\/www.piwi247.com\/es\/piwislots\/#breadcrumb"},"inLanguage":"es","potentialAction":[{"@type":"ReadAction","target":["https:\/\/www.piwi247.com\/es\/piwislots\/"]}]},{"@type":"ImageObject","inLanguage":"es","@id":"https:\/\/www.piwi247.com\/es\/piwislots\/#primaryimage","url":"https:\/\/www.piwi247.com\/es\/wp-content\/uploads\/sites\/6\/2024\/09\/piwi-slots-product-page-header-2.png","contentUrl":"https:\/\/www.piwi247.com\/es\/wp-content\/uploads\/sites\/6\/2024\/09\/piwi-slots-product-page-header-2.png","width":921,"height":314},{"@type":"BreadcrumbList","@id":"https:\/\/www.piwi247.com\/es\/piwislots\/#breadcrumb","itemListElement":[{"@type":"ListItem","position":1,"name":"Home","item":"https:\/\/www.piwi247.com\/es\/"},{"@type":"ListItem","position":2,"name":"Experimenta la emoci\u00f3n de PIWISlots y Casino en Vivo en PIWI247"}]},{"@type":"WebSite","@id":"https:\/\/www.piwi247.com\/es\/#website","url":"https:\/\/www.piwi247.com\/es\/","name":"Spanish","description":"PIWI247: PIWIX | Sports Betting | Casino","potentialAction":[{"@type":"SearchAction","target":{"@type":"EntryPoint","urlTemplate":"https:\/\/www.piwi247.com\/es\/?s={search_term_string}"},"query-input":{"@type":"PropertyValueSpecification","valueRequired":true,"valueName":"search_term_string"}}],"inLanguage":"es"}]}},"_links":{"self":[{"href":"https:\/\/www.piwi247.com\/es\/wp-json\/wp\/v2\/pages\/537","targetHints":{"allow":["GET"]}}],"collection":[{"href":"https:\/\/www.piwi247.com\/es\/wp-json\/wp\/v2\/pages"}],"about":[{"href":"https:\/\/www.piwi247.com\/es\/wp-json\/wp\/v2\/types\/page"}],"author":[{"embeddable":true,"href":"https:\/\/www.piwi247.com\/es\/wp-json\/wp\/v2\/users\/2"}],"replies":[{"embeddable":true,"href":"https:\/\/www.piwi247.com\/es\/wp-json\/wp\/v2\/comments?post=537"}],"version-history":[{"count":14,"href":"https:\/\/www.piwi247.com\/es\/wp-json\/wp\/v2\/pages\/537\/revisions"}],"predecessor-version":[{"id":1100,"href":"https:\/\/www.piwi247.com\/es\/wp-json\/wp\/v2\/pages\/537\/revisions\/1100"}],"wp:featuredmedia":[{"embeddable":true,"href":"https:\/\/www.piwi247.com\/es\/wp-json\/wp\/v2\/media\/491"}],"wp:attachment":[{"href":"https:\/\/www.piwi247.com\/es\/wp-json\/wp\/v2\/media?parent=537"}],"curies":[{"name":"wp","href":"https:\/\/api.w.org\/{rel}","templated":true}]}}