{"id":6860,"date":"2025-09-01T03:20:36","date_gmt":"2025-09-01T03:20:36","guid":{"rendered":"https:\/\/www.piwi247.com\/es\/?page_id=6860"},"modified":"2025-09-01T03:21:41","modified_gmt":"2025-09-01T03:21:41","slug":"usdc","status":"publish","type":"page","link":"https:\/\/www.piwi247.com\/es\/usdc\/","title":{"rendered":"USDC (ERC20)"},"content":{"rendered":"\n[et_pb_section fb_built=&#8221;1&#8243; _builder_version=&#8221;4.27.0&#8243; _module_preset=&#8221;default&#8221; background_color=&#8221;RGBA(255,255,255,0)&#8221; custom_margin=&#8221;0px||0px||false|false&#8221; custom_padding=&#8221;0px||0px||false|false&#8221; global_colors_info=&#8221;{}&#8221; theme_builder_area=&#8221;post_content&#8221;][et_pb_row _builder_version=&#8221;4.27.0&#8243; _module_preset=&#8221;default&#8221; background_color=&#8221;RGBA(255,255,255,0)&#8221; width=&#8221;100%&#8221; max_width=&#8221;1280px&#8221; custom_margin=&#8221;||||false|false&#8221; custom_padding=&#8221;0px||0px||false|false&#8221; global_colors_info=&#8221;{}&#8221; theme_builder_area=&#8221;post_content&#8221;][et_pb_column type=&#8221;4_4&#8243; _builder_version=&#8221;4.27.0&#8243; _module_preset=&#8221;default&#8221; global_colors_info=&#8221;{}&#8221; theme_builder_area=&#8221;post_content&#8221;][et_pb_text _builder_version=&#8221;4.27.4&#8243; _module_preset=&#8221;default&#8221; text_text_color=&#8221;gcid-62739c86-3917-4421-8ab4-45f1b03eea58&#8243; text_font_size=&#8221;16px&#8221; header_2_font=&#8221;|700|||||||&#8221; header_2_text_color=&#8221;gcid-62739c86-3917-4421-8ab4-45f1b03eea58&#8243; header_2_line_height=&#8221;1.3em&#8221; header_3_font=&#8221;|700|||||||&#8221; header_3_text_color=&#8221;gcid-62739c86-3917-4421-8ab4-45f1b03eea58&#8243; custom_margin=&#8221;||0px||false|false&#8221; global_colors_info=&#8221;{%22gcid-62739c86-3917-4421-8ab4-45f1b03eea58%22:%91%22text_text_color%22,%22header_2_text_color%22,%22header_3_text_color%22%93}&#8221; theme_builder_area=&#8221;post_content&#8221;]<h2>Pagos USDC (ERC20) en PIWI247<\/h2>[\/et_pb_text][et_pb_text _builder_version=&#8221;4.27.4&#8243; _module_preset=&#8221;default&#8221; text_font_size=&#8221;16px&#8221; custom_padding=&#8221;|||0px||&#8221; global_colors_info=&#8221;{}&#8221; theme_builder_area=&#8221;post_content&#8221;]<p>PIWI247 se enorgullece de admitir <strong>USDC (USD Coin)<\/strong> como una de nuestras opciones de pago confiables y eficientes, basada en el est\u00e1ndar ERC20 para transacciones sin inconvenientes a trav\u00e9s de la blockchain de Ethereum<\/p>\n<p>Ya sea que est\u00e9s realizando una sola apuesta o financiando tu estrategia a largo plazo, <strong>USDC via ERC20<\/strong> te ofrece una forma segura, estable y r\u00e1pida de gestionar tu cuenta.<\/p>[\/et_pb_text][et_pb_text _builder_version=&#8221;4.27.4&#8243; _module_preset=&#8221;default&#8221; text_text_color=&#8221;gcid-62739c86-3917-4421-8ab4-45f1b03eea58&#8243; text_font_size=&#8221;16px&#8221; header_2_font=&#8221;|700|||||||&#8221; header_2_text_color=&#8221;gcid-62739c86-3917-4421-8ab4-45f1b03eea58&#8243; header_2_line_height=&#8221;1.3em&#8221; header_3_font=&#8221;|700|||||||&#8221; header_3_text_color=&#8221;gcid-62739c86-3917-4421-8ab4-45f1b03eea58&#8243; custom_margin=&#8221;||0px||false|false&#8221; global_colors_info=&#8221;{%22gcid-62739c86-3917-4421-8ab4-45f1b03eea58%22:%91%22text_text_color%22,%22header_2_text_color%22,%22header_3_text_color%22%93}&#8221; theme_builder_area=&#8221;post_content&#8221;]<h2>\u00bfQu\u00e9 es USDC (ERC20)?<\/h2>[\/et_pb_text][et_pb_text _builder_version=&#8221;4.27.4&#8243; _module_preset=&#8221;default&#8221; text_font_size=&#8221;16px&#8221; global_colors_info=&#8221;{}&#8221; theme_builder_area=&#8221;post_content&#8221;]<p><strong>USDC<\/strong> es una <strong>stablecoin regulada<\/strong> que est\u00e1 vinculada 1:1 al d\u00f3lar estadounidense, ofreciendo estabilidad de precio con la transparencia de la tecnolog\u00eda blockchain.<\/p>\n<p>Opera en la <strong>red de Ethereum<\/strong> utilizando el <strong>est\u00e1ndar ERC20<\/strong>, lo que garantiza compatibilidad con la mayor\u00eda de billeteras cripto y aplicaciones descentralizadas (dApps).<\/p>\n<p>A diferencia de las criptomonedas vol\u00e1tiles, <strong>1 USDC = 1 USD<\/strong>, lo que hace perfecta para una gesti\u00f3n consistente de fondos en tu experiencia de apuestas.<\/p>[\/et_pb_text][et_pb_text _builder_version=&#8221;4.27.4&#8243; _module_preset=&#8221;default&#8221; text_text_color=&#8221;gcid-62739c86-3917-4421-8ab4-45f1b03eea58&#8243; text_font_size=&#8221;16px&#8221; header_2_font=&#8221;|700|||||||&#8221; header_2_text_color=&#8221;gcid-62739c86-3917-4421-8ab4-45f1b03eea58&#8243; header_2_line_height=&#8221;1.3em&#8221; header_3_font=&#8221;|700|||||||&#8221; header_3_text_color=&#8221;gcid-62739c86-3917-4421-8ab4-45f1b03eea58&#8243; custom_margin=&#8221;||10px||false|false&#8221; global_colors_info=&#8221;{%22gcid-62739c86-3917-4421-8ab4-45f1b03eea58%22:%91%22text_text_color%22,%22header_2_text_color%22,%22header_3_text_color%22%93}&#8221; theme_builder_area=&#8221;post_content&#8221;]<h2>\u00bfPor qu\u00e9 elegir pagos con USDC en PIWI247?  <\/h2>[\/et_pb_text][et_pb_text _builder_version=&#8221;4.27.4&#8243; _module_preset=&#8221;default&#8221; text_text_color=&#8221;gcid-62739c86-3917-4421-8ab4-45f1b03eea58&#8243; text_font_size=&#8221;16px&#8221; header_2_font=&#8221;|700|||||||&#8221; header_2_text_color=&#8221;gcid-62739c86-3917-4421-8ab4-45f1b03eea58&#8243; header_2_line_height=&#8221;1.3em&#8221; header_3_font=&#8221;|700|||||||&#8221; header_3_text_color=&#8221;gcid-62739c86-3917-4421-8ab4-45f1b03eea58&#8243; custom_margin=&#8221;||0px||false|false&#8221; global_colors_info=&#8221;{%22gcid-62739c86-3917-4421-8ab4-45f1b03eea58%22:%91%22text_text_color%22,%22header_2_text_color%22,%22header_3_text_color%22%93}&#8221; theme_builder_area=&#8221;post_content&#8221;]<h3>Precio-Estable &amp; Seguro<\/h3>[\/et_pb_text][et_pb_text _builder_version=&#8221;4.27.4&#8243; _module_preset=&#8221;default&#8221; text_font_size=&#8221;16px&#8221; custom_margin=&#8221;||5px||false|false&#8221; global_colors_info=&#8221;{}&#8221; theme_builder_area=&#8221;post_content&#8221;]<ul>\n<li>USDC est\u00e1 totalmente respaldado por reservas fiduciarias y socios regulados.<\/li>\n<li>Construido sobre la blockchain de Ethereum utilizando <strong>ERC20<\/strong>, lo que garantiza verificaci\u00f3n descentralizada y seguridad de primer nivel.<\/li>\n<\/ul>[\/et_pb_text][et_pb_text _builder_version=&#8221;4.27.4&#8243; _module_preset=&#8221;default&#8221; text_text_color=&#8221;gcid-62739c86-3917-4421-8ab4-45f1b03eea58&#8243; text_font_size=&#8221;16px&#8221; header_2_font=&#8221;|700|||||||&#8221; header_2_text_color=&#8221;gcid-62739c86-3917-4421-8ab4-45f1b03eea58&#8243; header_2_line_height=&#8221;1.3em&#8221; header_3_font=&#8221;|700|||||||&#8221; header_3_text_color=&#8221;gcid-62739c86-3917-4421-8ab4-45f1b03eea58&#8243; custom_margin=&#8221;||0px||false|false&#8221; global_colors_info=&#8221;{%22gcid-62739c86-3917-4421-8ab4-45f1b03eea58%22:%91%22text_text_color%22,%22header_2_text_color%22,%22header_3_text_color%22%93}&#8221; theme_builder_area=&#8221;post_content&#8221;]<h3>R\u00e1pido &amp; Eficiente<\/h3>[\/et_pb_text][et_pb_text _builder_version=&#8221;4.27.4&#8243; _module_preset=&#8221;default&#8221; text_font_size=&#8221;16px&#8221; custom_margin=&#8221;||5px||false|false&#8221; global_colors_info=&#8221;{}&#8221; theme_builder_area=&#8221;post_content&#8221;]<ul>\n<li>Disfruta de <strong>confirmaciones r\u00e1pidas<\/strong> y dep\u00f3sitos optimizados.<\/li>\n<li>Sin retrasos por bancos ni conversiones de divisas.<\/li>\n<\/ul>[\/et_pb_text][et_pb_text _builder_version=&#8221;4.27.4&#8243; _module_preset=&#8221;default&#8221; text_text_color=&#8221;gcid-62739c86-3917-4421-8ab4-45f1b03eea58&#8243; text_font_size=&#8221;16px&#8221; header_2_font=&#8221;|700|||||||&#8221; header_2_text_color=&#8221;gcid-62739c86-3917-4421-8ab4-45f1b03eea58&#8243; header_2_line_height=&#8221;1.3em&#8221; header_3_font=&#8221;|700|||||||&#8221; header_3_text_color=&#8221;gcid-62739c86-3917-4421-8ab4-45f1b03eea58&#8243; custom_margin=&#8221;||0px||false|false&#8221; global_colors_info=&#8221;{%22gcid-62739c86-3917-4421-8ab4-45f1b03eea58%22:%91%22text_text_color%22,%22header_2_text_color%22,%22header_3_text_color%22%93}&#8221; theme_builder_area=&#8221;post_content&#8221;]<h3>Compatible con Wallets y Exchanges<\/h3>[\/et_pb_text][et_pb_text _builder_version=&#8221;4.27.4&#8243; _module_preset=&#8221;default&#8221; text_font_size=&#8221;16px&#8221; custom_margin=&#8221;||5px||false|false&#8221; global_colors_info=&#8221;{}&#8221; theme_builder_area=&#8221;post_content&#8221;]<ul>\n\t<li>Compatible con una amplia gama de wallets, incluyendo MetaMask, Trust Wallet, MyEtherWallet y Ledger.<\/li>\n\t<li>F\u00e1cilmente disponible en la mayor\u00eda de los principales exchange de criptomonedas.  <\/li>\n<\/ul>[\/et_pb_text][et_pb_text _builder_version=&#8221;4.27.4&#8243; _module_preset=&#8221;default&#8221; text_text_color=&#8221;gcid-62739c86-3917-4421-8ab4-45f1b03eea58&#8243; text_font_size=&#8221;16px&#8221; header_2_font=&#8221;|700|||||||&#8221; header_2_text_color=&#8221;gcid-62739c86-3917-4421-8ab4-45f1b03eea58&#8243; header_2_line_height=&#8221;1.3em&#8221; header_3_font=&#8221;|700|||||||&#8221; header_3_text_color=&#8221;gcid-62739c86-3917-4421-8ab4-45f1b03eea58&#8243; custom_margin=&#8221;||0px||false|false&#8221; global_colors_info=&#8221;{%22gcid-62739c86-3917-4421-8ab4-45f1b03eea58%22:%91%22text_text_color%22,%22header_2_text_color%22,%22header_3_text_color%22%93}&#8221; theme_builder_area=&#8221;post_content&#8221;]<h3>Cero Comisiones Por Dep\u00f3sitos &amp; Retiros<\/h3>[\/et_pb_text][et_pb_text _builder_version=&#8221;4.27.4&#8243; _module_preset=&#8221;default&#8221; text_font_size=&#8221;16px&#8221; custom_margin=&#8221;||5px||false|false&#8221; global_colors_info=&#8221;{}&#8221; theme_builder_area=&#8221;post_content&#8221;]<ul>\n<li>PIWI247 <strong>no cobra<\/strong> ninguna comisi\u00f3n por dep\u00f3sitos o retiros realizados a trav\u00e9s de USDC (ERC20).<\/li>\n<li><em>(Nota: pueden aplicarse tarifas de gas de red seg\u00fan su proveedor de wallet.)<\/em><\/li>\n<\/ul>[\/et_pb_text][et_pb_text _builder_version=&#8221;4.27.4&#8243; _module_preset=&#8221;default&#8221; text_text_color=&#8221;gcid-62739c86-3917-4421-8ab4-45f1b03eea58&#8243; text_font_size=&#8221;16px&#8221; header_2_font=&#8221;|700|||||||&#8221; header_2_text_color=&#8221;gcid-62739c86-3917-4421-8ab4-45f1b03eea58&#8243; header_2_line_height=&#8221;1.3em&#8221; header_3_font=&#8221;|700|||||||&#8221; header_3_text_color=&#8221;gcid-62739c86-3917-4421-8ab4-45f1b03eea58&#8243; custom_margin=&#8221;||10px||false|false&#8221; global_colors_info=&#8221;{%22gcid-62739c86-3917-4421-8ab4-45f1b03eea58%22:%91%22text_text_color%22,%22header_2_text_color%22,%22header_3_text_color%22%93}&#8221; theme_builder_area=&#8221;post_content&#8221;]<h2>\u00bfC\u00f3mo utilizar USDC (ERC20) para tus transacciones en PIWI247?<\/h2>[\/et_pb_text][et_pb_text _builder_version=&#8221;4.27.4&#8243; _module_preset=&#8221;default&#8221; text_text_color=&#8221;gcid-62739c86-3917-4421-8ab4-45f1b03eea58&#8243; text_font_size=&#8221;16px&#8221; header_2_font=&#8221;|700|||||||&#8221; header_2_text_color=&#8221;gcid-62739c86-3917-4421-8ab4-45f1b03eea58&#8243; header_2_line_height=&#8221;1.3em&#8221; header_3_font=&#8221;|700|||||||&#8221; header_3_text_color=&#8221;gcid-62739c86-3917-4421-8ab4-45f1b03eea58&#8243; custom_margin=&#8221;||0px||false|false&#8221; global_colors_info=&#8221;{%22gcid-62739c86-3917-4421-8ab4-45f1b03eea58%22:%91%22text_text_color%22,%22header_2_text_color%22,%22header_3_text_color%22%93}&#8221; theme_builder_area=&#8221;post_content&#8221;]<h3>1. Obt\u00e9n una wallet compatible con ERC20<\/h3>[\/et_pb_text][et_pb_text _builder_version=&#8221;4.27.4&#8243; _module_preset=&#8221;default&#8221; text_font_size=&#8221;16px&#8221; custom_margin=&#8221;||5px||false|false&#8221; global_colors_info=&#8221;{}&#8221; theme_builder_area=&#8221;post_content&#8221;]Elige una wallet de Ethereum confiable que admita USDC (ERC20). Opciones populares incluyen:[\/et_pb_text][et_pb_text _builder_version=&#8221;4.27.4&#8243; _module_preset=&#8221;default&#8221; text_font_size=&#8221;16px&#8221; custom_margin=&#8221;||0px||false|false&#8221; global_colors_info=&#8221;{}&#8221; theme_builder_area=&#8221;post_content&#8221;]<ul>\n<li><strong>Kraken<\/strong><\/li>\n<li><strong>Trust Wallet<\/strong><\/li>\n<li><strong>Ledger (Hardware Wallet)<\/strong><\/li>\n<li><strong>Atomic<\/strong><\/li>\n<\/ul>[\/et_pb_text][et_pb_text _builder_version=&#8221;4.27.4&#8243; _module_preset=&#8221;default&#8221; text_font_size=&#8221;16px&#8221; custom_margin=&#8221;||||false|false&#8221; global_colors_info=&#8221;{}&#8221; theme_builder_area=&#8221;post_content&#8221;]<p>Aseg\u00farate de que tu wallet sea claramente compatible con <strong>tokens ERC20<\/strong>.<\/p>[\/et_pb_text][et_pb_text _builder_version=&#8221;4.27.4&#8243; _module_preset=&#8221;default&#8221; text_text_color=&#8221;gcid-62739c86-3917-4421-8ab4-45f1b03eea58&#8243; text_font_size=&#8221;16px&#8221; header_2_font=&#8221;|700|||||||&#8221; header_2_text_color=&#8221;gcid-62739c86-3917-4421-8ab4-45f1b03eea58&#8243; header_2_line_height=&#8221;1.3em&#8221; header_3_font=&#8221;|700|||||||&#8221; header_3_text_color=&#8221;gcid-62739c86-3917-4421-8ab4-45f1b03eea58&#8243; custom_margin=&#8221;||0px||false|false&#8221; global_colors_info=&#8221;{%22gcid-62739c86-3917-4421-8ab4-45f1b03eea58%22:%91%22text_text_color%22,%22header_2_text_color%22,%22header_3_text_color%22%93}&#8221; theme_builder_area=&#8221;post_content&#8221;]<h3>2. Compra Tokens USDC<\/h3>[\/et_pb_text][et_pb_text _builder_version=&#8221;4.27.4&#8243; _module_preset=&#8221;default&#8221; text_font_size=&#8221;16px&#8221; custom_margin=&#8221;||||false|false&#8221; global_colors_info=&#8221;{}&#8221; theme_builder_area=&#8221;post_content&#8221;]Compra USDC en un exchange de criptomonedas confiable (como Binance, Coinbase, o Kraken). Transfiere los tokens a tu wallet despu\u00e9s de la compra para preparar el pago.[\/et_pb_text][et_pb_text _builder_version=&#8221;4.27.4&#8243; _module_preset=&#8221;default&#8221; text_text_color=&#8221;gcid-62739c86-3917-4421-8ab4-45f1b03eea58&#8243; text_font_size=&#8221;16px&#8221; header_2_font=&#8221;|700|||||||&#8221; header_2_text_color=&#8221;gcid-62739c86-3917-4421-8ab4-45f1b03eea58&#8243; header_2_line_height=&#8221;1.3em&#8221; header_3_font=&#8221;|700|||||||&#8221; header_3_text_color=&#8221;gcid-62739c86-3917-4421-8ab4-45f1b03eea58&#8243; custom_margin=&#8221;||0px||false|false&#8221; global_colors_info=&#8221;{%22gcid-62739c86-3917-4421-8ab4-45f1b03eea58%22:%91%22text_text_color%22,%22header_2_text_color%22,%22header_3_text_color%22%93}&#8221; theme_builder_area=&#8221;post_content&#8221;]<h3>3. Realiza un pago en PIWI247 utilizando USDC<\/h3>[\/et_pb_text][et_pb_text _builder_version=&#8221;4.27.4&#8243; _module_preset=&#8221;default&#8221; text_font_size=&#8221;16px&#8221; custom_margin=&#8221;||0px||false|false&#8221; global_colors_info=&#8221;{}&#8221; theme_builder_area=&#8221;post_content&#8221;]<ul>\n<li>Selecciona <strong>USDC (ERC20)<\/strong> como tu m\u00e9todo de pago preferido al momento del checkout.<\/li>\n<li>PIWI247 mostrar\u00e1 una <strong>direcci\u00f3n de wallet \u00fanica<\/strong>.<\/li>\n<li>Env\u00eda la cantidad deseada de <strong>USDC<\/strong> desde tu wallet a esa direcci\u00f3n para completar tu transacci\u00f3n<\/li>\n<\/ul>[\/et_pb_text][et_pb_text _builder_version=&#8221;4.27.4&#8243; _module_preset=&#8221;default&#8221; text_font_size=&#8221;16px&#8221; global_colors_info=&#8221;{}&#8221; theme_builder_area=&#8221;post_content&#8221;]\u00a1Y eso es todo! \u2014 Simple, seguro y r\u00e1pido.  [\/et_pb_text][et_pb_text _builder_version=&#8221;4.27.4&#8243; _module_preset=&#8221;default&#8221; text_text_color=&#8221;gcid-62739c86-3917-4421-8ab4-45f1b03eea58&#8243; text_font_size=&#8221;16px&#8221; header_2_font=&#8221;|700|||||||&#8221; header_2_text_color=&#8221;gcid-62739c86-3917-4421-8ab4-45f1b03eea58&#8243; header_2_line_height=&#8221;1.3em&#8221; header_3_font=&#8221;|700|||||||&#8221; header_3_text_color=&#8221;gcid-62739c86-3917-4421-8ab4-45f1b03eea58&#8243; custom_margin=&#8221;||10px||false|false&#8221; global_colors_info=&#8221;{%22gcid-62739c86-3917-4421-8ab4-45f1b03eea58%22:%91%22text_text_color%22,%22header_2_text_color%22,%22header_3_text_color%22%93}&#8221; theme_builder_area=&#8221;post_content&#8221;]<h2>Notas Importantes  <\/h2>[\/et_pb_text][et_pb_text _builder_version=&#8221;4.27.4&#8243; _module_preset=&#8221;default&#8221; text_font_size=&#8221;16px&#8221; custom_margin=&#8221;||0px||false|false&#8221; global_colors_info=&#8221;{}&#8221; theme_builder_area=&#8221;post_content&#8221;]<ul>\n<li><strong>Solo se acepta USDC basado en ERC20<\/strong>. No env\u00ede ETH o USDC desde otras cadenas (p. ej., TRC20, BSC, Polygon).<\/li>\n<li>Aunque <strong>PIWI247 no cobra comisiones<\/strong>, tu wallet o exchange <strong>puede aplicar tarifas de red (gas)<\/strong> durante la transacci\u00f3n.<\/li>\n<li>Verifique dos veces la direcci\u00f3n de la wallet antes de enviar fondos. PIWI247 no puede recuperar tokens enviados a una direcci\u00f3n incorrecta.<\/li>\n<\/ul>[\/et_pb_text][et_pb_text _builder_version=&#8221;4.27.4&#8243; _module_preset=&#8221;default&#8221; text_text_color=&#8221;gcid-62739c86-3917-4421-8ab4-45f1b03eea58&#8243; text_font_size=&#8221;16px&#8221; header_2_font=&#8221;|700|||||||&#8221; header_2_text_color=&#8221;gcid-62739c86-3917-4421-8ab4-45f1b03eea58&#8243; header_2_line_height=&#8221;1.3em&#8221; header_3_font=&#8221;|700|||||||&#8221; header_3_text_color=&#8221;gcid-62739c86-3917-4421-8ab4-45f1b03eea58&#8243; custom_margin=&#8221;||10px||false|false&#8221; global_colors_info=&#8221;{%22gcid-62739c86-3917-4421-8ab4-45f1b03eea58%22:%91%22text_text_color%22,%22header_2_text_color%22,%22header_3_text_color%22%93}&#8221; theme_builder_area=&#8221;post_content&#8221;]<h2>\u00bfNecesitas Ayuda?  <\/h2>[\/et_pb_text][et_pb_text _builder_version=&#8221;4.27.4&#8243; _module_preset=&#8221;default&#8221; text_font_size=&#8221;16px&#8221; custom_margin=&#8221;||||false|false&#8221; global_colors_info=&#8221;{}&#8221; theme_builder_area=&#8221;post_content&#8221;]<p>Para cualquier consulta sobre pagos con USDC u otras opciones de dep\u00f3sitos, nuestro <strong>Equipo de Soporte PIWI247<\/strong> est\u00e1 aqu\u00ed para ayudarte.<\/p>\n<p>Apuesta de forma m\u00e1s inteligente, act\u00faa con mayor rapidez y gestiona tu dinero con confianza \u2014 solo con <strong>PIWI247 y USDC<\/strong>.<\/p>[\/et_pb_text][\/et_pb_column][\/et_pb_row][\/et_pb_section]\n","protected":false},"excerpt":{"rendered":"<p>Pagos USDC (ERC20) en PIWI247PIWI247 se enorgullece de admitir USDC (USD Coin) como una de nuestras opciones de pago confiables y eficientes, basada en el est\u00e1ndar ERC20 para transacciones sin inconvenientes a trav\u00e9s de la blockchain de Ethereum Ya sea que est\u00e9s realizando una sola apuesta o financiando tu estrategia a largo plazo, USDC via [&hellip;]<\/p>\n","protected":false},"author":4,"featured_media":1666,"parent":0,"menu_order":0,"comment_status":"closed","ping_status":"closed","template":"","meta":{"_et_pb_use_builder":"on","_et_pb_old_content":"","_et_gb_content_width":"","inline_featured_image":false,"footnotes":""},"class_list":["post-6860","page","type-page","status-publish","has-post-thumbnail","hentry"],"yoast_head":"<!-- This site is optimized with the Yoast SEO plugin v25.7 - https:\/\/yoast.com\/wordpress\/plugins\/seo\/ -->\n<title>USDC (ERC20) - Spanish<\/title>\n<meta name=\"robots\" content=\"index, follow, max-snippet:-1, max-image-preview:large, max-video-preview:-1\" \/>\n<link rel=\"canonical\" href=\"https:\/\/www.piwi247.com\/es\/usdc\/\" \/>\n<meta property=\"og:locale\" content=\"es_ES\" \/>\n<meta property=\"og:type\" content=\"article\" \/>\n<meta property=\"og:title\" content=\"USDC (ERC20) - Spanish\" \/>\n<meta property=\"og:description\" content=\"Pagos USDC (ERC20) en PIWI247PIWI247 se enorgullece de admitir USDC (USD Coin) como una de nuestras opciones de pago confiables y eficientes, basada en el est\u00e1ndar ERC20 para transacciones sin inconvenientes a trav\u00e9s de la blockchain de Ethereum Ya sea que est\u00e9s realizando una sola apuesta o financiando tu estrategia a largo plazo, USDC via [&hellip;]\" \/>\n<meta property=\"og:url\" content=\"https:\/\/www.piwi247.com\/es\/usdc\/\" \/>\n<meta property=\"og:site_name\" content=\"Spanish\" \/>\n<meta property=\"article:modified_time\" content=\"2025-09-01T03:21:41+00:00\" \/>\n<meta name=\"twitter:card\" content=\"summary_large_image\" \/>\n<meta name=\"twitter:label1\" content=\"Est. reading time\" \/>\n\t<meta name=\"twitter:data1\" content=\"3 minutes\" \/>\n<script type=\"application\/ld+json\" class=\"yoast-schema-graph\">{\"@context\":\"https:\/\/schema.org\",\"@graph\":[{\"@type\":\"WebPage\",\"@id\":\"https:\/\/www.piwi247.com\/es\/usdc\/\",\"url\":\"https:\/\/www.piwi247.com\/es\/usdc\/\",\"name\":\"USDC (ERC20) - Spanish\",\"isPartOf\":{\"@id\":\"https:\/\/www.piwi247.com\/es\/#website\"},\"primaryImageOfPage\":{\"@id\":\"https:\/\/www.piwi247.com\/es\/usdc\/#primaryimage\"},\"image\":{\"@id\":\"https:\/\/www.piwi247.com\/es\/usdc\/#primaryimage\"},\"thumbnailUrl\":\"https:\/\/www.piwi247.com\/es\/wp-content\/uploads\/sites\/6\/2025\/09\/usdc-image.svg\",\"datePublished\":\"2025-09-01T03:20:36+00:00\",\"dateModified\":\"2025-09-01T03:21:41+00:00\",\"breadcrumb\":{\"@id\":\"https:\/\/www.piwi247.com\/es\/usdc\/#breadcrumb\"},\"inLanguage\":\"es\",\"potentialAction\":[{\"@type\":\"ReadAction\",\"target\":[\"https:\/\/www.piwi247.com\/es\/usdc\/\"]}]},{\"@type\":\"ImageObject\",\"inLanguage\":\"es\",\"@id\":\"https:\/\/www.piwi247.com\/es\/usdc\/#primaryimage\",\"url\":\"https:\/\/www.piwi247.com\/es\/wp-content\/uploads\/sites\/6\/2025\/09\/usdc-image.svg\",\"contentUrl\":\"https:\/\/www.piwi247.com\/es\/wp-content\/uploads\/sites\/6\/2025\/09\/usdc-image.svg\"},{\"@type\":\"BreadcrumbList\",\"@id\":\"https:\/\/www.piwi247.com\/es\/usdc\/#breadcrumb\",\"itemListElement\":[{\"@type\":\"ListItem\",\"position\":1,\"name\":\"Home\",\"item\":\"https:\/\/www.piwi247.com\/es\/\"},{\"@type\":\"ListItem\",\"position\":2,\"name\":\"USDC (ERC20)\"}]},{\"@type\":\"WebSite\",\"@id\":\"https:\/\/www.piwi247.com\/es\/#website\",\"url\":\"https:\/\/www.piwi247.com\/es\/\",\"name\":\"Spanish\",\"description\":\"PIWI247: PIWIX | Sports Betting | Casino\",\"potentialAction\":[{\"@type\":\"SearchAction\",\"target\":{\"@type\":\"EntryPoint\",\"urlTemplate\":\"https:\/\/www.piwi247.com\/es\/?s={search_term_string}\"},\"query-input\":{\"@type\":\"PropertyValueSpecification\",\"valueRequired\":true,\"valueName\":\"search_term_string\"}}],\"inLanguage\":\"es\"}]}<\/script>\n<!-- \/ Yoast SEO plugin. -->","yoast_head_json":{"title":"USDC (ERC20) - Spanish","robots":{"index":"index","follow":"follow","max-snippet":"max-snippet:-1","max-image-preview":"max-image-preview:large","max-video-preview":"max-video-preview:-1"},"canonical":"https:\/\/www.piwi247.com\/es\/usdc\/","og_locale":"es_ES","og_type":"article","og_title":"USDC (ERC20) - Spanish","og_description":"Pagos USDC (ERC20) en PIWI247PIWI247 se enorgullece de admitir USDC (USD Coin) como una de nuestras opciones de pago confiables y eficientes, basada en el est\u00e1ndar ERC20 para transacciones sin inconvenientes a trav\u00e9s de la blockchain de Ethereum Ya sea que est\u00e9s realizando una sola apuesta o financiando tu estrategia a largo plazo, USDC via [&hellip;]","og_url":"https:\/\/www.piwi247.com\/es\/usdc\/","og_site_name":"Spanish","article_modified_time":"2025-09-01T03:21:41+00:00","twitter_card":"summary_large_image","twitter_misc":{"Est. reading time":"3 minutes"},"schema":{"@context":"https:\/\/schema.org","@graph":[{"@type":"WebPage","@id":"https:\/\/www.piwi247.com\/es\/usdc\/","url":"https:\/\/www.piwi247.com\/es\/usdc\/","name":"USDC (ERC20) - Spanish","isPartOf":{"@id":"https:\/\/www.piwi247.com\/es\/#website"},"primaryImageOfPage":{"@id":"https:\/\/www.piwi247.com\/es\/usdc\/#primaryimage"},"image":{"@id":"https:\/\/www.piwi247.com\/es\/usdc\/#primaryimage"},"thumbnailUrl":"https:\/\/www.piwi247.com\/es\/wp-content\/uploads\/sites\/6\/2025\/09\/usdc-image.svg","datePublished":"2025-09-01T03:20:36+00:00","dateModified":"2025-09-01T03:21:41+00:00","breadcrumb":{"@id":"https:\/\/www.piwi247.com\/es\/usdc\/#breadcrumb"},"inLanguage":"es","potentialAction":[{"@type":"ReadAction","target":["https:\/\/www.piwi247.com\/es\/usdc\/"]}]},{"@type":"ImageObject","inLanguage":"es","@id":"https:\/\/www.piwi247.com\/es\/usdc\/#primaryimage","url":"https:\/\/www.piwi247.com\/es\/wp-content\/uploads\/sites\/6\/2025\/09\/usdc-image.svg","contentUrl":"https:\/\/www.piwi247.com\/es\/wp-content\/uploads\/sites\/6\/2025\/09\/usdc-image.svg"},{"@type":"BreadcrumbList","@id":"https:\/\/www.piwi247.com\/es\/usdc\/#breadcrumb","itemListElement":[{"@type":"ListItem","position":1,"name":"Home","item":"https:\/\/www.piwi247.com\/es\/"},{"@type":"ListItem","position":2,"name":"USDC (ERC20)"}]},{"@type":"WebSite","@id":"https:\/\/www.piwi247.com\/es\/#website","url":"https:\/\/www.piwi247.com\/es\/","name":"Spanish","description":"PIWI247: PIWIX | Sports Betting | Casino","potentialAction":[{"@type":"SearchAction","target":{"@type":"EntryPoint","urlTemplate":"https:\/\/www.piwi247.com\/es\/?s={search_term_string}"},"query-input":{"@type":"PropertyValueSpecification","valueRequired":true,"valueName":"search_term_string"}}],"inLanguage":"es"}]}},"_links":{"self":[{"href":"https:\/\/www.piwi247.com\/es\/wp-json\/wp\/v2\/pages\/6860","targetHints":{"allow":["GET"]}}],"collection":[{"href":"https:\/\/www.piwi247.com\/es\/wp-json\/wp\/v2\/pages"}],"about":[{"href":"https:\/\/www.piwi247.com\/es\/wp-json\/wp\/v2\/types\/page"}],"author":[{"embeddable":true,"href":"https:\/\/www.piwi247.com\/es\/wp-json\/wp\/v2\/users\/4"}],"replies":[{"embeddable":true,"href":"https:\/\/www.piwi247.com\/es\/wp-json\/wp\/v2\/comments?post=6860"}],"version-history":[{"count":4,"href":"https:\/\/www.piwi247.com\/es\/wp-json\/wp\/v2\/pages\/6860\/revisions"}],"predecessor-version":[{"id":6864,"href":"https:\/\/www.piwi247.com\/es\/wp-json\/wp\/v2\/pages\/6860\/revisions\/6864"}],"wp:featuredmedia":[{"embeddable":true,"href":"https:\/\/www.piwi247.com\/es\/wp-json\/wp\/v2\/media\/1666"}],"wp:attachment":[{"href":"https:\/\/www.piwi247.com\/es\/wp-json\/wp\/v2\/media?parent=6860"}],"curies":[{"name":"wp","href":"https:\/\/api.w.org\/{rel}","templated":true}]}}