{"id":27,"date":"2024-09-09T11:56:51","date_gmt":"2024-09-09T11:56:51","guid":{"rendered":"https:\/\/pre-prod.piwi247.com\/fr\/?page_id=27"},"modified":"2026-02-11T06:21:55","modified_gmt":"2026-02-11T06:21:55","slug":"piwi247-sports-en-partenariat-avec-pinnacle-solution","status":"publish","type":"page","link":"https:\/\/www.piwi247.com\/fr\/piwisportsprovider\/","title":{"rendered":"PIWI247 Sports en partenariat avec AP Gaming"},"content":{"rendered":"<p>[et_pb_section fb_built=&#8221;1&#8243; _builder_version=&#8221;4.27.0&#8243; _module_preset=&#8221;default&#8221; background_color=&#8221;RGBA(255,255,255,0)&#8221; custom_margin=&#8221;0px||0px||false|false&#8221; custom_padding=&#8221;0px||0px||false|false&#8221; locked=&#8221;off&#8221; global_colors_info=&#8221;{}&#8221; theme_builder_area=&#8221;post_content&#8221;][et_pb_row custom_padding_last_edited=&#8221;on|tablet&#8221; _builder_version=&#8221;4.27.0&#8243; _module_preset=&#8221;default&#8221; width=&#8221;100%&#8221; max_width=&#8221;1280px&#8221; custom_padding=&#8221;0px||0px||false|false&#8221; custom_padding_tablet=&#8221;10px||0px||false|false&#8221; custom_padding_phone=&#8221;0px||0px||false|false&#8221; global_colors_info=&#8221;{}&#8221; theme_builder_area=&#8221;post_content&#8221;][et_pb_column type=&#8221;4_4&#8243; _builder_version=&#8221;4.27.0&#8243; _module_preset=&#8221;default&#8221; global_colors_info=&#8221;{}&#8221; theme_builder_area=&#8221;post_content&#8221;][et_pb_text _builder_version=&#8221;4.27.2&#8243; _module_preset=&#8221;default&#8221; text_text_color=&#8221;gcid-62739c86-3917-4421-8ab4-45f1b03eea58&#8243; text_font_size=&#8221;16px&#8221; header_2_font=&#8221;|700|||||||&#8221; header_2_text_color=&#8221;gcid-62739c86-3917-4421-8ab4-45f1b03eea58&#8243; header_3_font=&#8221;|700|||||||&#8221; header_3_text_color=&#8221;gcid-62739c86-3917-4421-8ab4-45f1b03eea58&#8243; custom_margin=&#8221;||25px||false|false&#8221; global_colors_info=&#8221;{%22gcid-62739c86-3917-4421-8ab4-45f1b03eea58%22:%91%22text_text_color%22,%22header_2_text_color%22,%22header_3_text_color%22%93}&#8221; theme_builder_area=&#8221;post_content&#8221;]<strong>PIWI247 Sports<\/strong> propose une plateforme de paris sportifs en ligne \u00e0 grande \u00e9chelle, soutenue et optimis\u00e9e par <strong>AP Gaming<\/strong>, leader du secteur. Adoptant l\u2019approche commerciale \u00e9prouv\u00e9e de <strong>AP Gaming<\/strong>, <strong>PIWI247 Sports<\/strong> offre des cotes ultra-comp\u00e9titives et des niveaux de mises extr\u00eamement \u00e9lev\u00e9s, qui sont pl\u00e9biscit\u00e9s par les joueurs exigeants et \u00e0 gros volumes de paris.<\/p>\n<p><span>La plateforme couvre une vaste gamme de march\u00e9s de paris sportifs sur le football, le hockey, le MMA, le basket-ball, le baseball et des sports plus sp\u00e9cialis\u00e9s, tels que le cricket, les fl\u00e9chettes et le water-polo. La plateforme est con\u00e7ue pour les parieurs s\u00e9rieux.\u00a0<strong>PIWI247 Sports<\/strong>\u00a0propose ainsi de nombreux types de paris tels que des paris \u00e0 long terme, des paris\u00a0props\u00a0(accessoires), des paris syst\u00e8me et combin\u00e9s, et des bonus. Un chat en direct est aussi disponible pour vous aider, avec des analystes et des conseils d\u2019experts pour placer des paris gagnants.<\/span>[\/et_pb_text][et_pb_text _builder_version=&#8221;4.27.2&#8243; _module_preset=&#8221;default&#8221; text_text_color=&#8221;gcid-62739c86-3917-4421-8ab4-45f1b03eea58&#8243; text_font_size=&#8221;16px&#8221; header_2_font=&#8221;|700|||||||&#8221; header_2_text_color=&#8221;gcid-62739c86-3917-4421-8ab4-45f1b03eea58&#8243; header_2_line_height=&#8221;1.3em&#8221; header_3_font=&#8221;|700|||||||&#8221; header_3_text_color=&#8221;gcid-62739c86-3917-4421-8ab4-45f1b03eea58&#8243; custom_margin=&#8221;||25px||false|false&#8221; global_colors_info=&#8221;{%22gcid-62739c86-3917-4421-8ab4-45f1b03eea58%22:%91%22text_text_color%22,%22header_2_text_color%22,%22header_3_text_color%22%93}&#8221; theme_builder_area=&#8221;post_content&#8221;]<\/p>\n<h2>Taux de commissions de 4%<\/h2>\n<p><span>En tirant parti du syst\u00e8me de gestion des risques et des algorithmes de trading de pointe de AP Gaming,\u00a0<strong>PIWI247 Sports<\/strong>\u00a0maintient d\u2019excellents niveaux de rentabilit\u00e9. Son taux de commission (vigorish) de 4 % surpasse ainsi de nombreux concurrents de premier plan. Cette ma\u00eetrise des risques cr\u00e9e un environnement mutuellement b\u00e9n\u00e9fique avec des cotes extr\u00eamement pr\u00e9cises sans limiter les parieurs gagnants. Ainsi,\u00a0<strong>PIWI247 Sports<\/strong>\u00a0se distingue des autres bookmakers qui restreignent ou bannissent les joueurs les plus talentueux et rentables en mati\u00e8re de paris.<\/span>[\/et_pb_text][et_pb_text _builder_version=&#8221;4.27.4&#8243; _module_preset=&#8221;default&#8221; text_text_color=&#8221;gcid-62739c86-3917-4421-8ab4-45f1b03eea58&#8243; text_font_size=&#8221;16px&#8221; header_2_font=&#8221;|700|||||||&#8221; header_2_text_color=&#8221;gcid-62739c86-3917-4421-8ab4-45f1b03eea58&#8243; header_2_line_height=&#8221;1.3em&#8221; header_3_font=&#8221;|700|||||||&#8221; header_3_text_color=&#8221;gcid-62739c86-3917-4421-8ab4-45f1b03eea58&#8243; hover_enabled=&#8221;0&#8243; global_colors_info=&#8221;{%22gcid-62739c86-3917-4421-8ab4-45f1b03eea58%22:%91%22text_text_color%22,%22header_2_text_color%22,%22header_3_text_color%22%93}&#8221; theme_builder_area=&#8221;post_content&#8221; sticky_enabled=&#8221;0&#8243;]<\/p>\n<h2>Des cotes imbattables sur tous les plans<\/h2>\n<p><span>L\u2019approche de\u00a0<strong>PIWI247 Sports<\/strong>\u00a0met les joueurs dans les meilleures conditions, en cherchant \u00e0 offrir les cotes et les limites de paris les plus hautes possibles, plut\u00f4t que de chercher \u00e0 att\u00e9nuer les risques. Cela permet aux joueurs s\u00e9rieux de maximiser leur taux de victoire sur le long terme.<\/span><\/p>\n<p><strong>PIWI247<\/strong> donne aussi acc\u00e8s \u00e0 des innovations \u00e9prouv\u00e9es en mati\u00e8re de paris sportifs. La plateforme combine l\u2019expertise de AP Gaming en mati\u00e8re de compilation des cotes, des technologies de trading et de gestion des risques, avec l\u2019int\u00e9grit\u00e9, la rapidit\u00e9 et l\u2019image de marque de <span class=\"custom-link\"><a href=\"\/fr\/bettingexchange\/\">Betfair Exchange<\/a><\/span>. <strong>PIWI247 Sports repr\u00e9sente ainsi la nouvelle r\u00e9f\u00e9rence en mati\u00e8re d\u2019exp\u00e9rience de paris sportifs en ligne.<\/strong><\/p>\n<p class=\"custom-link\"><span><strong>PIWI247 Sports<\/strong>\u00a0offre une destination optimis\u00e9e de mani\u00e8re unique pour vos besoins en paris sportifs. Si votre objectif est de simplifier votre processus de pari pour gagner plus souvent,\u00a0<a href=\"\/signup\">rejoignez PIWI247 d\u00e8s aujourd\u2019hui<\/a>.<\/span><\/p>\n<p>[\/et_pb_text][\/et_pb_column][\/et_pb_row][\/et_pb_section]<\/p>\n","protected":false},"excerpt":{"rendered":"<p>PIWI247 Sports propose une plateforme de paris sportifs en ligne \u00e0 grande \u00e9chelle, soutenue et optimis\u00e9e par AP Gaming, leader du secteur. Adoptant l\u2019approche commerciale \u00e9prouv\u00e9e de AP Gaming, PIWI247 Sports offre des cotes ultra-comp\u00e9titives et des niveaux de mises extr\u00eamement \u00e9lev\u00e9s, qui sont pl\u00e9biscit\u00e9s par les joueurs exigeants et \u00e0 gros volumes de paris. [&hellip;]<\/p>\n","protected":false},"author":4,"featured_media":6958,"parent":0,"menu_order":0,"comment_status":"closed","ping_status":"closed","template":"","meta":{"_et_pb_use_builder":"on","_et_pb_old_content":"","_et_gb_content_width":"","inline_featured_image":false,"footnotes":""},"class_list":["post-27","page","type-page","status-publish","has-post-thumbnail","hentry"],"yoast_head":"<!-- This site is optimized with the Yoast SEO plugin v25.7 - https:\/\/yoast.com\/wordpress\/plugins\/seo\/ -->\n<title>PIWI247 et AP Gaming : partenariat en paris sportifs<\/title>\n<meta name=\"description\" content=\"Le partenariat entre PIWI247 et AP Gaming vous apporte les meilleures cotes pour parier en ligne sur tous les sports. Taux de commission de 4 %.\" \/>\n<meta name=\"robots\" content=\"index, follow, max-snippet:-1, max-image-preview:large, max-video-preview:-1\" \/>\n<link rel=\"canonical\" href=\"https:\/\/www.piwi247.com\/fr\/piwisportsprovider\/\" \/>\n<meta property=\"og:locale\" content=\"fr_FR\" \/>\n<meta property=\"og:type\" content=\"article\" \/>\n<meta property=\"og:title\" content=\"PIWI247 et AP Gaming : partenariat en paris sportifs\" \/>\n<meta property=\"og:description\" content=\"Le partenariat entre PIWI247 et AP Gaming vous apporte les meilleures cotes pour parier en ligne sur tous les sports. Taux de commission de 4 %.\" \/>\n<meta property=\"og:url\" content=\"https:\/\/www.piwi247.com\/fr\/piwisportsprovider\/\" \/>\n<meta property=\"og:site_name\" content=\"French\" \/>\n<meta property=\"article:modified_time\" content=\"2026-02-11T06:21:55+00:00\" \/>\n<meta property=\"og:image\" content=\"https:\/\/www.piwi247.com\/fr\/wp-content\/uploads\/sites\/5\/2025\/12\/product-header-pinnacle-sports-v1.webp\" \/>\n\t<meta property=\"og:image:width\" content=\"944\" \/>\n\t<meta property=\"og:image:height\" content=\"314\" \/>\n\t<meta property=\"og:image:type\" content=\"image\/webp\" \/>\n<meta name=\"twitter:card\" content=\"summary_large_image\" \/>\n<meta name=\"twitter:label1\" content=\"Est. reading time\" \/>\n\t<meta name=\"twitter:data1\" content=\"2 minutes\" \/>\n<script type=\"application\/ld+json\" class=\"yoast-schema-graph\">{\"@context\":\"https:\/\/schema.org\",\"@graph\":[{\"@type\":\"WebPage\",\"@id\":\"https:\/\/www.piwi247.com\/fr\/piwisportsprovider\/\",\"url\":\"https:\/\/www.piwi247.com\/fr\/piwisportsprovider\/\",\"name\":\"PIWI247 et AP Gaming : partenariat en paris sportifs\",\"isPartOf\":{\"@id\":\"https:\/\/www.piwi247.com\/fr\/#website\"},\"primaryImageOfPage\":{\"@id\":\"https:\/\/www.piwi247.com\/fr\/piwisportsprovider\/#primaryimage\"},\"image\":{\"@id\":\"https:\/\/www.piwi247.com\/fr\/piwisportsprovider\/#primaryimage\"},\"thumbnailUrl\":\"https:\/\/www.piwi247.com\/fr\/wp-content\/uploads\/sites\/5\/2025\/12\/product-header-pinnacle-sports-v1.webp\",\"datePublished\":\"2024-09-09T11:56:51+00:00\",\"dateModified\":\"2026-02-11T06:21:55+00:00\",\"description\":\"Le partenariat entre PIWI247 et AP Gaming vous apporte les meilleures cotes pour parier en ligne sur tous les sports. Taux de commission de 4 %.\",\"breadcrumb\":{\"@id\":\"https:\/\/www.piwi247.com\/fr\/piwisportsprovider\/#breadcrumb\"},\"inLanguage\":\"fr\",\"potentialAction\":[{\"@type\":\"ReadAction\",\"target\":[\"https:\/\/www.piwi247.com\/fr\/piwisportsprovider\/\"]}]},{\"@type\":\"ImageObject\",\"inLanguage\":\"fr\",\"@id\":\"https:\/\/www.piwi247.com\/fr\/piwisportsprovider\/#primaryimage\",\"url\":\"https:\/\/www.piwi247.com\/fr\/wp-content\/uploads\/sites\/5\/2025\/12\/product-header-pinnacle-sports-v1.webp\",\"contentUrl\":\"https:\/\/www.piwi247.com\/fr\/wp-content\/uploads\/sites\/5\/2025\/12\/product-header-pinnacle-sports-v1.webp\",\"width\":944,\"height\":314},{\"@type\":\"BreadcrumbList\",\"@id\":\"https:\/\/www.piwi247.com\/fr\/piwisportsprovider\/#breadcrumb\",\"itemListElement\":[{\"@type\":\"ListItem\",\"position\":1,\"name\":\"Home\",\"item\":\"https:\/\/www.piwi247.com\/fr\/\"},{\"@type\":\"ListItem\",\"position\":2,\"name\":\"PIWI247 Sports en partenariat avec AP Gaming\"}]},{\"@type\":\"WebSite\",\"@id\":\"https:\/\/www.piwi247.com\/fr\/#website\",\"url\":\"https:\/\/www.piwi247.com\/fr\/\",\"name\":\"French\",\"description\":\"PIWI247: PIWIX | Sports Betting | Casino\",\"potentialAction\":[{\"@type\":\"SearchAction\",\"target\":{\"@type\":\"EntryPoint\",\"urlTemplate\":\"https:\/\/www.piwi247.com\/fr\/?s={search_term_string}\"},\"query-input\":{\"@type\":\"PropertyValueSpecification\",\"valueRequired\":true,\"valueName\":\"search_term_string\"}}],\"inLanguage\":\"fr\"}]}<\/script>\n<!-- \/ Yoast SEO plugin. -->","yoast_head_json":{"title":"PIWI247 et AP Gaming : partenariat en paris sportifs","description":"Le partenariat entre PIWI247 et AP Gaming vous apporte les meilleures cotes pour parier en ligne sur tous les sports. Taux de commission de 4 %.","robots":{"index":"index","follow":"follow","max-snippet":"max-snippet:-1","max-image-preview":"max-image-preview:large","max-video-preview":"max-video-preview:-1"},"canonical":"https:\/\/www.piwi247.com\/fr\/piwisportsprovider\/","og_locale":"fr_FR","og_type":"article","og_title":"PIWI247 et AP Gaming : partenariat en paris sportifs","og_description":"Le partenariat entre PIWI247 et AP Gaming vous apporte les meilleures cotes pour parier en ligne sur tous les sports. Taux de commission de 4 %.","og_url":"https:\/\/www.piwi247.com\/fr\/piwisportsprovider\/","og_site_name":"French","article_modified_time":"2026-02-11T06:21:55+00:00","og_image":[{"width":944,"height":314,"url":"https:\/\/www.piwi247.com\/fr\/wp-content\/uploads\/sites\/5\/2025\/12\/product-header-pinnacle-sports-v1.webp","type":"image\/webp"}],"twitter_card":"summary_large_image","twitter_misc":{"Est. reading time":"2 minutes"},"schema":{"@context":"https:\/\/schema.org","@graph":[{"@type":"WebPage","@id":"https:\/\/www.piwi247.com\/fr\/piwisportsprovider\/","url":"https:\/\/www.piwi247.com\/fr\/piwisportsprovider\/","name":"PIWI247 et AP Gaming : partenariat en paris sportifs","isPartOf":{"@id":"https:\/\/www.piwi247.com\/fr\/#website"},"primaryImageOfPage":{"@id":"https:\/\/www.piwi247.com\/fr\/piwisportsprovider\/#primaryimage"},"image":{"@id":"https:\/\/www.piwi247.com\/fr\/piwisportsprovider\/#primaryimage"},"thumbnailUrl":"https:\/\/www.piwi247.com\/fr\/wp-content\/uploads\/sites\/5\/2025\/12\/product-header-pinnacle-sports-v1.webp","datePublished":"2024-09-09T11:56:51+00:00","dateModified":"2026-02-11T06:21:55+00:00","description":"Le partenariat entre PIWI247 et AP Gaming vous apporte les meilleures cotes pour parier en ligne sur tous les sports. Taux de commission de 4 %.","breadcrumb":{"@id":"https:\/\/www.piwi247.com\/fr\/piwisportsprovider\/#breadcrumb"},"inLanguage":"fr","potentialAction":[{"@type":"ReadAction","target":["https:\/\/www.piwi247.com\/fr\/piwisportsprovider\/"]}]},{"@type":"ImageObject","inLanguage":"fr","@id":"https:\/\/www.piwi247.com\/fr\/piwisportsprovider\/#primaryimage","url":"https:\/\/www.piwi247.com\/fr\/wp-content\/uploads\/sites\/5\/2025\/12\/product-header-pinnacle-sports-v1.webp","contentUrl":"https:\/\/www.piwi247.com\/fr\/wp-content\/uploads\/sites\/5\/2025\/12\/product-header-pinnacle-sports-v1.webp","width":944,"height":314},{"@type":"BreadcrumbList","@id":"https:\/\/www.piwi247.com\/fr\/piwisportsprovider\/#breadcrumb","itemListElement":[{"@type":"ListItem","position":1,"name":"Home","item":"https:\/\/www.piwi247.com\/fr\/"},{"@type":"ListItem","position":2,"name":"PIWI247 Sports en partenariat avec AP Gaming"}]},{"@type":"WebSite","@id":"https:\/\/www.piwi247.com\/fr\/#website","url":"https:\/\/www.piwi247.com\/fr\/","name":"French","description":"PIWI247: PIWIX | Sports Betting | Casino","potentialAction":[{"@type":"SearchAction","target":{"@type":"EntryPoint","urlTemplate":"https:\/\/www.piwi247.com\/fr\/?s={search_term_string}"},"query-input":{"@type":"PropertyValueSpecification","valueRequired":true,"valueName":"search_term_string"}}],"inLanguage":"fr"}]}},"_links":{"self":[{"href":"https:\/\/www.piwi247.com\/fr\/wp-json\/wp\/v2\/pages\/27","targetHints":{"allow":["GET"]}}],"collection":[{"href":"https:\/\/www.piwi247.com\/fr\/wp-json\/wp\/v2\/pages"}],"about":[{"href":"https:\/\/www.piwi247.com\/fr\/wp-json\/wp\/v2\/types\/page"}],"author":[{"embeddable":true,"href":"https:\/\/www.piwi247.com\/fr\/wp-json\/wp\/v2\/users\/4"}],"replies":[{"embeddable":true,"href":"https:\/\/www.piwi247.com\/fr\/wp-json\/wp\/v2\/comments?post=27"}],"version-history":[{"count":13,"href":"https:\/\/www.piwi247.com\/fr\/wp-json\/wp\/v2\/pages\/27\/revisions"}],"predecessor-version":[{"id":7012,"href":"https:\/\/www.piwi247.com\/fr\/wp-json\/wp\/v2\/pages\/27\/revisions\/7012"}],"wp:featuredmedia":[{"embeddable":true,"href":"https:\/\/www.piwi247.com\/fr\/wp-json\/wp\/v2\/media\/6958"}],"wp:attachment":[{"href":"https:\/\/www.piwi247.com\/fr\/wp-json\/wp\/v2\/media?parent=27"}],"curies":[{"name":"wp","href":"https:\/\/api.w.org\/{rel}","templated":true}]}}