{"id":3499,"date":"2024-09-10T05:39:33","date_gmt":"2024-09-10T05:39:33","guid":{"rendered":"https:\/\/pre-prod.piwi247.com\/fr\/?page_id=3499"},"modified":"2026-02-11T05:38:33","modified_gmt":"2026-02-11T05:38:33","slug":"piwix-betting-exchange-propose-par-betfair","status":"publish","type":"page","link":"https:\/\/www.piwi247.com\/fr\/bettingexchange\/","title":{"rendered":"PIWIX : betting exchange"},"content":{"rendered":"\n[et_pb_section fb_built=&#8221;1&#8243; _builder_version=&#8221;4.27.0&#8243; _module_preset=&#8221;default&#8221; background_color=&#8221;RGBA(255,255,255,0)&#8221; custom_margin=&#8221;0px||0px||false|false&#8221; custom_padding=&#8221;0px||0px||false|false&#8221; locked=&#8221;off&#8221; global_colors_info=&#8221;{}&#8221; theme_builder_area=&#8221;post_content&#8221;][et_pb_row custom_padding_last_edited=&#8221;on|tablet&#8221; _builder_version=&#8221;4.27.0&#8243; _module_preset=&#8221;default&#8221; width=&#8221;100%&#8221; max_width=&#8221;1280px&#8221; custom_padding=&#8221;0px||0px||false|false&#8221; custom_padding_tablet=&#8221;10px||0px||false|false&#8221; custom_padding_phone=&#8221;0px||0px||false|false&#8221; global_colors_info=&#8221;{}&#8221; theme_builder_area=&#8221;post_content&#8221;][et_pb_column type=&#8221;4_4&#8243; _builder_version=&#8221;4.27.0&#8243; _module_preset=&#8221;default&#8221; global_colors_info=&#8221;{}&#8221; theme_builder_area=&#8221;post_content&#8221;][et_pb_text _builder_version=&#8221;4.27.0&#8243; _module_preset=&#8221;default&#8221; text_text_color=&#8221;gcid-62739c86-3917-4421-8ab4-45f1b03eea58&#8243; text_font_size=&#8221;16px&#8221; header_2_font=&#8221;|700|||||||&#8221; header_2_text_color=&#8221;gcid-62739c86-3917-4421-8ab4-45f1b03eea58&#8243; header_3_font=&#8221;|700|||||||&#8221; header_3_text_color=&#8221;gcid-62739c86-3917-4421-8ab4-45f1b03eea58&#8243; custom_margin=&#8221;||25px||false|false&#8221; global_colors_info=&#8221;{%22gcid-62739c86-3917-4421-8ab4-45f1b03eea58%22:%91%22text_text_color%22,%22header_2_text_color%22,%22header_3_text_color%22%93}&#8221; theme_builder_area=&#8221;post_content&#8221;]<p><strong>Betfair<\/strong><span>\u00a0est une plateforme de betting exchange, ou bourse d\u2019\u00e9change de paris sportifs. Betfair propose ses services aux utilisateurs du monde entier. Il s\u2019agit de la plus grande plateforme de betting exchange au monde, qui permet \u00e0 ses clients de parier sur tous les sports, comme le football ou les courses de chevaux.<\/span><\/p>[\/et_pb_text][et_pb_text _builder_version=&#8221;4.27.0&#8243; _module_preset=&#8221;default&#8221; text_text_color=&#8221;gcid-62739c86-3917-4421-8ab4-45f1b03eea58&#8243; text_font_size=&#8221;16px&#8221; header_2_font=&#8221;|700|||||||&#8221; header_2_text_color=&#8221;gcid-62739c86-3917-4421-8ab4-45f1b03eea58&#8243; header_2_line_height=&#8221;1.3em&#8221; header_3_font=&#8221;|700|||||||&#8221; header_3_text_color=&#8221;gcid-62739c86-3917-4421-8ab4-45f1b03eea58&#8243; custom_margin=&#8221;||25px||false|false&#8221; global_colors_info=&#8221;{%22gcid-62739c86-3917-4421-8ab4-45f1b03eea58%22:%91%22text_text_color%22,%22header_2_text_color%22,%22header_3_text_color%22%93}&#8221; theme_builder_area=&#8221;post_content&#8221;]<h2>Qu\u2019est-ce qu\u2019un betting exchange et comment \u00e7a marche ?<\/h2>\n<p><span>Contrairement aux paris chez un bookmaker, o\u00f9 les clients jouent contre les cotes pr\u00e9d\u00e9finies du bookmaker, une plateforme d\u2019\u00e9change de paris permet aux utilisateurs de parier les uns contre les autres.<\/span><\/p>\n<p><span>Vous pouvez soutenir ou contrer des paris sur le r\u00e9sultat d\u2019\u00e9v\u00e9nements \u00e0 la discr\u00e9tion des joueurs. En effectuant des paris de couverture (matched betting), vous pouvez r\u00e9duire votre risque de perdre de l\u2019argent.<\/span><\/p>\n<p><span>Les cotes propos\u00e9es pour un pari particulier sont d\u00e9termin\u00e9es par le nombre de clients qui soutiennent et parient contre ce pari. Plus la liquidit\u00e9 est bonne pour un certain march\u00e9 de paris, plus les cotes deviennent comp\u00e9titives. Les clients peuvent cr\u00e9er des march\u00e9s de paris sur les sites de betting exchange, qui facturent une commission sur les paris gagnants. Alors, comment proc\u00e9dez-vous pour soutenir ou parier contre un march\u00e9 ? Comment fonctionnent les paris de couverture ? Voici tout ce que vous devez savoir\u00a0:<\/span><\/p>[\/et_pb_text][et_pb_text _builder_version=&#8221;4.27.0&#8243; _module_preset=&#8221;default&#8221; text_text_color=&#8221;gcid-62739c86-3917-4421-8ab4-45f1b03eea58&#8243; text_font_size=&#8221;16px&#8221; header_2_font=&#8221;|700|||||||&#8221; header_2_text_color=&#8221;gcid-62739c86-3917-4421-8ab4-45f1b03eea58&#8243; header_2_line_height=&#8221;1.3em&#8221; header_3_font=&#8221;|700|||||||&#8221; header_3_text_color=&#8221;gcid-62739c86-3917-4421-8ab4-45f1b03eea58&#8243; custom_margin=&#8221;||25px||false|false&#8221; global_colors_info=&#8221;{%22gcid-62739c86-3917-4421-8ab4-45f1b03eea58%22:%91%22text_text_color%22,%22header_2_text_color%22,%22header_3_text_color%22%93}&#8221; theme_builder_area=&#8221;post_content&#8221;]<h2><span>Les paris\u00a0<\/span><em>back<\/em><\/h2>\n<p><span>Un pari back consiste \u00e0 parier qu\u2019un r\u00e9sultat sp\u00e9cifique se traduira effectivement. Par exemple, si vous pariez sur la victoire de Liverpool contre Arsenal lors d\u2019un match de Premier League anglaise. Votre pari sera assorti (<\/span><span>matched<\/span><span>) \u00e0 celui d\u2019un autre utilisateur qui pariera que Liverpool ne gagnera pas.<\/span><\/p>\n<p><span>Une plateforme de betting exchange peut assortir votre pari\u00a0<\/span><span>back<\/span><span>\u00a0\u00e0 de nombreuses parties adverses si un paris back est tr\u00e8s populaire. Contrairement aux paris sportifs traditionnels, les cotes propos\u00e9es pour un pari back sont d\u00e9termin\u00e9es par le volume de paris du march\u00e9. Vous ne pariez pas contre un bookmaker ; au lieu de cela, vous pariez contre d\u2019autres personnes.<\/span><\/p>[\/et_pb_text][et_pb_text _builder_version=&#8221;4.27.0&#8243; _module_preset=&#8221;default&#8221; text_text_color=&#8221;gcid-62739c86-3917-4421-8ab4-45f1b03eea58&#8243; text_font_size=&#8221;16px&#8221; header_2_font=&#8221;|700|||||||&#8221; header_2_text_color=&#8221;gcid-62739c86-3917-4421-8ab4-45f1b03eea58&#8243; header_2_line_height=&#8221;1.3em&#8221; header_3_font=&#8221;|700|||||||&#8221; header_3_text_color=&#8221;gcid-62739c86-3917-4421-8ab4-45f1b03eea58&#8243; custom_margin=&#8221;||25px||false|false&#8221; global_colors_info=&#8221;{%22gcid-62739c86-3917-4421-8ab4-45f1b03eea58%22:%91%22text_text_color%22,%22header_2_text_color%22,%22header_3_text_color%22%93}&#8221; theme_builder_area=&#8221;post_content&#8221;]<h2>Les paris Lay ou contre<\/h2>\n<p><span>Vous devriez \u00e9galement consid\u00e9rer les options de d\u00e9p\u00f4t et de retrait offertes par les soci\u00e9t\u00e9s de jeux de casino en ligne. Assurez-vous que le casino propose vos m\u00e9thodes de paiement pr\u00e9f\u00e9r\u00e9es ou fr\u00e9quemment utilis\u00e9es. Apprenez-en plus sur Evolution Gaming et inscrivez-vous avec PIWI247 d\u00e8s aujourd\u2019hui !<\/span><\/p>[\/et_pb_text][et_pb_text _builder_version=&#8221;4.27.2&#8243; _module_preset=&#8221;default&#8221; text_text_color=&#8221;gcid-62739c86-3917-4421-8ab4-45f1b03eea58&#8243; text_font_size=&#8221;16px&#8221; header_2_font=&#8221;|700|||||||&#8221; header_2_text_color=&#8221;gcid-62739c86-3917-4421-8ab4-45f1b03eea58&#8243; header_2_line_height=&#8221;1.3em&#8221; header_3_font=&#8221;|700|||||||&#8221; header_3_text_color=&#8221;gcid-62739c86-3917-4421-8ab4-45f1b03eea58&#8243; custom_margin=&#8221;||25px||false|false&#8221; global_colors_info=&#8221;{%22gcid-62739c86-3917-4421-8ab4-45f1b03eea58%22:%91%22text_text_color%22,%22header_2_text_color%22,%22header_3_text_color%22%93}&#8221; theme_builder_area=&#8221;post_content&#8221;]<h2><span>Paris assortis<\/span><\/h2>\n<p class=\"custom-link\"><span>En utilisant les\u00a0<\/span><a href=\"https:\/\/promo.piwi88.com\/piwinew300\/\" title=\"30% Freebet up to 300 EUR bonus\">bonus de paris gratuits<\/a><span>\u00a0<\/span><span>et les promotions des bookmakers, les paris assortis impliquent de placer plusieurs paris pour couvrir tous les r\u00e9sultats possibles d\u2019un match et offrir une strat\u00e9gie sans risque. Un pari assorti est un pari dans lequel vous placez un pari back sur Liverpool pour gagner un match en utilisant un pari gratuit, et un Lay Bet sur la d\u00e9faire de Liverpool, tout en pariant suffisamment d\u2019argent pour vous assurer de ne pas perdre. Vous devez \u00eatre membre d\u2019au moins deux betting exchange.<\/span><\/p>[\/et_pb_text][et_pb_text _builder_version=&#8221;4.27.0&#8243; _module_preset=&#8221;default&#8221; text_text_color=&#8221;gcid-62739c86-3917-4421-8ab4-45f1b03eea58&#8243; text_font_size=&#8221;16px&#8221; header_2_font=&#8221;|700|||||||&#8221; header_2_text_color=&#8221;gcid-62739c86-3917-4421-8ab4-45f1b03eea58&#8243; header_2_line_height=&#8221;1.3em&#8221; header_3_font=&#8221;|700|||||||&#8221; header_3_text_color=&#8221;gcid-62739c86-3917-4421-8ab4-45f1b03eea58&#8243; custom_margin=&#8221;||0px||false|false&#8221; global_colors_info=&#8221;{%22gcid-62739c86-3917-4421-8ab4-45f1b03eea58%22:%91%22text_text_color%22,%22header_2_text_color%22,%22header_3_text_color%22%93}&#8221; theme_builder_area=&#8221;post_content&#8221;]<h2><span>Bookmakers ou betting exchange<\/span><\/h2>\n<p><span>Un site de paris sportifs est un endroit o\u00f9 vous pouvez parier sur des march\u00e9s int\u00e9ressants avec des cotes fix\u00e9es par un bookmaker. Les sites de pari pr\u00e9l\u00e8vent une commission, (la marge du bookmaker), qui impacte la comp\u00e9titivit\u00e9 et la qualit\u00e9 des cotes fournies.<\/span><\/p>\n<p><span>Les termes\u00a0<\/span><span><em>back<\/em>\u00a0et lay<\/span><span>\u00a0ne sont pas utilis\u00e9s chez les bookmakers. Sur un site de pari, les joueurs parient sur le r\u00e9sultat d\u2019un \u00e9v\u00e9nement sportif.<\/span><\/p>\n<p><span>D\u2019autre part, un site de betting exchange offre des cotes d\u00e9termin\u00e9es par la popularit\u00e9 du march\u00e9 de paris en question. Plus il y a de liquidit\u00e9s sur les march\u00e9s des paris, plus les cotes deviennent comp\u00e9titives.<\/span><\/p>\n<p class=\"custom-link\">Contrairement aux paris sportifs, qui facturent une marge de profit sur tous les paris plac\u00e9s, les bourses de paris prennent une commission sur les paris gagnants uniquement. PIWI247 offre les frais de commission les plus bas en betting exchange ! Les bookmakers ont un contr\u00f4le total sur les paris plac\u00e9s, tandis qu\u2019en betting exchange on peut parier pour ou contre un \u00e9v\u00e9nement. Apprenez-en plus sur le betting exchange et<span>\u00a0<\/span><a href=\"\/signup\" title=\"Sign up with PIWI247\">inscrivez-vous sur PIWI247<\/a><span>\u00a0<\/span>d\u00e8s aujourd\u2019hui !<\/p>[\/et_pb_text][\/et_pb_column][\/et_pb_row][\/et_pb_section]\n","protected":false},"excerpt":{"rendered":"<p>Betfair\u00a0est une plateforme de betting exchange, ou bourse d\u2019\u00e9change de paris sportifs. Betfair propose ses services aux utilisateurs du monde entier. Il s\u2019agit de la plus grande plateforme de betting exchange au monde, qui permet \u00e0 ses clients de parier sur tous les sports, comme le football ou les courses de chevaux.Qu\u2019est-ce qu\u2019un betting exchange [&hellip;]<\/p>\n","protected":false},"author":4,"featured_media":6956,"parent":0,"menu_order":0,"comment_status":"closed","ping_status":"closed","template":"","meta":{"_et_pb_use_builder":"on","_et_pb_old_content":"<!-- wp:divi\/placeholder \/-->","_et_gb_content_width":"","inline_featured_image":false,"footnotes":""},"class_list":["post-3499","page","type-page","status-publish","has-post-thumbnail","hentry"],"yoast_head":"<!-- This site is optimized with the Yoast SEO plugin v25.7 - https:\/\/yoast.com\/wordpress\/plugins\/seo\/ -->\n<title>PIWI247 et Betfair : partenariat en betting exchange<\/title>\n<meta name=\"description\" content=\"Pariez en \u00e9change de paris sportifs avec PIWI247 et son partenaire Betfair, le leader mondial en betting exchange. Pari back et lay de parieur \u00e0 parieur.\" \/>\n<meta name=\"robots\" content=\"index, follow, max-snippet:-1, max-image-preview:large, max-video-preview:-1\" \/>\n<link rel=\"canonical\" href=\"https:\/\/www.piwi247.com\/fr\/bettingexchange\/\" \/>\n<meta property=\"og:locale\" content=\"fr_FR\" \/>\n<meta property=\"og:type\" content=\"article\" \/>\n<meta property=\"og:title\" content=\"PIWI247 et Betfair : partenariat en betting exchange\" \/>\n<meta property=\"og:description\" content=\"Pariez en \u00e9change de paris sportifs avec PIWI247 et son partenaire Betfair, le leader mondial en betting exchange. Pari back et lay de parieur \u00e0 parieur.\" \/>\n<meta property=\"og:url\" content=\"https:\/\/www.piwi247.com\/fr\/bettingexchange\/\" \/>\n<meta property=\"og:site_name\" content=\"French\" \/>\n<meta property=\"article:modified_time\" content=\"2026-02-11T05:38:33+00:00\" \/>\n<meta property=\"og:image\" content=\"https:\/\/www.piwi247.com\/fr\/wp-content\/uploads\/sites\/5\/2025\/12\/product-header-piwix-v1.webp\" \/>\n\t<meta property=\"og:image:width\" content=\"950\" \/>\n\t<meta property=\"og:image:height\" content=\"314\" \/>\n\t<meta property=\"og:image:type\" content=\"image\/webp\" \/>\n<meta name=\"twitter:card\" content=\"summary_large_image\" \/>\n<meta name=\"twitter:label1\" content=\"Est. reading time\" \/>\n\t<meta name=\"twitter:data1\" content=\"4 minutes\" \/>\n<script type=\"application\/ld+json\" class=\"yoast-schema-graph\">{\"@context\":\"https:\/\/schema.org\",\"@graph\":[{\"@type\":\"WebPage\",\"@id\":\"https:\/\/www.piwi247.com\/fr\/bettingexchange\/\",\"url\":\"https:\/\/www.piwi247.com\/fr\/bettingexchange\/\",\"name\":\"PIWI247 et Betfair : partenariat en betting exchange\",\"isPartOf\":{\"@id\":\"https:\/\/www.piwi247.com\/fr\/#website\"},\"primaryImageOfPage\":{\"@id\":\"https:\/\/www.piwi247.com\/fr\/bettingexchange\/#primaryimage\"},\"image\":{\"@id\":\"https:\/\/www.piwi247.com\/fr\/bettingexchange\/#primaryimage\"},\"thumbnailUrl\":\"https:\/\/www.piwi247.com\/fr\/wp-content\/uploads\/sites\/5\/2025\/12\/product-header-piwix-v1.webp\",\"datePublished\":\"2024-09-10T05:39:33+00:00\",\"dateModified\":\"2026-02-11T05:38:33+00:00\",\"description\":\"Pariez en \u00e9change de paris sportifs avec PIWI247 et son partenaire Betfair, le leader mondial en betting exchange. Pari back et lay de parieur \u00e0 parieur.\",\"breadcrumb\":{\"@id\":\"https:\/\/www.piwi247.com\/fr\/bettingexchange\/#breadcrumb\"},\"inLanguage\":\"fr\",\"potentialAction\":[{\"@type\":\"ReadAction\",\"target\":[\"https:\/\/www.piwi247.com\/fr\/bettingexchange\/\"]}]},{\"@type\":\"ImageObject\",\"inLanguage\":\"fr\",\"@id\":\"https:\/\/www.piwi247.com\/fr\/bettingexchange\/#primaryimage\",\"url\":\"https:\/\/www.piwi247.com\/fr\/wp-content\/uploads\/sites\/5\/2025\/12\/product-header-piwix-v1.webp\",\"contentUrl\":\"https:\/\/www.piwi247.com\/fr\/wp-content\/uploads\/sites\/5\/2025\/12\/product-header-piwix-v1.webp\",\"width\":950,\"height\":314},{\"@type\":\"BreadcrumbList\",\"@id\":\"https:\/\/www.piwi247.com\/fr\/bettingexchange\/#breadcrumb\",\"itemListElement\":[{\"@type\":\"ListItem\",\"position\":1,\"name\":\"Home\",\"item\":\"https:\/\/www.piwi247.com\/fr\/\"},{\"@type\":\"ListItem\",\"position\":2,\"name\":\"PIWIX : betting exchange\"}]},{\"@type\":\"WebSite\",\"@id\":\"https:\/\/www.piwi247.com\/fr\/#website\",\"url\":\"https:\/\/www.piwi247.com\/fr\/\",\"name\":\"French\",\"description\":\"PIWI247: PIWIX | Sports Betting | Casino\",\"potentialAction\":[{\"@type\":\"SearchAction\",\"target\":{\"@type\":\"EntryPoint\",\"urlTemplate\":\"https:\/\/www.piwi247.com\/fr\/?s={search_term_string}\"},\"query-input\":{\"@type\":\"PropertyValueSpecification\",\"valueRequired\":true,\"valueName\":\"search_term_string\"}}],\"inLanguage\":\"fr\"}]}<\/script>\n<!-- \/ Yoast SEO plugin. -->","yoast_head_json":{"title":"PIWI247 et Betfair : partenariat en betting exchange","description":"Pariez en \u00e9change de paris sportifs avec PIWI247 et son partenaire Betfair, le leader mondial en betting exchange. Pari back et lay de parieur \u00e0 parieur.","robots":{"index":"index","follow":"follow","max-snippet":"max-snippet:-1","max-image-preview":"max-image-preview:large","max-video-preview":"max-video-preview:-1"},"canonical":"https:\/\/www.piwi247.com\/fr\/bettingexchange\/","og_locale":"fr_FR","og_type":"article","og_title":"PIWI247 et Betfair : partenariat en betting exchange","og_description":"Pariez en \u00e9change de paris sportifs avec PIWI247 et son partenaire Betfair, le leader mondial en betting exchange. Pari back et lay de parieur \u00e0 parieur.","og_url":"https:\/\/www.piwi247.com\/fr\/bettingexchange\/","og_site_name":"French","article_modified_time":"2026-02-11T05:38:33+00:00","og_image":[{"width":950,"height":314,"url":"https:\/\/www.piwi247.com\/fr\/wp-content\/uploads\/sites\/5\/2025\/12\/product-header-piwix-v1.webp","type":"image\/webp"}],"twitter_card":"summary_large_image","twitter_misc":{"Est. reading time":"4 minutes"},"schema":{"@context":"https:\/\/schema.org","@graph":[{"@type":"WebPage","@id":"https:\/\/www.piwi247.com\/fr\/bettingexchange\/","url":"https:\/\/www.piwi247.com\/fr\/bettingexchange\/","name":"PIWI247 et Betfair : partenariat en betting exchange","isPartOf":{"@id":"https:\/\/www.piwi247.com\/fr\/#website"},"primaryImageOfPage":{"@id":"https:\/\/www.piwi247.com\/fr\/bettingexchange\/#primaryimage"},"image":{"@id":"https:\/\/www.piwi247.com\/fr\/bettingexchange\/#primaryimage"},"thumbnailUrl":"https:\/\/www.piwi247.com\/fr\/wp-content\/uploads\/sites\/5\/2025\/12\/product-header-piwix-v1.webp","datePublished":"2024-09-10T05:39:33+00:00","dateModified":"2026-02-11T05:38:33+00:00","description":"Pariez en \u00e9change de paris sportifs avec PIWI247 et son partenaire Betfair, le leader mondial en betting exchange. Pari back et lay de parieur \u00e0 parieur.","breadcrumb":{"@id":"https:\/\/www.piwi247.com\/fr\/bettingexchange\/#breadcrumb"},"inLanguage":"fr","potentialAction":[{"@type":"ReadAction","target":["https:\/\/www.piwi247.com\/fr\/bettingexchange\/"]}]},{"@type":"ImageObject","inLanguage":"fr","@id":"https:\/\/www.piwi247.com\/fr\/bettingexchange\/#primaryimage","url":"https:\/\/www.piwi247.com\/fr\/wp-content\/uploads\/sites\/5\/2025\/12\/product-header-piwix-v1.webp","contentUrl":"https:\/\/www.piwi247.com\/fr\/wp-content\/uploads\/sites\/5\/2025\/12\/product-header-piwix-v1.webp","width":950,"height":314},{"@type":"BreadcrumbList","@id":"https:\/\/www.piwi247.com\/fr\/bettingexchange\/#breadcrumb","itemListElement":[{"@type":"ListItem","position":1,"name":"Home","item":"https:\/\/www.piwi247.com\/fr\/"},{"@type":"ListItem","position":2,"name":"PIWIX : betting exchange"}]},{"@type":"WebSite","@id":"https:\/\/www.piwi247.com\/fr\/#website","url":"https:\/\/www.piwi247.com\/fr\/","name":"French","description":"PIWI247: PIWIX | Sports Betting | Casino","potentialAction":[{"@type":"SearchAction","target":{"@type":"EntryPoint","urlTemplate":"https:\/\/www.piwi247.com\/fr\/?s={search_term_string}"},"query-input":{"@type":"PropertyValueSpecification","valueRequired":true,"valueName":"search_term_string"}}],"inLanguage":"fr"}]}},"_links":{"self":[{"href":"https:\/\/www.piwi247.com\/fr\/wp-json\/wp\/v2\/pages\/3499","targetHints":{"allow":["GET"]}}],"collection":[{"href":"https:\/\/www.piwi247.com\/fr\/wp-json\/wp\/v2\/pages"}],"about":[{"href":"https:\/\/www.piwi247.com\/fr\/wp-json\/wp\/v2\/types\/page"}],"author":[{"embeddable":true,"href":"https:\/\/www.piwi247.com\/fr\/wp-json\/wp\/v2\/users\/4"}],"replies":[{"embeddable":true,"href":"https:\/\/www.piwi247.com\/fr\/wp-json\/wp\/v2\/comments?post=3499"}],"version-history":[{"count":11,"href":"https:\/\/www.piwi247.com\/fr\/wp-json\/wp\/v2\/pages\/3499\/revisions"}],"predecessor-version":[{"id":7002,"href":"https:\/\/www.piwi247.com\/fr\/wp-json\/wp\/v2\/pages\/3499\/revisions\/7002"}],"wp:featuredmedia":[{"embeddable":true,"href":"https:\/\/www.piwi247.com\/fr\/wp-json\/wp\/v2\/media\/6956"}],"wp:attachment":[{"href":"https:\/\/www.piwi247.com\/fr\/wp-json\/wp\/v2\/media?parent=3499"}],"curies":[{"name":"wp","href":"https:\/\/api.w.org\/{rel}","templated":true}]}}