{"id":3508,"date":"2024-09-10T05:47:04","date_gmt":"2024-09-10T05:47:04","guid":{"rendered":"https:\/\/pre-prod.piwi247.com\/fr\/?page_id=3508"},"modified":"2024-11-11T03:41:28","modified_gmt":"2024-11-11T03:41:28","slug":"vivez-le-frisson-des-machines-a-sous-piwi-et-du-live-casino-sur-piwi247","status":"publish","type":"page","link":"https:\/\/www.piwi247.com\/fr\/piwislots\/","title":{"rendered":"Vivez le frisson des machines \u00e0 sous PIWI et du Live Casino sur PIWI247"},"content":{"rendered":"<p>[et_pb_section fb_built=&#8221;1&#8243; _builder_version=&#8221;4.27.0&#8243; _module_preset=&#8221;default&#8221; background_color=&#8221;RGBA(255,255,255,0)&#8221; custom_margin=&#8221;0px||0px||false|false&#8221; custom_padding=&#8221;0px||0px||false|false&#8221; locked=&#8221;off&#8221; global_colors_info=&#8221;{}&#8221; theme_builder_area=&#8221;post_content&#8221;][et_pb_row custom_padding_last_edited=&#8221;on|tablet&#8221; _builder_version=&#8221;4.27.0&#8243; _module_preset=&#8221;default&#8221; width=&#8221;100%&#8221; max_width=&#8221;1280px&#8221; custom_padding=&#8221;0px||0px||false|false&#8221; custom_padding_tablet=&#8221;10px||0px||false|false&#8221; custom_padding_phone=&#8221;0px||0px||false|false&#8221; global_colors_info=&#8221;{}&#8221; theme_builder_area=&#8221;post_content&#8221;][et_pb_column type=&#8221;4_4&#8243; _builder_version=&#8221;4.27.0&#8243; _module_preset=&#8221;default&#8221; global_colors_info=&#8221;{}&#8221; theme_builder_area=&#8221;post_content&#8221;][et_pb_text _builder_version=&#8221;4.27.0&#8243; _module_preset=&#8221;default&#8221; text_text_color=&#8221;gcid-62739c86-3917-4421-8ab4-45f1b03eea58&#8243; text_font_size=&#8221;16px&#8221; header_2_font=&#8221;|700|||||||&#8221; header_2_text_color=&#8221;gcid-62739c86-3917-4421-8ab4-45f1b03eea58&#8243; header_3_font=&#8221;|700|||||||&#8221; header_3_text_color=&#8221;gcid-62739c86-3917-4421-8ab4-45f1b03eea58&#8243; custom_margin=&#8221;||25px||false|false&#8221; global_colors_info=&#8221;{%22gcid-62739c86-3917-4421-8ab4-45f1b03eea58%22:%91%22text_text_color%22,%22header_2_text_color%22,%22header_3_text_color%22%93}&#8221; theme_builder_area=&#8221;post_content&#8221;]<\/p>\n<p><span>Chez\u00a0<\/span><strong>PIWI247<\/strong><span>, nous sommes ravis d\u2019offrir une exp\u00e9rience de jeu exaltante avec nos machines \u00e0 sous et notre casino en direct, propuls\u00e9s par le c\u00e9l\u00e8bre Pragmatic Play. Plongez dans le monde des jeux en ligne, o\u00f9 l\u2019excitation d\u2019un vrai casino s\u2019allie \u00e0 la facilit\u00e9 de jouer depuis votre propre domicile.<\/span><\/p>\n<p>[\/et_pb_text][et_pb_text _builder_version=&#8221;4.27.0&#8243; _module_preset=&#8221;default&#8221; text_text_color=&#8221;gcid-62739c86-3917-4421-8ab4-45f1b03eea58&#8243; text_font_size=&#8221;16px&#8221; header_2_font=&#8221;|700|||||||&#8221; header_2_text_color=&#8221;gcid-62739c86-3917-4421-8ab4-45f1b03eea58&#8243; header_2_line_height=&#8221;1.3em&#8221; header_3_font=&#8221;|700|||||||&#8221; header_3_text_color=&#8221;gcid-62739c86-3917-4421-8ab4-45f1b03eea58&#8243; custom_margin=&#8221;||5px||false|false&#8221; global_colors_info=&#8221;{%22gcid-62739c86-3917-4421-8ab4-45f1b03eea58%22:%91%22text_text_color%22,%22header_2_text_color%22,%22header_3_text_color%22%93}&#8221; theme_builder_area=&#8221;post_content&#8221;]<\/p>\n<h2>D\u00e9couvrez l\u2019excitation des jeux de Live casino<\/h2>\n<p>Notre<span>\u00a0<\/span><strong>Live casino<\/strong>, propuls\u00e9 par Pragmatic Play, vous procure l\u2019atmosph\u00e8re d\u2019un authentique casino directement sur votre \u00e9cran. Interagissez avec des croupiers professionnels et profitez d\u2019une action en temps r\u00e9el pendant que vous jouez \u00e0 vos jeux de table pr\u00e9f\u00e9r\u00e9s. Que vous pr\u00e9f\u00e9riez le blackjack, la roulette ou le baccarat, notre Live casino offre une vari\u00e9t\u00e9 d\u2019options pour r\u00e9pondre \u00e0 toutes vos attentes. Voici pourquoi vous devriez essayer notre<span>\u00a0<\/span><strong>Live casino<\/strong><span>\u00a0<\/span>:<\/p>\n<ul style=\"margin-top: 10px; margin-bottom: 0;\">\n<li><strong>Interaction en temps r\u00e9el:<\/strong><span>\u00a0<\/span>Vivez l\u2019exp\u00e9rience d\u2019interagir avec les croupiers et les autres joueurs, ajoutant un \u00e9l\u00e9ment social \u00e0 votre exp\u00e9rience de jeu.<\/li>\n<li><strong>Streaming de haute qualit\u00e9:<\/strong><span>\u00a0<\/span>profitez d\u2019un streaming fluide avec des images et des sons clairs comme du cristal, pour ne rien manquer de l\u2019action.<\/li>\n<li><strong>Vari\u00e9t\u00e9 de jeux:<\/strong><span>\u00a0<\/span>Choisissez parmi une large gamme de jeux de casino populaires, chacun vous offrant une exp\u00e9rience unique et la chance de pouvoir gagner gros.<\/li>\n<\/ul>\n<p>[\/et_pb_text][et_pb_text _builder_version=&#8221;4.27.0&#8243; _module_preset=&#8221;default&#8221; text_text_color=&#8221;gcid-62739c86-3917-4421-8ab4-45f1b03eea58&#8243; text_font_size=&#8221;16px&#8221; header_2_font=&#8221;|700|||||||&#8221; header_2_text_color=&#8221;gcid-62739c86-3917-4421-8ab4-45f1b03eea58&#8243; header_2_line_height=&#8221;1.3em&#8221; header_3_font=&#8221;|700|||||||&#8221; header_3_text_color=&#8221;gcid-62739c86-3917-4421-8ab4-45f1b03eea58&#8243; custom_margin=&#8221;||5px||false|false&#8221; global_colors_info=&#8221;{%22gcid-62739c86-3917-4421-8ab4-45f1b03eea58%22:%91%22text_text_color%22,%22header_2_text_color%22,%22header_3_text_color%22%93}&#8221; theme_builder_area=&#8221;post_content&#8221;]<\/p>\n<h2>Explorez nos machines \u00e0 sous PIWI<\/h2>\n<p>En plus de nos offres de Live casino, nous sommes fiers de pr\u00e9senter<span>\u00a0<\/span><strong>PIWISlots<\/strong>, qui vous propose des jeux de premier ordre fournis par Pragmatic Play. Ces machines \u00e0 sous sont soigneusement choisies pour leurs th\u00e8mes attrayants, leurs graphismes \u00e9poustouflants et leurs bonus gratifiants. Voici ce qui fait de nos machines \u00e0 sous des jeux incontournables :<\/p>\n<ul style=\"margin-top: 10px; margin-bottom: 0;\">\n<li><strong>Divers th\u00e8mes :<\/strong><span>\u00a0<\/span>des civilisations anciennes aux aventures futuristes, nos machines \u00e0 sous couvrent un large \u00e9ventail de th\u00e8mes pour divertir tous les joueurs<\/li>\n<li><strong>Fonctionnalit\u00e9s bonus passionnantes :<\/strong><span>\u00a0<\/span>Profitez des symboles wild, de tours gratuits et de multiplicateurs de gains qui am\u00e9liorent vos chances de gagner gros.<\/li>\n<li><strong>Interface conviviale :<\/strong><span>\u00a0<\/span>Profitez d\u2019une navigation et d\u2019une prise en main faciles, que vous soyez un passionn\u00e9 de machines \u00e0 sous ou que vous les essayez pour la premi\u00e8re fois.<\/li>\n<\/ul>\n<p>[\/et_pb_text][et_pb_text _builder_version=&#8221;4.27.0&#8243; _module_preset=&#8221;default&#8221; text_text_color=&#8221;gcid-62739c86-3917-4421-8ab4-45f1b03eea58&#8243; text_font_size=&#8221;16px&#8221; header_2_font=&#8221;|700|||||||&#8221; header_2_text_color=&#8221;gcid-62739c86-3917-4421-8ab4-45f1b03eea58&#8243; header_2_line_height=&#8221;1.3em&#8221; header_3_font=&#8221;|700|||||||&#8221; header_3_text_color=&#8221;gcid-62739c86-3917-4421-8ab4-45f1b03eea58&#8243; custom_margin=&#8221;||25px||false|false&#8221; global_colors_info=&#8221;{%22gcid-62739c86-3917-4421-8ab4-45f1b03eea58%22:%91%22text_text_color%22,%22header_2_text_color%22,%22header_3_text_color%22%93}&#8221; theme_builder_area=&#8221;post_content&#8221;]<\/p>\n<h2 style=\"margin-bottom: 0;\">Principales machines \u00e0 sous<\/h2>\n<p>Vivez l\u2019excitation de nos machines \u00e0 sous, parmi lesquelles vous trouverez :<\/p>\n<div style=\"display: flex; gap: 50px; width: 100%; margin-top: 10px;\">\n<ul style=\"width: 50%; padding-bottom: 0;\">\n<li><strong>Gates of Olympus<\/strong><\/li>\n<li><strong>Sweet Bonanza<\/strong><\/li>\n<li><strong>Wolf Gold<\/strong><\/li>\n<li><strong>Sugar Rush<\/strong><\/li>\n<li><strong>Big Bass Bonanza<\/strong><\/li>\n<li><strong>Big Bass Amazon Xtreme<\/strong><\/li>\n<li><strong>The Dog House<\/strong><\/li>\n<li><strong>Mustang Gold<\/strong><\/li>\n<li><strong>Buffalo King<\/strong><\/li>\n<li><strong> John Hunter and the Book of Tut <\/strong><\/li>\n<\/ul>\n<ul style=\"width: 50%; padding-bottom: 0;\">\n<li><strong> Rise of Pyramids <\/strong><\/li>\n<li><strong> Starlight Princess Pachi <\/strong><\/li>\n<li><strong> Revenge of Loki Megaways <\/strong><\/li>\n<li><strong> Dwarf &amp; Dragon <\/strong><\/li>\n<li><strong> Devilicious <\/strong><\/li>\n<li><strong> Fruity Treats <\/strong><\/li>\n<li><strong> Medusa\u2019s Stone <\/strong><\/li>\n<li><strong> Wildies <\/strong><\/li>\n<li><strong> Heroic Spins <\/strong><\/li>\n<li><strong> Front Runner Odds On <\/strong><\/li>\n<\/ul>\n<\/div>\n<p>[\/et_pb_text][et_pb_text _builder_version=&#8221;4.27.0&#8243; _module_preset=&#8221;default&#8221; text_text_color=&#8221;gcid-62739c86-3917-4421-8ab4-45f1b03eea58&#8243; text_font_size=&#8221;16px&#8221; header_2_font=&#8221;|700|||||||&#8221; header_2_text_color=&#8221;gcid-62739c86-3917-4421-8ab4-45f1b03eea58&#8243; header_2_line_height=&#8221;1.3em&#8221; header_3_font=&#8221;|700|||||||&#8221; header_3_text_color=&#8221;gcid-62739c86-3917-4421-8ab4-45f1b03eea58&#8243; custom_margin=&#8221;||5px||false|false&#8221; global_colors_info=&#8221;{%22gcid-62739c86-3917-4421-8ab4-45f1b03eea58%22:%91%22text_text_color%22,%22header_2_text_color%22,%22header_3_text_color%22%93}&#8221; theme_builder_area=&#8221;post_content&#8221;]<\/p>\n<h2>Pourquoi choisir PIWI247?<\/h2>\n<p>Chez<span>\u00a0<\/span><strong>PIWI247<\/strong>, nous donnons la priorit\u00e9 \u00e0 une exp\u00e9rience de jeu s\u00fbre, s\u00e9curis\u00e9e et agr\u00e9able. Notre plateforme est con\u00e7ue pour faciliter l\u2019exp\u00e9rience de l\u2019utilisateur :<\/p>\n<ul style=\"margin-top: 10px; margin-bottom: 0;\">\n<li><strong>Acc\u00e8s facile :<\/strong><span>\u00a0<\/span>Inscrivez-vous ou connectez-vous \u00e0<span>\u00a0<\/span><strong>PIWI247<\/strong><span>\u00a0<\/span>pour acc\u00e9der instantan\u00e9ment \u00e0 notre gamme de jeux de Live casino et de machines \u00e0 sous.<\/li>\n<li><strong>Transactions s\u00e9curis\u00e9es :<\/strong><span>\u00a0<\/span>Faites confiance \u00e0 nos mesures de s\u00e9curit\u00e9 renforc\u00e9es pour prot\u00e9ger vos transactions et vos informations personnelles.<\/li>\n<li><strong>Support r\u00e9actif :<\/strong><span>\u00a0<\/span>Notre \u00e9quipe de support clients est disponible pour vous aider au sujet de toutes vos questions ou pr\u00e9occupations, assurant une exp\u00e9rience fluide et satisfaisante.<\/li>\n<\/ul>\n<p>[\/et_pb_text][et_pb_text _builder_version=&#8221;4.27.0&#8243; _module_preset=&#8221;default&#8221; text_text_color=&#8221;gcid-62739c86-3917-4421-8ab4-45f1b03eea58&#8243; text_font_size=&#8221;16px&#8221; header_2_font=&#8221;|700|||||||&#8221; header_2_text_color=&#8221;gcid-62739c86-3917-4421-8ab4-45f1b03eea58&#8243; header_2_line_height=&#8221;1.3em&#8221; header_3_font=&#8221;|700|||||||&#8221; header_3_text_color=&#8221;gcid-62739c86-3917-4421-8ab4-45f1b03eea58&#8243; custom_margin=&#8221;||0px||false|false&#8221; global_colors_info=&#8221;{%22gcid-62739c86-3917-4421-8ab4-45f1b03eea58%22:%91%22text_text_color%22,%22header_2_text_color%22,%22header_3_text_color%22%93}&#8221; theme_builder_area=&#8221;post_content&#8221;]<\/p>\n<h2>Comment commencer<\/h2>\n<ul style=\"margin-top: 0; margin-bottom: 10px;\">\n<li><strong>Visitez PIWI247 :<\/strong><span>\u00a0<\/span>Rendez-vous sur<span>\u00a0<\/span><strong>PIWI247<\/strong><span>\u00a0<\/span>et cr\u00e9ez votre compte ou connectez-vous pour acc\u00e9der \u00e0 la plateforme de jeu.<\/li>\n<li><strong>Explorez les jeux :<\/strong><span>\u00a0<\/span>Naviguez jusqu\u2019\u00e0 la section<span>\u00a0<\/span><strong>Live Casino<\/strong><span>\u00a0<\/span>ou machine \u00e0 sous pour d\u00e9couvrir les jeux disponibles.<\/li>\n<li><strong>Amusez-vous et gagnez :<\/strong><span>\u00a0<\/span>Choisissez vos jeux pr\u00e9f\u00e9r\u00e9s, placez vos paris, et vibrez \u00e0 chacune de vos victoires !<\/li>\n<\/ul>\n<p><strong>PIWI247<\/strong><span>\u00a0<\/span>est votre passerelle vers l\u2019exp\u00e9rience de jeu ultime en ligne. Avec notre Live casino et nos machines \u00e0 sous propuls\u00e9s par Pragmatic Play, nous vous apportons l\u2019excitation d\u2019un vrai casino et la possibilit\u00e9 de pouvoir y jouer de n\u2019importe o\u00f9. Joignez-vous \u00e0 nous aujourd\u2019hui et faites de votre aventure de jeu une exp\u00e9rience unique !<\/p>\n<p>[\/et_pb_text][\/et_pb_column][\/et_pb_row][\/et_pb_section]<\/p>\n","protected":false},"excerpt":{"rendered":"<p>Chez\u00a0PIWI247, nous sommes ravis d\u2019offrir une exp\u00e9rience de jeu exaltante avec nos machines \u00e0 sous et notre casino en direct, propuls\u00e9s par le c\u00e9l\u00e8bre Pragmatic Play. Plongez dans le monde des jeux en ligne, o\u00f9 l\u2019excitation d\u2019un vrai casino s\u2019allie \u00e0 la facilit\u00e9 de jouer depuis votre propre domicile.D\u00e9couvrez l\u2019excitation des jeux de Live casino [&hellip;]<\/p>\n","protected":false},"author":4,"featured_media":3510,"parent":0,"menu_order":0,"comment_status":"closed","ping_status":"closed","template":"","meta":{"_et_pb_use_builder":"on","_et_pb_old_content":"<!-- wp:divi\/placeholder \/-->","_et_gb_content_width":"","inline_featured_image":false,"footnotes":""},"class_list":["post-3508","page","type-page","status-publish","has-post-thumbnail","hentry"],"yoast_head":"<!-- This site is optimized with the Yoast SEO plugin v25.7 - https:\/\/yoast.com\/wordpress\/plugins\/seo\/ -->\n<title>Jeux de casino en direct et machines \u00e0 sous PIWI247<\/title>\n<meta name=\"description\" content=\"Frissonnez sur PIWI247 avec les meilleures machines \u00e0 sous et tables de casino live. Excellents partenariats logiciels avec Evolution et Pragmatic Play.\" \/>\n<meta name=\"robots\" content=\"index, follow, max-snippet:-1, max-image-preview:large, max-video-preview:-1\" \/>\n<link rel=\"canonical\" href=\"https:\/\/www.piwi247.com\/fr\/piwislots\/\" \/>\n<meta property=\"og:locale\" content=\"fr_FR\" \/>\n<meta property=\"og:type\" content=\"article\" \/>\n<meta property=\"og:title\" content=\"Jeux de casino en direct et machines \u00e0 sous PIWI247\" \/>\n<meta property=\"og:description\" content=\"Frissonnez sur PIWI247 avec les meilleures machines \u00e0 sous et tables de casino live. Excellents partenariats logiciels avec Evolution et Pragmatic Play.\" \/>\n<meta property=\"og:url\" content=\"https:\/\/www.piwi247.com\/fr\/piwislots\/\" \/>\n<meta property=\"og:site_name\" content=\"French\" \/>\n<meta property=\"article:modified_time\" content=\"2024-11-11T03:41:28+00:00\" \/>\n<meta property=\"og:image\" content=\"https:\/\/www.piwi247.com\/fr\/wp-content\/uploads\/sites\/5\/2024\/09\/piwi-slots-product-page-header.webp\" \/>\n\t<meta property=\"og:image:width\" content=\"921\" \/>\n\t<meta property=\"og:image:height\" content=\"314\" \/>\n\t<meta property=\"og:image:type\" content=\"image\/webp\" \/>\n<meta name=\"twitter:card\" content=\"summary_large_image\" \/>\n<meta name=\"twitter:label1\" content=\"Est. reading time\" \/>\n\t<meta name=\"twitter:data1\" content=\"3 minutes\" \/>\n<script type=\"application\/ld+json\" class=\"yoast-schema-graph\">{\"@context\":\"https:\/\/schema.org\",\"@graph\":[{\"@type\":\"WebPage\",\"@id\":\"https:\/\/www.piwi247.com\/fr\/piwislots\/\",\"url\":\"https:\/\/www.piwi247.com\/fr\/piwislots\/\",\"name\":\"Jeux de casino en direct et machines \u00e0 sous PIWI247\",\"isPartOf\":{\"@id\":\"https:\/\/www.piwi247.com\/fr\/#website\"},\"primaryImageOfPage\":{\"@id\":\"https:\/\/www.piwi247.com\/fr\/piwislots\/#primaryimage\"},\"image\":{\"@id\":\"https:\/\/www.piwi247.com\/fr\/piwislots\/#primaryimage\"},\"thumbnailUrl\":\"https:\/\/www.piwi247.com\/fr\/wp-content\/uploads\/sites\/5\/2024\/09\/piwi-slots-product-page-header.webp\",\"datePublished\":\"2024-09-10T05:47:04+00:00\",\"dateModified\":\"2024-11-11T03:41:28+00:00\",\"description\":\"Frissonnez sur PIWI247 avec les meilleures machines \u00e0 sous et tables de casino live. Excellents partenariats logiciels avec Evolution et Pragmatic Play.\",\"breadcrumb\":{\"@id\":\"https:\/\/www.piwi247.com\/fr\/piwislots\/#breadcrumb\"},\"inLanguage\":\"fr\",\"potentialAction\":[{\"@type\":\"ReadAction\",\"target\":[\"https:\/\/www.piwi247.com\/fr\/piwislots\/\"]}]},{\"@type\":\"ImageObject\",\"inLanguage\":\"fr\",\"@id\":\"https:\/\/www.piwi247.com\/fr\/piwislots\/#primaryimage\",\"url\":\"https:\/\/www.piwi247.com\/fr\/wp-content\/uploads\/sites\/5\/2024\/09\/piwi-slots-product-page-header.webp\",\"contentUrl\":\"https:\/\/www.piwi247.com\/fr\/wp-content\/uploads\/sites\/5\/2024\/09\/piwi-slots-product-page-header.webp\",\"width\":921,\"height\":314},{\"@type\":\"BreadcrumbList\",\"@id\":\"https:\/\/www.piwi247.com\/fr\/piwislots\/#breadcrumb\",\"itemListElement\":[{\"@type\":\"ListItem\",\"position\":1,\"name\":\"Home\",\"item\":\"https:\/\/www.piwi247.com\/fr\/\"},{\"@type\":\"ListItem\",\"position\":2,\"name\":\"Vivez le frisson des machines \u00e0 sous PIWI et du Live Casino sur PIWI247\"}]},{\"@type\":\"WebSite\",\"@id\":\"https:\/\/www.piwi247.com\/fr\/#website\",\"url\":\"https:\/\/www.piwi247.com\/fr\/\",\"name\":\"French\",\"description\":\"PIWI247: PIWIX | Sports Betting | Casino\",\"potentialAction\":[{\"@type\":\"SearchAction\",\"target\":{\"@type\":\"EntryPoint\",\"urlTemplate\":\"https:\/\/www.piwi247.com\/fr\/?s={search_term_string}\"},\"query-input\":{\"@type\":\"PropertyValueSpecification\",\"valueRequired\":true,\"valueName\":\"search_term_string\"}}],\"inLanguage\":\"fr\"}]}<\/script>\n<!-- \/ Yoast SEO plugin. -->","yoast_head_json":{"title":"Jeux de casino en direct et machines \u00e0 sous PIWI247","description":"Frissonnez sur PIWI247 avec les meilleures machines \u00e0 sous et tables de casino live. Excellents partenariats logiciels avec Evolution et Pragmatic Play.","robots":{"index":"index","follow":"follow","max-snippet":"max-snippet:-1","max-image-preview":"max-image-preview:large","max-video-preview":"max-video-preview:-1"},"canonical":"https:\/\/www.piwi247.com\/fr\/piwislots\/","og_locale":"fr_FR","og_type":"article","og_title":"Jeux de casino en direct et machines \u00e0 sous PIWI247","og_description":"Frissonnez sur PIWI247 avec les meilleures machines \u00e0 sous et tables de casino live. Excellents partenariats logiciels avec Evolution et Pragmatic Play.","og_url":"https:\/\/www.piwi247.com\/fr\/piwislots\/","og_site_name":"French","article_modified_time":"2024-11-11T03:41:28+00:00","og_image":[{"width":921,"height":314,"url":"https:\/\/www.piwi247.com\/fr\/wp-content\/uploads\/sites\/5\/2024\/09\/piwi-slots-product-page-header.webp","type":"image\/webp"}],"twitter_card":"summary_large_image","twitter_misc":{"Est. reading time":"3 minutes"},"schema":{"@context":"https:\/\/schema.org","@graph":[{"@type":"WebPage","@id":"https:\/\/www.piwi247.com\/fr\/piwislots\/","url":"https:\/\/www.piwi247.com\/fr\/piwislots\/","name":"Jeux de casino en direct et machines \u00e0 sous PIWI247","isPartOf":{"@id":"https:\/\/www.piwi247.com\/fr\/#website"},"primaryImageOfPage":{"@id":"https:\/\/www.piwi247.com\/fr\/piwislots\/#primaryimage"},"image":{"@id":"https:\/\/www.piwi247.com\/fr\/piwislots\/#primaryimage"},"thumbnailUrl":"https:\/\/www.piwi247.com\/fr\/wp-content\/uploads\/sites\/5\/2024\/09\/piwi-slots-product-page-header.webp","datePublished":"2024-09-10T05:47:04+00:00","dateModified":"2024-11-11T03:41:28+00:00","description":"Frissonnez sur PIWI247 avec les meilleures machines \u00e0 sous et tables de casino live. Excellents partenariats logiciels avec Evolution et Pragmatic Play.","breadcrumb":{"@id":"https:\/\/www.piwi247.com\/fr\/piwislots\/#breadcrumb"},"inLanguage":"fr","potentialAction":[{"@type":"ReadAction","target":["https:\/\/www.piwi247.com\/fr\/piwislots\/"]}]},{"@type":"ImageObject","inLanguage":"fr","@id":"https:\/\/www.piwi247.com\/fr\/piwislots\/#primaryimage","url":"https:\/\/www.piwi247.com\/fr\/wp-content\/uploads\/sites\/5\/2024\/09\/piwi-slots-product-page-header.webp","contentUrl":"https:\/\/www.piwi247.com\/fr\/wp-content\/uploads\/sites\/5\/2024\/09\/piwi-slots-product-page-header.webp","width":921,"height":314},{"@type":"BreadcrumbList","@id":"https:\/\/www.piwi247.com\/fr\/piwislots\/#breadcrumb","itemListElement":[{"@type":"ListItem","position":1,"name":"Home","item":"https:\/\/www.piwi247.com\/fr\/"},{"@type":"ListItem","position":2,"name":"Vivez le frisson des machines \u00e0 sous PIWI et du Live Casino sur PIWI247"}]},{"@type":"WebSite","@id":"https:\/\/www.piwi247.com\/fr\/#website","url":"https:\/\/www.piwi247.com\/fr\/","name":"French","description":"PIWI247: PIWIX | Sports Betting | Casino","potentialAction":[{"@type":"SearchAction","target":{"@type":"EntryPoint","urlTemplate":"https:\/\/www.piwi247.com\/fr\/?s={search_term_string}"},"query-input":{"@type":"PropertyValueSpecification","valueRequired":true,"valueName":"search_term_string"}}],"inLanguage":"fr"}]}},"_links":{"self":[{"href":"https:\/\/www.piwi247.com\/fr\/wp-json\/wp\/v2\/pages\/3508","targetHints":{"allow":["GET"]}}],"collection":[{"href":"https:\/\/www.piwi247.com\/fr\/wp-json\/wp\/v2\/pages"}],"about":[{"href":"https:\/\/www.piwi247.com\/fr\/wp-json\/wp\/v2\/types\/page"}],"author":[{"embeddable":true,"href":"https:\/\/www.piwi247.com\/fr\/wp-json\/wp\/v2\/users\/4"}],"replies":[{"embeddable":true,"href":"https:\/\/www.piwi247.com\/fr\/wp-json\/wp\/v2\/comments?post=3508"}],"version-history":[{"count":13,"href":"https:\/\/www.piwi247.com\/fr\/wp-json\/wp\/v2\/pages\/3508\/revisions"}],"predecessor-version":[{"id":5542,"href":"https:\/\/www.piwi247.com\/fr\/wp-json\/wp\/v2\/pages\/3508\/revisions\/5542"}],"wp:featuredmedia":[{"embeddable":true,"href":"https:\/\/www.piwi247.com\/fr\/wp-json\/wp\/v2\/media\/3510"}],"wp:attachment":[{"href":"https:\/\/www.piwi247.com\/fr\/wp-json\/wp\/v2\/media?parent=3508"}],"curies":[{"name":"wp","href":"https:\/\/api.w.org\/{rel}","templated":true}]}}