{"id":3586,"date":"2024-09-10T07:44:27","date_gmt":"2024-09-10T07:44:27","guid":{"rendered":"https:\/\/pre-prod.piwi247.com\/fr\/?page_id=3586"},"modified":"2024-11-11T04:00:10","modified_gmt":"2024-11-11T04:00:10","slug":"bitcoin","status":"publish","type":"page","link":"https:\/\/www.piwi247.com\/fr\/bitcoin\/","title":{"rendered":"Bitcoin"},"content":{"rendered":"<p>[et_pb_section fb_built=&#8221;1&#8243; _builder_version=&#8221;4.27.0&#8243; _module_preset=&#8221;default&#8221; background_color=&#8221;RGBA(255,255,255,0)&#8221; custom_margin=&#8221;0px||0px||false|false&#8221; custom_padding=&#8221;0px||0px||false|false&#8221; locked=&#8221;off&#8221; global_colors_info=&#8221;{}&#8221; theme_builder_area=&#8221;post_content&#8221;][et_pb_row custom_padding_last_edited=&#8221;on|desktop&#8221; _builder_version=&#8221;4.27.0&#8243; _module_preset=&#8221;default&#8221; width=&#8221;100%&#8221; max_width=&#8221;1280px&#8221; custom_padding=&#8221;0px||0px||false|false&#8221; custom_padding_tablet=&#8221;0px||0px||false|false&#8221; custom_padding_phone=&#8221;0px||0px||false|false&#8221; global_colors_info=&#8221;{}&#8221; theme_builder_area=&#8221;post_content&#8221;][et_pb_column type=&#8221;4_4&#8243; _builder_version=&#8221;4.27.0&#8243; _module_preset=&#8221;default&#8221; global_colors_info=&#8221;{}&#8221; theme_builder_area=&#8221;post_content&#8221;][et_pb_text _builder_version=&#8221;4.27.0&#8243; _module_preset=&#8221;default&#8221; text_text_color=&#8221;gcid-62739c86-3917-4421-8ab4-45f1b03eea58&#8243; text_font_size=&#8221;16px&#8221; header_2_font=&#8221;|700|||||||&#8221; header_2_text_color=&#8221;gcid-62739c86-3917-4421-8ab4-45f1b03eea58&#8243; header_3_font=&#8221;|700|||||||&#8221; header_3_text_color=&#8221;gcid-62739c86-3917-4421-8ab4-45f1b03eea58&#8243; custom_margin=&#8221;||25px||false|false&#8221; global_colors_info=&#8221;{%22gcid-62739c86-3917-4421-8ab4-45f1b03eea58%22:%91%22text_text_color%22,%22header_2_text_color%22,%22header_3_text_color%22%93}&#8221; theme_builder_area=&#8221;post_content&#8221;]<\/p>\n<p><span><strong>Bitcoin<\/strong>\u00a0est l\u2019une des options de paiement pour les d\u00e9p\u00f4ts et de retraits sur PIWI. Utilisez des\u00a0<strong>Bitcoins<\/strong>\u00a0pour obtenir des taux avantageux sur vos paris tout en \u00e9tant anonyme.\u00a0<strong>Bitcoin<\/strong>\u00a0est devenu une alternative populaire au syst\u00e8me bancaire centralis\u00e9, permettant de prot\u00e9ger l\u2019identit\u00e9 d\u2019un utilisateur. Les transactions sont anonymes tant que les adresses ne peuvent pas \u00eatre li\u00e9es \u00e0 leurs propri\u00e9taires, ce qui est g\u00e9n\u00e9ralement le cas en utilisant autant d\u2019adresses anonymes que n\u00e9cessaire.<\/span><\/p>\n<p class=\"custom-link\"><span>Gr\u00e2ce \u00e0 la technologie peer-to-peer,\u00a0<strong>Bitcoin<\/strong>\u00a0fonctionne sans autorit\u00e9 centrale ni banque. En raison de ses nombreuses caract\u00e9ristiques distinctes,\u00a0<strong>Bitcoin<\/strong>\u00a0peut \u00eatre utilis\u00e9 d\u2019une mani\u00e8re unique par rapport \u00e0 tout autre syst\u00e8me de paiement. Voici 3 \u00e9tapes simples pour<\/span><span>\u00a0<\/span><a href=\"https:\/\/bitcoin.org\/en\/\" target=\"_blank\" title=\"Get started with Bitcoin\" rel=\"noopener\">commencer tout de suite avec Bitcoin<\/a>\u00a0:<\/p>\n<p>[\/et_pb_text][et_pb_text _builder_version=&#8221;4.27.0&#8243; _module_preset=&#8221;default&#8221; text_text_color=&#8221;gcid-62739c86-3917-4421-8ab4-45f1b03eea58&#8243; text_font_size=&#8221;16px&#8221; header_2_font=&#8221;|700|||||||&#8221; header_2_text_color=&#8221;gcid-62739c86-3917-4421-8ab4-45f1b03eea58&#8243; header_2_line_height=&#8221;1.3em&#8221; header_3_font=&#8221;|700|||||||&#8221; header_3_text_color=&#8221;gcid-62739c86-3917-4421-8ab4-45f1b03eea58&#8243; custom_margin=&#8221;||25px||false|false&#8221; global_colors_info=&#8221;{%22gcid-62739c86-3917-4421-8ab4-45f1b03eea58%22:%91%22text_text_color%22,%22header_2_text_color%22,%22header_3_text_color%22%93}&#8221; theme_builder_area=&#8221;post_content&#8221;]<\/p>\n<h2>\u00c9tape 1 : Cr\u00e9ez un portefeuille Bitcoin en premi\u00e8re \u00e9tape.<\/h2>\n<p><span>Les portefeuilles\u00a0<\/span><strong>Bitcoin<\/strong><span>\u00a0stockent des cl\u00e9s priv\u00e9es, qui sont des codes secrets qui vous permettent de d\u00e9penser des bitcoins. En fait, vous stockez et prot\u00e9gez non pas les\u00a0<\/span><strong>bitcoins<\/strong><span>\u00a0eux-m\u00eames, mais les cl\u00e9s num\u00e9riques priv\u00e9es qui donnent acc\u00e8s aux\u00a0<\/span><strong>bitcoins<\/strong><span>\u00a0publics, ainsi qu\u2019\u00e0 la possibilit\u00e9 d\u2019effectuer des transactions.<\/span>[\/et_pb_text][et_pb_text _builder_version=&#8221;4.27.0&#8243; _module_preset=&#8221;default&#8221; text_text_color=&#8221;gcid-62739c86-3917-4421-8ab4-45f1b03eea58&#8243; text_font_size=&#8221;16px&#8221; header_2_font=&#8221;|700|||||||&#8221; header_2_text_color=&#8221;gcid-62739c86-3917-4421-8ab4-45f1b03eea58&#8243; header_2_line_height=&#8221;1.3em&#8221; header_3_font=&#8221;|700|||||||&#8221; header_3_text_color=&#8221;gcid-62739c86-3917-4421-8ab4-45f1b03eea58&#8243; custom_margin=&#8221;||25px||false|false&#8221; global_colors_info=&#8221;{%22gcid-62739c86-3917-4421-8ab4-45f1b03eea58%22:%91%22text_text_color%22,%22header_2_text_color%22,%22header_3_text_color%22%93}&#8221; theme_builder_area=&#8221;post_content&#8221;]<\/p>\n<h2>\u00c9tape 2 : Achetez votre premier Bitcoin<\/h2>\n<p><span>Sur votre appareil, lancez simplement l\u2019application\u00a0<\/span><strong>Bitcoin.com<\/strong><span>\u00a0Wallet et choisissez\u00a0<\/span><strong>Bitcoin (BTC)<\/strong><span>\u00a0et appuyez sur le bouton \u201cAcheter\u201d. \u00c0 partir de l\u00e0, vous pouvez choisir votre portefeuille pr\u00e9f\u00e9r\u00e9 pour le d\u00e9p\u00f4t en suivant les instructions \u00e0 l\u2019\u00e9cran.<\/span>[\/et_pb_text][et_pb_text _builder_version=&#8221;4.27.0&#8243; _module_preset=&#8221;default&#8221; text_text_color=&#8221;gcid-62739c86-3917-4421-8ab4-45f1b03eea58&#8243; text_font_size=&#8221;16px&#8221; header_2_font=&#8221;|700|||||||&#8221; header_2_text_color=&#8221;gcid-62739c86-3917-4421-8ab4-45f1b03eea58&#8243; header_2_line_height=&#8221;1.3em&#8221; header_3_font=&#8221;|700|||||||&#8221; header_3_text_color=&#8221;gcid-62739c86-3917-4421-8ab4-45f1b03eea58&#8243; custom_margin=&#8221;||25px||false|false&#8221; global_colors_info=&#8221;{%22gcid-62739c86-3917-4421-8ab4-45f1b03eea58%22:%91%22text_text_color%22,%22header_2_text_color%22,%22header_3_text_color%22%93}&#8221; theme_builder_area=&#8221;post_content&#8221;]<\/p>\n<h2>\u00c9tape 3 : Envoyer et recevoir des bitcoins<\/h2>\n<p><span>Ouvrez votre application de portefeuille\u00a0<\/span><strong>Bitcoin.com<\/strong><span>\u00a0et s\u00e9lectionnez l\u2019option \u201cEnvoyer\u201d en haut de l\u2019\u00e9cran d\u2019accueil. Ensuite, copiez et collez l\u2019adresse du portefeuille\u00a0<\/span><strong>Bitcoin<\/strong><span>\u00a0du destinataire dans votre propre application de portefeuille. S\u00e9lectionnez le portefeuille \u00e0 partir duquel vous souhaitez envoyer des\u00a0<\/span><strong>Bitcoins<\/strong><span>. Enfin, entrez le montant que vous souhaitez envoyer et appuyez sur le bouton \u201cContinuer\u201d.<\/span>[\/et_pb_text][et_pb_text _builder_version=&#8221;4.27.0&#8243; _module_preset=&#8221;default&#8221; text_text_color=&#8221;gcid-62739c86-3917-4421-8ab4-45f1b03eea58&#8243; text_font_size=&#8221;16px&#8221; header_2_font=&#8221;|700|||||||&#8221; header_2_text_color=&#8221;gcid-62739c86-3917-4421-8ab4-45f1b03eea58&#8243; header_2_line_height=&#8221;1.6em&#8221; header_3_font=&#8221;|700|||||||&#8221; header_3_text_color=&#8221;gcid-62739c86-3917-4421-8ab4-45f1b03eea58&#8243; custom_margin=&#8221;||0px||false|false&#8221; global_colors_info=&#8221;{%22gcid-62739c86-3917-4421-8ab4-45f1b03eea58%22:%91%22text_text_color%22,%22header_2_text_color%22,%22header_3_text_color%22%93}&#8221; theme_builder_area=&#8221;post_content&#8221;]Lorsque vous effectuez un d\u00e9p\u00f4t, nos op\u00e9rateurs le traiteront d\u00e8s que nous aurons re\u00e7u la confirmation.<\/p>\n<ul style=\"margin-top: 10px;\">\n<li><span>D\u00e9lai de traitement\u00a0: 1 confirmation(s)<\/span><\/li>\n<li><span>Frais : Gratuit<\/span><\/li>\n<li><span>Montant minimum du d\u00e9p\u00f4t : 0,0020 BTC<\/span><\/li>\n<li><span>Montant maximum du d\u00e9p\u00f4t : 50 BTC<\/span><\/li>\n<li><span>Montant minimum de retrait : 0,0020 BTC<\/span><\/li>\n<li><span>Montant maximum du retrait : 60 BTC<\/span><\/li>\n<\/ul>\n<p>[\/et_pb_text][\/et_pb_column][\/et_pb_row][\/et_pb_section]<\/p>\n","protected":false},"excerpt":{"rendered":"<p>Bitcoin\u00a0est l\u2019une des options de paiement pour les d\u00e9p\u00f4ts et de retraits sur PIWI. Utilisez des\u00a0Bitcoins\u00a0pour obtenir des taux avantageux sur vos paris tout en \u00e9tant anonyme.\u00a0Bitcoin\u00a0est devenu une alternative populaire au syst\u00e8me bancaire centralis\u00e9, permettant de prot\u00e9ger l\u2019identit\u00e9 d\u2019un utilisateur. Les transactions sont anonymes tant que les adresses ne peuvent pas \u00eatre li\u00e9es \u00e0 [&hellip;]<\/p>\n","protected":false},"author":4,"featured_media":3589,"parent":0,"menu_order":0,"comment_status":"closed","ping_status":"closed","template":"","meta":{"_et_pb_use_builder":"on","_et_pb_old_content":"","_et_gb_content_width":"","inline_featured_image":false,"footnotes":""},"class_list":["post-3586","page","type-page","status-publish","has-post-thumbnail","hentry"],"yoast_head":"<!-- This site is optimized with the Yoast SEO plugin v25.7 - https:\/\/yoast.com\/wordpress\/plugins\/seo\/ -->\n<title>Casino et paris sportifs en Bitcoin sur PIWI247<\/title>\n<meta name=\"description\" content=\"Misez facilement avec en Bitcoin sur PIWI247, la plateforme de casino et paris sportifs crypto la plus compl\u00e8te. Transactions anonymes sans frais.\" \/>\n<meta name=\"robots\" content=\"index, follow, max-snippet:-1, max-image-preview:large, max-video-preview:-1\" \/>\n<link rel=\"canonical\" href=\"https:\/\/www.piwi247.com\/fr\/bitcoin\/\" \/>\n<meta property=\"og:locale\" content=\"fr_FR\" \/>\n<meta property=\"og:type\" content=\"article\" \/>\n<meta property=\"og:title\" content=\"Casino et paris sportifs en Bitcoin sur PIWI247\" \/>\n<meta property=\"og:description\" content=\"Misez facilement avec en Bitcoin sur PIWI247, la plateforme de casino et paris sportifs crypto la plus compl\u00e8te. Transactions anonymes sans frais.\" \/>\n<meta property=\"og:url\" content=\"https:\/\/www.piwi247.com\/fr\/bitcoin\/\" \/>\n<meta property=\"og:site_name\" content=\"French\" \/>\n<meta property=\"article:modified_time\" content=\"2024-11-11T04:00:10+00:00\" \/>\n<meta name=\"twitter:card\" content=\"summary_large_image\" \/>\n<meta name=\"twitter:label1\" content=\"Est. reading time\" \/>\n\t<meta name=\"twitter:data1\" content=\"2 minutes\" \/>\n<script type=\"application\/ld+json\" class=\"yoast-schema-graph\">{\"@context\":\"https:\/\/schema.org\",\"@graph\":[{\"@type\":\"WebPage\",\"@id\":\"https:\/\/www.piwi247.com\/fr\/bitcoin\/\",\"url\":\"https:\/\/www.piwi247.com\/fr\/bitcoin\/\",\"name\":\"Casino et paris sportifs en Bitcoin sur PIWI247\",\"isPartOf\":{\"@id\":\"https:\/\/www.piwi247.com\/fr\/#website\"},\"primaryImageOfPage\":{\"@id\":\"https:\/\/www.piwi247.com\/fr\/bitcoin\/#primaryimage\"},\"image\":{\"@id\":\"https:\/\/www.piwi247.com\/fr\/bitcoin\/#primaryimage\"},\"thumbnailUrl\":\"https:\/\/www.piwi247.com\/fr\/wp-content\/uploads\/sites\/5\/2024\/09\/bitcoin-image.svg\",\"datePublished\":\"2024-09-10T07:44:27+00:00\",\"dateModified\":\"2024-11-11T04:00:10+00:00\",\"description\":\"Misez facilement avec en Bitcoin sur PIWI247, la plateforme de casino et paris sportifs crypto la plus compl\u00e8te. Transactions anonymes sans frais.\",\"breadcrumb\":{\"@id\":\"https:\/\/www.piwi247.com\/fr\/bitcoin\/#breadcrumb\"},\"inLanguage\":\"fr\",\"potentialAction\":[{\"@type\":\"ReadAction\",\"target\":[\"https:\/\/www.piwi247.com\/fr\/bitcoin\/\"]}]},{\"@type\":\"ImageObject\",\"inLanguage\":\"fr\",\"@id\":\"https:\/\/www.piwi247.com\/fr\/bitcoin\/#primaryimage\",\"url\":\"https:\/\/www.piwi247.com\/fr\/wp-content\/uploads\/sites\/5\/2024\/09\/bitcoin-image.svg\",\"contentUrl\":\"https:\/\/www.piwi247.com\/fr\/wp-content\/uploads\/sites\/5\/2024\/09\/bitcoin-image.svg\"},{\"@type\":\"BreadcrumbList\",\"@id\":\"https:\/\/www.piwi247.com\/fr\/bitcoin\/#breadcrumb\",\"itemListElement\":[{\"@type\":\"ListItem\",\"position\":1,\"name\":\"Home\",\"item\":\"https:\/\/www.piwi247.com\/fr\/\"},{\"@type\":\"ListItem\",\"position\":2,\"name\":\"Bitcoin\"}]},{\"@type\":\"WebSite\",\"@id\":\"https:\/\/www.piwi247.com\/fr\/#website\",\"url\":\"https:\/\/www.piwi247.com\/fr\/\",\"name\":\"French\",\"description\":\"PIWI247: PIWIX | Sports Betting | Casino\",\"potentialAction\":[{\"@type\":\"SearchAction\",\"target\":{\"@type\":\"EntryPoint\",\"urlTemplate\":\"https:\/\/www.piwi247.com\/fr\/?s={search_term_string}\"},\"query-input\":{\"@type\":\"PropertyValueSpecification\",\"valueRequired\":true,\"valueName\":\"search_term_string\"}}],\"inLanguage\":\"fr\"}]}<\/script>\n<!-- \/ Yoast SEO plugin. -->","yoast_head_json":{"title":"Casino et paris sportifs en Bitcoin sur PIWI247","description":"Misez facilement avec en Bitcoin sur PIWI247, la plateforme de casino et paris sportifs crypto la plus compl\u00e8te. Transactions anonymes sans frais.","robots":{"index":"index","follow":"follow","max-snippet":"max-snippet:-1","max-image-preview":"max-image-preview:large","max-video-preview":"max-video-preview:-1"},"canonical":"https:\/\/www.piwi247.com\/fr\/bitcoin\/","og_locale":"fr_FR","og_type":"article","og_title":"Casino et paris sportifs en Bitcoin sur PIWI247","og_description":"Misez facilement avec en Bitcoin sur PIWI247, la plateforme de casino et paris sportifs crypto la plus compl\u00e8te. Transactions anonymes sans frais.","og_url":"https:\/\/www.piwi247.com\/fr\/bitcoin\/","og_site_name":"French","article_modified_time":"2024-11-11T04:00:10+00:00","twitter_card":"summary_large_image","twitter_misc":{"Est. reading time":"2 minutes"},"schema":{"@context":"https:\/\/schema.org","@graph":[{"@type":"WebPage","@id":"https:\/\/www.piwi247.com\/fr\/bitcoin\/","url":"https:\/\/www.piwi247.com\/fr\/bitcoin\/","name":"Casino et paris sportifs en Bitcoin sur PIWI247","isPartOf":{"@id":"https:\/\/www.piwi247.com\/fr\/#website"},"primaryImageOfPage":{"@id":"https:\/\/www.piwi247.com\/fr\/bitcoin\/#primaryimage"},"image":{"@id":"https:\/\/www.piwi247.com\/fr\/bitcoin\/#primaryimage"},"thumbnailUrl":"https:\/\/www.piwi247.com\/fr\/wp-content\/uploads\/sites\/5\/2024\/09\/bitcoin-image.svg","datePublished":"2024-09-10T07:44:27+00:00","dateModified":"2024-11-11T04:00:10+00:00","description":"Misez facilement avec en Bitcoin sur PIWI247, la plateforme de casino et paris sportifs crypto la plus compl\u00e8te. Transactions anonymes sans frais.","breadcrumb":{"@id":"https:\/\/www.piwi247.com\/fr\/bitcoin\/#breadcrumb"},"inLanguage":"fr","potentialAction":[{"@type":"ReadAction","target":["https:\/\/www.piwi247.com\/fr\/bitcoin\/"]}]},{"@type":"ImageObject","inLanguage":"fr","@id":"https:\/\/www.piwi247.com\/fr\/bitcoin\/#primaryimage","url":"https:\/\/www.piwi247.com\/fr\/wp-content\/uploads\/sites\/5\/2024\/09\/bitcoin-image.svg","contentUrl":"https:\/\/www.piwi247.com\/fr\/wp-content\/uploads\/sites\/5\/2024\/09\/bitcoin-image.svg"},{"@type":"BreadcrumbList","@id":"https:\/\/www.piwi247.com\/fr\/bitcoin\/#breadcrumb","itemListElement":[{"@type":"ListItem","position":1,"name":"Home","item":"https:\/\/www.piwi247.com\/fr\/"},{"@type":"ListItem","position":2,"name":"Bitcoin"}]},{"@type":"WebSite","@id":"https:\/\/www.piwi247.com\/fr\/#website","url":"https:\/\/www.piwi247.com\/fr\/","name":"French","description":"PIWI247: PIWIX | Sports Betting | Casino","potentialAction":[{"@type":"SearchAction","target":{"@type":"EntryPoint","urlTemplate":"https:\/\/www.piwi247.com\/fr\/?s={search_term_string}"},"query-input":{"@type":"PropertyValueSpecification","valueRequired":true,"valueName":"search_term_string"}}],"inLanguage":"fr"}]}},"_links":{"self":[{"href":"https:\/\/www.piwi247.com\/fr\/wp-json\/wp\/v2\/pages\/3586","targetHints":{"allow":["GET"]}}],"collection":[{"href":"https:\/\/www.piwi247.com\/fr\/wp-json\/wp\/v2\/pages"}],"about":[{"href":"https:\/\/www.piwi247.com\/fr\/wp-json\/wp\/v2\/types\/page"}],"author":[{"embeddable":true,"href":"https:\/\/www.piwi247.com\/fr\/wp-json\/wp\/v2\/users\/4"}],"replies":[{"embeddable":true,"href":"https:\/\/www.piwi247.com\/fr\/wp-json\/wp\/v2\/comments?post=3586"}],"version-history":[{"count":7,"href":"https:\/\/www.piwi247.com\/fr\/wp-json\/wp\/v2\/pages\/3586\/revisions"}],"predecessor-version":[{"id":5544,"href":"https:\/\/www.piwi247.com\/fr\/wp-json\/wp\/v2\/pages\/3586\/revisions\/5544"}],"wp:featuredmedia":[{"embeddable":true,"href":"https:\/\/www.piwi247.com\/fr\/wp-json\/wp\/v2\/media\/3589"}],"wp:attachment":[{"href":"https:\/\/www.piwi247.com\/fr\/wp-json\/wp\/v2\/media?parent=3586"}],"curies":[{"name":"wp","href":"https:\/\/api.w.org\/{rel}","templated":true}]}}