{"id":3637,"date":"2024-09-10T08:27:02","date_gmt":"2024-09-10T08:27:02","guid":{"rendered":"https:\/\/pre-prod.piwi247.com\/fr\/?page_id=3637"},"modified":"2024-11-11T04:02:59","modified_gmt":"2024-11-11T04:02:59","slug":"skrill","status":"publish","type":"page","link":"https:\/\/www.piwi247.com\/fr\/skrill\/","title":{"rendered":"Skrill"},"content":{"rendered":"<p>[et_pb_section fb_built=&#8221;1&#8243; _builder_version=&#8221;4.27.0&#8243; _module_preset=&#8221;default&#8221; background_color=&#8221;RGBA(255,255,255,0)&#8221; custom_margin=&#8221;0px||0px||false|false&#8221; custom_padding=&#8221;0px||0px||false|false&#8221; locked=&#8221;off&#8221; global_colors_info=&#8221;{}&#8221; theme_builder_area=&#8221;post_content&#8221;][et_pb_row custom_padding_last_edited=&#8221;on|desktop&#8221; _builder_version=&#8221;4.27.0&#8243; _module_preset=&#8221;default&#8221; width=&#8221;100%&#8221; max_width=&#8221;1280px&#8221; custom_padding=&#8221;0px||0px||false|false&#8221; custom_padding_tablet=&#8221;0px||0px||false|false&#8221; custom_padding_phone=&#8221;0px||0px||false|false&#8221; global_colors_info=&#8221;{}&#8221; theme_builder_area=&#8221;post_content&#8221;][et_pb_column type=&#8221;4_4&#8243; _builder_version=&#8221;4.27.0&#8243; _module_preset=&#8221;default&#8221; global_colors_info=&#8221;{}&#8221; theme_builder_area=&#8221;post_content&#8221;][et_pb_text _builder_version=&#8221;4.27.0&#8243; _module_preset=&#8221;default&#8221; text_text_color=&#8221;gcid-62739c86-3917-4421-8ab4-45f1b03eea58&#8243; text_font_size=&#8221;16px&#8221; header_2_font=&#8221;|700|||||||&#8221; header_2_text_color=&#8221;gcid-62739c86-3917-4421-8ab4-45f1b03eea58&#8243; header_3_font=&#8221;|700|||||||&#8221; header_3_text_color=&#8221;gcid-62739c86-3917-4421-8ab4-45f1b03eea58&#8243; custom_margin=&#8221;||25px||false|false&#8221; global_colors_info=&#8221;{%22gcid-62739c86-3917-4421-8ab4-45f1b03eea58%22:%91%22text_text_color%22,%22header_2_text_color%22,%22header_3_text_color%22%93}&#8221; theme_builder_area=&#8221;post_content&#8221;]<\/p>\n<p><span><strong>Skrill<\/strong>\u00a0est l\u2019une des options de paiement de d\u00e9p\u00f4t et de retrait de PIWI. C\u2019est la solution de paiement globale la plus conviviale et la plus s\u00e9curis\u00e9e sur Internet. Depuis 2001,\u00a0<strong>Skrill<\/strong>\u00a0a aid\u00e9 des millions de consommateurs \u00e0 cr\u00e9er, envoyer et d\u00e9penser de l\u2019argent.<\/span><\/p>\n<p><span>Connectez-vous \u00e0\u00a0<strong>Skrill<\/strong>\u00a0et effectuez un paiement en quelques secondes. Cr\u00e9er un compte gratuit. L\u2019inscription est simple. Avec un portefeuille en ligne auquel vous pouvez faire confiance, vous pouvez commencer \u00e0 transf\u00e9rer de l\u2019argent instantan\u00e9ment.<\/span><\/p>\n<p>[\/et_pb_text][et_pb_text _builder_version=&#8221;4.27.0&#8243; _module_preset=&#8221;default&#8221; text_text_color=&#8221;gcid-62739c86-3917-4421-8ab4-45f1b03eea58&#8243; text_font_size=&#8221;16px&#8221; header_2_font=&#8221;|700|||||||&#8221; header_2_text_color=&#8221;gcid-62739c86-3917-4421-8ab4-45f1b03eea58&#8243; header_2_line_height=&#8221;1.3em&#8221; header_3_font=&#8221;|700|||||||&#8221; header_3_text_color=&#8221;gcid-62739c86-3917-4421-8ab4-45f1b03eea58&#8243; custom_margin=&#8221;||25px||false|false&#8221; global_colors_info=&#8221;{%22gcid-62739c86-3917-4421-8ab4-45f1b03eea58%22:%91%22text_text_color%22,%22header_2_text_color%22,%22header_3_text_color%22%93}&#8221; theme_builder_area=&#8221;post_content&#8221;]<\/p>\n<h2>Effectuer des paiements en ligne<\/h2>\n<p>Le shopping et les jeux de hasard sont inclus. Des transferts de solde instantan\u00e9s sont disponibles.[\/et_pb_text][et_pb_text _builder_version=&#8221;4.27.0&#8243; _module_preset=&#8221;default&#8221; text_text_color=&#8221;gcid-62739c86-3917-4421-8ab4-45f1b03eea58&#8243; text_font_size=&#8221;16px&#8221; header_2_font=&#8221;|700|||||||&#8221; header_2_text_color=&#8221;gcid-62739c86-3917-4421-8ab4-45f1b03eea58&#8243; header_2_line_height=&#8221;1.3em&#8221; header_3_font=&#8221;|700|||||||&#8221; header_3_text_color=&#8221;gcid-62739c86-3917-4421-8ab4-45f1b03eea58&#8243; custom_margin=&#8221;||25px||false|false&#8221; global_colors_info=&#8221;{%22gcid-62739c86-3917-4421-8ab4-45f1b03eea58%22:%91%22text_text_color%22,%22header_2_text_color%22,%22header_3_text_color%22%93}&#8221; theme_builder_area=&#8221;post_content&#8221;]<\/p>\n<h2>Carte pr\u00e9pay\u00e9e Skrill<\/h2>\n<p>Vous pourrez voir votre solde tout de suite. Que vous souhaitiez faire du shopping, voyager ou retirer de l\u2019argent, vous avez trois options.[\/et_pb_text][et_pb_text _builder_version=&#8221;4.27.0&#8243; _module_preset=&#8221;default&#8221; text_text_color=&#8221;gcid-62739c86-3917-4421-8ab4-45f1b03eea58&#8243; text_font_size=&#8221;16px&#8221; header_2_font=&#8221;|700|||||||&#8221; header_2_text_color=&#8221;gcid-62739c86-3917-4421-8ab4-45f1b03eea58&#8243; header_2_line_height=&#8221;1.3em&#8221; header_3_font=&#8221;|700|||||||&#8221; header_3_text_color=&#8221;gcid-62739c86-3917-4421-8ab4-45f1b03eea58&#8243; custom_margin=&#8221;||25px||false|false&#8221; global_colors_info=&#8221;{%22gcid-62739c86-3917-4421-8ab4-45f1b03eea58%22:%91%22text_text_color%22,%22header_2_text_color%22,%22header_3_text_color%22%93}&#8221; theme_builder_area=&#8221;post_content&#8221;]<\/p>\n<h2>Skrill est un service de transfert d\u2019argent.<\/h2>\n<p>Solution de paiement \u00e0 la fois rapide et s\u00e9curis\u00e9e. En 3 \u00e9tapes faciles, vous pouvez commencer \u00e0 transf\u00e9rer des fonds.[\/et_pb_text][et_pb_text _builder_version=&#8221;4.27.0&#8243; _module_preset=&#8221;default&#8221; text_text_color=&#8221;gcid-62739c86-3917-4421-8ab4-45f1b03eea58&#8243; text_font_size=&#8221;16px&#8221; header_2_font=&#8221;|700|||||||&#8221; header_2_text_color=&#8221;gcid-62739c86-3917-4421-8ab4-45f1b03eea58&#8243; header_2_line_height=&#8221;1.3em&#8221; header_3_font=&#8221;|700|||||||&#8221; header_3_text_color=&#8221;gcid-62739c86-3917-4421-8ab4-45f1b03eea58&#8243; custom_margin=&#8221;||25px||false|false&#8221; global_colors_info=&#8221;{%22gcid-62739c86-3917-4421-8ab4-45f1b03eea58%22:%91%22text_text_color%22,%22header_2_text_color%22,%22header_3_text_color%22%93}&#8221; theme_builder_area=&#8221;post_content&#8221;]<\/p>\n<h2>Transfert d\u2019argent international<\/h2>\n<p>En toute simplicit\u00e9, envoyez de l\u2019argent dans le monde entier. Pr\u00e8s de 200 pays, 40 devises.[\/et_pb_text][et_pb_text _builder_version=&#8221;4.27.0&#8243; _module_preset=&#8221;default&#8221; text_text_color=&#8221;gcid-62739c86-3917-4421-8ab4-45f1b03eea58&#8243; text_font_size=&#8221;16px&#8221; header_2_font=&#8221;|700|||||||&#8221; header_2_text_color=&#8221;gcid-62739c86-3917-4421-8ab4-45f1b03eea58&#8243; header_2_line_height=&#8221;1.6em&#8221; header_3_font=&#8221;|700|||||||&#8221; header_3_text_color=&#8221;gcid-62739c86-3917-4421-8ab4-45f1b03eea58&#8243; custom_margin=&#8221;||0px||false|false&#8221; global_colors_info=&#8221;{%22gcid-62739c86-3917-4421-8ab4-45f1b03eea58%22:%91%22text_text_color%22,%22header_2_text_color%22,%22header_3_text_color%22%93}&#8221; theme_builder_area=&#8221;post_content&#8221;]<\/p>\n<p>Lorsque vous effectuez un d\u00e9p\u00f4t, faites-le nous savoir et nos op\u00e9rateurs le traiteront imm\u00e9diatement.<\/p>\n<ul style=\"margin-top: 10px;\">\n<li><span>Temps de traitement\u00a0: instantan\u00e9<\/span><\/li>\n<li><span>Frais : gratuit<\/span><\/li>\n<li><span>Montant minimum du d\u00e9p\u00f4t\/retrait : 10 EUR<\/span><\/li>\n<li><span>Montant maximum de d\u00e9p\u00f4t\/retrait : 10 000 EUR<\/span><\/li>\n<\/ul>\n<p>[\/et_pb_text][\/et_pb_column][\/et_pb_row][\/et_pb_section]<\/p>\n","protected":false},"excerpt":{"rendered":"<p>Skrill\u00a0est l\u2019une des options de paiement de d\u00e9p\u00f4t et de retrait de PIWI. C\u2019est la solution de paiement globale la plus conviviale et la plus s\u00e9curis\u00e9e sur Internet. Depuis 2001,\u00a0Skrill\u00a0a aid\u00e9 des millions de consommateurs \u00e0 cr\u00e9er, envoyer et d\u00e9penser de l\u2019argent. Connectez-vous \u00e0\u00a0Skrill\u00a0et effectuez un paiement en quelques secondes. Cr\u00e9er un compte gratuit. L\u2019inscription [&hellip;]<\/p>\n","protected":false},"author":4,"featured_media":3640,"parent":0,"menu_order":0,"comment_status":"closed","ping_status":"closed","template":"","meta":{"_et_pb_use_builder":"on","_et_pb_old_content":"<!-- wp:divi\/placeholder \/-->","_et_gb_content_width":"","inline_featured_image":false,"footnotes":""},"class_list":["post-3637","page","type-page","status-publish","has-post-thumbnail","hentry"],"yoast_head":"<!-- This site is optimized with the Yoast SEO plugin v25.7 - https:\/\/yoast.com\/wordpress\/plugins\/seo\/ -->\n<title>Skrill sur PIWI247 pour effectuer vos transactions<\/title>\n<meta name=\"description\" content=\"Effectuez vos d\u00e9p\u00f4ts et retraits sur PIWI247 rapidement et facilement avec Skrill. Transferts instantan\u00e9s de 10 EUR \u00e0 10 000 EUR sans commission.\" \/>\n<meta name=\"robots\" content=\"index, follow, max-snippet:-1, max-image-preview:large, max-video-preview:-1\" \/>\n<link rel=\"canonical\" href=\"https:\/\/www.piwi247.com\/fr\/skrill\/\" \/>\n<meta property=\"og:locale\" content=\"fr_FR\" \/>\n<meta property=\"og:type\" content=\"article\" \/>\n<meta property=\"og:title\" content=\"Skrill sur PIWI247 pour effectuer vos transactions\" \/>\n<meta property=\"og:description\" content=\"Effectuez vos d\u00e9p\u00f4ts et retraits sur PIWI247 rapidement et facilement avec Skrill. Transferts instantan\u00e9s de 10 EUR \u00e0 10 000 EUR sans commission.\" \/>\n<meta property=\"og:url\" content=\"https:\/\/www.piwi247.com\/fr\/skrill\/\" \/>\n<meta property=\"og:site_name\" content=\"French\" \/>\n<meta property=\"article:modified_time\" content=\"2024-11-11T04:02:59+00:00\" \/>\n<meta name=\"twitter:card\" content=\"summary_large_image\" \/>\n<meta name=\"twitter:label1\" content=\"Est. reading time\" \/>\n\t<meta name=\"twitter:data1\" content=\"2 minutes\" \/>\n<script type=\"application\/ld+json\" class=\"yoast-schema-graph\">{\"@context\":\"https:\/\/schema.org\",\"@graph\":[{\"@type\":\"WebPage\",\"@id\":\"https:\/\/www.piwi247.com\/fr\/skrill\/\",\"url\":\"https:\/\/www.piwi247.com\/fr\/skrill\/\",\"name\":\"Skrill sur PIWI247 pour effectuer vos transactions\",\"isPartOf\":{\"@id\":\"https:\/\/www.piwi247.com\/fr\/#website\"},\"primaryImageOfPage\":{\"@id\":\"https:\/\/www.piwi247.com\/fr\/skrill\/#primaryimage\"},\"image\":{\"@id\":\"https:\/\/www.piwi247.com\/fr\/skrill\/#primaryimage\"},\"thumbnailUrl\":\"https:\/\/www.piwi247.com\/fr\/wp-content\/uploads\/sites\/5\/2024\/09\/skrill-image.svg\",\"datePublished\":\"2024-09-10T08:27:02+00:00\",\"dateModified\":\"2024-11-11T04:02:59+00:00\",\"description\":\"Effectuez vos d\u00e9p\u00f4ts et retraits sur PIWI247 rapidement et facilement avec Skrill. Transferts instantan\u00e9s de 10 EUR \u00e0 10 000 EUR sans commission.\",\"breadcrumb\":{\"@id\":\"https:\/\/www.piwi247.com\/fr\/skrill\/#breadcrumb\"},\"inLanguage\":\"fr\",\"potentialAction\":[{\"@type\":\"ReadAction\",\"target\":[\"https:\/\/www.piwi247.com\/fr\/skrill\/\"]}]},{\"@type\":\"ImageObject\",\"inLanguage\":\"fr\",\"@id\":\"https:\/\/www.piwi247.com\/fr\/skrill\/#primaryimage\",\"url\":\"https:\/\/www.piwi247.com\/fr\/wp-content\/uploads\/sites\/5\/2024\/09\/skrill-image.svg\",\"contentUrl\":\"https:\/\/www.piwi247.com\/fr\/wp-content\/uploads\/sites\/5\/2024\/09\/skrill-image.svg\"},{\"@type\":\"BreadcrumbList\",\"@id\":\"https:\/\/www.piwi247.com\/fr\/skrill\/#breadcrumb\",\"itemListElement\":[{\"@type\":\"ListItem\",\"position\":1,\"name\":\"Home\",\"item\":\"https:\/\/www.piwi247.com\/fr\/\"},{\"@type\":\"ListItem\",\"position\":2,\"name\":\"Skrill\"}]},{\"@type\":\"WebSite\",\"@id\":\"https:\/\/www.piwi247.com\/fr\/#website\",\"url\":\"https:\/\/www.piwi247.com\/fr\/\",\"name\":\"French\",\"description\":\"PIWI247: PIWIX | Sports Betting | Casino\",\"potentialAction\":[{\"@type\":\"SearchAction\",\"target\":{\"@type\":\"EntryPoint\",\"urlTemplate\":\"https:\/\/www.piwi247.com\/fr\/?s={search_term_string}\"},\"query-input\":{\"@type\":\"PropertyValueSpecification\",\"valueRequired\":true,\"valueName\":\"search_term_string\"}}],\"inLanguage\":\"fr\"}]}<\/script>\n<!-- \/ Yoast SEO plugin. -->","yoast_head_json":{"title":"Skrill sur PIWI247 pour effectuer vos transactions","description":"Effectuez vos d\u00e9p\u00f4ts et retraits sur PIWI247 rapidement et facilement avec Skrill. Transferts instantan\u00e9s de 10 EUR \u00e0 10 000 EUR sans commission.","robots":{"index":"index","follow":"follow","max-snippet":"max-snippet:-1","max-image-preview":"max-image-preview:large","max-video-preview":"max-video-preview:-1"},"canonical":"https:\/\/www.piwi247.com\/fr\/skrill\/","og_locale":"fr_FR","og_type":"article","og_title":"Skrill sur PIWI247 pour effectuer vos transactions","og_description":"Effectuez vos d\u00e9p\u00f4ts et retraits sur PIWI247 rapidement et facilement avec Skrill. Transferts instantan\u00e9s de 10 EUR \u00e0 10 000 EUR sans commission.","og_url":"https:\/\/www.piwi247.com\/fr\/skrill\/","og_site_name":"French","article_modified_time":"2024-11-11T04:02:59+00:00","twitter_card":"summary_large_image","twitter_misc":{"Est. reading time":"2 minutes"},"schema":{"@context":"https:\/\/schema.org","@graph":[{"@type":"WebPage","@id":"https:\/\/www.piwi247.com\/fr\/skrill\/","url":"https:\/\/www.piwi247.com\/fr\/skrill\/","name":"Skrill sur PIWI247 pour effectuer vos transactions","isPartOf":{"@id":"https:\/\/www.piwi247.com\/fr\/#website"},"primaryImageOfPage":{"@id":"https:\/\/www.piwi247.com\/fr\/skrill\/#primaryimage"},"image":{"@id":"https:\/\/www.piwi247.com\/fr\/skrill\/#primaryimage"},"thumbnailUrl":"https:\/\/www.piwi247.com\/fr\/wp-content\/uploads\/sites\/5\/2024\/09\/skrill-image.svg","datePublished":"2024-09-10T08:27:02+00:00","dateModified":"2024-11-11T04:02:59+00:00","description":"Effectuez vos d\u00e9p\u00f4ts et retraits sur PIWI247 rapidement et facilement avec Skrill. Transferts instantan\u00e9s de 10 EUR \u00e0 10 000 EUR sans commission.","breadcrumb":{"@id":"https:\/\/www.piwi247.com\/fr\/skrill\/#breadcrumb"},"inLanguage":"fr","potentialAction":[{"@type":"ReadAction","target":["https:\/\/www.piwi247.com\/fr\/skrill\/"]}]},{"@type":"ImageObject","inLanguage":"fr","@id":"https:\/\/www.piwi247.com\/fr\/skrill\/#primaryimage","url":"https:\/\/www.piwi247.com\/fr\/wp-content\/uploads\/sites\/5\/2024\/09\/skrill-image.svg","contentUrl":"https:\/\/www.piwi247.com\/fr\/wp-content\/uploads\/sites\/5\/2024\/09\/skrill-image.svg"},{"@type":"BreadcrumbList","@id":"https:\/\/www.piwi247.com\/fr\/skrill\/#breadcrumb","itemListElement":[{"@type":"ListItem","position":1,"name":"Home","item":"https:\/\/www.piwi247.com\/fr\/"},{"@type":"ListItem","position":2,"name":"Skrill"}]},{"@type":"WebSite","@id":"https:\/\/www.piwi247.com\/fr\/#website","url":"https:\/\/www.piwi247.com\/fr\/","name":"French","description":"PIWI247: PIWIX | Sports Betting | Casino","potentialAction":[{"@type":"SearchAction","target":{"@type":"EntryPoint","urlTemplate":"https:\/\/www.piwi247.com\/fr\/?s={search_term_string}"},"query-input":{"@type":"PropertyValueSpecification","valueRequired":true,"valueName":"search_term_string"}}],"inLanguage":"fr"}]}},"_links":{"self":[{"href":"https:\/\/www.piwi247.com\/fr\/wp-json\/wp\/v2\/pages\/3637","targetHints":{"allow":["GET"]}}],"collection":[{"href":"https:\/\/www.piwi247.com\/fr\/wp-json\/wp\/v2\/pages"}],"about":[{"href":"https:\/\/www.piwi247.com\/fr\/wp-json\/wp\/v2\/types\/page"}],"author":[{"embeddable":true,"href":"https:\/\/www.piwi247.com\/fr\/wp-json\/wp\/v2\/users\/4"}],"replies":[{"embeddable":true,"href":"https:\/\/www.piwi247.com\/fr\/wp-json\/wp\/v2\/comments?post=3637"}],"version-history":[{"count":7,"href":"https:\/\/www.piwi247.com\/fr\/wp-json\/wp\/v2\/pages\/3637\/revisions"}],"predecessor-version":[{"id":5548,"href":"https:\/\/www.piwi247.com\/fr\/wp-json\/wp\/v2\/pages\/3637\/revisions\/5548"}],"wp:featuredmedia":[{"embeddable":true,"href":"https:\/\/www.piwi247.com\/fr\/wp-json\/wp\/v2\/media\/3640"}],"wp:attachment":[{"href":"https:\/\/www.piwi247.com\/fr\/wp-json\/wp\/v2\/media?parent=3637"}],"curies":[{"name":"wp","href":"https:\/\/api.w.org\/{rel}","templated":true}]}}