{"id":3642,"date":"2024-09-10T08:27:42","date_gmt":"2024-09-10T08:27:42","guid":{"rendered":"https:\/\/pre-prod.piwi247.com\/fr\/?page_id=3642"},"modified":"2024-11-11T04:04:04","modified_gmt":"2024-11-11T04:04:04","slug":"trc20","status":"publish","type":"page","link":"https:\/\/www.piwi247.com\/fr\/trc20\/","title":{"rendered":"TRC20"},"content":{"rendered":"<p>[et_pb_section fb_built=&#8221;1&#8243; _builder_version=&#8221;4.27.0&#8243; _module_preset=&#8221;default&#8221; background_color=&#8221;RGBA(255,255,255,0)&#8221; custom_margin=&#8221;0px||0px||false|false&#8221; custom_padding=&#8221;0px||0px||false|false&#8221; locked=&#8221;off&#8221; global_colors_info=&#8221;{}&#8221; theme_builder_area=&#8221;post_content&#8221;][et_pb_row custom_padding_last_edited=&#8221;on|desktop&#8221; _builder_version=&#8221;4.27.0&#8243; _module_preset=&#8221;default&#8221; width=&#8221;100%&#8221; max_width=&#8221;1280px&#8221; custom_padding=&#8221;0px||0px||false|false&#8221; custom_padding_tablet=&#8221;0px||0px||false|false&#8221; custom_padding_phone=&#8221;0px||0px||false|false&#8221; global_colors_info=&#8221;{}&#8221; theme_builder_area=&#8221;post_content&#8221;][et_pb_column type=&#8221;4_4&#8243; _builder_version=&#8221;4.27.0&#8243; _module_preset=&#8221;default&#8221; global_colors_info=&#8221;{}&#8221; theme_builder_area=&#8221;post_content&#8221;][et_pb_text _builder_version=&#8221;4.27.0&#8243; _module_preset=&#8221;default&#8221; text_text_color=&#8221;gcid-62739c86-3917-4421-8ab4-45f1b03eea58&#8243; text_font_size=&#8221;16px&#8221; header_2_font=&#8221;|700|||||||&#8221; header_2_text_color=&#8221;gcid-62739c86-3917-4421-8ab4-45f1b03eea58&#8243; header_2_line_height=&#8221;1.3em&#8221; header_3_font=&#8221;|700|||||||&#8221; header_3_text_color=&#8221;gcid-62739c86-3917-4421-8ab4-45f1b03eea58&#8243; custom_margin=&#8221;||25px||false|false&#8221; global_colors_info=&#8221;{%22gcid-62739c86-3917-4421-8ab4-45f1b03eea58%22:%91%22text_text_color%22,%22header_2_text_color%22,%22header_3_text_color%22%93}&#8221; theme_builder_area=&#8221;post_content&#8221;]<\/p>\n<h2>Paiements TRC20 avec PIWI247<\/h2>\n<p>PIWI247 est heureux d\u2019annoncer l\u2019ajout de TRC20 comme option de paiement! Cette technologie innovante permet des transactions s\u00e9curis\u00e9es et efficaces en utilisant Tether (USDT) et d\u2019autres crypto populaires construits sur la Blockchain Tron.<\/p>\n<p>[\/et_pb_text][et_pb_text _builder_version=&#8221;4.27.0&#8243; _module_preset=&#8221;default&#8221; text_text_color=&#8221;gcid-62739c86-3917-4421-8ab4-45f1b03eea58&#8243; text_font_size=&#8221;16px&#8221; header_2_font=&#8221;|700|||||||&#8221; header_2_text_color=&#8221;gcid-62739c86-3917-4421-8ab4-45f1b03eea58&#8243; header_2_line_height=&#8221;1.3em&#8221; header_3_font=&#8221;|700|||||||&#8221; header_3_text_color=&#8221;gcid-62739c86-3917-4421-8ab4-45f1b03eea58&#8243; custom_margin=&#8221;||25px||false|false&#8221; global_colors_info=&#8221;{%22gcid-62739c86-3917-4421-8ab4-45f1b03eea58%22:%91%22text_text_color%22,%22header_2_text_color%22,%22header_3_text_color%22%93}&#8221; theme_builder_area=&#8221;post_content&#8221;]<\/p>\n<h2>Qu\u2019est-ce que TRC20 ?<\/h2>\n<p>TRC20 est une norme technique qui permet la cr\u00e9ation et l\u2019impl\u00e9mentation de tokens sur la Blockchain Tron. Similaires \u00e0 la norme ERC-20 d\u2019Ethereum, les jetons TRC20 exploitent l\u2019infrastructure du r\u00e9seau Tron pour des transactions rapides et \u00e0 faible co\u00fbt. Cela fait de TRC20 un outil puissant pour une vari\u00e9t\u00e9 d\u2019applications, y compris les paiements.[\/et_pb_text][et_pb_text _builder_version=&#8221;4.27.0&#8243; _module_preset=&#8221;default&#8221; text_text_color=&#8221;gcid-62739c86-3917-4421-8ab4-45f1b03eea58&#8243; text_font_size=&#8221;16px&#8221; header_2_font=&#8221;|700|||||||&#8221; header_2_text_color=&#8221;gcid-62739c86-3917-4421-8ab4-45f1b03eea58&#8243; header_2_line_height=&#8221;1.3em&#8221; header_3_font=&#8221;|700|||||||&#8221; header_3_text_color=&#8221;gcid-62739c86-3917-4421-8ab4-45f1b03eea58&#8243; header_4_font=&#8221;|700|||||||&#8221; header_4_line_height=&#8221;1.2em&#8221; custom_margin=&#8221;||10px||false|false&#8221; global_colors_info=&#8221;{%22gcid-62739c86-3917-4421-8ab4-45f1b03eea58%22:%91%22text_text_color%22,%22header_2_text_color%22,%22header_3_text_color%22%93}&#8221; theme_builder_area=&#8221;post_content&#8221;]<\/p>\n<h2>Avantages des paiements TRC20 avec PIWI247<\/h2>\n<ul style=\"margin-top: 5px; margin-bottom: 0;\">\n<li style=\"margin-bottom: 10px;\">\n<h4>Rapide et efficace :<\/h4>\n<p>Les transactions TRC20 sont connues pour leur rapidit\u00e9 et leur accessibilit\u00e9 par rapport aux m\u00e9thodes de paiement traditionnelles.<\/p>\n<\/li>\n<li style=\"margin-bottom: 10px;\">\n<h4>S\u00e9curis\u00e9 :<\/h4>\n<p>Tron Blockchain utilise des protocoles de s\u00e9curit\u00e9 robustes pour assurer la s\u00e9curit\u00e9 de vos transactions.<\/p>\n<\/li>\n<li style=\"margin-bottom: 10px;\">\n<h4>Transparence :<\/h4>\n<p>Les transactions sur la Blockchain Tron sont enregistr\u00e9es publiquement, ce qui permet une plus grande transparence.<\/p>\n<\/li>\n<li>\n<h4>Port\u00e9e mondiale :<\/h4>\n<p>Envoyez et recevez des paiements TRC20 partout dans le monde.<\/p>\n<\/li>\n<\/ul>\n<p>[\/et_pb_text][et_pb_text _builder_version=&#8221;4.27.0&#8243; _module_preset=&#8221;default&#8221; text_text_color=&#8221;gcid-62739c86-3917-4421-8ab4-45f1b03eea58&#8243; text_font_size=&#8221;16px&#8221; header_2_font=&#8221;|700|||||||&#8221; header_2_text_color=&#8221;gcid-62739c86-3917-4421-8ab4-45f1b03eea58&#8243; header_2_line_height=&#8221;1.3em&#8221; header_3_font=&#8221;|700|||||||&#8221; header_3_text_color=&#8221;gcid-62739c86-3917-4421-8ab4-45f1b03eea58&#8243; header_4_font=&#8221;|700|||||||&#8221; header_4_line_height=&#8221;1.2em&#8221; custom_margin=&#8221;||0px||false|false&#8221; global_colors_info=&#8221;{%22gcid-62739c86-3917-4421-8ab4-45f1b03eea58%22:%91%22text_text_color%22,%22header_2_text_color%22,%22header_3_text_color%22%93}&#8221; theme_builder_area=&#8221;post_content&#8221;]<\/p>\n<h2>Comment utiliser TRC20 pour les paiements PIWI247<\/h2>\n<h4>1. Obtenir un portefeuille Tron qui prend en charge les jetons TRC20 :<\/h4>\n<p><span>Il existe plusieurs portefeuilles Tron r\u00e9put\u00e9s. Certaines options populaires incluent TronLink, TronWallet, Guarda Wallet et MathWallet. Assurez-vous de choisir un portefeuille qui indique clairement sa prise en charge des jetons TRC20.<\/span><\/p>\n<h4>2. Acqu\u00e9rir des jetons TRC20 :<\/h4>\n<p><span>Vous pouvez acheter des jetons TRC20 via divers \u00e9changes de crypto-monnaie. Une fois que vous avez acquis des jetons TRC20, ils seront stock\u00e9s en toute s\u00e9curit\u00e9 dans votre portefeuille Tron.<\/span><\/p>\n<h4>3. Effectuez votre paiement PIWI247 \u00e0 l\u2019aide de TRC20 :<\/h4>\n<p><span>Lors du paiement \u00e0 PIWI247, s\u00e9lectionnez TRC20 comme mode de paiement. Vous recevrez alors une adresse de portefeuille unique pour envoyer vos jetons TRC20 pour effectuer le paiement.<\/span><\/p>\n<p><span>En choisissant TRC20 pour vos transactions PIWI247, vous pouvez b\u00e9n\u00e9ficier d\u2019un moyen de paiement plus rapide, plus rentable et plus s\u00e9curis\u00e9. De plus, l\u2019utilisation de TRC20 pour d\u00e9poser ou retirer sur PIWI247 est GRATUIT !<\/span><\/p>\n<p><span><strong>Remarque :<\/strong>\u00a0Seuls les jetons TRC20 sont pris en charge pour les paiements PIWI247. Les transactions utilisant d\u2019autres types de jetons Tron (TRX, etc.) ne seront pas accept\u00e9es.<\/span><\/p>\n<p><span>PIWI247 ne couvre pas les frais d\u2019\u00e9change, de carte ou tout autre frais \u00e9ventuellement appliqu\u00e9s par votre fournisseur de portefeuille TRC20.<\/span><\/p>\n<p><span>Nous sommes l\u00e0 pour vous aider ! Si vous avez des questions concernant les paiements TRC20 ou nos autres options de paiement, n\u2019h\u00e9sitez pas \u00e0 contacter le service client\u00e8le de PIWI247.<\/span>[\/et_pb_text][\/et_pb_column][\/et_pb_row][\/et_pb_section]<\/p>\n","protected":false},"excerpt":{"rendered":"<p>Paiements TRC20 avec PIWI247 PIWI247 est heureux d\u2019annoncer l\u2019ajout de TRC20 comme option de paiement! Cette technologie innovante permet des transactions s\u00e9curis\u00e9es et efficaces en utilisant Tether (USDT) et d\u2019autres crypto populaires construits sur la Blockchain Tron.Qu\u2019est-ce que TRC20 ? TRC20 est une norme technique qui permet la cr\u00e9ation et l\u2019impl\u00e9mentation de tokens sur la [&hellip;]<\/p>\n","protected":false},"author":4,"featured_media":3643,"parent":0,"menu_order":0,"comment_status":"closed","ping_status":"closed","template":"","meta":{"_et_pb_use_builder":"on","_et_pb_old_content":"<!-- wp:divi\/placeholder \/-->","_et_gb_content_width":"","inline_featured_image":false,"footnotes":""},"class_list":["post-3642","page","type-page","status-publish","has-post-thumbnail","hentry"],"yoast_head":"<!-- This site is optimized with the Yoast SEO plugin v25.7 - https:\/\/yoast.com\/wordpress\/plugins\/seo\/ -->\n<title>Paiements rapides et s\u00e9curis\u00e9s en TRC20 sur PIWI247<\/title>\n<meta name=\"description\" content=\"Profitez de transactions rapides et s\u00fbres avec les jetons TRC20 sur PIWI247. Paiements en cryptomonnaie TRC20 dans le monde entier, en toute transparence.\" \/>\n<meta name=\"robots\" content=\"index, follow, max-snippet:-1, max-image-preview:large, max-video-preview:-1\" \/>\n<link rel=\"canonical\" href=\"https:\/\/www.piwi247.com\/fr\/trc20\/\" \/>\n<meta property=\"og:locale\" content=\"fr_FR\" \/>\n<meta property=\"og:type\" content=\"article\" \/>\n<meta property=\"og:title\" content=\"Paiements rapides et s\u00e9curis\u00e9s en TRC20 sur PIWI247\" \/>\n<meta property=\"og:description\" content=\"Profitez de transactions rapides et s\u00fbres avec les jetons TRC20 sur PIWI247. Paiements en cryptomonnaie TRC20 dans le monde entier, en toute transparence.\" \/>\n<meta property=\"og:url\" content=\"https:\/\/www.piwi247.com\/fr\/trc20\/\" \/>\n<meta property=\"og:site_name\" content=\"French\" \/>\n<meta property=\"article:modified_time\" content=\"2024-11-11T04:04:04+00:00\" \/>\n<meta name=\"twitter:card\" content=\"summary_large_image\" \/>\n<meta name=\"twitter:label1\" content=\"Est. reading time\" \/>\n\t<meta name=\"twitter:data1\" content=\"2 minutes\" \/>\n<script type=\"application\/ld+json\" class=\"yoast-schema-graph\">{\"@context\":\"https:\/\/schema.org\",\"@graph\":[{\"@type\":\"WebPage\",\"@id\":\"https:\/\/www.piwi247.com\/fr\/trc20\/\",\"url\":\"https:\/\/www.piwi247.com\/fr\/trc20\/\",\"name\":\"Paiements rapides et s\u00e9curis\u00e9s en TRC20 sur PIWI247\",\"isPartOf\":{\"@id\":\"https:\/\/www.piwi247.com\/fr\/#website\"},\"primaryImageOfPage\":{\"@id\":\"https:\/\/www.piwi247.com\/fr\/trc20\/#primaryimage\"},\"image\":{\"@id\":\"https:\/\/www.piwi247.com\/fr\/trc20\/#primaryimage\"},\"thumbnailUrl\":\"https:\/\/www.piwi247.com\/fr\/wp-content\/uploads\/sites\/5\/2024\/09\/trc20-image.svg\",\"datePublished\":\"2024-09-10T08:27:42+00:00\",\"dateModified\":\"2024-11-11T04:04:04+00:00\",\"description\":\"Profitez de transactions rapides et s\u00fbres avec les jetons TRC20 sur PIWI247. Paiements en cryptomonnaie TRC20 dans le monde entier, en toute transparence.\",\"breadcrumb\":{\"@id\":\"https:\/\/www.piwi247.com\/fr\/trc20\/#breadcrumb\"},\"inLanguage\":\"fr\",\"potentialAction\":[{\"@type\":\"ReadAction\",\"target\":[\"https:\/\/www.piwi247.com\/fr\/trc20\/\"]}]},{\"@type\":\"ImageObject\",\"inLanguage\":\"fr\",\"@id\":\"https:\/\/www.piwi247.com\/fr\/trc20\/#primaryimage\",\"url\":\"https:\/\/www.piwi247.com\/fr\/wp-content\/uploads\/sites\/5\/2024\/09\/trc20-image.svg\",\"contentUrl\":\"https:\/\/www.piwi247.com\/fr\/wp-content\/uploads\/sites\/5\/2024\/09\/trc20-image.svg\"},{\"@type\":\"BreadcrumbList\",\"@id\":\"https:\/\/www.piwi247.com\/fr\/trc20\/#breadcrumb\",\"itemListElement\":[{\"@type\":\"ListItem\",\"position\":1,\"name\":\"Home\",\"item\":\"https:\/\/www.piwi247.com\/fr\/\"},{\"@type\":\"ListItem\",\"position\":2,\"name\":\"TRC20\"}]},{\"@type\":\"WebSite\",\"@id\":\"https:\/\/www.piwi247.com\/fr\/#website\",\"url\":\"https:\/\/www.piwi247.com\/fr\/\",\"name\":\"French\",\"description\":\"PIWI247: PIWIX | Sports Betting | Casino\",\"potentialAction\":[{\"@type\":\"SearchAction\",\"target\":{\"@type\":\"EntryPoint\",\"urlTemplate\":\"https:\/\/www.piwi247.com\/fr\/?s={search_term_string}\"},\"query-input\":{\"@type\":\"PropertyValueSpecification\",\"valueRequired\":true,\"valueName\":\"search_term_string\"}}],\"inLanguage\":\"fr\"}]}<\/script>\n<!-- \/ Yoast SEO plugin. -->","yoast_head_json":{"title":"Paiements rapides et s\u00e9curis\u00e9s en TRC20 sur PIWI247","description":"Profitez de transactions rapides et s\u00fbres avec les jetons TRC20 sur PIWI247. Paiements en cryptomonnaie TRC20 dans le monde entier, en toute transparence.","robots":{"index":"index","follow":"follow","max-snippet":"max-snippet:-1","max-image-preview":"max-image-preview:large","max-video-preview":"max-video-preview:-1"},"canonical":"https:\/\/www.piwi247.com\/fr\/trc20\/","og_locale":"fr_FR","og_type":"article","og_title":"Paiements rapides et s\u00e9curis\u00e9s en TRC20 sur PIWI247","og_description":"Profitez de transactions rapides et s\u00fbres avec les jetons TRC20 sur PIWI247. Paiements en cryptomonnaie TRC20 dans le monde entier, en toute transparence.","og_url":"https:\/\/www.piwi247.com\/fr\/trc20\/","og_site_name":"French","article_modified_time":"2024-11-11T04:04:04+00:00","twitter_card":"summary_large_image","twitter_misc":{"Est. reading time":"2 minutes"},"schema":{"@context":"https:\/\/schema.org","@graph":[{"@type":"WebPage","@id":"https:\/\/www.piwi247.com\/fr\/trc20\/","url":"https:\/\/www.piwi247.com\/fr\/trc20\/","name":"Paiements rapides et s\u00e9curis\u00e9s en TRC20 sur PIWI247","isPartOf":{"@id":"https:\/\/www.piwi247.com\/fr\/#website"},"primaryImageOfPage":{"@id":"https:\/\/www.piwi247.com\/fr\/trc20\/#primaryimage"},"image":{"@id":"https:\/\/www.piwi247.com\/fr\/trc20\/#primaryimage"},"thumbnailUrl":"https:\/\/www.piwi247.com\/fr\/wp-content\/uploads\/sites\/5\/2024\/09\/trc20-image.svg","datePublished":"2024-09-10T08:27:42+00:00","dateModified":"2024-11-11T04:04:04+00:00","description":"Profitez de transactions rapides et s\u00fbres avec les jetons TRC20 sur PIWI247. Paiements en cryptomonnaie TRC20 dans le monde entier, en toute transparence.","breadcrumb":{"@id":"https:\/\/www.piwi247.com\/fr\/trc20\/#breadcrumb"},"inLanguage":"fr","potentialAction":[{"@type":"ReadAction","target":["https:\/\/www.piwi247.com\/fr\/trc20\/"]}]},{"@type":"ImageObject","inLanguage":"fr","@id":"https:\/\/www.piwi247.com\/fr\/trc20\/#primaryimage","url":"https:\/\/www.piwi247.com\/fr\/wp-content\/uploads\/sites\/5\/2024\/09\/trc20-image.svg","contentUrl":"https:\/\/www.piwi247.com\/fr\/wp-content\/uploads\/sites\/5\/2024\/09\/trc20-image.svg"},{"@type":"BreadcrumbList","@id":"https:\/\/www.piwi247.com\/fr\/trc20\/#breadcrumb","itemListElement":[{"@type":"ListItem","position":1,"name":"Home","item":"https:\/\/www.piwi247.com\/fr\/"},{"@type":"ListItem","position":2,"name":"TRC20"}]},{"@type":"WebSite","@id":"https:\/\/www.piwi247.com\/fr\/#website","url":"https:\/\/www.piwi247.com\/fr\/","name":"French","description":"PIWI247: PIWIX | Sports Betting | Casino","potentialAction":[{"@type":"SearchAction","target":{"@type":"EntryPoint","urlTemplate":"https:\/\/www.piwi247.com\/fr\/?s={search_term_string}"},"query-input":{"@type":"PropertyValueSpecification","valueRequired":true,"valueName":"search_term_string"}}],"inLanguage":"fr"}]}},"_links":{"self":[{"href":"https:\/\/www.piwi247.com\/fr\/wp-json\/wp\/v2\/pages\/3642","targetHints":{"allow":["GET"]}}],"collection":[{"href":"https:\/\/www.piwi247.com\/fr\/wp-json\/wp\/v2\/pages"}],"about":[{"href":"https:\/\/www.piwi247.com\/fr\/wp-json\/wp\/v2\/types\/page"}],"author":[{"embeddable":true,"href":"https:\/\/www.piwi247.com\/fr\/wp-json\/wp\/v2\/users\/4"}],"replies":[{"embeddable":true,"href":"https:\/\/www.piwi247.com\/fr\/wp-json\/wp\/v2\/comments?post=3642"}],"version-history":[{"count":10,"href":"https:\/\/www.piwi247.com\/fr\/wp-json\/wp\/v2\/pages\/3642\/revisions"}],"predecessor-version":[{"id":5550,"href":"https:\/\/www.piwi247.com\/fr\/wp-json\/wp\/v2\/pages\/3642\/revisions\/5550"}],"wp:featuredmedia":[{"embeddable":true,"href":"https:\/\/www.piwi247.com\/fr\/wp-json\/wp\/v2\/media\/3643"}],"wp:attachment":[{"href":"https:\/\/www.piwi247.com\/fr\/wp-json\/wp\/v2\/media?parent=3642"}],"curies":[{"name":"wp","href":"https:\/\/api.w.org\/{rel}","templated":true}]}}